{"id":434090,"date":"2026-02-05T14:04:49","date_gmt":"2026-02-05T13:04:49","guid":{"rendered":"https:\/\/gr-100.com\/?post_type=product&#038;p=434090"},"modified":"2026-02-05T14:04:51","modified_gmt":"2026-02-05T12:04:51","slug":"megamo-seda-02-2026","status":"publish","type":"product","link":"https:\/\/gr-100.com\/pt-pt\/producto\/megamo-seda-02-2026\/","title":{"rendered":"Megamo Seda 02 2026"},"content":{"rendered":"<ul>\n<li>Informa\u00e7\u00f5es t\u00e9cnicas<\/li>\n<li>Conjunto de imagens<\/li>\n<li>Cuadro Carbon Advanced Composite Super Light Race Gravel frame, Full Internal Cable Routing, BB86, Flat mount disc 12&#215;142<\/li>\n<li>Horquilla Carbon Advanced Composite Race Gravel fork, Full Internal Cable Routing, Flat mount disc 12&#215;100<\/li>\n<li>Fone de ouvido de roteamento de cabo totalmente interno<\/li>\n<li>Transmiss\u00e3o<\/li>\n<li>Desviador traseiro SRAM Rival XPLR AXS, 13 velocidadesAlavancas de mudan\u00e7as SRAM Rival AXS<\/li>\n<li>Plato Sram Rival XPLR Chainring 40T 13-Speed, Wide Powermeter Crankset \/ XS size 160 mm \/ S size 165 mm \/ M size 170 mm \/ L size 172,5 mm \/ XL size 175 mm<\/li>\n<li>Cassette Sram XPLR XG 1351, 10-46T<\/li>\n<li>Trav\u00f5es<\/li>\n<li>Conjunto de frenos Sram Rival AXS, Hydraulic disc Paceline 160 mm<\/li>\n<li>Rodas<\/li>\n<li>Pneus Pirelli Cinturato Gravel RC Classic 622-45 Tan Sidewall<\/li>\n<li>Cubos com rolamentos Zipp 176D e 76D, eixo dianteiro 12 x 100 mm, eixo traseiro 12 x 142 mm<\/li>\n<li>Rodas Zipp 303 XPLR S, aro de carbono de 54 mm, preparado para tubeless<\/li>\n<li>Componentes<\/li>\n<li>Guiador novo Carbon Gravel Racing Guiador com passagem de cabos interna totalmente integrada \/ Tamanho XS 70 x 360 x 410 mm \/ Tamanho S 80 x 360 x 410 mm \/ Tamanho M 90 x 360 x 410 mm \/ Tamanho L 100 x 380 x 430 \/ Tamanho XL 110 x 380 x 430<\/li>\n<li>Espig\u00e3o de selim Megamo Gravel Advanced Carbon Espig\u00e3o de selim \/ XS, S tamanho 350 mm \/ M, L tamanho 400 mm \/ XL tamanho 450 mm<\/li>\n<li>Selim Fizik Vento Argo X5<\/li>\n<\/ul>\n","protected":false},"excerpt":{"rendered":"<p>CARACTER\u00cdSTICAS PRINCIPAIS<br \/>\n&#8211; Quadro em Carbono Composto Avan\u00e7ado Super Light Race Gravel, Passagem de cabos interna completa<br \/>\n&#8211; Forqueta em Carbono Composto Avan\u00e7ado Race Gravel, Passagem de cabos interna completa<br \/>\n&#8211; SRAM Rival XPLR AXS 1x13s, transmiss\u00e3o Powermeter<br \/>\n&#8211; Rodas Zipp 303 XPLR SRAM, 54mm Carbono<br \/>\n&#8211; Pneus Pirelli Cinturato Gravel RC Classic<\/p>\n","protected":false},"featured_media":433915,"comment_status":"open","ping_status":"closed","template":"","meta":{"_acf_changed":false,"_et_pb_use_builder":"","_et_pb_old_content":"","_et_gb_content_width":"","inline_featured_image":false},"product_brand":[],"product_cat":[2459,3346,5310,5309],"product_tag":[],"class_list":{"0":"post-434090","1":"product","2":"type-product","3":"status-publish","4":"has-post-thumbnail","6":"product_cat-bicicletas-pt-pt-2","7":"product_cat-bicicletas-de-cascalho","8":"product_cat-bicicletas-de-gravel-aero","9":"product_cat-bicicletas-de-carbono-gravel","11":"first","12":"outofstock","13":"taxable","14":"shipping-taxable","15":"product-type-variable","16":"wvs-archive-product-wrapper"},"acf":[],"yoast_head":"<!-- This site is optimized with the Yoast SEO Premium plugin v26.7 (Yoast SEO v26.7) - https:\/\/yoast.com\/wordpress\/plugins\/seo\/ -->\n<title>Chaqueta Pro Team Xtrem GR-100 GSPORT 2026 Unisex<\/title>\n<meta name=\"description\" content=\"Quadro em Carbono Composto Avan\u00e7ado Super Light Race Gravel, Passagem de cabos interna completa- Forqueta em Carbono Composto Avan\u00e7ado Race Gravel, Passagem de cabos interna completa- Transmiss\u00e3o Sram Rival XPLR AXS 1x13s, Powermeter- Rodas Zipp 303 XPLR S, 54mm Carbono- Pneus Pirelli Cinturato Gravel RC Classic\" \/>\n<meta name=\"robots\" content=\"index, follow, max-snippet:-1, max-image-preview:large, max-video-preview:-1\" \/>\n<link rel=\"canonical\" href=\"https:\/\/gr-100.com\/pt-pt\/producto\/megamo-seda-02-2026\/\" \/>\n<meta property=\"og:locale\" content=\"pt_PT\" \/>\n<meta property=\"og:type\" content=\"article\" \/>\n<meta property=\"og:title\" content=\"Megamo Seda 02 2026\" \/>\n<meta property=\"og:description\" content=\"Quadro em Carbono Composto Avan\u00e7ado Super Light Race Gravel, Passagem de cabos interna completa- Forqueta em Carbono Composto Avan\u00e7ado Race Gravel, Passagem de cabos interna completa- Transmiss\u00e3o Sram Rival XPLR AXS 1x13s, Powermeter- Rodas Zipp 303 XPLR S, 54mm Carbono- Pneus Pirelli Cinturato Gravel RC Classic\" \/>\n<meta property=\"og:url\" content=\"https:\/\/gr-100.com\/pt-pt\/producto\/megamo-seda-02-2026\/\" \/>\n<meta property=\"og:site_name\" content=\"Gr-100 Tienda de ciclismo Specialized\" \/>\n<meta property=\"article:publisher\" content=\"https:\/\/www.facebook.com\/Gr100Bikes\" \/>\n<meta property=\"og:image\" content=\"https:\/\/gr-100.com\/wp-content\/uploads\/2026\/02\/Megamo-Silk-02-2026.jpg\" \/>\n\t<meta property=\"og:image:width\" content=\"1000\" \/>\n\t<meta property=\"og:image:height\" content=\"1000\" \/>\n\t<meta property=\"og:image:type\" content=\"image\/jpeg\" \/>\n<meta name=\"twitter:card\" content=\"summary_large_image\" \/>\n<meta name=\"twitter:label1\" content=\"Tempo estimado de leitura\" \/>\n\t<meta name=\"twitter:data1\" content=\"1 minuto\" \/>\n<script type=\"application\/ld+json\" class=\"yoast-schema-graph\">{\"@context\":\"https:\/\/schema.org\",\"@graph\":[{\"@type\":\"WebPage\",\"@id\":\"https:\/\/gr-100.com\/pt-pt\/producto\/megamo-seda-02-2026\/\",\"url\":\"https:\/\/gr-100.com\/pt-pt\/producto\/megamo-seda-02-2026\/\",\"name\":\"Chaqueta Pro Team Xtrem GR-100 GSPORT 2026 Unisex\",\"isPartOf\":{\"@id\":\"https:\/\/gr-100.com\/#website\"},\"primaryImageOfPage\":{\"@id\":\"https:\/\/gr-100.com\/pt-pt\/producto\/megamo-seda-02-2026\/#primaryimage\"},\"image\":{\"@id\":\"https:\/\/gr-100.com\/pt-pt\/producto\/megamo-seda-02-2026\/#primaryimage\"},\"thumbnailUrl\":\"https:\/\/gr-100.com\/wp-content\/uploads\/2026\/02\/Megamo-Silk-02-2026.jpg\",\"datePublished\":\"2026-02-05T13:04:49+00:00\",\"description\":\"Quadro em Carbono Composto Avan\u00e7ado Super Light Race Gravel, Passagem de cabos interna completa- Forqueta em Carbono Composto Avan\u00e7ado Race Gravel, Passagem de cabos interna completa- Transmiss\u00e3o Sram Rival XPLR AXS 1x13s, Powermeter- Rodas Zipp 303 XPLR S, 54mm Carbono- Pneus Pirelli Cinturato Gravel RC Classic\",\"breadcrumb\":{\"@id\":\"https:\/\/gr-100.com\/pt-pt\/producto\/megamo-seda-02-2026\/#breadcrumb\"},\"inLanguage\":\"pt-PT\",\"potentialAction\":[{\"@type\":\"ReadAction\",\"target\":[\"https:\/\/gr-100.com\/pt-pt\/producto\/megamo-seda-02-2026\/\"]}]},{\"@type\":\"ImageObject\",\"inLanguage\":\"pt-PT\",\"@id\":\"https:\/\/gr-100.com\/pt-pt\/producto\/megamo-seda-02-2026\/#primaryimage\",\"url\":\"https:\/\/gr-100.com\/wp-content\/uploads\/2026\/02\/Megamo-Silk-02-2026.jpg\",\"contentUrl\":\"https:\/\/gr-100.com\/wp-content\/uploads\/2026\/02\/Megamo-Silk-02-2026.jpg\",\"width\":1000,\"height\":1000},{\"@type\":\"BreadcrumbList\",\"@id\":\"https:\/\/gr-100.com\/pt-pt\/producto\/megamo-seda-02-2026\/#breadcrumb\",\"itemListElement\":[{\"@type\":\"ListItem\",\"position\":1,\"name\":\"Portada\",\"item\":\"https:\/\/gr-100.com\/en\/\"},{\"@type\":\"ListItem\",\"position\":2,\"name\":\"Productos\",\"item\":\"https:\/\/gr-100.com\/?post_type=product\"},{\"@type\":\"ListItem\",\"position\":3,\"name\":\"Megamo Seda 02 2026\"}]},{\"@type\":\"WebSite\",\"@id\":\"https:\/\/gr-100.com\/#website\",\"url\":\"https:\/\/gr-100.com\/\",\"name\":\"Gr-100 Tienda de ciclismo Specialized\",\"description\":\"GR-100 tenemos todas las gamas de bicicletas Specialized al mejor precio.\",\"publisher\":{\"@id\":\"https:\/\/gr-100.com\/#organization\"},\"alternateName\":\"Gr-100 Bikes\",\"potentialAction\":[{\"@type\":\"SearchAction\",\"target\":{\"@type\":\"EntryPoint\",\"urlTemplate\":\"https:\/\/gr-100.com\/?s={search_term_string}\"},\"query-input\":{\"@type\":\"PropertyValueSpecification\",\"valueRequired\":true,\"valueName\":\"search_term_string\"}}],\"inLanguage\":\"pt-PT\"},{\"@type\":\"Organization\",\"@id\":\"https:\/\/gr-100.com\/#organization\",\"name\":\"Gr-100\",\"url\":\"https:\/\/gr-100.com\/\",\"logo\":{\"@type\":\"ImageObject\",\"inLanguage\":\"pt-PT\",\"@id\":\"https:\/\/gr-100.com\/#\/schema\/logo\/image\/\",\"url\":\"https:\/\/gr-100.com\/wp-content\/uploads\/2023\/08\/logo-gr-100-bikes.png\",\"contentUrl\":\"https:\/\/gr-100.com\/wp-content\/uploads\/2023\/08\/logo-gr-100-bikes.png\",\"width\":707,\"height\":284,\"caption\":\"Gr-100\"},\"image\":{\"@id\":\"https:\/\/gr-100.com\/#\/schema\/logo\/image\/\"},\"sameAs\":[\"https:\/\/www.facebook.com\/Gr100Bikes\",\"https:\/\/www.instagram.com\/gr100bikes\/\",\"https:\/\/www.tiktok.com\/@gr100bikes\",\"https:\/\/twitter.com\/gr100mtbteam\",\"https:\/\/www.youtube.com\/c\/GR100Specialized\"]}]}<\/script>\n<!-- \/ Yoast SEO Premium plugin. -->","yoast_head_json":{"title":"Chaqueta Pro Team Xtrem GR-100 GSPORT 2026 Unisex","description":"Quadro em Carbono Composto Avan\u00e7ado Super Light Race Gravel, Passagem de cabos interna completa- Forqueta em Carbono Composto Avan\u00e7ado Race Gravel, Passagem de cabos interna completa- Transmiss\u00e3o Sram Rival XPLR AXS 1x13s, Powermeter- Rodas Zipp 303 XPLR S, 54mm Carbono- Pneus Pirelli Cinturato Gravel RC Classic","robots":{"index":"index","follow":"follow","max-snippet":"max-snippet:-1","max-image-preview":"max-image-preview:large","max-video-preview":"max-video-preview:-1"},"canonical":"https:\/\/gr-100.com\/pt-pt\/producto\/megamo-seda-02-2026\/","og_locale":"pt_PT","og_type":"article","og_title":"Megamo Seda 02 2026","og_description":"Quadro em Carbono Composto Avan\u00e7ado Super Light Race Gravel, Passagem de cabos interna completa- Forqueta em Carbono Composto Avan\u00e7ado Race Gravel, Passagem de cabos interna completa- Transmiss\u00e3o Sram Rival XPLR AXS 1x13s, Powermeter- Rodas Zipp 303 XPLR S, 54mm Carbono- Pneus Pirelli Cinturato Gravel RC Classic","og_url":"https:\/\/gr-100.com\/pt-pt\/producto\/megamo-seda-02-2026\/","og_site_name":"Gr-100 Tienda de ciclismo Specialized","article_publisher":"https:\/\/www.facebook.com\/Gr100Bikes","og_image":[{"width":1000,"height":1000,"url":"https:\/\/gr-100.com\/wp-content\/uploads\/2026\/02\/Megamo-Silk-02-2026.jpg","type":"image\/jpeg"}],"twitter_card":"summary_large_image","twitter_misc":{"Tempo estimado de leitura":"1 minuto"},"schema":{"@context":"https:\/\/schema.org","@graph":[{"@type":"WebPage","@id":"https:\/\/gr-100.com\/pt-pt\/producto\/megamo-seda-02-2026\/","url":"https:\/\/gr-100.com\/pt-pt\/producto\/megamo-seda-02-2026\/","name":"Chaqueta Pro Team Xtrem GR-100 GSPORT 2026 Unisex","isPartOf":{"@id":"https:\/\/gr-100.com\/#website"},"primaryImageOfPage":{"@id":"https:\/\/gr-100.com\/pt-pt\/producto\/megamo-seda-02-2026\/#primaryimage"},"image":{"@id":"https:\/\/gr-100.com\/pt-pt\/producto\/megamo-seda-02-2026\/#primaryimage"},"thumbnailUrl":"https:\/\/gr-100.com\/wp-content\/uploads\/2026\/02\/Megamo-Silk-02-2026.jpg","datePublished":"2026-02-05T13:04:49+00:00","description":"Quadro em Carbono Composto Avan\u00e7ado Super Light Race Gravel, Passagem de cabos interna completa- Forqueta em Carbono Composto Avan\u00e7ado Race Gravel, Passagem de cabos interna completa- Transmiss\u00e3o Sram Rival XPLR AXS 1x13s, Powermeter- Rodas Zipp 303 XPLR S, 54mm Carbono- Pneus Pirelli Cinturato Gravel RC Classic","breadcrumb":{"@id":"https:\/\/gr-100.com\/pt-pt\/producto\/megamo-seda-02-2026\/#breadcrumb"},"inLanguage":"pt-PT","potentialAction":[{"@type":"ReadAction","target":["https:\/\/gr-100.com\/pt-pt\/producto\/megamo-seda-02-2026\/"]}]},{"@type":"ImageObject","inLanguage":"pt-PT","@id":"https:\/\/gr-100.com\/pt-pt\/producto\/megamo-seda-02-2026\/#primaryimage","url":"https:\/\/gr-100.com\/wp-content\/uploads\/2026\/02\/Megamo-Silk-02-2026.jpg","contentUrl":"https:\/\/gr-100.com\/wp-content\/uploads\/2026\/02\/Megamo-Silk-02-2026.jpg","width":1000,"height":1000},{"@type":"BreadcrumbList","@id":"https:\/\/gr-100.com\/pt-pt\/producto\/megamo-seda-02-2026\/#breadcrumb","itemListElement":[{"@type":"ListItem","position":1,"name":"Portada","item":"https:\/\/gr-100.com\/en\/"},{"@type":"ListItem","position":2,"name":"Productos","item":"https:\/\/gr-100.com\/?post_type=product"},{"@type":"ListItem","position":3,"name":"Megamo Seda 02 2026"}]},{"@type":"WebSite","@id":"https:\/\/gr-100.com\/#website","url":"https:\/\/gr-100.com\/","name":"Gr-100 Tienda de ciclismo Specialized","description":"GR-100 tenemos todas las gamas de bicicletas Specialized al mejor precio.","publisher":{"@id":"https:\/\/gr-100.com\/#organization"},"alternateName":"Gr-100 Bikes","potentialAction":[{"@type":"SearchAction","target":{"@type":"EntryPoint","urlTemplate":"https:\/\/gr-100.com\/?s={search_term_string}"},"query-input":{"@type":"PropertyValueSpecification","valueRequired":true,"valueName":"search_term_string"}}],"inLanguage":"pt-PT"},{"@type":"Organization","@id":"https:\/\/gr-100.com\/#organization","name":"Gr-100","url":"https:\/\/gr-100.com\/","logo":{"@type":"ImageObject","inLanguage":"pt-PT","@id":"https:\/\/gr-100.com\/#\/schema\/logo\/image\/","url":"https:\/\/gr-100.com\/wp-content\/uploads\/2023\/08\/logo-gr-100-bikes.png","contentUrl":"https:\/\/gr-100.com\/wp-content\/uploads\/2023\/08\/logo-gr-100-bikes.png","width":707,"height":284,"caption":"Gr-100"},"image":{"@id":"https:\/\/gr-100.com\/#\/schema\/logo\/image\/"},"sameAs":["https:\/\/www.facebook.com\/Gr100Bikes","https:\/\/www.instagram.com\/gr100bikes\/","https:\/\/www.tiktok.com\/@gr100bikes","https:\/\/twitter.com\/gr100mtbteam","https:\/\/www.youtube.com\/c\/GR100Specialized"]}]}},"_links":{"self":[{"href":"https:\/\/gr-100.com\/pt-pt\/wp-json\/wp\/v2\/product\/434090","targetHints":{"allow":["GET"]}}],"collection":[{"href":"https:\/\/gr-100.com\/pt-pt\/wp-json\/wp\/v2\/product"}],"about":[{"href":"https:\/\/gr-100.com\/pt-pt\/wp-json\/wp\/v2\/types\/product"}],"replies":[{"embeddable":true,"href":"https:\/\/gr-100.com\/pt-pt\/wp-json\/wp\/v2\/comments?post=434090"}],"wp:featuredmedia":[{"embeddable":true,"href":"https:\/\/gr-100.com\/pt-pt\/wp-json\/wp\/v2\/media\/433915"}],"wp:attachment":[{"href":"https:\/\/gr-100.com\/pt-pt\/wp-json\/wp\/v2\/media?parent=434090"}],"wp:term":[{"taxonomy":"product_brand","embeddable":true,"href":"https:\/\/gr-100.com\/pt-pt\/wp-json\/wp\/v2\/product_brand?post=434090"},{"taxonomy":"product_cat","embeddable":true,"href":"https:\/\/gr-100.com\/pt-pt\/wp-json\/wp\/v2\/product_cat?post=434090"},{"taxonomy":"product_tag","embeddable":true,"href":"https:\/\/gr-100.com\/pt-pt\/wp-json\/wp\/v2\/product_tag?post=434090"}],"curies":[{"name":"wp","href":"https:\/\/api.w.org\/{rel}","templated":true}]}}