{"id":436327,"date":"2026-02-10T13:45:02","date_gmt":"2026-02-10T12:45:02","guid":{"rendered":"https:\/\/gr-100.com\/?post_type=product&#038;p=436327"},"modified":"2026-02-10T13:45:03","modified_gmt":"2026-02-10T11:45:03","slug":"specialized-turbo-kenevo-sl-2-comp-2026","status":"publish","type":"product","link":"https:\/\/gr-100.com\/pt-pt\/producto\/specialized-turbo-kenevo-sl-2-comp-2026\/","title":{"rendered":"Specialized Turbo Kenevo SL 2 Comp 2026"},"content":{"rendered":"<ul>\n<li>O sistema de motor Turbo Kenevo Super Light \u00e9 uma integra\u00e7\u00e3o total do motor SL 1.2 da bicicleta e da bateria de 320Wh com um controlador radicalmente avan\u00e7ado e perfeitamente integrado. O resultado \u00e9 uma pot\u00eancia enorme, at\u00e9 25 km\/h, para te levar ao topo da tua descida favorita com metade do esfor\u00e7o, e muito mais r\u00e1pido, proporcionando ainda mais da qualidade de condu\u00e7\u00e3o que desejas, e mais do que alguma vez foi poss\u00edvel antes. <\/li>\n<li>Nosso TCU MasterMind de \u00faltima gera\u00e7\u00e3o \u00e9 o seu centro de informa\u00e7\u00f5es, com campos de exibi\u00e7\u00e3o personaliz\u00e1veis que incluem a porcentagem exata do n\u00edvel da bateria, e apresenta nosso novo recurso MicroTune montado no guid\u00e3o para ajustar a entrega de energia em incrementos de 10%, para que voc\u00ea obtenha exatamente a ajuda de que precisa para experimentar exatamente o passeio que deseja.<\/li>\n<li>As rodas de 29&#8243; \u00e0 frente e atr\u00e1s proporcionam uma condu\u00e7\u00e3o \u00e1gil que esmaga outras MTB el\u00e9ctricas de alta pot\u00eancia. O generoso cockpit mant\u00e9m-te concentrado na bicicleta, optimizando a tra\u00e7\u00e3o e o controlo nas curvas. O suporte inferior baixo, o \u00e2ngulo lan\u00e7ado do tubo da cabe\u00e7a e o offset reduzido da forqueta mant\u00eam a estabilidade em terrenos acidentados.  <\/li>\n<li>A geometria do Turbo Kenevo Super Light pode ser ajustada para se adaptar a qualquer terreno. Seis configura\u00e7\u00f5es de geometria diferentes permitem um ajuste f\u00e1cil para um desempenho perfeito em qualquer terreno. O \u00e2ngulo de dire\u00e7\u00e3o pode ser ajustado entre 63 e 65,5 graus. A altura do suporte inferior pode ser ajustada 7 mm para cima ou para baixo. Nunca fizemos uma bicicleta de trail mais ajust\u00e1vel e adapt\u00e1vel.    <\/li>\n<li>Os 170 mm de curso do Turbo Kenevo Super Light, inspirados no nosso Enduro, s\u00e3o suaves em pequenos solavancos, devoram grandes impactos sem vacilar, proporcionam uma resposta de pedalada fant\u00e1stica e proporcionam a sua pot\u00eancia sobre os pedais com total efici\u00eancia.<\/li>\n<li>O tamanho S da Turbo Kenevo Super Light \u00e9 baseado no que importa: o tamanho e o estilo do ciclista, n\u00e3o a altura da costura. Seis tamanhos, todos com comprimentos de tubo de cabe\u00e7a e dist\u00e2ncias entre eixos semelhantes, permitem-te escolher o tamanho que melhor se adapta ao teu estilo individual. Os tamanhos mais pequenos ser\u00e3o mais \u00e1geis e manobr\u00e1veis, enquanto os tamanhos maiores oferecem mais estabilidade e uma condu\u00e7\u00e3o mais espa\u00e7osa.  <\/li>\n<li>Especifica\u00e7\u00f5es t\u00e9cnicas<\/li>\n<li>E-bike<br \/>\nMotor<br \/>\nSpecialized SL 1.2 Custom Rx Trail Tuned Motor<br \/>\nEcr\u00e3 de controlo\/Remoto<br \/>\nSpecialized MasterMind TCU, percentagem de carga restante, 120 configura\u00e7\u00f5es de ecr\u00e3 poss\u00edveis, ajuste de assist\u00eancia MicroTune, actualiza\u00e7\u00f5es over-the-air, ANT+\/Bluetooth\u00ae, com comando no guiador<br \/>\nBateria<br \/>\nSpecialized SL1-320, totalmente integrada, 320Wh<br \/>\nCarregador<br \/>\nCarregador personalizado, sistema 48V c\/ ficha de carregador do sistema SL<\/li>\n<li>Quadro<br \/>\nQuadro<br \/>\nFACT 11m totalmente em carbono, 29&#8243;, passagem de cabos interna completa, espa\u00e7amento de 148 mm, rolamentos de cartucho totalmente selados, curso traseiro de 170 mm, tubo da cabe\u00e7a com ajuste geogr\u00e1fico, piv\u00f4 do selim com ajuste geogr\u00e1fico<br \/>\nBra\u00e7adeira de selim<br \/>\nLiga, 38,6 mm<\/li>\n<li>Suspensi\u00f3n<br \/>\nAmortiguador trasero<br \/>\nRockshox SuperDeluxe Select rear shock, 230&#215;62.5mm<br \/>\nHorquilla<br \/>\nRockShox Zeb Select, Charger RC damper, 15x110mm, 44mm offset, 170mm of travel<\/li>\n<li>Frenos<br \/>\nFreno delantero<br \/>\nSRAM Maven Bronze, 4-piston caliper, hydraulic disc<br \/>\nFreno trasero<br \/>\nSRAM Maven Bronze, 4-piston caliper, hydraulic disc<\/li>\n<li>Transmisi\u00f3n<br \/>\nDesviador trasero<br \/>\nSRAM S-1000 Eagle AXS Transmission<br \/>\nManetas de cambio<br \/>\nSRAM AXS POD Controller w\/discrete clamp<br \/>\nCassette<br \/>\nSRAM 1270 Transmission Cassette, 12 Spd,10-52t<br \/>\nCadena<br \/>\nSRAM GX Eagle Transmission 12-Speed Flattop Chain<br \/>\nPlatos y bielas<br \/>\nSRAM Alloy Crankset, 165mm, Dub interface<br \/>\nPlatos<br \/>\nSRAM T-type ring, 32t, alloy<\/li>\n<li>Ruedas y neum\u00e1ticos<br \/>\nLlantas<br \/>\nSpecialized, hookless alloy, 30mm inner width, tubeless ready<br \/>\nBuje delantero<br \/>\nSpecialized alloy front hub disc, sealed cardridge bearings, 6-bolt, 15x110mm thru-axle, 32h<br \/>\nBuje trasero<br \/>\nSpecialized alloy rear hub disc, sealed cartridge bearings, 6-Bolt, 12X148mm thru-axle, 28h, HG Steel Fhb<br \/>\nRadios<br \/>\nDT Swiss Elemental<br \/>\nNeum\u00e1tico delantero<br \/>\nButcher, GRID GRAVITY casing, GRIPTON\u00ae T9 compound, TLR, 29&#215;2.4&#8243;<br \/>\nNeum\u00e1tico trasero<br \/>\nButcher, GRID GRAVITY casing, GRIPTON\u00ae T9 compound, TLR, 29&#215;2.4&#8243;<br \/>\nC\u00e1maras<br \/>\nSpecialized Turbo Tube<\/li>\n<li>Cockpit<br \/>\nPotencia<br \/>\nAlloy Trail Stem, 35mm bar bore<br \/>\nManillar<br \/>\nAlloy handlebars, 35mm diameter, 8 degree back sweep, 6 degree up sweep, S1\/S2: 780mm\/30mm rise, S3-S6: 800mm\/50mm rise<br \/>\nPu\u00f1os<br \/>\nSpecialized Trail Grips<br \/>\nSill\u00edn<br \/>\nBridge Comp, Hollow Cr-mo rails 155\/143<br \/>\nTija del sill\u00edn<br \/>\nX-Fusion Manic, infinite adjustable, two-bolt head, bottom mount cable routing, remote SLR LE lever, 34.9mm, S2: 125mm, S3\/S4: 150mm, S5: 170mm<\/li>\n<li>Acess\u00f3rios<br \/>\nSWAT<br \/>\nSWAT CC steererer tube ferramenta integrada com corrente ferramenta e elo<\/li>\n<li>Detalles del producto<br \/>\nIdentificador del producto<br \/>\n221334<br \/>\nPeso<br \/>\nPeso<br \/>\n20.19 kg (44 lb, 8.2 oz)<\/li>\n<\/ul>\n","protected":false},"excerpt":{"rendered":"<p>Elevando a condu\u00e7\u00e3o que define a classe do nosso premiado quadro de Enduro, a Kenevo SL 2 obt\u00e9m amplifica\u00e7\u00e3o incompar\u00e1vel, efici\u00eancia l\u00edder na classe e peso super leve do nosso sistema Turbo SL 1.2. <\/p>\n","protected":false},"featured_media":436302,"comment_status":"open","ping_status":"closed","template":"","meta":{"_acf_changed":false,"_et_pb_use_builder":"","_et_pb_old_content":"","_et_gb_content_width":"","inline_featured_image":false},"product_brand":[],"product_cat":[4353,2459,391,5261,5262,5260,403],"product_tag":[],"class_list":{"0":"post-436327","1":"product","2":"type-product","3":"status-publish","4":"has-post-thumbnail","6":"product_cat-liquidacion-specialized","7":"product_cat-bicicletas-pt-pt-2","8":"product_cat-eletricas","9":"product_cat-bicicletas-electricas-de-carbono","10":"product_cat-bicicletas-electricas-de-enduro-trail","11":"product_cat-bicicletas-electricas-specialized-pt-pt","12":"product_cat-outlet-pt-pt","14":"first","15":"instock","16":"sale","17":"taxable","18":"shipping-taxable","19":"purchasable","20":"product-type-variable","21":"wvs-archive-product-wrapper"},"acf":[],"yoast_head":"<!-- This site is optimized with the Yoast SEO Premium plugin v26.7 (Yoast SEO v26.7) - https:\/\/yoast.com\/wordpress\/plugins\/seo\/ -->\n<title>Specialized Turbo Kenevo SL 2 Comp 2026 Gr-100<\/title>\n<meta name=\"description\" content=\"Elevando a condu\u00e7\u00e3o que define a classe do nosso premiado quadro de Enduro, a Kenevo SL 2 obt\u00e9m amplifica\u00e7\u00e3o incompar\u00e1vel, efici\u00eancia l\u00edder na classe e peso super leve do nosso sistema Turbo SL 1.2.\" \/>\n<meta name=\"robots\" content=\"index, follow, max-snippet:-1, max-image-preview:large, max-video-preview:-1\" \/>\n<link rel=\"canonical\" href=\"https:\/\/gr-100.com\/pt-pt\/producto\/specialized-turbo-kenevo-sl-2-comp-2026\/\" \/>\n<meta property=\"og:locale\" content=\"pt_PT\" \/>\n<meta property=\"og:type\" content=\"article\" \/>\n<meta property=\"og:title\" content=\"Specialized Turbo Kenevo SL 2 Comp 2026\" \/>\n<meta property=\"og:description\" content=\"Elevando a condu\u00e7\u00e3o que define a classe do nosso premiado quadro de Enduro, a Kenevo SL 2 obt\u00e9m amplifica\u00e7\u00e3o incompar\u00e1vel, efici\u00eancia l\u00edder na classe e peso super leve do nosso sistema Turbo SL 1.2.\" \/>\n<meta property=\"og:url\" content=\"https:\/\/gr-100.com\/pt-pt\/producto\/specialized-turbo-kenevo-sl-2-comp-2026\/\" \/>\n<meta property=\"og:site_name\" content=\"Gr-100 Tienda de ciclismo Specialized\" \/>\n<meta property=\"article:publisher\" content=\"https:\/\/www.facebook.com\/Gr100Bikes\" \/>\n<meta property=\"og:image\" content=\"https:\/\/gr-100.com\/wp-content\/uploads\/2026\/02\/Specialized-Turbo-Kenevo-SL-2.jpg\" \/>\n\t<meta property=\"og:image:width\" content=\"1000\" \/>\n\t<meta property=\"og:image:height\" content=\"1000\" \/>\n\t<meta property=\"og:image:type\" content=\"image\/jpeg\" \/>\n<meta name=\"twitter:card\" content=\"summary_large_image\" \/>\n<meta name=\"twitter:label1\" content=\"Tempo estimado de leitura\" \/>\n\t<meta name=\"twitter:data1\" content=\"4 minutos\" \/>\n<script type=\"application\/ld+json\" class=\"yoast-schema-graph\">{\"@context\":\"https:\/\/schema.org\",\"@graph\":[{\"@type\":\"WebPage\",\"@id\":\"https:\/\/gr-100.com\/pt-pt\/producto\/specialized-turbo-kenevo-sl-2-comp-2026\/\",\"url\":\"https:\/\/gr-100.com\/pt-pt\/producto\/specialized-turbo-kenevo-sl-2-comp-2026\/\",\"name\":\"Specialized Turbo Kenevo SL 2 Comp 2026 Gr-100\",\"isPartOf\":{\"@id\":\"https:\/\/gr-100.com\/#website\"},\"primaryImageOfPage\":{\"@id\":\"https:\/\/gr-100.com\/pt-pt\/producto\/specialized-turbo-kenevo-sl-2-comp-2026\/#primaryimage\"},\"image\":{\"@id\":\"https:\/\/gr-100.com\/pt-pt\/producto\/specialized-turbo-kenevo-sl-2-comp-2026\/#primaryimage\"},\"thumbnailUrl\":\"https:\/\/gr-100.com\/wp-content\/uploads\/2026\/02\/Specialized-Turbo-Kenevo-SL-2.jpg\",\"datePublished\":\"2026-02-10T12:45:02+00:00\",\"description\":\"Elevando a condu\u00e7\u00e3o que define a classe do nosso premiado quadro de Enduro, a Kenevo SL 2 obt\u00e9m amplifica\u00e7\u00e3o incompar\u00e1vel, efici\u00eancia l\u00edder na classe e peso super leve do nosso sistema Turbo SL 1.2.\",\"breadcrumb\":{\"@id\":\"https:\/\/gr-100.com\/pt-pt\/producto\/specialized-turbo-kenevo-sl-2-comp-2026\/#breadcrumb\"},\"inLanguage\":\"pt-PT\",\"potentialAction\":[{\"@type\":\"ReadAction\",\"target\":[\"https:\/\/gr-100.com\/pt-pt\/producto\/specialized-turbo-kenevo-sl-2-comp-2026\/\"]}]},{\"@type\":\"ImageObject\",\"inLanguage\":\"pt-PT\",\"@id\":\"https:\/\/gr-100.com\/pt-pt\/producto\/specialized-turbo-kenevo-sl-2-comp-2026\/#primaryimage\",\"url\":\"https:\/\/gr-100.com\/wp-content\/uploads\/2026\/02\/Specialized-Turbo-Kenevo-SL-2.jpg\",\"contentUrl\":\"https:\/\/gr-100.com\/wp-content\/uploads\/2026\/02\/Specialized-Turbo-Kenevo-SL-2.jpg\",\"width\":1000,\"height\":1000},{\"@type\":\"BreadcrumbList\",\"@id\":\"https:\/\/gr-100.com\/pt-pt\/producto\/specialized-turbo-kenevo-sl-2-comp-2026\/#breadcrumb\",\"itemListElement\":[{\"@type\":\"ListItem\",\"position\":1,\"name\":\"Portada\",\"item\":\"https:\/\/gr-100.com\/en\/\"},{\"@type\":\"ListItem\",\"position\":2,\"name\":\"Productos\",\"item\":\"https:\/\/gr-100.com\/?post_type=product\"},{\"@type\":\"ListItem\",\"position\":3,\"name\":\"Specialized Turbo Kenevo SL 2 Comp 2026\"}]},{\"@type\":\"WebSite\",\"@id\":\"https:\/\/gr-100.com\/#website\",\"url\":\"https:\/\/gr-100.com\/\",\"name\":\"Gr-100 Tienda de ciclismo Specialized\",\"description\":\"GR-100 tenemos todas las gamas de bicicletas Specialized al mejor precio.\",\"publisher\":{\"@id\":\"https:\/\/gr-100.com\/#organization\"},\"alternateName\":\"Gr-100 Bikes\",\"potentialAction\":[{\"@type\":\"SearchAction\",\"target\":{\"@type\":\"EntryPoint\",\"urlTemplate\":\"https:\/\/gr-100.com\/?s={search_term_string}\"},\"query-input\":{\"@type\":\"PropertyValueSpecification\",\"valueRequired\":true,\"valueName\":\"search_term_string\"}}],\"inLanguage\":\"pt-PT\"},{\"@type\":\"Organization\",\"@id\":\"https:\/\/gr-100.com\/#organization\",\"name\":\"Gr-100\",\"url\":\"https:\/\/gr-100.com\/\",\"logo\":{\"@type\":\"ImageObject\",\"inLanguage\":\"pt-PT\",\"@id\":\"https:\/\/gr-100.com\/#\/schema\/logo\/image\/\",\"url\":\"https:\/\/gr-100.com\/wp-content\/uploads\/2023\/08\/logo-gr-100-bikes.png\",\"contentUrl\":\"https:\/\/gr-100.com\/wp-content\/uploads\/2023\/08\/logo-gr-100-bikes.png\",\"width\":707,\"height\":284,\"caption\":\"Gr-100\"},\"image\":{\"@id\":\"https:\/\/gr-100.com\/#\/schema\/logo\/image\/\"},\"sameAs\":[\"https:\/\/www.facebook.com\/Gr100Bikes\",\"https:\/\/www.instagram.com\/gr100bikes\/\",\"https:\/\/www.tiktok.com\/@gr100bikes\",\"https:\/\/twitter.com\/gr100mtbteam\",\"https:\/\/www.youtube.com\/c\/GR100Specialized\"]}]}<\/script>\n<!-- \/ Yoast SEO Premium plugin. -->","yoast_head_json":{"title":"Specialized Turbo Kenevo SL 2 Comp 2026 Gr-100","description":"Elevando a condu\u00e7\u00e3o que define a classe do nosso premiado quadro de Enduro, a Kenevo SL 2 obt\u00e9m amplifica\u00e7\u00e3o incompar\u00e1vel, efici\u00eancia l\u00edder na classe e peso super leve do nosso sistema Turbo SL 1.2.","robots":{"index":"index","follow":"follow","max-snippet":"max-snippet:-1","max-image-preview":"max-image-preview:large","max-video-preview":"max-video-preview:-1"},"canonical":"https:\/\/gr-100.com\/pt-pt\/producto\/specialized-turbo-kenevo-sl-2-comp-2026\/","og_locale":"pt_PT","og_type":"article","og_title":"Specialized Turbo Kenevo SL 2 Comp 2026","og_description":"Elevando a condu\u00e7\u00e3o que define a classe do nosso premiado quadro de Enduro, a Kenevo SL 2 obt\u00e9m amplifica\u00e7\u00e3o incompar\u00e1vel, efici\u00eancia l\u00edder na classe e peso super leve do nosso sistema Turbo SL 1.2.","og_url":"https:\/\/gr-100.com\/pt-pt\/producto\/specialized-turbo-kenevo-sl-2-comp-2026\/","og_site_name":"Gr-100 Tienda de ciclismo Specialized","article_publisher":"https:\/\/www.facebook.com\/Gr100Bikes","og_image":[{"width":1000,"height":1000,"url":"https:\/\/gr-100.com\/wp-content\/uploads\/2026\/02\/Specialized-Turbo-Kenevo-SL-2.jpg","type":"image\/jpeg"}],"twitter_card":"summary_large_image","twitter_misc":{"Tempo estimado de leitura":"4 minutos"},"schema":{"@context":"https:\/\/schema.org","@graph":[{"@type":"WebPage","@id":"https:\/\/gr-100.com\/pt-pt\/producto\/specialized-turbo-kenevo-sl-2-comp-2026\/","url":"https:\/\/gr-100.com\/pt-pt\/producto\/specialized-turbo-kenevo-sl-2-comp-2026\/","name":"Specialized Turbo Kenevo SL 2 Comp 2026 Gr-100","isPartOf":{"@id":"https:\/\/gr-100.com\/#website"},"primaryImageOfPage":{"@id":"https:\/\/gr-100.com\/pt-pt\/producto\/specialized-turbo-kenevo-sl-2-comp-2026\/#primaryimage"},"image":{"@id":"https:\/\/gr-100.com\/pt-pt\/producto\/specialized-turbo-kenevo-sl-2-comp-2026\/#primaryimage"},"thumbnailUrl":"https:\/\/gr-100.com\/wp-content\/uploads\/2026\/02\/Specialized-Turbo-Kenevo-SL-2.jpg","datePublished":"2026-02-10T12:45:02+00:00","description":"Elevando a condu\u00e7\u00e3o que define a classe do nosso premiado quadro de Enduro, a Kenevo SL 2 obt\u00e9m amplifica\u00e7\u00e3o incompar\u00e1vel, efici\u00eancia l\u00edder na classe e peso super leve do nosso sistema Turbo SL 1.2.","breadcrumb":{"@id":"https:\/\/gr-100.com\/pt-pt\/producto\/specialized-turbo-kenevo-sl-2-comp-2026\/#breadcrumb"},"inLanguage":"pt-PT","potentialAction":[{"@type":"ReadAction","target":["https:\/\/gr-100.com\/pt-pt\/producto\/specialized-turbo-kenevo-sl-2-comp-2026\/"]}]},{"@type":"ImageObject","inLanguage":"pt-PT","@id":"https:\/\/gr-100.com\/pt-pt\/producto\/specialized-turbo-kenevo-sl-2-comp-2026\/#primaryimage","url":"https:\/\/gr-100.com\/wp-content\/uploads\/2026\/02\/Specialized-Turbo-Kenevo-SL-2.jpg","contentUrl":"https:\/\/gr-100.com\/wp-content\/uploads\/2026\/02\/Specialized-Turbo-Kenevo-SL-2.jpg","width":1000,"height":1000},{"@type":"BreadcrumbList","@id":"https:\/\/gr-100.com\/pt-pt\/producto\/specialized-turbo-kenevo-sl-2-comp-2026\/#breadcrumb","itemListElement":[{"@type":"ListItem","position":1,"name":"Portada","item":"https:\/\/gr-100.com\/en\/"},{"@type":"ListItem","position":2,"name":"Productos","item":"https:\/\/gr-100.com\/?post_type=product"},{"@type":"ListItem","position":3,"name":"Specialized Turbo Kenevo SL 2 Comp 2026"}]},{"@type":"WebSite","@id":"https:\/\/gr-100.com\/#website","url":"https:\/\/gr-100.com\/","name":"Gr-100 Tienda de ciclismo Specialized","description":"GR-100 tenemos todas las gamas de bicicletas Specialized al mejor precio.","publisher":{"@id":"https:\/\/gr-100.com\/#organization"},"alternateName":"Gr-100 Bikes","potentialAction":[{"@type":"SearchAction","target":{"@type":"EntryPoint","urlTemplate":"https:\/\/gr-100.com\/?s={search_term_string}"},"query-input":{"@type":"PropertyValueSpecification","valueRequired":true,"valueName":"search_term_string"}}],"inLanguage":"pt-PT"},{"@type":"Organization","@id":"https:\/\/gr-100.com\/#organization","name":"Gr-100","url":"https:\/\/gr-100.com\/","logo":{"@type":"ImageObject","inLanguage":"pt-PT","@id":"https:\/\/gr-100.com\/#\/schema\/logo\/image\/","url":"https:\/\/gr-100.com\/wp-content\/uploads\/2023\/08\/logo-gr-100-bikes.png","contentUrl":"https:\/\/gr-100.com\/wp-content\/uploads\/2023\/08\/logo-gr-100-bikes.png","width":707,"height":284,"caption":"Gr-100"},"image":{"@id":"https:\/\/gr-100.com\/#\/schema\/logo\/image\/"},"sameAs":["https:\/\/www.facebook.com\/Gr100Bikes","https:\/\/www.instagram.com\/gr100bikes\/","https:\/\/www.tiktok.com\/@gr100bikes","https:\/\/twitter.com\/gr100mtbteam","https:\/\/www.youtube.com\/c\/GR100Specialized"]}]}},"_links":{"self":[{"href":"https:\/\/gr-100.com\/pt-pt\/wp-json\/wp\/v2\/product\/436327","targetHints":{"allow":["GET"]}}],"collection":[{"href":"https:\/\/gr-100.com\/pt-pt\/wp-json\/wp\/v2\/product"}],"about":[{"href":"https:\/\/gr-100.com\/pt-pt\/wp-json\/wp\/v2\/types\/product"}],"replies":[{"embeddable":true,"href":"https:\/\/gr-100.com\/pt-pt\/wp-json\/wp\/v2\/comments?post=436327"}],"wp:featuredmedia":[{"embeddable":true,"href":"https:\/\/gr-100.com\/pt-pt\/wp-json\/wp\/v2\/media\/436302"}],"wp:attachment":[{"href":"https:\/\/gr-100.com\/pt-pt\/wp-json\/wp\/v2\/media?parent=436327"}],"wp:term":[{"taxonomy":"product_brand","embeddable":true,"href":"https:\/\/gr-100.com\/pt-pt\/wp-json\/wp\/v2\/product_brand?post=436327"},{"taxonomy":"product_cat","embeddable":true,"href":"https:\/\/gr-100.com\/pt-pt\/wp-json\/wp\/v2\/product_cat?post=436327"},{"taxonomy":"product_tag","embeddable":true,"href":"https:\/\/gr-100.com\/pt-pt\/wp-json\/wp\/v2\/product_tag?post=436327"}],"curies":[{"name":"wp","href":"https:\/\/api.w.org\/{rel}","templated":true}]}}