{"id":436351,"date":"2026-02-10T14:05:51","date_gmt":"2026-02-10T13:05:51","guid":{"rendered":"https:\/\/gr-100.com\/?post_type=product&#038;p=436351"},"modified":"2026-02-10T14:05:52","modified_gmt":"2026-02-10T12:05:52","slug":"specialized-s-works-turbo-kenevo-sl-2-frameset-2026","status":"publish","type":"product","link":"https:\/\/gr-100.com\/pt-pt\/producto\/specialized-s-works-turbo-kenevo-sl-2-frameset-2026\/","title":{"rendered":"Specialized S-Works Turbo Kenevo SL 2 Frameset 2026"},"content":{"rendered":"<ul>\n<li>O sistema de motor Turbo Kenevo Super Light \u00e9 uma integra\u00e7\u00e3o total do motor SL 1.2 da bicicleta e da bateria de 320Wh com um controlador radicalmente avan\u00e7ado e perfeitamente integrado. O resultado \u00e9 uma pot\u00eancia enorme, at\u00e9 25 km\/h, para te levar ao topo da tua descida favorita com metade do esfor\u00e7o, e muito mais r\u00e1pido, proporcionando ainda mais da qualidade de condu\u00e7\u00e3o que desejas, e mais do que alguma vez foi poss\u00edvel antes. <\/li>\n<li>Nosso Mastermind TCU de pr\u00f3xima gera\u00e7\u00e3o \u00e9 o seu centro de informa\u00e7\u00f5es, com campos de exibi\u00e7\u00e3o personaliz\u00e1veis que incluem a porcentagem exata do n\u00edvel da bateria, e apresenta o novo recurso MicroTune, montado no guid\u00e3o para ajustar a entrega de energia em incrementos de 10%, para que voc\u00ea obtenha exatamente o suporte de que precisa para experimentar o que realmente precisa.<\/li>\n<li>Las ruedas de 29\u201d delantera y trasera ofrecen una conducci\u00f3n \u00e1gil frente a otras e-MTB con m\u00e1xima potencia. El puesto de conducci\u00f3n grande te centra en la bicicleta, optimizando la tracci\u00f3n y el control en curvas. El pedalier bajo, el \u00e1ngulo relajado del tubo de direcci\u00f3n y el offset reducido de la horquilla mantienen la estabilidad en terrenos complicados.  <\/li>\n<li>La geometr\u00eda de la Turbo Kenevo Super Light se puede ajustar en cualquier lugar y seg\u00fan tu estilo de conducci\u00f3n. Seis configuraciones de geometr\u00eda distintas permiten un f\u00e1cil ajuste para mejorar el rendimiento en cualquier terreno. El \u00e1ngulo de direcci\u00f3n se puede ajustar entre 63 y 65,5 grados. La altura del pedalier tambi\u00e9n se puede ajustar verticalmente en 7 mm. Nunca hemos creado una bicicleta de trail m\u00e1s ajustable y adaptable.    <\/li>\n<li>Los 170 mm de recorrido inspirado en la Enduro de esta Turbo Kenevo Super Light son sensibles en peque\u00f1os baches, devoran impactos en grandes cortados sin sacudidas, se come las salidas de curva para desayunar, pero a la vez ofrecen una respuesta al pedal incre\u00edble y una entrega de tu potencia al suelo con total eficiencia.<\/li>\n<li>El S-Sizing de la Turbo Kenevo Super Light se basa en lo que importa: el tama\u00f1o y el estilo del ciclista, no la altura de la entrepierna. Cuatro tallas, todos con longitudes de tubo de direcci\u00f3n y standover similares, te permiten elegir el tama\u00f1o que mejor se adapte a tu estilo de forma individual. Los n\u00fameros S-peque\u00f1os ser\u00e1n \u00e1giles y reactivas, mientras que los n\u00fameros S-grandes te ofrecen m\u00e1s estabilidad y una conducci\u00f3n con mayor espacio.  <\/li>\n<li>Especifica\u00e7\u00f5es t\u00e9cnicas<\/li>\n<li>E-bike<br \/>\nCargador<br \/>\nCustom charger, 48V System w\/ SL system charger plug<br \/>\nPantalla de control\/Remoto<br \/>\nSpecialized MasterMind TCU, percentage of remaining charge, 120 possible display configurations, MicroTune assist adjustment, over-the-air updates, ANT+\/Bluetooth\u00ae, w\/Handlebar remote<br \/>\nMotor<br \/>\nSpecialized SL 1.2 Custom Rx Trail Tuned Motor<br \/>\nBater\u00eda<br \/>\nSpecialized SL1-320, fully integrated, 320Wh<\/li>\n<li>Cuadro<br \/>\nAbrazadera del sill\u00edn<br \/>\nAlloy, 38.6mm<br \/>\nCuadro<br \/>\nFACT 11m full carbon, 29&#8243;, full internal cable routing, 148mm spacing, fully sealed cartridge bearings, 170mm rear travel, geo adjust head tube, geo adjust horst pivot<\/li>\n<li>Suspensi\u00f3n<br \/>\nAmortiguador trasero<br \/>\nRockshox Vivid Ultimate, 230&#215;62.5mm<\/li>\n<li>Transmisi\u00f3n<br \/>\nPlatos y bielas<br \/>\nSRAM Carbon crankset, 165mm, Dub interface<br \/>\nPlatos<br \/>\nSRAM T-type ring, 32t, alloy<\/li>\n<li>Acess\u00f3rios<br \/>\nSWAT<br \/>\nSWAT CC steererer tube ferramenta integrada com corrente ferramenta e elo<\/li>\n<li>Detalles del producto<br \/>\nIdentificador del producto<br \/>\n221331<\/li>\n<li>Peso<br \/>\nPeso<br \/>\n8.51 kg (18 lb, 12.2 oz)<\/li>\n<\/ul>\n","protected":false},"excerpt":{"rendered":"<p>Elevando a condu\u00e7\u00e3o que define a classe do nosso premiado quadro de Enduro, a Kenevo SL 2 obt\u00e9m amplifica\u00e7\u00e3o incompar\u00e1vel, efici\u00eancia l\u00edder na classe e peso super leve do nosso sistema Turbo SL 1.2. <\/p>\n","protected":false},"featured_media":436836,"comment_status":"open","ping_status":"closed","template":"","meta":{"_acf_changed":false,"_et_pb_use_builder":"","_et_pb_old_content":"","_et_gb_content_width":"","inline_featured_image":false},"product_brand":[],"product_cat":[2459,391,5261,5262,5263,5266,5260],"product_tag":[],"class_list":{"0":"post-436351","1":"product","2":"type-product","3":"status-publish","4":"has-post-thumbnail","6":"product_cat-bicicletas-pt-pt-2","7":"product_cat-eletricas","8":"product_cat-bicicletas-electricas-de-carbono","9":"product_cat-bicicletas-electricas-de-enduro-trail","10":"product_cat-bicicletas-de-montanha-electricas","11":"product_cat-bicicletas-electricas-s-works-pt-pt","12":"product_cat-bicicletas-electricas-specialized-pt-pt","14":"first","15":"outofstock","16":"taxable","17":"shipping-taxable","18":"product-type-variable","19":"wvs-archive-product-wrapper"},"acf":[],"yoast_head":"<!-- This site is optimized with the Yoast SEO Premium plugin v26.7 (Yoast SEO v26.7) - https:\/\/yoast.com\/wordpress\/plugins\/seo\/ -->\n<title>Specialized S-Works Turbo Kenevo SL 2 Frameset 2026 GR-100<\/title>\n<meta name=\"description\" content=\"Elevando a condu\u00e7\u00e3o que define a classe do nosso premiado quadro de Enduro, a Kenevo SL 2 obt\u00e9m amplifica\u00e7\u00e3o incompar\u00e1vel, efici\u00eancia l\u00edder na classe e peso super leve do nosso sistema Turbo SL 1.2.\" \/>\n<meta name=\"robots\" content=\"index, follow, max-snippet:-1, max-image-preview:large, max-video-preview:-1\" \/>\n<link rel=\"canonical\" href=\"https:\/\/gr-100.com\/pt-pt\/producto\/specialized-s-works-turbo-kenevo-sl-2-frameset-2026\/\" \/>\n<meta property=\"og:locale\" content=\"pt_PT\" \/>\n<meta property=\"og:type\" content=\"article\" \/>\n<meta property=\"og:title\" content=\"Specialized S-Works Turbo Kenevo SL 2 Frameset 2026\" \/>\n<meta property=\"og:description\" content=\"Elevando a condu\u00e7\u00e3o que define a classe do nosso premiado quadro de Enduro, a Kenevo SL 2 obt\u00e9m amplifica\u00e7\u00e3o incompar\u00e1vel, efici\u00eancia l\u00edder na classe e peso super leve do nosso sistema Turbo SL 1.2.\" \/>\n<meta property=\"og:url\" content=\"https:\/\/gr-100.com\/pt-pt\/producto\/specialized-s-works-turbo-kenevo-sl-2-frameset-2026\/\" \/>\n<meta property=\"og:site_name\" content=\"Gr-100 Tienda de ciclismo Specialized\" \/>\n<meta property=\"article:publisher\" content=\"https:\/\/www.facebook.com\/Gr100Bikes\" \/>\n<meta property=\"og:image\" content=\"https:\/\/gr-100.com\/wp-content\/uploads\/2026\/02\/Specialized-S-Works-Turbo-Kenevo-SL-2-Frameset-2026.jpg\" \/>\n\t<meta property=\"og:image:width\" content=\"1000\" \/>\n\t<meta property=\"og:image:height\" content=\"1000\" \/>\n\t<meta property=\"og:image:type\" content=\"image\/jpeg\" \/>\n<meta name=\"twitter:card\" content=\"summary_large_image\" \/>\n<meta name=\"twitter:label1\" content=\"Tempo estimado de leitura\" \/>\n\t<meta name=\"twitter:data1\" content=\"3 minutos\" \/>\n<script type=\"application\/ld+json\" class=\"yoast-schema-graph\">{\"@context\":\"https:\/\/schema.org\",\"@graph\":[{\"@type\":\"WebPage\",\"@id\":\"https:\/\/gr-100.com\/pt-pt\/producto\/specialized-s-works-turbo-kenevo-sl-2-frameset-2026\/\",\"url\":\"https:\/\/gr-100.com\/pt-pt\/producto\/specialized-s-works-turbo-kenevo-sl-2-frameset-2026\/\",\"name\":\"Specialized S-Works Turbo Kenevo SL 2 Frameset 2026 GR-100\",\"isPartOf\":{\"@id\":\"https:\/\/gr-100.com\/#website\"},\"primaryImageOfPage\":{\"@id\":\"https:\/\/gr-100.com\/pt-pt\/producto\/specialized-s-works-turbo-kenevo-sl-2-frameset-2026\/#primaryimage\"},\"image\":{\"@id\":\"https:\/\/gr-100.com\/pt-pt\/producto\/specialized-s-works-turbo-kenevo-sl-2-frameset-2026\/#primaryimage\"},\"thumbnailUrl\":\"https:\/\/gr-100.com\/wp-content\/uploads\/2026\/02\/S-Works-Turbo-Kenevo-SL-2-Frameset.jpg\",\"datePublished\":\"2026-02-10T13:05:51+00:00\",\"description\":\"Elevando a condu\u00e7\u00e3o que define a classe do nosso premiado quadro de Enduro, a Kenevo SL 2 obt\u00e9m amplifica\u00e7\u00e3o incompar\u00e1vel, efici\u00eancia l\u00edder na classe e peso super leve do nosso sistema Turbo SL 1.2.\",\"breadcrumb\":{\"@id\":\"https:\/\/gr-100.com\/pt-pt\/producto\/specialized-s-works-turbo-kenevo-sl-2-frameset-2026\/#breadcrumb\"},\"inLanguage\":\"pt-PT\",\"potentialAction\":[{\"@type\":\"ReadAction\",\"target\":[\"https:\/\/gr-100.com\/pt-pt\/producto\/specialized-s-works-turbo-kenevo-sl-2-frameset-2026\/\"]}]},{\"@type\":\"ImageObject\",\"inLanguage\":\"pt-PT\",\"@id\":\"https:\/\/gr-100.com\/pt-pt\/producto\/specialized-s-works-turbo-kenevo-sl-2-frameset-2026\/#primaryimage\",\"url\":\"https:\/\/gr-100.com\/wp-content\/uploads\/2026\/02\/S-Works-Turbo-Kenevo-SL-2-Frameset.jpg\",\"contentUrl\":\"https:\/\/gr-100.com\/wp-content\/uploads\/2026\/02\/S-Works-Turbo-Kenevo-SL-2-Frameset.jpg\",\"width\":1000,\"height\":1000},{\"@type\":\"BreadcrumbList\",\"@id\":\"https:\/\/gr-100.com\/pt-pt\/producto\/specialized-s-works-turbo-kenevo-sl-2-frameset-2026\/#breadcrumb\",\"itemListElement\":[{\"@type\":\"ListItem\",\"position\":1,\"name\":\"Portada\",\"item\":\"https:\/\/gr-100.com\/en\/\"},{\"@type\":\"ListItem\",\"position\":2,\"name\":\"Productos\",\"item\":\"https:\/\/gr-100.com\/?post_type=product\"},{\"@type\":\"ListItem\",\"position\":3,\"name\":\"Specialized S-Works Turbo Kenevo SL 2 Frameset 2026\"}]},{\"@type\":\"WebSite\",\"@id\":\"https:\/\/gr-100.com\/#website\",\"url\":\"https:\/\/gr-100.com\/\",\"name\":\"Gr-100 Tienda de ciclismo Specialized\",\"description\":\"GR-100 tenemos todas las gamas de bicicletas Specialized al mejor precio.\",\"publisher\":{\"@id\":\"https:\/\/gr-100.com\/#organization\"},\"alternateName\":\"Gr-100 Bikes\",\"potentialAction\":[{\"@type\":\"SearchAction\",\"target\":{\"@type\":\"EntryPoint\",\"urlTemplate\":\"https:\/\/gr-100.com\/?s={search_term_string}\"},\"query-input\":{\"@type\":\"PropertyValueSpecification\",\"valueRequired\":true,\"valueName\":\"search_term_string\"}}],\"inLanguage\":\"pt-PT\"},{\"@type\":\"Organization\",\"@id\":\"https:\/\/gr-100.com\/#organization\",\"name\":\"Gr-100\",\"url\":\"https:\/\/gr-100.com\/\",\"logo\":{\"@type\":\"ImageObject\",\"inLanguage\":\"pt-PT\",\"@id\":\"https:\/\/gr-100.com\/#\/schema\/logo\/image\/\",\"url\":\"https:\/\/gr-100.com\/wp-content\/uploads\/2023\/08\/logo-gr-100-bikes.png\",\"contentUrl\":\"https:\/\/gr-100.com\/wp-content\/uploads\/2023\/08\/logo-gr-100-bikes.png\",\"width\":707,\"height\":284,\"caption\":\"Gr-100\"},\"image\":{\"@id\":\"https:\/\/gr-100.com\/#\/schema\/logo\/image\/\"},\"sameAs\":[\"https:\/\/www.facebook.com\/Gr100Bikes\",\"https:\/\/www.instagram.com\/gr100bikes\/\",\"https:\/\/www.tiktok.com\/@gr100bikes\",\"https:\/\/twitter.com\/gr100mtbteam\",\"https:\/\/www.youtube.com\/c\/GR100Specialized\"]}]}<\/script>\n<!-- \/ Yoast SEO Premium plugin. -->","yoast_head_json":{"title":"Specialized S-Works Turbo Kenevo SL 2 Frameset 2026 GR-100","description":"Elevando a condu\u00e7\u00e3o que define a classe do nosso premiado quadro de Enduro, a Kenevo SL 2 obt\u00e9m amplifica\u00e7\u00e3o incompar\u00e1vel, efici\u00eancia l\u00edder na classe e peso super leve do nosso sistema Turbo SL 1.2.","robots":{"index":"index","follow":"follow","max-snippet":"max-snippet:-1","max-image-preview":"max-image-preview:large","max-video-preview":"max-video-preview:-1"},"canonical":"https:\/\/gr-100.com\/pt-pt\/producto\/specialized-s-works-turbo-kenevo-sl-2-frameset-2026\/","og_locale":"pt_PT","og_type":"article","og_title":"Specialized S-Works Turbo Kenevo SL 2 Frameset 2026","og_description":"Elevando a condu\u00e7\u00e3o que define a classe do nosso premiado quadro de Enduro, a Kenevo SL 2 obt\u00e9m amplifica\u00e7\u00e3o incompar\u00e1vel, efici\u00eancia l\u00edder na classe e peso super leve do nosso sistema Turbo SL 1.2.","og_url":"https:\/\/gr-100.com\/pt-pt\/producto\/specialized-s-works-turbo-kenevo-sl-2-frameset-2026\/","og_site_name":"Gr-100 Tienda de ciclismo Specialized","article_publisher":"https:\/\/www.facebook.com\/Gr100Bikes","og_image":[{"width":1000,"height":1000,"url":"https:\/\/gr-100.com\/wp-content\/uploads\/2026\/02\/Specialized-S-Works-Turbo-Kenevo-SL-2-Frameset-2026.jpg","type":"image\/jpeg"}],"twitter_card":"summary_large_image","twitter_misc":{"Tempo estimado de leitura":"3 minutos"},"schema":{"@context":"https:\/\/schema.org","@graph":[{"@type":"WebPage","@id":"https:\/\/gr-100.com\/pt-pt\/producto\/specialized-s-works-turbo-kenevo-sl-2-frameset-2026\/","url":"https:\/\/gr-100.com\/pt-pt\/producto\/specialized-s-works-turbo-kenevo-sl-2-frameset-2026\/","name":"Specialized S-Works Turbo Kenevo SL 2 Frameset 2026 GR-100","isPartOf":{"@id":"https:\/\/gr-100.com\/#website"},"primaryImageOfPage":{"@id":"https:\/\/gr-100.com\/pt-pt\/producto\/specialized-s-works-turbo-kenevo-sl-2-frameset-2026\/#primaryimage"},"image":{"@id":"https:\/\/gr-100.com\/pt-pt\/producto\/specialized-s-works-turbo-kenevo-sl-2-frameset-2026\/#primaryimage"},"thumbnailUrl":"https:\/\/gr-100.com\/wp-content\/uploads\/2026\/02\/S-Works-Turbo-Kenevo-SL-2-Frameset.jpg","datePublished":"2026-02-10T13:05:51+00:00","description":"Elevando a condu\u00e7\u00e3o que define a classe do nosso premiado quadro de Enduro, a Kenevo SL 2 obt\u00e9m amplifica\u00e7\u00e3o incompar\u00e1vel, efici\u00eancia l\u00edder na classe e peso super leve do nosso sistema Turbo SL 1.2.","breadcrumb":{"@id":"https:\/\/gr-100.com\/pt-pt\/producto\/specialized-s-works-turbo-kenevo-sl-2-frameset-2026\/#breadcrumb"},"inLanguage":"pt-PT","potentialAction":[{"@type":"ReadAction","target":["https:\/\/gr-100.com\/pt-pt\/producto\/specialized-s-works-turbo-kenevo-sl-2-frameset-2026\/"]}]},{"@type":"ImageObject","inLanguage":"pt-PT","@id":"https:\/\/gr-100.com\/pt-pt\/producto\/specialized-s-works-turbo-kenevo-sl-2-frameset-2026\/#primaryimage","url":"https:\/\/gr-100.com\/wp-content\/uploads\/2026\/02\/S-Works-Turbo-Kenevo-SL-2-Frameset.jpg","contentUrl":"https:\/\/gr-100.com\/wp-content\/uploads\/2026\/02\/S-Works-Turbo-Kenevo-SL-2-Frameset.jpg","width":1000,"height":1000},{"@type":"BreadcrumbList","@id":"https:\/\/gr-100.com\/pt-pt\/producto\/specialized-s-works-turbo-kenevo-sl-2-frameset-2026\/#breadcrumb","itemListElement":[{"@type":"ListItem","position":1,"name":"Portada","item":"https:\/\/gr-100.com\/en\/"},{"@type":"ListItem","position":2,"name":"Productos","item":"https:\/\/gr-100.com\/?post_type=product"},{"@type":"ListItem","position":3,"name":"Specialized S-Works Turbo Kenevo SL 2 Frameset 2026"}]},{"@type":"WebSite","@id":"https:\/\/gr-100.com\/#website","url":"https:\/\/gr-100.com\/","name":"Gr-100 Tienda de ciclismo Specialized","description":"GR-100 tenemos todas las gamas de bicicletas Specialized al mejor precio.","publisher":{"@id":"https:\/\/gr-100.com\/#organization"},"alternateName":"Gr-100 Bikes","potentialAction":[{"@type":"SearchAction","target":{"@type":"EntryPoint","urlTemplate":"https:\/\/gr-100.com\/?s={search_term_string}"},"query-input":{"@type":"PropertyValueSpecification","valueRequired":true,"valueName":"search_term_string"}}],"inLanguage":"pt-PT"},{"@type":"Organization","@id":"https:\/\/gr-100.com\/#organization","name":"Gr-100","url":"https:\/\/gr-100.com\/","logo":{"@type":"ImageObject","inLanguage":"pt-PT","@id":"https:\/\/gr-100.com\/#\/schema\/logo\/image\/","url":"https:\/\/gr-100.com\/wp-content\/uploads\/2023\/08\/logo-gr-100-bikes.png","contentUrl":"https:\/\/gr-100.com\/wp-content\/uploads\/2023\/08\/logo-gr-100-bikes.png","width":707,"height":284,"caption":"Gr-100"},"image":{"@id":"https:\/\/gr-100.com\/#\/schema\/logo\/image\/"},"sameAs":["https:\/\/www.facebook.com\/Gr100Bikes","https:\/\/www.instagram.com\/gr100bikes\/","https:\/\/www.tiktok.com\/@gr100bikes","https:\/\/twitter.com\/gr100mtbteam","https:\/\/www.youtube.com\/c\/GR100Specialized"]}]}},"_links":{"self":[{"href":"https:\/\/gr-100.com\/pt-pt\/wp-json\/wp\/v2\/product\/436351","targetHints":{"allow":["GET"]}}],"collection":[{"href":"https:\/\/gr-100.com\/pt-pt\/wp-json\/wp\/v2\/product"}],"about":[{"href":"https:\/\/gr-100.com\/pt-pt\/wp-json\/wp\/v2\/types\/product"}],"replies":[{"embeddable":true,"href":"https:\/\/gr-100.com\/pt-pt\/wp-json\/wp\/v2\/comments?post=436351"}],"wp:featuredmedia":[{"embeddable":true,"href":"https:\/\/gr-100.com\/pt-pt\/wp-json\/wp\/v2\/media\/436836"}],"wp:attachment":[{"href":"https:\/\/gr-100.com\/pt-pt\/wp-json\/wp\/v2\/media?parent=436351"}],"wp:term":[{"taxonomy":"product_brand","embeddable":true,"href":"https:\/\/gr-100.com\/pt-pt\/wp-json\/wp\/v2\/product_brand?post=436351"},{"taxonomy":"product_cat","embeddable":true,"href":"https:\/\/gr-100.com\/pt-pt\/wp-json\/wp\/v2\/product_cat?post=436351"},{"taxonomy":"product_tag","embeddable":true,"href":"https:\/\/gr-100.com\/pt-pt\/wp-json\/wp\/v2\/product_tag?post=436351"}],"curies":[{"name":"wp","href":"https:\/\/api.w.org\/{rel}","templated":true}]}}