{"id":437964,"date":"2024-07-01T13:46:52","date_gmt":"2024-07-01T12:46:52","guid":{"rendered":"https:\/\/gr-100.com\/producto\/specialized-s-works-evade-3-team-bora\/"},"modified":"2024-07-01T13:46:52","modified_gmt":"2024-07-01T11:46:52","slug":"specialized-s-works-evade-3-team-bora","status":"publish","type":"product","link":"https:\/\/gr-100.com\/pt-pt\/producto\/specialized-s-works-evade-3-team-bora\/","title":{"rendered":"Specialized S-Works Evade 3- Team BORA"},"content":{"rendered":"<ul>\n<li>Os canais de ventila\u00e7\u00e3o frontais mais largos ajudam a aumentar a ventila\u00e7\u00e3o.<\/li>\n<li>Difusor traseiro para melhorar a aerodin\u00e2mica e a ventila\u00e7\u00e3o<\/li>\n<li>A tecnologia MIPS Air Node \u00e9 a solu\u00e7\u00e3o MIPS que oferece a melhor ventila\u00e7\u00e3o.<\/li>\n<li>O sistema de cintas Tri-Fix ajust\u00e1vel aumenta o conforto atrav\u00e9s de um ajuste personalizado.<\/li>\n<li>Caixa de policarbonato totalmente fechada para maior durabilidade e um acabamento de qualidade superior.<\/li>\n<li>Espuma EPS de dupla densidade melhorada.<\/li>\n<\/ul>\n","protected":false},"excerpt":{"rendered":"<p>O capacete de estrada mais aerodin\u00e2mico do pelot\u00e3o agora respira melhor. O S-Works Evade 3 foi reinventado de dentro para fora para uma melhor ventila\u00e7\u00e3o, tornando-o a op\u00e7\u00e3o mais r\u00e1pida para a maioria das etapas. <\/p>\n<p>Ap\u00f3s extensos testes de Din\u00e2mica de Fluidos Computacional e muitas, muitas horas no nosso t\u00fanel de vento Win Tunnel, cri\u00e1mos um &#8220;difusor&#8221; traseiro que ajuda a minimizar a resist\u00eancia ao vento e melhora a ventila\u00e7\u00e3o. O difusor ajuda a otimizar o desempenho aerodin\u00e2mico ao permitir que o vento flua mais facilmente e melhora a ventila\u00e7\u00e3o ao permitir mais 10% de fluxo de ar atrav\u00e9s do capacete. <\/p>\n<p>O ajuste da base occipital optimiza o conforto, personalizando o ajuste \u00e0 forma individual da cabe\u00e7a e o \u00e2ngulo do capacete pode ser ajustado para ser compat\u00edvel com os \u00f3culos. O sistema de correias ajust\u00e1veis Tri-Fix oferece aos condutores um maior conforto com novas correias mais finas de 10 mm que minimizam o ru\u00eddo a alta velocidade. E o sistema de micro-ajuste Mindset ultra-leve, que est\u00e1 preparado para ANGI e \u00e9 ajust\u00e1vel em altura, foi atualizado para uma melhor ader\u00eancia e um ajuste f\u00e1cil em movimento.  <\/p>\n<p>A nossa tecnologia MIPS Air Node ultra-leve e de conforto inigual\u00e1vel est\u00e1 integrada diretamente no sistema de acolchoamento do capacete, com uma camada de baixa fric\u00e7\u00e3o concebida para dissipar as for\u00e7as de rota\u00e7\u00e3o geradas pelo impacto. Com o trabalho de desenvolvimento interno da Specialized, adicion\u00e1mos perfura\u00e7\u00f5es para maximizar a respirabilidade, o desempenho, o conforto e a poupan\u00e7a de peso. <\/p>\n","protected":false},"featured_media":297692,"comment_status":"closed","ping_status":"closed","template":"","meta":{"_acf_changed":false,"_et_pb_use_builder":"","_et_pb_old_content":"","_et_gb_content_width":"","inline_featured_image":false},"product_brand":[],"product_cat":[4353,361,363,2953],"product_tag":[],"class_list":{"0":"post-437964","1":"product","2":"type-product","3":"status-publish","4":"has-post-thumbnail","6":"product_cat-liquidacion-specialized","7":"product_cat-acessorios","8":"product_cat-capacetes","9":"product_cat-super-ofertas-pt-pt","10":"product_shipping_class-acessorios","12":"first","13":"instock","14":"sale","15":"taxable","16":"shipping-taxable","17":"purchasable","18":"product-type-variable","19":"wvs-archive-product-wrapper"},"acf":[],"yoast_head":"<!-- This site is optimized with the Yoast SEO Premium plugin v26.7 (Yoast SEO v26.7) - https:\/\/yoast.com\/wordpress\/plugins\/seo\/ -->\n<title>Specialized S-Works Evade 3- Team BORA GR-100<\/title>\n<meta name=\"description\" content=\"A S-Works Evade 3 foi reinventada de dentro para fora para uma melhor ventila\u00e7\u00e3o, tornando-a a op\u00e7\u00e3o mais r\u00e1pida para a maioria das etapas.\" \/>\n<meta name=\"robots\" content=\"index, follow, max-snippet:-1, max-image-preview:large, max-video-preview:-1\" \/>\n<link rel=\"canonical\" href=\"https:\/\/gr-100.com\/pt-pt\/producto\/specialized-s-works-evade-3-team-bora\/\" \/>\n<meta property=\"og:locale\" content=\"pt_PT\" \/>\n<meta property=\"og:type\" content=\"article\" \/>\n<meta property=\"og:title\" content=\"Specialized S-Works Evade 3- Team BORA\" \/>\n<meta property=\"og:description\" content=\"A S-Works Evade 3 foi reinventada de dentro para fora para uma melhor ventila\u00e7\u00e3o, tornando-a a op\u00e7\u00e3o mais r\u00e1pida para a maioria das etapas.\" \/>\n<meta property=\"og:url\" content=\"https:\/\/gr-100.com\/pt-pt\/producto\/specialized-s-works-evade-3-team-bora\/\" \/>\n<meta property=\"og:site_name\" content=\"Gr-100 Tienda de ciclismo Specialized\" \/>\n<meta property=\"article:publisher\" content=\"https:\/\/www.facebook.com\/Gr100Bikes\" \/>\n<meta property=\"og:image\" content=\"https:\/\/gr-100.com\/wp-content\/uploads\/2024\/05\/My-project-78.jpeg\" \/>\n\t<meta property=\"og:image:width\" content=\"1000\" \/>\n\t<meta property=\"og:image:height\" content=\"1000\" \/>\n\t<meta property=\"og:image:type\" content=\"image\/jpeg\" \/>\n<meta name=\"twitter:card\" content=\"summary_large_image\" \/>\n<script type=\"application\/ld+json\" class=\"yoast-schema-graph\">{\"@context\":\"https:\/\/schema.org\",\"@graph\":[{\"@type\":\"WebPage\",\"@id\":\"https:\/\/gr-100.com\/pt-pt\/producto\/specialized-s-works-evade-3-team-bora\/\",\"url\":\"https:\/\/gr-100.com\/pt-pt\/producto\/specialized-s-works-evade-3-team-bora\/\",\"name\":\"Specialized S-Works Evade 3- Team BORA GR-100\",\"isPartOf\":{\"@id\":\"https:\/\/gr-100.com\/#website\"},\"primaryImageOfPage\":{\"@id\":\"https:\/\/gr-100.com\/pt-pt\/producto\/specialized-s-works-evade-3-team-bora\/#primaryimage\"},\"image\":{\"@id\":\"https:\/\/gr-100.com\/pt-pt\/producto\/specialized-s-works-evade-3-team-bora\/#primaryimage\"},\"thumbnailUrl\":\"https:\/\/gr-100.com\/wp-content\/uploads\/2024\/05\/My-project-78.jpeg\",\"datePublished\":\"2024-07-01T12:46:52+00:00\",\"description\":\"A S-Works Evade 3 foi reinventada de dentro para fora para uma melhor ventila\u00e7\u00e3o, tornando-a a op\u00e7\u00e3o mais r\u00e1pida para a maioria das etapas.\",\"breadcrumb\":{\"@id\":\"https:\/\/gr-100.com\/pt-pt\/producto\/specialized-s-works-evade-3-team-bora\/#breadcrumb\"},\"inLanguage\":\"pt-PT\",\"potentialAction\":[{\"@type\":\"ReadAction\",\"target\":[\"https:\/\/gr-100.com\/pt-pt\/producto\/specialized-s-works-evade-3-team-bora\/\"]}]},{\"@type\":\"ImageObject\",\"inLanguage\":\"pt-PT\",\"@id\":\"https:\/\/gr-100.com\/pt-pt\/producto\/specialized-s-works-evade-3-team-bora\/#primaryimage\",\"url\":\"https:\/\/gr-100.com\/wp-content\/uploads\/2024\/05\/My-project-78.jpeg\",\"contentUrl\":\"https:\/\/gr-100.com\/wp-content\/uploads\/2024\/05\/My-project-78.jpeg\",\"width\":1000,\"height\":1000},{\"@type\":\"BreadcrumbList\",\"@id\":\"https:\/\/gr-100.com\/pt-pt\/producto\/specialized-s-works-evade-3-team-bora\/#breadcrumb\",\"itemListElement\":[{\"@type\":\"ListItem\",\"position\":1,\"name\":\"Portada\",\"item\":\"https:\/\/gr-100.com\/en\/\"},{\"@type\":\"ListItem\",\"position\":2,\"name\":\"Productos\",\"item\":\"https:\/\/gr-100.com\/?post_type=product\"},{\"@type\":\"ListItem\",\"position\":3,\"name\":\"Specialized S-Works Evade 3- Team BORA\"}]},{\"@type\":\"WebSite\",\"@id\":\"https:\/\/gr-100.com\/#website\",\"url\":\"https:\/\/gr-100.com\/\",\"name\":\"Gr-100 Tienda de ciclismo Specialized\",\"description\":\"GR-100 tenemos todas las gamas de bicicletas Specialized al mejor precio.\",\"publisher\":{\"@id\":\"https:\/\/gr-100.com\/#organization\"},\"alternateName\":\"Gr-100 Bikes\",\"potentialAction\":[{\"@type\":\"SearchAction\",\"target\":{\"@type\":\"EntryPoint\",\"urlTemplate\":\"https:\/\/gr-100.com\/?s={search_term_string}\"},\"query-input\":{\"@type\":\"PropertyValueSpecification\",\"valueRequired\":true,\"valueName\":\"search_term_string\"}}],\"inLanguage\":\"pt-PT\"},{\"@type\":\"Organization\",\"@id\":\"https:\/\/gr-100.com\/#organization\",\"name\":\"Gr-100\",\"url\":\"https:\/\/gr-100.com\/\",\"logo\":{\"@type\":\"ImageObject\",\"inLanguage\":\"pt-PT\",\"@id\":\"https:\/\/gr-100.com\/#\/schema\/logo\/image\/\",\"url\":\"https:\/\/gr-100.com\/wp-content\/uploads\/2023\/08\/logo-gr-100-bikes.png\",\"contentUrl\":\"https:\/\/gr-100.com\/wp-content\/uploads\/2023\/08\/logo-gr-100-bikes.png\",\"width\":707,\"height\":284,\"caption\":\"Gr-100\"},\"image\":{\"@id\":\"https:\/\/gr-100.com\/#\/schema\/logo\/image\/\"},\"sameAs\":[\"https:\/\/www.facebook.com\/Gr100Bikes\",\"https:\/\/www.instagram.com\/gr100bikes\/\",\"https:\/\/www.tiktok.com\/@gr100bikes\",\"https:\/\/twitter.com\/gr100mtbteam\",\"https:\/\/www.youtube.com\/c\/GR100Specialized\"]}]}<\/script>\n<!-- \/ Yoast SEO Premium plugin. -->","yoast_head_json":{"title":"Specialized S-Works Evade 3- Team BORA GR-100","description":"A S-Works Evade 3 foi reinventada de dentro para fora para uma melhor ventila\u00e7\u00e3o, tornando-a a op\u00e7\u00e3o mais r\u00e1pida para a maioria das etapas.","robots":{"index":"index","follow":"follow","max-snippet":"max-snippet:-1","max-image-preview":"max-image-preview:large","max-video-preview":"max-video-preview:-1"},"canonical":"https:\/\/gr-100.com\/pt-pt\/producto\/specialized-s-works-evade-3-team-bora\/","og_locale":"pt_PT","og_type":"article","og_title":"Specialized S-Works Evade 3- Team BORA","og_description":"A S-Works Evade 3 foi reinventada de dentro para fora para uma melhor ventila\u00e7\u00e3o, tornando-a a op\u00e7\u00e3o mais r\u00e1pida para a maioria das etapas.","og_url":"https:\/\/gr-100.com\/pt-pt\/producto\/specialized-s-works-evade-3-team-bora\/","og_site_name":"Gr-100 Tienda de ciclismo Specialized","article_publisher":"https:\/\/www.facebook.com\/Gr100Bikes","og_image":[{"width":1000,"height":1000,"url":"https:\/\/gr-100.com\/wp-content\/uploads\/2024\/05\/My-project-78.jpeg","type":"image\/jpeg"}],"twitter_card":"summary_large_image","schema":{"@context":"https:\/\/schema.org","@graph":[{"@type":"WebPage","@id":"https:\/\/gr-100.com\/pt-pt\/producto\/specialized-s-works-evade-3-team-bora\/","url":"https:\/\/gr-100.com\/pt-pt\/producto\/specialized-s-works-evade-3-team-bora\/","name":"Specialized S-Works Evade 3- Team BORA GR-100","isPartOf":{"@id":"https:\/\/gr-100.com\/#website"},"primaryImageOfPage":{"@id":"https:\/\/gr-100.com\/pt-pt\/producto\/specialized-s-works-evade-3-team-bora\/#primaryimage"},"image":{"@id":"https:\/\/gr-100.com\/pt-pt\/producto\/specialized-s-works-evade-3-team-bora\/#primaryimage"},"thumbnailUrl":"https:\/\/gr-100.com\/wp-content\/uploads\/2024\/05\/My-project-78.jpeg","datePublished":"2024-07-01T12:46:52+00:00","description":"A S-Works Evade 3 foi reinventada de dentro para fora para uma melhor ventila\u00e7\u00e3o, tornando-a a op\u00e7\u00e3o mais r\u00e1pida para a maioria das etapas.","breadcrumb":{"@id":"https:\/\/gr-100.com\/pt-pt\/producto\/specialized-s-works-evade-3-team-bora\/#breadcrumb"},"inLanguage":"pt-PT","potentialAction":[{"@type":"ReadAction","target":["https:\/\/gr-100.com\/pt-pt\/producto\/specialized-s-works-evade-3-team-bora\/"]}]},{"@type":"ImageObject","inLanguage":"pt-PT","@id":"https:\/\/gr-100.com\/pt-pt\/producto\/specialized-s-works-evade-3-team-bora\/#primaryimage","url":"https:\/\/gr-100.com\/wp-content\/uploads\/2024\/05\/My-project-78.jpeg","contentUrl":"https:\/\/gr-100.com\/wp-content\/uploads\/2024\/05\/My-project-78.jpeg","width":1000,"height":1000},{"@type":"BreadcrumbList","@id":"https:\/\/gr-100.com\/pt-pt\/producto\/specialized-s-works-evade-3-team-bora\/#breadcrumb","itemListElement":[{"@type":"ListItem","position":1,"name":"Portada","item":"https:\/\/gr-100.com\/en\/"},{"@type":"ListItem","position":2,"name":"Productos","item":"https:\/\/gr-100.com\/?post_type=product"},{"@type":"ListItem","position":3,"name":"Specialized S-Works Evade 3- Team BORA"}]},{"@type":"WebSite","@id":"https:\/\/gr-100.com\/#website","url":"https:\/\/gr-100.com\/","name":"Gr-100 Tienda de ciclismo Specialized","description":"GR-100 tenemos todas las gamas de bicicletas Specialized al mejor precio.","publisher":{"@id":"https:\/\/gr-100.com\/#organization"},"alternateName":"Gr-100 Bikes","potentialAction":[{"@type":"SearchAction","target":{"@type":"EntryPoint","urlTemplate":"https:\/\/gr-100.com\/?s={search_term_string}"},"query-input":{"@type":"PropertyValueSpecification","valueRequired":true,"valueName":"search_term_string"}}],"inLanguage":"pt-PT"},{"@type":"Organization","@id":"https:\/\/gr-100.com\/#organization","name":"Gr-100","url":"https:\/\/gr-100.com\/","logo":{"@type":"ImageObject","inLanguage":"pt-PT","@id":"https:\/\/gr-100.com\/#\/schema\/logo\/image\/","url":"https:\/\/gr-100.com\/wp-content\/uploads\/2023\/08\/logo-gr-100-bikes.png","contentUrl":"https:\/\/gr-100.com\/wp-content\/uploads\/2023\/08\/logo-gr-100-bikes.png","width":707,"height":284,"caption":"Gr-100"},"image":{"@id":"https:\/\/gr-100.com\/#\/schema\/logo\/image\/"},"sameAs":["https:\/\/www.facebook.com\/Gr100Bikes","https:\/\/www.instagram.com\/gr100bikes\/","https:\/\/www.tiktok.com\/@gr100bikes","https:\/\/twitter.com\/gr100mtbteam","https:\/\/www.youtube.com\/c\/GR100Specialized"]}]}},"_links":{"self":[{"href":"https:\/\/gr-100.com\/pt-pt\/wp-json\/wp\/v2\/product\/437964","targetHints":{"allow":["GET"]}}],"collection":[{"href":"https:\/\/gr-100.com\/pt-pt\/wp-json\/wp\/v2\/product"}],"about":[{"href":"https:\/\/gr-100.com\/pt-pt\/wp-json\/wp\/v2\/types\/product"}],"replies":[{"embeddable":true,"href":"https:\/\/gr-100.com\/pt-pt\/wp-json\/wp\/v2\/comments?post=437964"}],"wp:featuredmedia":[{"embeddable":true,"href":"https:\/\/gr-100.com\/pt-pt\/wp-json\/wp\/v2\/media\/297692"}],"wp:attachment":[{"href":"https:\/\/gr-100.com\/pt-pt\/wp-json\/wp\/v2\/media?parent=437964"}],"wp:term":[{"taxonomy":"product_brand","embeddable":true,"href":"https:\/\/gr-100.com\/pt-pt\/wp-json\/wp\/v2\/product_brand?post=437964"},{"taxonomy":"product_cat","embeddable":true,"href":"https:\/\/gr-100.com\/pt-pt\/wp-json\/wp\/v2\/product_cat?post=437964"},{"taxonomy":"product_tag","embeddable":true,"href":"https:\/\/gr-100.com\/pt-pt\/wp-json\/wp\/v2\/product_tag?post=437964"}],"curies":[{"name":"wp","href":"https:\/\/api.w.org\/{rel}","templated":true}]}}