{"id":442061,"date":"2026-03-02T10:49:29","date_gmt":"2026-03-02T09:49:29","guid":{"rendered":"https:\/\/gr-100.com\/?post_type=product&#038;p=442061"},"modified":"2026-03-02T11:04:16","modified_gmt":"2026-03-02T10:04:16","slug":"specialized-power-expert-con-mirror","status":"publish","type":"product","link":"https:\/\/gr-100.com\/pt-pt\/producto\/specialized-power-expert-con-mirror\/","title":{"rendered":"Specialized Power Expert con Mirror"},"content":{"rendered":"<p><strong>TECNOLOG\u00cdA ALCANZABLE:<\/strong> El sill\u00edn Power Expert con Mirror proporciona a los ciclistas una reducci\u00f3n significativa de la presi\u00f3n que causa dolor en comparaci\u00f3n con su hom\u00f3logo de espuma, el sill\u00edn Power Comp.<br \/>\n<strong>POWER SHAPE:<\/strong> Nuestra querida forma Power, m\u00e1s corta. El dise\u00f1o patentado Body Geometry est\u00e1 probado en laboratorio para garantizar el flujo de sangre en las arterias sensibles. \u00bfEs un sill\u00edn de carretera? \u00bfSill\u00edn de monta\u00f1a? En resumen, s\u00ed. Odiamos decir que un producto funciona \u201cpara todo\u201d, pero el Power lo hace. Creemos que el rendimiento, en t\u00e9rminos de sillines, significa comodidad. Y cualquiera que sea la forma y el material que m\u00e1s te convenga, ser\u00e1 tu sill\u00edn de mayor rendimiento.<br \/>\nTecnolog\u00eda Mirror: Desarrollamos la tecnolog\u00eda Mirror mediante la impresi\u00f3n 3D a partir de un pol\u00edmero l\u00edquido para que sea tu reflejo. Este proceso revolucionario crea una estructura de panal compleja que nos permite ajustar infinitamente la densidad del material de una manera que no es posible con la espuma tradicional. El resultado es una matriz de puntales y nodos, cada uno de los cuales se ajusta individualmente. A diferencia de la espuma de densidad \u00fanica tradicional, la tecnolog\u00eda Mirror permite un ajuste de densidad infinito con un s\u00f3lo material, pero cualquier material es tan bueno como los dise\u00f1adores e ingenieros que lo utilizan. Gracias a nuestra metodolog\u00eda Body Geometry, los datos de Ret\u00fcl y d\u00e9cadas de experiencia, la matriz impresa en 3D se ajusta para soportar los isquiones en un \u00e1rea mayor, creando un efecto de hamaca que permite que el sill\u00edn soporte tu peso, no el tejido blando alrededor de los isquiones.<br \/>\n<strong>CADA CUERPO, CADA VIAJE:<\/strong> Sabemos que cada cuerpo es diferente, pero los problemas a los que se enfrentan los ciclistas en el sill\u00edn son los mismos: presi\u00f3n en los isquiones, acumulaci\u00f3n de tejido cicatricial y p\u00e9rdida de flujo sangu\u00edneo. Usando el mapeo de presi\u00f3n, estudios de comodidad a ciegas y estudios de flujo sangu\u00edneo, Body Geometry y los sillines Mirror no s\u00f3lo prometen resolver estos problemas, sino que hemos demostrado que lo hacen. Adem\u00e1s, este es el primer sill\u00edn con tecnolog\u00eda Mirror en tama\u00f1os 130 y 168 mm.<br \/>\n<strong>UTILIZACI\u00d3N TODOTERRENO:<\/strong> El sill\u00edn Power Expert con Mirror utiliza la misma tecnolog\u00eda impresa en 3D que el S-Works Power con Mirror. La \u00fanica diferencia es que el sill\u00edn Power Expert con Mirror combina inserciones Mirror impresas en 3D estrat\u00e9gicamente ubicadas con espuma, todo cubierto con una cubierta el\u00e1stica en 4 direcciones, lo que mantiene el barro y la suciedad fuera del entramado Mirror. Esa funci\u00f3n de eliminaci\u00f3n de suciedad, m\u00e1s los ra\u00edles huecos de titanio duraderos, pero ligeros, hacen que el Power Expert con Mirror sea la opci\u00f3n inteligente para ciclistas de gravel y monta\u00f1a, adem\u00e1s de aquellos fan\u00e1ticos de la carretera.  <\/p>\n<ul class=\"bullet_points\">\n<li class=\"bullet_item\">El dise\u00f1o Body Geometry patentado ha sido probado en laboratorio para garantizar una mayor comodidad y un mejor flujo sangu\u00edneo a las arterias sensibles.<\/li>\n<li class=\"bullet_item\">Inserciones con tecnolog\u00eda de espejo para proporcionar un alivio adicional a los huesos de la cintura.<\/li>\n<li class=\"bullet_item\">Los soportes compatibles con SWAT\u2122 moldeados en la base del sill\u00edn permiten soluciones de almacenamiento elegantes e integradas.<\/li>\n<li class=\"bullet_item\">Ra\u00edles de Ti huecos, ligeros y duraderos.<\/li>\n<li class=\"bullet_item\">Espuma de apoyo y ligerade PU que rodea las plantillas impresas en 3D.<\/li>\n<li class=\"bullet_item\">Talla 130mm \/ Peso: 210g<\/li>\n<li class=\"bullet_item\">Talla 143mm \/ Peso: 214g<\/li>\n<li class=\"bullet_item\">Talla 155mm \/ Peso: 225g<\/li>\n<li class=\"bullet_item\">Talla 168mm \/ Peso: 227g<\/li>\n<\/ul>\n","protected":false},"excerpt":{"rendered":"<p>Tu reflejo perfecto. El sill\u00edn Power Expert con Mirror combina comodidad y rendimiento para los ciclistas, tanto para los que buscan el podio como para los que se desplazan a diario. La forma Power dise\u00f1ada por Body Geometry con inserciones Mirror de alta tecnolog\u00eda proporcionan un soporte que protege los huesos, tanto en carretera como en monta\u00f1a.  <\/p>\n","protected":false},"featured_media":442048,"comment_status":"closed","ping_status":"closed","template":"","meta":{"_acf_changed":false,"_et_pb_use_builder":"","_et_pb_old_content":"","_et_gb_content_width":"","inline_featured_image":false},"product_brand":[],"product_cat":[379,388],"product_tag":[],"class_list":{"0":"post-442061","1":"product","2":"type-product","3":"status-publish","4":"has-post-thumbnail","6":"product_cat-componentes-pt-pt","7":"product_cat-selins","8":"product_shipping_class-componentes-pt-pt","10":"first","11":"instock","12":"taxable","13":"shipping-taxable","14":"purchasable","15":"product-type-variable","16":"wvs-archive-product-wrapper"},"acf":[],"yoast_head":"<!-- This site is optimized with the Yoast SEO Premium plugin v26.7 (Yoast SEO v26.7) - https:\/\/yoast.com\/wordpress\/plugins\/seo\/ -->\n<title>Specialized Power Expert con Mirror - GR-100<\/title>\n<meta name=\"description\" content=\"GR 100 Specialized. Mejores precios sin competencia. Solicita tu oferta personalizada. Specialized Power Expert con Mirror\" \/>\n<meta name=\"robots\" content=\"index, follow, max-snippet:-1, max-image-preview:large, max-video-preview:-1\" \/>\n<link rel=\"canonical\" href=\"https:\/\/gr-100.com\/pt-pt\/producto\/specialized-power-expert-con-mirror\/\" \/>\n<meta property=\"og:locale\" content=\"pt_PT\" \/>\n<meta property=\"og:type\" content=\"article\" \/>\n<meta property=\"og:title\" content=\"Specialized Power Expert con Mirror\" \/>\n<meta property=\"og:description\" content=\"GR 100 Specialized. Mejores precios sin competencia. Solicita tu oferta personalizada. Specialized Power Expert con Mirror\" \/>\n<meta property=\"og:url\" content=\"https:\/\/gr-100.com\/pt-pt\/producto\/specialized-power-expert-con-mirror\/\" \/>\n<meta property=\"og:site_name\" content=\"Gr-100 Tienda de ciclismo Specialized\" \/>\n<meta property=\"article:publisher\" content=\"https:\/\/www.facebook.com\/Gr100Bikes\" \/>\n<meta property=\"article:modified_time\" content=\"2026-03-02T10:04:16+00:00\" \/>\n<meta property=\"og:image\" content=\"https:\/\/gr-100.com\/wp-content\/uploads\/2026\/03\/Power-Expert-con-Mirror.jpg\" \/>\n\t<meta property=\"og:image:width\" content=\"1000\" \/>\n\t<meta property=\"og:image:height\" content=\"1000\" \/>\n\t<meta property=\"og:image:type\" content=\"image\/jpeg\" \/>\n<meta name=\"twitter:card\" content=\"summary_large_image\" \/>\n<meta name=\"twitter:label1\" content=\"Tempo estimado de leitura\" \/>\n\t<meta name=\"twitter:data1\" content=\"3 minutos\" \/>\n<script type=\"application\/ld+json\" class=\"yoast-schema-graph\">{\"@context\":\"https:\/\/schema.org\",\"@graph\":[{\"@type\":\"WebPage\",\"@id\":\"https:\/\/gr-100.com\/pt-pt\/producto\/specialized-power-expert-con-mirror\/\",\"url\":\"https:\/\/gr-100.com\/pt-pt\/producto\/specialized-power-expert-con-mirror\/\",\"name\":\"Specialized Power Expert con Mirror - GR-100\",\"isPartOf\":{\"@id\":\"https:\/\/gr-100.com\/#website\"},\"primaryImageOfPage\":{\"@id\":\"https:\/\/gr-100.com\/pt-pt\/producto\/specialized-power-expert-con-mirror\/#primaryimage\"},\"image\":{\"@id\":\"https:\/\/gr-100.com\/pt-pt\/producto\/specialized-power-expert-con-mirror\/#primaryimage\"},\"thumbnailUrl\":\"https:\/\/gr-100.com\/wp-content\/uploads\/2026\/03\/Power-Expert-con-Mirror.jpg\",\"datePublished\":\"2026-03-02T09:49:29+00:00\",\"dateModified\":\"2026-03-02T10:04:16+00:00\",\"description\":\"GR 100 Specialized. Mejores precios sin competencia. Solicita tu oferta personalizada. Specialized Power Expert con Mirror\",\"breadcrumb\":{\"@id\":\"https:\/\/gr-100.com\/pt-pt\/producto\/specialized-power-expert-con-mirror\/#breadcrumb\"},\"inLanguage\":\"pt-PT\",\"potentialAction\":[{\"@type\":\"ReadAction\",\"target\":[\"https:\/\/gr-100.com\/pt-pt\/producto\/specialized-power-expert-con-mirror\/\"]}]},{\"@type\":\"ImageObject\",\"inLanguage\":\"pt-PT\",\"@id\":\"https:\/\/gr-100.com\/pt-pt\/producto\/specialized-power-expert-con-mirror\/#primaryimage\",\"url\":\"https:\/\/gr-100.com\/wp-content\/uploads\/2026\/03\/Power-Expert-con-Mirror.jpg\",\"contentUrl\":\"https:\/\/gr-100.com\/wp-content\/uploads\/2026\/03\/Power-Expert-con-Mirror.jpg\",\"width\":1000,\"height\":1000},{\"@type\":\"BreadcrumbList\",\"@id\":\"https:\/\/gr-100.com\/pt-pt\/producto\/specialized-power-expert-con-mirror\/#breadcrumb\",\"itemListElement\":[{\"@type\":\"ListItem\",\"position\":1,\"name\":\"Portada\",\"item\":\"https:\/\/gr-100.com\/en\/\"},{\"@type\":\"ListItem\",\"position\":2,\"name\":\"Productos\",\"item\":\"https:\/\/gr-100.com\/?post_type=product\"},{\"@type\":\"ListItem\",\"position\":3,\"name\":\"Specialized Power Expert con Mirror\"}]},{\"@type\":\"WebSite\",\"@id\":\"https:\/\/gr-100.com\/#website\",\"url\":\"https:\/\/gr-100.com\/\",\"name\":\"Gr-100 Tienda de ciclismo Specialized\",\"description\":\"GR-100 tenemos todas las gamas de bicicletas Specialized al mejor precio.\",\"publisher\":{\"@id\":\"https:\/\/gr-100.com\/#organization\"},\"alternateName\":\"Gr-100 Bikes\",\"potentialAction\":[{\"@type\":\"SearchAction\",\"target\":{\"@type\":\"EntryPoint\",\"urlTemplate\":\"https:\/\/gr-100.com\/?s={search_term_string}\"},\"query-input\":{\"@type\":\"PropertyValueSpecification\",\"valueRequired\":true,\"valueName\":\"search_term_string\"}}],\"inLanguage\":\"pt-PT\"},{\"@type\":\"Organization\",\"@id\":\"https:\/\/gr-100.com\/#organization\",\"name\":\"Gr-100\",\"url\":\"https:\/\/gr-100.com\/\",\"logo\":{\"@type\":\"ImageObject\",\"inLanguage\":\"pt-PT\",\"@id\":\"https:\/\/gr-100.com\/#\/schema\/logo\/image\/\",\"url\":\"https:\/\/gr-100.com\/wp-content\/uploads\/2023\/08\/logo-gr-100-bikes.png\",\"contentUrl\":\"https:\/\/gr-100.com\/wp-content\/uploads\/2023\/08\/logo-gr-100-bikes.png\",\"width\":707,\"height\":284,\"caption\":\"Gr-100\"},\"image\":{\"@id\":\"https:\/\/gr-100.com\/#\/schema\/logo\/image\/\"},\"sameAs\":[\"https:\/\/www.facebook.com\/Gr100Bikes\",\"https:\/\/www.instagram.com\/gr100bikes\/\",\"https:\/\/www.tiktok.com\/@gr100bikes\",\"https:\/\/twitter.com\/gr100mtbteam\",\"https:\/\/www.youtube.com\/c\/GR100Specialized\"]}]}<\/script>\n<!-- \/ Yoast SEO Premium plugin. -->","yoast_head_json":{"title":"Specialized Power Expert con Mirror - GR-100","description":"GR 100 Specialized. Mejores precios sin competencia. Solicita tu oferta personalizada. Specialized Power Expert con Mirror","robots":{"index":"index","follow":"follow","max-snippet":"max-snippet:-1","max-image-preview":"max-image-preview:large","max-video-preview":"max-video-preview:-1"},"canonical":"https:\/\/gr-100.com\/pt-pt\/producto\/specialized-power-expert-con-mirror\/","og_locale":"pt_PT","og_type":"article","og_title":"Specialized Power Expert con Mirror","og_description":"GR 100 Specialized. Mejores precios sin competencia. Solicita tu oferta personalizada. Specialized Power Expert con Mirror","og_url":"https:\/\/gr-100.com\/pt-pt\/producto\/specialized-power-expert-con-mirror\/","og_site_name":"Gr-100 Tienda de ciclismo Specialized","article_publisher":"https:\/\/www.facebook.com\/Gr100Bikes","article_modified_time":"2026-03-02T10:04:16+00:00","og_image":[{"width":1000,"height":1000,"url":"https:\/\/gr-100.com\/wp-content\/uploads\/2026\/03\/Power-Expert-con-Mirror.jpg","type":"image\/jpeg"}],"twitter_card":"summary_large_image","twitter_misc":{"Tempo estimado de leitura":"3 minutos"},"schema":{"@context":"https:\/\/schema.org","@graph":[{"@type":"WebPage","@id":"https:\/\/gr-100.com\/pt-pt\/producto\/specialized-power-expert-con-mirror\/","url":"https:\/\/gr-100.com\/pt-pt\/producto\/specialized-power-expert-con-mirror\/","name":"Specialized Power Expert con Mirror - GR-100","isPartOf":{"@id":"https:\/\/gr-100.com\/#website"},"primaryImageOfPage":{"@id":"https:\/\/gr-100.com\/pt-pt\/producto\/specialized-power-expert-con-mirror\/#primaryimage"},"image":{"@id":"https:\/\/gr-100.com\/pt-pt\/producto\/specialized-power-expert-con-mirror\/#primaryimage"},"thumbnailUrl":"https:\/\/gr-100.com\/wp-content\/uploads\/2026\/03\/Power-Expert-con-Mirror.jpg","datePublished":"2026-03-02T09:49:29+00:00","dateModified":"2026-03-02T10:04:16+00:00","description":"GR 100 Specialized. Mejores precios sin competencia. Solicita tu oferta personalizada. Specialized Power Expert con Mirror","breadcrumb":{"@id":"https:\/\/gr-100.com\/pt-pt\/producto\/specialized-power-expert-con-mirror\/#breadcrumb"},"inLanguage":"pt-PT","potentialAction":[{"@type":"ReadAction","target":["https:\/\/gr-100.com\/pt-pt\/producto\/specialized-power-expert-con-mirror\/"]}]},{"@type":"ImageObject","inLanguage":"pt-PT","@id":"https:\/\/gr-100.com\/pt-pt\/producto\/specialized-power-expert-con-mirror\/#primaryimage","url":"https:\/\/gr-100.com\/wp-content\/uploads\/2026\/03\/Power-Expert-con-Mirror.jpg","contentUrl":"https:\/\/gr-100.com\/wp-content\/uploads\/2026\/03\/Power-Expert-con-Mirror.jpg","width":1000,"height":1000},{"@type":"BreadcrumbList","@id":"https:\/\/gr-100.com\/pt-pt\/producto\/specialized-power-expert-con-mirror\/#breadcrumb","itemListElement":[{"@type":"ListItem","position":1,"name":"Portada","item":"https:\/\/gr-100.com\/en\/"},{"@type":"ListItem","position":2,"name":"Productos","item":"https:\/\/gr-100.com\/?post_type=product"},{"@type":"ListItem","position":3,"name":"Specialized Power Expert con Mirror"}]},{"@type":"WebSite","@id":"https:\/\/gr-100.com\/#website","url":"https:\/\/gr-100.com\/","name":"Gr-100 Tienda de ciclismo Specialized","description":"GR-100 tenemos todas las gamas de bicicletas Specialized al mejor precio.","publisher":{"@id":"https:\/\/gr-100.com\/#organization"},"alternateName":"Gr-100 Bikes","potentialAction":[{"@type":"SearchAction","target":{"@type":"EntryPoint","urlTemplate":"https:\/\/gr-100.com\/?s={search_term_string}"},"query-input":{"@type":"PropertyValueSpecification","valueRequired":true,"valueName":"search_term_string"}}],"inLanguage":"pt-PT"},{"@type":"Organization","@id":"https:\/\/gr-100.com\/#organization","name":"Gr-100","url":"https:\/\/gr-100.com\/","logo":{"@type":"ImageObject","inLanguage":"pt-PT","@id":"https:\/\/gr-100.com\/#\/schema\/logo\/image\/","url":"https:\/\/gr-100.com\/wp-content\/uploads\/2023\/08\/logo-gr-100-bikes.png","contentUrl":"https:\/\/gr-100.com\/wp-content\/uploads\/2023\/08\/logo-gr-100-bikes.png","width":707,"height":284,"caption":"Gr-100"},"image":{"@id":"https:\/\/gr-100.com\/#\/schema\/logo\/image\/"},"sameAs":["https:\/\/www.facebook.com\/Gr100Bikes","https:\/\/www.instagram.com\/gr100bikes\/","https:\/\/www.tiktok.com\/@gr100bikes","https:\/\/twitter.com\/gr100mtbteam","https:\/\/www.youtube.com\/c\/GR100Specialized"]}]}},"_links":{"self":[{"href":"https:\/\/gr-100.com\/pt-pt\/wp-json\/wp\/v2\/product\/442061","targetHints":{"allow":["GET"]}}],"collection":[{"href":"https:\/\/gr-100.com\/pt-pt\/wp-json\/wp\/v2\/product"}],"about":[{"href":"https:\/\/gr-100.com\/pt-pt\/wp-json\/wp\/v2\/types\/product"}],"replies":[{"embeddable":true,"href":"https:\/\/gr-100.com\/pt-pt\/wp-json\/wp\/v2\/comments?post=442061"}],"wp:featuredmedia":[{"embeddable":true,"href":"https:\/\/gr-100.com\/pt-pt\/wp-json\/wp\/v2\/media\/442048"}],"wp:attachment":[{"href":"https:\/\/gr-100.com\/pt-pt\/wp-json\/wp\/v2\/media?parent=442061"}],"wp:term":[{"taxonomy":"product_brand","embeddable":true,"href":"https:\/\/gr-100.com\/pt-pt\/wp-json\/wp\/v2\/product_brand?post=442061"},{"taxonomy":"product_cat","embeddable":true,"href":"https:\/\/gr-100.com\/pt-pt\/wp-json\/wp\/v2\/product_cat?post=442061"},{"taxonomy":"product_tag","embeddable":true,"href":"https:\/\/gr-100.com\/pt-pt\/wp-json\/wp\/v2\/product_tag?post=442061"}],"curies":[{"name":"wp","href":"https:\/\/api.w.org\/{rel}","templated":true}]}}