{"id":442206,"date":"2026-03-03T12:48:55","date_gmt":"2026-03-03T11:48:55","guid":{"rendered":"https:\/\/gr-100.com\/?post_type=product&#038;p=442206"},"modified":"2026-04-07T13:54:41","modified_gmt":"2026-04-07T12:54:41","slug":"gobik-maillot-manga-larga-unisex-vanquish-data","status":"publish","type":"product","link":"https:\/\/gr-100.com\/pt-pt\/producto\/gobik-maillot-manga-larga-unisex-vanquish-data\/","title":{"rendered":"Gobik Maillot Manga Larga UNISEX  Vanquish Data"},"content":{"rendered":"<p>Dise\u00f1ado para ofrecer un equilibrio perfecto entre ligereza, aerodin\u00e1mica y transpirabilidad, convirti\u00e9ndose en la opci\u00f3n ideal para ciclistas que buscan m\u00e1ximo rendimiento en estaciones intermedias. Su ajuste entallado se adapta al cuerpo como una segunda piel, reduciendo la resistencia al viento y mejorando la eficiencia en cada pedalada.<\/p>\n<p>Su estructura ha sido dise\u00f1ada para optimizar el flujo de aire, canaliz\u00e1ndolo hacia la parte inferior de la espalda y mejorando as\u00ed la aerodin\u00e1mica en movimiento. Los tejidos empleados cuentan con un gramaje cuidadosamente estudiado, proporcionando una calidez \u00f3ptima sin comprometer la capacidad de evacuaci\u00f3n de la humedad, lo que garantiza una sensaci\u00f3n de confort incluso en condiciones de variabilidad t\u00e9rmica.<\/p>\n<ul>\n<li>Adem\u00e1s, su confecci\u00f3n en materiales altamente transpirables permite mantener el cuerpo seco, evitando acumulaciones de sudor y favoreciendo la regulaci\u00f3n de la temperatura corporal. Su versatilidad lo convierte en una prenda ideal tanto para entrenamientos intensivos como para salidas largas en las que la temperatura puede cambiar a lo largo de la jornada.<\/li>\n<li>Estructura aerodin\u00e1mica, estilizada y minimalista.<\/li>\n<li>Pu\u00f1os en tejido texturizado con corte l\u00e1ser.<\/li>\n<li>Cremallera invertida oculta.<\/li>\n<li>3 bolsillos traseros con sistema GRS.<\/li>\n<li>Cinta siliconada ampliada en cintura.<\/li>\n<li>Detalles reflectantes.<\/li>\n<\/ul>\n","protected":false},"excerpt":{"rendered":"<p>Dise\u00f1ado para ofrecer un equilibrio perfecto entre ligereza, aerodin\u00e1mica y transpirabilidad, convirti\u00e9ndose en la opci\u00f3n ideal para ciclistas que buscan m\u00e1ximo rendimiento en estaciones intermedias. Su ajuste entallado se adapta al cuerpo como una segunda piel, reduciendo la resistencia al viento y mejorando la eficiencia en cada pedalada.<\/p>\n","protected":false},"featured_media":442207,"comment_status":"open","ping_status":"closed","template":"","meta":{"_acf_changed":false,"_et_pb_use_builder":"","_et_pb_old_content":"","_et_gb_content_width":"","inline_featured_image":false},"product_brand":[],"product_cat":[50,51],"product_tag":[],"class_list":{"0":"post-442206","1":"product","2":"type-product","3":"status-publish","4":"has-post-thumbnail","6":"product_cat-equipaciones","7":"product_cat-ropa","8":"product_shipping_class-equipacion","10":"first","11":"instock","12":"taxable","13":"shipping-taxable","14":"purchasable","15":"product-type-variable","16":"wvs-archive-product-wrapper"},"acf":[],"yoast_head":"<!-- This site is optimized with the Yoast SEO Premium plugin v26.7 (Yoast SEO v26.7) - https:\/\/yoast.com\/wordpress\/plugins\/seo\/ -->\n<title>Gobik Maillot Manga Larga UNISEX Vanquish Data<\/title>\n<meta name=\"description\" content=\"Dise\u00f1ado para ofrecer un equilibrio perfecto entre ligereza, aerodin\u00e1mica y transpirabilidad, convirti\u00e9ndose en la opci\u00f3n ideal para ciclistas que buscan m\u00e1ximo rendimiento en estaciones intermedias. Su ajuste entallado se adapta al cuerpo como una segunda piel, reduciendo la resistencia al viento y mejorando la eficiencia en cada pedalada.\" \/>\n<meta name=\"robots\" content=\"index, follow, max-snippet:-1, max-image-preview:large, max-video-preview:-1\" \/>\n<link rel=\"canonical\" href=\"https:\/\/gr-100.com\/producto\/gobik-maillot-manga-larga-unisex-vanquish-data\/\" \/>\n<meta property=\"og:locale\" content=\"pt_PT\" \/>\n<meta property=\"og:type\" content=\"article\" \/>\n<meta property=\"og:title\" content=\"Gobik Maillot Manga Larga UNISEX Vanquish Data\" \/>\n<meta property=\"og:description\" content=\"Dise\u00f1ado para ofrecer un equilibrio perfecto entre ligereza, aerodin\u00e1mica y transpirabilidad, convirti\u00e9ndose en la opci\u00f3n ideal para ciclistas que buscan m\u00e1ximo rendimiento en estaciones intermedias. Su ajuste entallado se adapta al cuerpo como una segunda piel, reduciendo la resistencia al viento y mejorando la eficiencia en cada pedalada.\" \/>\n<meta property=\"og:url\" content=\"https:\/\/gr-100.com\/producto\/gobik-maillot-manga-larga-unisex-vanquish-data\/\" \/>\n<meta property=\"og:site_name\" content=\"Gr-100 Tienda de ciclismo Specialized\" \/>\n<meta property=\"article:publisher\" content=\"https:\/\/www.facebook.com\/Gr100Bikes\" \/>\n<meta property=\"article:modified_time\" content=\"2026-04-07T12:54:41+00:00\" \/>\n<meta property=\"og:image\" content=\"https:\/\/gr-100.com\/wp-content\/uploads\/2026\/03\/Gobik-Culotte-Hombre-Corte-k10-Diamond-1.jpg\" \/>\n\t<meta property=\"og:image:width\" content=\"1000\" \/>\n\t<meta property=\"og:image:height\" content=\"1000\" \/>\n\t<meta property=\"og:image:type\" content=\"image\/jpeg\" \/>\n<meta name=\"twitter:card\" content=\"summary_large_image\" \/>\n<meta name=\"twitter:label1\" content=\"Tempo estimado de leitura\" \/>\n\t<meta name=\"twitter:data1\" content=\"2 minutos\" \/>\n<script type=\"application\/ld+json\" class=\"yoast-schema-graph\">{\"@context\":\"https:\/\/schema.org\",\"@graph\":[{\"@type\":\"WebPage\",\"@id\":\"https:\/\/gr-100.com\/producto\/gobik-maillot-manga-larga-unisex-vanquish-data\/\",\"url\":\"https:\/\/gr-100.com\/producto\/gobik-maillot-manga-larga-unisex-vanquish-data\/\",\"name\":\"Gobik Maillot Manga Larga UNISEX Vanquish Data\",\"isPartOf\":{\"@id\":\"https:\/\/gr-100.com\/#website\"},\"primaryImageOfPage\":{\"@id\":\"https:\/\/gr-100.com\/producto\/gobik-maillot-manga-larga-unisex-vanquish-data\/#primaryimage\"},\"image\":{\"@id\":\"https:\/\/gr-100.com\/producto\/gobik-maillot-manga-larga-unisex-vanquish-data\/#primaryimage\"},\"thumbnailUrl\":\"https:\/\/gr-100.com\/wp-content\/uploads\/2026\/03\/Gobik-Culotte-Hombre-Corte-k10-Diamond-1.jpg\",\"datePublished\":\"2026-03-03T11:48:55+00:00\",\"dateModified\":\"2026-04-07T12:54:41+00:00\",\"description\":\"Dise\u00f1ado para ofrecer un equilibrio perfecto entre ligereza, aerodin\u00e1mica y transpirabilidad, convirti\u00e9ndose en la opci\u00f3n ideal para ciclistas que buscan m\u00e1ximo rendimiento en estaciones intermedias. Su ajuste entallado se adapta al cuerpo como una segunda piel, reduciendo la resistencia al viento y mejorando la eficiencia en cada pedalada.\",\"breadcrumb\":{\"@id\":\"https:\/\/gr-100.com\/producto\/gobik-maillot-manga-larga-unisex-vanquish-data\/#breadcrumb\"},\"inLanguage\":\"pt-PT\",\"potentialAction\":[{\"@type\":\"ReadAction\",\"target\":[\"https:\/\/gr-100.com\/producto\/gobik-maillot-manga-larga-unisex-vanquish-data\/\"]}]},{\"@type\":\"ImageObject\",\"inLanguage\":\"pt-PT\",\"@id\":\"https:\/\/gr-100.com\/producto\/gobik-maillot-manga-larga-unisex-vanquish-data\/#primaryimage\",\"url\":\"https:\/\/gr-100.com\/wp-content\/uploads\/2026\/03\/Gobik-Culotte-Hombre-Corte-k10-Diamond-1.jpg\",\"contentUrl\":\"https:\/\/gr-100.com\/wp-content\/uploads\/2026\/03\/Gobik-Culotte-Hombre-Corte-k10-Diamond-1.jpg\",\"width\":1000,\"height\":1000},{\"@type\":\"BreadcrumbList\",\"@id\":\"https:\/\/gr-100.com\/producto\/gobik-maillot-manga-larga-unisex-vanquish-data\/#breadcrumb\",\"itemListElement\":[{\"@type\":\"ListItem\",\"position\":1,\"name\":\"Portada\",\"item\":\"https:\/\/gr-100.com\/en\/\"},{\"@type\":\"ListItem\",\"position\":2,\"name\":\"Productos\",\"item\":\"https:\/\/gr-100.com\/?post_type=product\"},{\"@type\":\"ListItem\",\"position\":3,\"name\":\"Gobik Maillot Manga Larga UNISEX Vanquish Data\"}]},{\"@type\":\"WebSite\",\"@id\":\"https:\/\/gr-100.com\/#website\",\"url\":\"https:\/\/gr-100.com\/\",\"name\":\"Gr-100 Tienda de ciclismo Specialized\",\"description\":\"GR-100 tenemos todas las gamas de bicicletas Specialized al mejor precio.\",\"publisher\":{\"@id\":\"https:\/\/gr-100.com\/#organization\"},\"alternateName\":\"Gr-100 Bikes\",\"potentialAction\":[{\"@type\":\"SearchAction\",\"target\":{\"@type\":\"EntryPoint\",\"urlTemplate\":\"https:\/\/gr-100.com\/?s={search_term_string}\"},\"query-input\":{\"@type\":\"PropertyValueSpecification\",\"valueRequired\":true,\"valueName\":\"search_term_string\"}}],\"inLanguage\":\"pt-PT\"},{\"@type\":\"Organization\",\"@id\":\"https:\/\/gr-100.com\/#organization\",\"name\":\"Gr-100\",\"url\":\"https:\/\/gr-100.com\/\",\"logo\":{\"@type\":\"ImageObject\",\"inLanguage\":\"pt-PT\",\"@id\":\"https:\/\/gr-100.com\/#\/schema\/logo\/image\/\",\"url\":\"https:\/\/gr-100.com\/wp-content\/uploads\/2023\/08\/logo-gr-100-bikes.png\",\"contentUrl\":\"https:\/\/gr-100.com\/wp-content\/uploads\/2023\/08\/logo-gr-100-bikes.png\",\"width\":707,\"height\":284,\"caption\":\"Gr-100\"},\"image\":{\"@id\":\"https:\/\/gr-100.com\/#\/schema\/logo\/image\/\"},\"sameAs\":[\"https:\/\/www.facebook.com\/Gr100Bikes\",\"https:\/\/www.instagram.com\/gr100bikes\/\",\"https:\/\/www.tiktok.com\/@gr100bikes\",\"https:\/\/twitter.com\/gr100mtbteam\",\"https:\/\/www.youtube.com\/c\/GR100Specialized\"]}]}<\/script>\n<!-- \/ Yoast SEO Premium plugin. -->","yoast_head_json":{"title":"Gobik Maillot Manga Larga UNISEX Vanquish Data","description":"Dise\u00f1ado para ofrecer un equilibrio perfecto entre ligereza, aerodin\u00e1mica y transpirabilidad, convirti\u00e9ndose en la opci\u00f3n ideal para ciclistas que buscan m\u00e1ximo rendimiento en estaciones intermedias. Su ajuste entallado se adapta al cuerpo como una segunda piel, reduciendo la resistencia al viento y mejorando la eficiencia en cada pedalada.","robots":{"index":"index","follow":"follow","max-snippet":"max-snippet:-1","max-image-preview":"max-image-preview:large","max-video-preview":"max-video-preview:-1"},"canonical":"https:\/\/gr-100.com\/producto\/gobik-maillot-manga-larga-unisex-vanquish-data\/","og_locale":"pt_PT","og_type":"article","og_title":"Gobik Maillot Manga Larga UNISEX Vanquish Data","og_description":"Dise\u00f1ado para ofrecer un equilibrio perfecto entre ligereza, aerodin\u00e1mica y transpirabilidad, convirti\u00e9ndose en la opci\u00f3n ideal para ciclistas que buscan m\u00e1ximo rendimiento en estaciones intermedias. Su ajuste entallado se adapta al cuerpo como una segunda piel, reduciendo la resistencia al viento y mejorando la eficiencia en cada pedalada.","og_url":"https:\/\/gr-100.com\/producto\/gobik-maillot-manga-larga-unisex-vanquish-data\/","og_site_name":"Gr-100 Tienda de ciclismo Specialized","article_publisher":"https:\/\/www.facebook.com\/Gr100Bikes","article_modified_time":"2026-04-07T12:54:41+00:00","og_image":[{"width":1000,"height":1000,"url":"https:\/\/gr-100.com\/wp-content\/uploads\/2026\/03\/Gobik-Culotte-Hombre-Corte-k10-Diamond-1.jpg","type":"image\/jpeg"}],"twitter_card":"summary_large_image","twitter_misc":{"Tempo estimado de leitura":"2 minutos"},"schema":{"@context":"https:\/\/schema.org","@graph":[{"@type":"WebPage","@id":"https:\/\/gr-100.com\/producto\/gobik-maillot-manga-larga-unisex-vanquish-data\/","url":"https:\/\/gr-100.com\/producto\/gobik-maillot-manga-larga-unisex-vanquish-data\/","name":"Gobik Maillot Manga Larga UNISEX Vanquish Data","isPartOf":{"@id":"https:\/\/gr-100.com\/#website"},"primaryImageOfPage":{"@id":"https:\/\/gr-100.com\/producto\/gobik-maillot-manga-larga-unisex-vanquish-data\/#primaryimage"},"image":{"@id":"https:\/\/gr-100.com\/producto\/gobik-maillot-manga-larga-unisex-vanquish-data\/#primaryimage"},"thumbnailUrl":"https:\/\/gr-100.com\/wp-content\/uploads\/2026\/03\/Gobik-Culotte-Hombre-Corte-k10-Diamond-1.jpg","datePublished":"2026-03-03T11:48:55+00:00","dateModified":"2026-04-07T12:54:41+00:00","description":"Dise\u00f1ado para ofrecer un equilibrio perfecto entre ligereza, aerodin\u00e1mica y transpirabilidad, convirti\u00e9ndose en la opci\u00f3n ideal para ciclistas que buscan m\u00e1ximo rendimiento en estaciones intermedias. Su ajuste entallado se adapta al cuerpo como una segunda piel, reduciendo la resistencia al viento y mejorando la eficiencia en cada pedalada.","breadcrumb":{"@id":"https:\/\/gr-100.com\/producto\/gobik-maillot-manga-larga-unisex-vanquish-data\/#breadcrumb"},"inLanguage":"pt-PT","potentialAction":[{"@type":"ReadAction","target":["https:\/\/gr-100.com\/producto\/gobik-maillot-manga-larga-unisex-vanquish-data\/"]}]},{"@type":"ImageObject","inLanguage":"pt-PT","@id":"https:\/\/gr-100.com\/producto\/gobik-maillot-manga-larga-unisex-vanquish-data\/#primaryimage","url":"https:\/\/gr-100.com\/wp-content\/uploads\/2026\/03\/Gobik-Culotte-Hombre-Corte-k10-Diamond-1.jpg","contentUrl":"https:\/\/gr-100.com\/wp-content\/uploads\/2026\/03\/Gobik-Culotte-Hombre-Corte-k10-Diamond-1.jpg","width":1000,"height":1000},{"@type":"BreadcrumbList","@id":"https:\/\/gr-100.com\/producto\/gobik-maillot-manga-larga-unisex-vanquish-data\/#breadcrumb","itemListElement":[{"@type":"ListItem","position":1,"name":"Portada","item":"https:\/\/gr-100.com\/en\/"},{"@type":"ListItem","position":2,"name":"Productos","item":"https:\/\/gr-100.com\/?post_type=product"},{"@type":"ListItem","position":3,"name":"Gobik Maillot Manga Larga UNISEX Vanquish Data"}]},{"@type":"WebSite","@id":"https:\/\/gr-100.com\/#website","url":"https:\/\/gr-100.com\/","name":"Gr-100 Tienda de ciclismo Specialized","description":"GR-100 tenemos todas las gamas de bicicletas Specialized al mejor precio.","publisher":{"@id":"https:\/\/gr-100.com\/#organization"},"alternateName":"Gr-100 Bikes","potentialAction":[{"@type":"SearchAction","target":{"@type":"EntryPoint","urlTemplate":"https:\/\/gr-100.com\/?s={search_term_string}"},"query-input":{"@type":"PropertyValueSpecification","valueRequired":true,"valueName":"search_term_string"}}],"inLanguage":"pt-PT"},{"@type":"Organization","@id":"https:\/\/gr-100.com\/#organization","name":"Gr-100","url":"https:\/\/gr-100.com\/","logo":{"@type":"ImageObject","inLanguage":"pt-PT","@id":"https:\/\/gr-100.com\/#\/schema\/logo\/image\/","url":"https:\/\/gr-100.com\/wp-content\/uploads\/2023\/08\/logo-gr-100-bikes.png","contentUrl":"https:\/\/gr-100.com\/wp-content\/uploads\/2023\/08\/logo-gr-100-bikes.png","width":707,"height":284,"caption":"Gr-100"},"image":{"@id":"https:\/\/gr-100.com\/#\/schema\/logo\/image\/"},"sameAs":["https:\/\/www.facebook.com\/Gr100Bikes","https:\/\/www.instagram.com\/gr100bikes\/","https:\/\/www.tiktok.com\/@gr100bikes","https:\/\/twitter.com\/gr100mtbteam","https:\/\/www.youtube.com\/c\/GR100Specialized"]}]}},"_links":{"self":[{"href":"https:\/\/gr-100.com\/pt-pt\/wp-json\/wp\/v2\/product\/442206","targetHints":{"allow":["GET"]}}],"collection":[{"href":"https:\/\/gr-100.com\/pt-pt\/wp-json\/wp\/v2\/product"}],"about":[{"href":"https:\/\/gr-100.com\/pt-pt\/wp-json\/wp\/v2\/types\/product"}],"replies":[{"embeddable":true,"href":"https:\/\/gr-100.com\/pt-pt\/wp-json\/wp\/v2\/comments?post=442206"}],"wp:featuredmedia":[{"embeddable":true,"href":"https:\/\/gr-100.com\/pt-pt\/wp-json\/wp\/v2\/media\/442207"}],"wp:attachment":[{"href":"https:\/\/gr-100.com\/pt-pt\/wp-json\/wp\/v2\/media?parent=442206"}],"wp:term":[{"taxonomy":"product_brand","embeddable":true,"href":"https:\/\/gr-100.com\/pt-pt\/wp-json\/wp\/v2\/product_brand?post=442206"},{"taxonomy":"product_cat","embeddable":true,"href":"https:\/\/gr-100.com\/pt-pt\/wp-json\/wp\/v2\/product_cat?post=442206"},{"taxonomy":"product_tag","embeddable":true,"href":"https:\/\/gr-100.com\/pt-pt\/wp-json\/wp\/v2\/product_tag?post=442206"}],"curies":[{"name":"wp","href":"https:\/\/api.w.org\/{rel}","templated":true}]}}