{"id":443196,"date":"2026-03-04T13:41:22","date_gmt":"2026-03-04T12:41:22","guid":{"rendered":"https:\/\/gr-100.com\/?post_type=product&#038;p=443196"},"modified":"2026-03-04T17:39:31","modified_gmt":"2026-03-04T16:39:31","slug":"specialized-crux-crux-frameset-10r-25","status":"publish","type":"product","link":"https:\/\/gr-100.com\/pt-pt\/producto\/specialized-crux-crux-frameset-10r-25\/","title":{"rendered":"Specialized Crux Frameset 10R 2025"},"content":{"rendered":"<p><strong>M\u00e1s ligera:<\/strong> el cuadro de carbono 12r pesa 725 g y el de carbono 10r, 825 g. Hemos cogido los revolucionarios avances que hicieron de la Aethos la bicicleta m\u00e1s ligera de la historia y los hemos aplicado a la Crux. \u00bfEl resultado? Una bicicleta de gravel que sube que da gusto, vuela sobre terrenos dif\u00edciles y pesa menos que la botella que llevas llena en el portabidones.<br \/>\n<strong>Rendimiento:<\/strong> el paso de rueda es de 47c\/650b x 2,1\u201d. M\u00e1s espacio es sin\u00f3nimo de mayor rendimiento. Con el mismo espacio que la Diverge, la Crux te lleva a cualquier lugar a toda velocidad.<br \/>\n<strong>Una bici que responde:<\/strong> r\u00e1pida, flexible y reactiva. Sensible en los pedales. C\u00f3moda en el sill\u00edn. Con una geometr\u00eda adaptada al rendimiento que el gravel necesita y un dise\u00f1o influenciado por las carreras e inspirado en la ic\u00f3nica historia de la Crux en el ciclocr\u00f3s.   <\/p>\n<p>Especifica\u00e7\u00f5es principais<\/p>\n<ul>\n<li>Conjunto del cuadro<br \/>\n<strong>CUADRO<\/strong><br \/>\nCarbono Crux FACT 10r, Rider First Engineered\u2122, eje de pedalier roscado, eje pasante de 12&#215;142 mm, disco flat-mount, puntera UDH<\/li>\n<li>Suspensi\u00f3n<br \/>\n<strong>HORQUILLA<\/strong><br \/>\nCarbono S-Works FACT, eje pasante de 12&#215;100 mm, disco flat-mount<\/li>\n<li>Cabine de pilotagem<br \/>\n<strong>ABRA\u00c7O. SELIM <\/strong><br \/>\nAluminio Specialized, 30 mm<\/li>\n<li>Peso<br \/>\nDINAMO<br \/>\n1,37 kg (3 lb, 0,3 oz)<\/li>\n<\/ul>\n","protected":false},"excerpt":{"rendered":"<p>A Crux \u00e9 a moto de cascalho mais leve do mundo. Com uma grande folga das rodas e geometria perfeita para ter o seu melhor desempenho fora de estrada, o Crux ser\u00e1 o seu trampolim para o c\u00e9u do cascalho. <\/p>\n","protected":false},"featured_media":443472,"comment_status":"open","ping_status":"closed","template":"","meta":{"_acf_changed":false,"_et_pb_use_builder":"","_et_pb_old_content":"","_et_gb_content_width":"","inline_featured_image":false},"product_brand":[],"product_cat":[5374,4353,2459,3346,5310,5309,5311,5308],"product_tag":[],"class_list":{"0":"post-443196","1":"product","2":"type-product","3":"status-publish","4":"has-post-thumbnail","6":"product_cat-descontos","7":"product_cat-liquidacion-specialized","8":"product_cat-bicicletas-pt-pt-2","9":"product_cat-bicicletas-de-cascalho","10":"product_cat-bicicletas-de-gravel-aero","11":"product_cat-bicicletas-de-carbono-gravel","12":"product_cat-quadros-de-bicicletas-de-gravel","13":"product_cat-bicicletas-de-gravel-specialized","14":"product_shipping_class-bicicletas-pt-pt","16":"first","17":"instock","18":"sale","19":"taxable","20":"shipping-taxable","21":"purchasable","22":"product-type-variable","23":"wvs-archive-product-wrapper"},"acf":[],"yoast_head":"<!-- This site is optimized with the Yoast SEO Premium plugin v26.7 (Yoast SEO v26.7) - https:\/\/yoast.com\/wordpress\/plugins\/seo\/ -->\n<title>Specialized Crux Frameset 10R 2025 GR-100 Ofertas<\/title>\n<meta name=\"description\" content=\"La Crux es la bici de gravel m\u00e1s ligera del mundo. Con un gran paso de rueda y una geometr\u00eda perfecta para rendir al m\u00e1ximo fuera del asfalto\" \/>\n<meta name=\"robots\" content=\"index, follow, max-snippet:-1, max-image-preview:large, max-video-preview:-1\" \/>\n<link rel=\"canonical\" href=\"https:\/\/gr-100.com\/pt-pt\/producto\/specialized-crux-crux-frameset-10r-25\/\" \/>\n<meta property=\"og:locale\" content=\"pt_PT\" \/>\n<meta property=\"og:type\" content=\"article\" \/>\n<meta property=\"og:title\" content=\"Specialized Crux Frameset 10R 2025\" \/>\n<meta property=\"og:description\" content=\"La Crux es la bici de gravel m\u00e1s ligera del mundo. Con un gran paso de rueda y una geometr\u00eda perfecta para rendir al m\u00e1ximo fuera del asfalto\" \/>\n<meta property=\"og:url\" content=\"https:\/\/gr-100.com\/pt-pt\/producto\/specialized-crux-crux-frameset-10r-25\/\" \/>\n<meta property=\"og:site_name\" content=\"Gr-100 Tienda de ciclismo Specialized\" \/>\n<meta property=\"article:publisher\" content=\"https:\/\/www.facebook.com\/Gr100Bikes\" \/>\n<meta property=\"article:modified_time\" content=\"2026-03-04T16:39:31+00:00\" \/>\n<meta property=\"og:image\" content=\"https:\/\/gr-100.com\/wp-content\/uploads\/2026\/03\/Crux-Frameset-2025-2.jpg\" \/>\n\t<meta property=\"og:image:width\" content=\"1000\" \/>\n\t<meta property=\"og:image:height\" content=\"1000\" \/>\n\t<meta property=\"og:image:type\" content=\"image\/jpeg\" \/>\n<meta name=\"twitter:card\" content=\"summary_large_image\" \/>\n<meta name=\"twitter:label1\" content=\"Tempo estimado de leitura\" \/>\n\t<meta name=\"twitter:data1\" content=\"1 minuto\" \/>\n<script type=\"application\/ld+json\" class=\"yoast-schema-graph\">{\"@context\":\"https:\/\/schema.org\",\"@graph\":[{\"@type\":\"WebPage\",\"@id\":\"https:\/\/gr-100.com\/pt-pt\/producto\/specialized-crux-crux-frameset-10r-25\/\",\"url\":\"https:\/\/gr-100.com\/pt-pt\/producto\/specialized-crux-crux-frameset-10r-25\/\",\"name\":\"Specialized Crux Frameset 10R 2025 GR-100 Ofertas\",\"isPartOf\":{\"@id\":\"https:\/\/gr-100.com\/#website\"},\"primaryImageOfPage\":{\"@id\":\"https:\/\/gr-100.com\/pt-pt\/producto\/specialized-crux-crux-frameset-10r-25\/#primaryimage\"},\"image\":{\"@id\":\"https:\/\/gr-100.com\/pt-pt\/producto\/specialized-crux-crux-frameset-10r-25\/#primaryimage\"},\"thumbnailUrl\":\"https:\/\/gr-100.com\/wp-content\/uploads\/2026\/03\/Crux-Frameset-2025-2.jpg\",\"datePublished\":\"2026-03-04T12:41:22+00:00\",\"dateModified\":\"2026-03-04T16:39:31+00:00\",\"description\":\"La Crux es la bici de gravel m\u00e1s ligera del mundo. Con un gran paso de rueda y una geometr\u00eda perfecta para rendir al m\u00e1ximo fuera del asfalto\",\"breadcrumb\":{\"@id\":\"https:\/\/gr-100.com\/pt-pt\/producto\/specialized-crux-crux-frameset-10r-25\/#breadcrumb\"},\"inLanguage\":\"pt-PT\",\"potentialAction\":[{\"@type\":\"ReadAction\",\"target\":[\"https:\/\/gr-100.com\/pt-pt\/producto\/specialized-crux-crux-frameset-10r-25\/\"]}]},{\"@type\":\"ImageObject\",\"inLanguage\":\"pt-PT\",\"@id\":\"https:\/\/gr-100.com\/pt-pt\/producto\/specialized-crux-crux-frameset-10r-25\/#primaryimage\",\"url\":\"https:\/\/gr-100.com\/wp-content\/uploads\/2026\/03\/Crux-Frameset-2025-2.jpg\",\"contentUrl\":\"https:\/\/gr-100.com\/wp-content\/uploads\/2026\/03\/Crux-Frameset-2025-2.jpg\",\"width\":1000,\"height\":1000},{\"@type\":\"BreadcrumbList\",\"@id\":\"https:\/\/gr-100.com\/pt-pt\/producto\/specialized-crux-crux-frameset-10r-25\/#breadcrumb\",\"itemListElement\":[{\"@type\":\"ListItem\",\"position\":1,\"name\":\"Portada\",\"item\":\"https:\/\/gr-100.com\/en\/\"},{\"@type\":\"ListItem\",\"position\":2,\"name\":\"Productos\",\"item\":\"https:\/\/gr-100.com\/?post_type=product\"},{\"@type\":\"ListItem\",\"position\":3,\"name\":\"Specialized Crux Frameset 10R 2025\"}]},{\"@type\":\"WebSite\",\"@id\":\"https:\/\/gr-100.com\/#website\",\"url\":\"https:\/\/gr-100.com\/\",\"name\":\"Gr-100 Tienda de ciclismo Specialized\",\"description\":\"GR-100 tenemos todas las gamas de bicicletas Specialized al mejor precio.\",\"publisher\":{\"@id\":\"https:\/\/gr-100.com\/#organization\"},\"alternateName\":\"Gr-100 Bikes\",\"potentialAction\":[{\"@type\":\"SearchAction\",\"target\":{\"@type\":\"EntryPoint\",\"urlTemplate\":\"https:\/\/gr-100.com\/?s={search_term_string}\"},\"query-input\":{\"@type\":\"PropertyValueSpecification\",\"valueRequired\":true,\"valueName\":\"search_term_string\"}}],\"inLanguage\":\"pt-PT\"},{\"@type\":\"Organization\",\"@id\":\"https:\/\/gr-100.com\/#organization\",\"name\":\"Gr-100\",\"url\":\"https:\/\/gr-100.com\/\",\"logo\":{\"@type\":\"ImageObject\",\"inLanguage\":\"pt-PT\",\"@id\":\"https:\/\/gr-100.com\/#\/schema\/logo\/image\/\",\"url\":\"https:\/\/gr-100.com\/wp-content\/uploads\/2023\/08\/logo-gr-100-bikes.png\",\"contentUrl\":\"https:\/\/gr-100.com\/wp-content\/uploads\/2023\/08\/logo-gr-100-bikes.png\",\"width\":707,\"height\":284,\"caption\":\"Gr-100\"},\"image\":{\"@id\":\"https:\/\/gr-100.com\/#\/schema\/logo\/image\/\"},\"sameAs\":[\"https:\/\/www.facebook.com\/Gr100Bikes\",\"https:\/\/www.instagram.com\/gr100bikes\/\",\"https:\/\/www.tiktok.com\/@gr100bikes\",\"https:\/\/twitter.com\/gr100mtbteam\",\"https:\/\/www.youtube.com\/c\/GR100Specialized\"]}]}<\/script>\n<!-- \/ Yoast SEO Premium plugin. -->","yoast_head_json":{"title":"Specialized Crux Frameset 10R 2025 GR-100 Ofertas","description":"La Crux es la bici de gravel m\u00e1s ligera del mundo. Con un gran paso de rueda y una geometr\u00eda perfecta para rendir al m\u00e1ximo fuera del asfalto","robots":{"index":"index","follow":"follow","max-snippet":"max-snippet:-1","max-image-preview":"max-image-preview:large","max-video-preview":"max-video-preview:-1"},"canonical":"https:\/\/gr-100.com\/pt-pt\/producto\/specialized-crux-crux-frameset-10r-25\/","og_locale":"pt_PT","og_type":"article","og_title":"Specialized Crux Frameset 10R 2025","og_description":"La Crux es la bici de gravel m\u00e1s ligera del mundo. Con un gran paso de rueda y una geometr\u00eda perfecta para rendir al m\u00e1ximo fuera del asfalto","og_url":"https:\/\/gr-100.com\/pt-pt\/producto\/specialized-crux-crux-frameset-10r-25\/","og_site_name":"Gr-100 Tienda de ciclismo Specialized","article_publisher":"https:\/\/www.facebook.com\/Gr100Bikes","article_modified_time":"2026-03-04T16:39:31+00:00","og_image":[{"width":1000,"height":1000,"url":"https:\/\/gr-100.com\/wp-content\/uploads\/2026\/03\/Crux-Frameset-2025-2.jpg","type":"image\/jpeg"}],"twitter_card":"summary_large_image","twitter_misc":{"Tempo estimado de leitura":"1 minuto"},"schema":{"@context":"https:\/\/schema.org","@graph":[{"@type":"WebPage","@id":"https:\/\/gr-100.com\/pt-pt\/producto\/specialized-crux-crux-frameset-10r-25\/","url":"https:\/\/gr-100.com\/pt-pt\/producto\/specialized-crux-crux-frameset-10r-25\/","name":"Specialized Crux Frameset 10R 2025 GR-100 Ofertas","isPartOf":{"@id":"https:\/\/gr-100.com\/#website"},"primaryImageOfPage":{"@id":"https:\/\/gr-100.com\/pt-pt\/producto\/specialized-crux-crux-frameset-10r-25\/#primaryimage"},"image":{"@id":"https:\/\/gr-100.com\/pt-pt\/producto\/specialized-crux-crux-frameset-10r-25\/#primaryimage"},"thumbnailUrl":"https:\/\/gr-100.com\/wp-content\/uploads\/2026\/03\/Crux-Frameset-2025-2.jpg","datePublished":"2026-03-04T12:41:22+00:00","dateModified":"2026-03-04T16:39:31+00:00","description":"La Crux es la bici de gravel m\u00e1s ligera del mundo. Con un gran paso de rueda y una geometr\u00eda perfecta para rendir al m\u00e1ximo fuera del asfalto","breadcrumb":{"@id":"https:\/\/gr-100.com\/pt-pt\/producto\/specialized-crux-crux-frameset-10r-25\/#breadcrumb"},"inLanguage":"pt-PT","potentialAction":[{"@type":"ReadAction","target":["https:\/\/gr-100.com\/pt-pt\/producto\/specialized-crux-crux-frameset-10r-25\/"]}]},{"@type":"ImageObject","inLanguage":"pt-PT","@id":"https:\/\/gr-100.com\/pt-pt\/producto\/specialized-crux-crux-frameset-10r-25\/#primaryimage","url":"https:\/\/gr-100.com\/wp-content\/uploads\/2026\/03\/Crux-Frameset-2025-2.jpg","contentUrl":"https:\/\/gr-100.com\/wp-content\/uploads\/2026\/03\/Crux-Frameset-2025-2.jpg","width":1000,"height":1000},{"@type":"BreadcrumbList","@id":"https:\/\/gr-100.com\/pt-pt\/producto\/specialized-crux-crux-frameset-10r-25\/#breadcrumb","itemListElement":[{"@type":"ListItem","position":1,"name":"Portada","item":"https:\/\/gr-100.com\/en\/"},{"@type":"ListItem","position":2,"name":"Productos","item":"https:\/\/gr-100.com\/?post_type=product"},{"@type":"ListItem","position":3,"name":"Specialized Crux Frameset 10R 2025"}]},{"@type":"WebSite","@id":"https:\/\/gr-100.com\/#website","url":"https:\/\/gr-100.com\/","name":"Gr-100 Tienda de ciclismo Specialized","description":"GR-100 tenemos todas las gamas de bicicletas Specialized al mejor precio.","publisher":{"@id":"https:\/\/gr-100.com\/#organization"},"alternateName":"Gr-100 Bikes","potentialAction":[{"@type":"SearchAction","target":{"@type":"EntryPoint","urlTemplate":"https:\/\/gr-100.com\/?s={search_term_string}"},"query-input":{"@type":"PropertyValueSpecification","valueRequired":true,"valueName":"search_term_string"}}],"inLanguage":"pt-PT"},{"@type":"Organization","@id":"https:\/\/gr-100.com\/#organization","name":"Gr-100","url":"https:\/\/gr-100.com\/","logo":{"@type":"ImageObject","inLanguage":"pt-PT","@id":"https:\/\/gr-100.com\/#\/schema\/logo\/image\/","url":"https:\/\/gr-100.com\/wp-content\/uploads\/2023\/08\/logo-gr-100-bikes.png","contentUrl":"https:\/\/gr-100.com\/wp-content\/uploads\/2023\/08\/logo-gr-100-bikes.png","width":707,"height":284,"caption":"Gr-100"},"image":{"@id":"https:\/\/gr-100.com\/#\/schema\/logo\/image\/"},"sameAs":["https:\/\/www.facebook.com\/Gr100Bikes","https:\/\/www.instagram.com\/gr100bikes\/","https:\/\/www.tiktok.com\/@gr100bikes","https:\/\/twitter.com\/gr100mtbteam","https:\/\/www.youtube.com\/c\/GR100Specialized"]}]}},"_links":{"self":[{"href":"https:\/\/gr-100.com\/pt-pt\/wp-json\/wp\/v2\/product\/443196","targetHints":{"allow":["GET"]}}],"collection":[{"href":"https:\/\/gr-100.com\/pt-pt\/wp-json\/wp\/v2\/product"}],"about":[{"href":"https:\/\/gr-100.com\/pt-pt\/wp-json\/wp\/v2\/types\/product"}],"replies":[{"embeddable":true,"href":"https:\/\/gr-100.com\/pt-pt\/wp-json\/wp\/v2\/comments?post=443196"}],"wp:featuredmedia":[{"embeddable":true,"href":"https:\/\/gr-100.com\/pt-pt\/wp-json\/wp\/v2\/media\/443472"}],"wp:attachment":[{"href":"https:\/\/gr-100.com\/pt-pt\/wp-json\/wp\/v2\/media?parent=443196"}],"wp:term":[{"taxonomy":"product_brand","embeddable":true,"href":"https:\/\/gr-100.com\/pt-pt\/wp-json\/wp\/v2\/product_brand?post=443196"},{"taxonomy":"product_cat","embeddable":true,"href":"https:\/\/gr-100.com\/pt-pt\/wp-json\/wp\/v2\/product_cat?post=443196"},{"taxonomy":"product_tag","embeddable":true,"href":"https:\/\/gr-100.com\/pt-pt\/wp-json\/wp\/v2\/product_tag?post=443196"}],"curies":[{"name":"wp","href":"https:\/\/api.w.org\/{rel}","templated":true}]}}