{"id":443498,"date":"2026-03-04T19:05:55","date_gmt":"2026-03-04T18:05:55","guid":{"rendered":"https:\/\/gr-100.com\/?post_type=product&#038;p=443498"},"modified":"2026-03-04T19:05:56","modified_gmt":"2026-03-04T18:05:56","slug":"specialized-crux-dsw-frameset-26","status":"publish","type":"product","link":"https:\/\/gr-100.com\/pt-pt\/producto\/specialized-crux-dsw-frameset-26\/","title":{"rendered":"Specialized Crux DSW Frameset 26"},"content":{"rendered":"<p>A Crux DSW \u00e9 mais do que apenas a moto de cascalho de alum\u00ednio mais leve j\u00e1 feita. Pegamos tudo o que aprendemos criando o carbono Crux e usamos nosso sistema patenteado D&#8217;Aluisio Smartweld para torn\u00e1-lo uma realidade em alum\u00ednio. Cri\u00e1mos a bicicleta de gravilha de alum\u00ednio mais capaz, \u00e1gil, equilibrada e responsiva alguma vez concebida para uma condu\u00e7\u00e3o r\u00e1pida, divertida e de alto desempenho. E sim, tamb\u00e9m \u00e9 o mais leve. Alguns chamar-lhe-\u00e3o uma c\u00f3pia em carbono, mas n\u00f3s chamamos-lhe Crux DSW.    <\/p>\n<ul>\n<li>El peso m\u00e1s ligero<\/li>\n<li>Con s\u00f3lo 1399 gramos*, el Crux DSW es el cuadro de aluminio para gravel m\u00e1s ligero del mundo. Combina eso con nuestra horquilla de carbono Fact12r Crux y una construcci\u00f3n dise\u00f1ada para el rendimiento, y una Crux DSW completa pesa 9.37kg-ninguna bici de gravel de aluminio puede competir. <\/li>\n<li>*56cm en el color m\u00e1s ligero. Los cuadros de producci\u00f3n pueden variar. <\/li>\n<li>M\u00e1s capacidad<\/li>\n<li>M\u00e1s espacio libre significa m\u00e1s capacidad &#8211; por eso la Crux DSW tiene el mismo espacio libre que su hermana de carbono &#8211; 47mm y hasta 2.1&#8243; en una rueda 650b. Combina esto con el cuadro de aluminio resistente y ligero, y la Crux DSW puede llevarte a cualquier lugar que imagines a todo gas. <\/li>\n<li>Ultra-Reactiva<\/li>\n<li>Reactiva en los pedales. Flexible en el sill\u00edn. Hemos utilizado D&#8217;Aluisio Smartweld para afinar las propiedades del aluminio y ofrecer una conducci\u00f3n que antes era imposible sin carbono, y lo hemos combinado con la misma geometr\u00eda de gravel de alto rendimiento y el mismo ajuste influenciado por la competici\u00f3n que la Crux de carbono. Un mayor alcance proporciona una mejor distribuci\u00f3n del peso para una conducci\u00f3n r\u00e1pida y segura, mientras que un stack m\u00e1s bajo crea una posici\u00f3n de rendimiento. Con 72mm de ca\u00edda de la caja de pedalier, hemos dado en el clavo entre la agilidad y la estabilidad.    <\/li>\n<li>D&#8217;Aluisio Smartweld<\/li>\n<li>D&#8217;Aluisio Smartweld &#8211; o DSW &#8211; es un proceso de ingenier\u00eda patentado que utiliza el hidroformado para ajustar con precisi\u00f3n las uniones tubo a tubo para obtener mejores soldaduras y m\u00e1s fuertes y, en \u00faltima instancia, un cuadro m\u00e1s ligero que puede ser dos veces m\u00e1s duradero que un cuadro de aluminio tradicional. Nuestra t\u00e9cnica Smartweld nos ayuda a crear un tubo diagonal y un eje de pedalier de una sola pieza para la Crux, lo que reduce el peso y aumenta la capacidad de respuesta. <\/li>\n<li>Mais leve: 1399g Crux DSW Frame (cru, sem pintura). Pegamos tudo o que aprendemos criando o carbono Crux e usamos nosso sistema patenteado D&#8217;Aluisio Smartweld para torn\u00e1-lo uma realidade em alum\u00ednio. *56 cm na cor mais clara. Os quadros de produ\u00e7\u00e3o podem variar.   <\/li>\n<li>Capacidade: 47c\/650b x 2.1&#8243; de folga. Mais folga significa mais capacidade. Com folga de pneus no mesmo n\u00edvel do Diverge, o Crux leva voc\u00ea a qualquer lugar que voc\u00ea possa imaginar.  <\/li>\n<li>Reagente: \u00c1gil, flex\u00edvel e reativo. Sens\u00edvel aos pedais. Flex\u00edvel no selim. Com geometria e geometria de cascalho de alto desempenho inspiradas na hist\u00f3ria ic\u00f3nica da Crux no ciclocross.   <\/li>\n<\/ul>\n","protected":false},"excerpt":{"rendered":"<p>A Crux DSW \u00e9 mais do que apenas a moto de cascalho de alum\u00ednio mais leve j\u00e1 feita. Pegamos tudo o que aprendemos criando o carbono Crux e usamos nosso sistema patenteado D&#8217;Aluisio Smartweld para torn\u00e1-lo uma realidade em alum\u00ednio. Cri\u00e1mos a bicicleta de gravilha de alum\u00ednio mais capaz, \u00e1gil, equilibrada e responsiva alguma vez concebida para uma condu\u00e7\u00e3o r\u00e1pida, divertida e de alto desempenho. E sim, tamb\u00e9m \u00e9 o mais leve. Alguns chamar-lhe-\u00e3o uma c\u00f3pia em carbono, mas n\u00f3s chamamos-lhe Crux DSW.    <\/p>\n","protected":false},"featured_media":446283,"comment_status":"open","ping_status":"closed","template":"","meta":{"_acf_changed":false,"_et_pb_use_builder":"","_et_pb_old_content":"","_et_gb_content_width":"","inline_featured_image":false},"product_brand":[],"product_cat":[5374,4353,2459,3346,5310,5308],"product_tag":[],"class_list":{"0":"post-443498","1":"product","2":"type-product","3":"status-publish","4":"has-post-thumbnail","6":"product_cat-descontos","7":"product_cat-liquidacion-specialized","8":"product_cat-bicicletas-pt-pt-2","9":"product_cat-bicicletas-de-cascalho","10":"product_cat-bicicletas-de-gravel-aero","11":"product_cat-bicicletas-de-gravel-specialized","12":"product_shipping_class-bicicletas-pt-pt","14":"first","15":"instock","16":"sale","17":"taxable","18":"shipping-taxable","19":"purchasable","20":"product-type-variable","21":"wvs-archive-product-wrapper"},"acf":[],"yoast_head":"<!-- This site is optimized with the Yoast SEO Premium plugin v26.7 (Yoast SEO v26.7) - https:\/\/yoast.com\/wordpress\/plugins\/seo\/ -->\n<title>Specialized Crux DSW Frameset 26<\/title>\n<meta name=\"robots\" content=\"index, follow, max-snippet:-1, max-image-preview:large, max-video-preview:-1\" \/>\n<link rel=\"canonical\" href=\"https:\/\/gr-100.com\/producto\/specialized-crux-dsw-frameset-26\/\" \/>\n<meta property=\"og:locale\" content=\"pt_PT\" \/>\n<meta property=\"og:type\" content=\"article\" \/>\n<meta property=\"og:title\" content=\"Specialized Crux DSW Frameset 26\" \/>\n<meta property=\"og:description\" content=\"A Crux DSW \u00e9 mais do que apenas a moto de cascalho de alum\u00ednio mais leve j\u00e1 feita. Pegamos tudo o que aprendemos criando o carbono Crux e usamos nosso sistema patenteado D&#039;Aluisio Smartweld para torn\u00e1-lo uma realidade em alum\u00ednio. Cri\u00e1mos a bicicleta de gravilha de alum\u00ednio mais capaz, \u00e1gil, equilibrada e responsiva alguma vez concebida para uma condu\u00e7\u00e3o r\u00e1pida, divertida e de alto desempenho. E sim, tamb\u00e9m \u00e9 o mais leve. Alguns chamar-lhe-\u00e3o uma c\u00f3pia em carbono, mas n\u00f3s chamamos-lhe Crux DSW.\" \/>\n<meta property=\"og:url\" content=\"https:\/\/gr-100.com\/producto\/specialized-crux-dsw-frameset-26\/\" \/>\n<meta property=\"og:site_name\" content=\"Gr-100 Tienda de ciclismo Specialized\" \/>\n<meta property=\"article:publisher\" content=\"https:\/\/www.facebook.com\/Gr100Bikes\" \/>\n<meta property=\"article:modified_time\" content=\"2026-03-04T18:05:56+00:00\" \/>\n<meta property=\"og:image\" content=\"https:\/\/gr-100.com\/wp-content\/uploads\/2026\/03\/Cuadro-Crux-DSW-1-1.jpg\" \/>\n\t<meta property=\"og:image:width\" content=\"1000\" \/>\n\t<meta property=\"og:image:height\" content=\"1000\" \/>\n\t<meta property=\"og:image:type\" content=\"image\/jpeg\" \/>\n<meta name=\"twitter:card\" content=\"summary_large_image\" \/>\n<meta name=\"twitter:label1\" content=\"Tempo estimado de leitura\" \/>\n\t<meta name=\"twitter:data1\" content=\"3 minutos\" \/>\n<script type=\"application\/ld+json\" class=\"yoast-schema-graph\">{\"@context\":\"https:\/\/schema.org\",\"@graph\":[{\"@type\":\"WebPage\",\"@id\":\"https:\/\/gr-100.com\/producto\/specialized-crux-dsw-frameset-26\/\",\"url\":\"https:\/\/gr-100.com\/producto\/specialized-crux-dsw-frameset-26\/\",\"name\":\"Specialized Crux DSW Frameset 26\",\"isPartOf\":{\"@id\":\"https:\/\/gr-100.com\/#website\"},\"primaryImageOfPage\":{\"@id\":\"https:\/\/gr-100.com\/producto\/specialized-crux-dsw-frameset-26\/#primaryimage\"},\"image\":{\"@id\":\"https:\/\/gr-100.com\/producto\/specialized-crux-dsw-frameset-26\/#primaryimage\"},\"thumbnailUrl\":\"https:\/\/gr-100.com\/wp-content\/uploads\/2026\/03\/Crux-DSW-Frameset-2026.jpg\",\"datePublished\":\"2026-03-04T18:05:55+00:00\",\"dateModified\":\"2026-03-04T18:05:56+00:00\",\"breadcrumb\":{\"@id\":\"https:\/\/gr-100.com\/producto\/specialized-crux-dsw-frameset-26\/#breadcrumb\"},\"inLanguage\":\"pt-PT\",\"potentialAction\":[{\"@type\":\"ReadAction\",\"target\":[\"https:\/\/gr-100.com\/producto\/specialized-crux-dsw-frameset-26\/\"]}]},{\"@type\":\"ImageObject\",\"inLanguage\":\"pt-PT\",\"@id\":\"https:\/\/gr-100.com\/producto\/specialized-crux-dsw-frameset-26\/#primaryimage\",\"url\":\"https:\/\/gr-100.com\/wp-content\/uploads\/2026\/03\/Crux-DSW-Frameset-2026.jpg\",\"contentUrl\":\"https:\/\/gr-100.com\/wp-content\/uploads\/2026\/03\/Crux-DSW-Frameset-2026.jpg\",\"width\":1000,\"height\":1000},{\"@type\":\"BreadcrumbList\",\"@id\":\"https:\/\/gr-100.com\/producto\/specialized-crux-dsw-frameset-26\/#breadcrumb\",\"itemListElement\":[{\"@type\":\"ListItem\",\"position\":1,\"name\":\"Portada\",\"item\":\"https:\/\/gr-100.com\/en\/\"},{\"@type\":\"ListItem\",\"position\":2,\"name\":\"Productos\",\"item\":\"https:\/\/gr-100.com\/?post_type=product\"},{\"@type\":\"ListItem\",\"position\":3,\"name\":\"Specialized Crux DSW Frameset 26\"}]},{\"@type\":\"WebSite\",\"@id\":\"https:\/\/gr-100.com\/#website\",\"url\":\"https:\/\/gr-100.com\/\",\"name\":\"Gr-100 Tienda de ciclismo Specialized\",\"description\":\"GR-100 tenemos todas las gamas de bicicletas Specialized al mejor precio.\",\"publisher\":{\"@id\":\"https:\/\/gr-100.com\/#organization\"},\"alternateName\":\"Gr-100 Bikes\",\"potentialAction\":[{\"@type\":\"SearchAction\",\"target\":{\"@type\":\"EntryPoint\",\"urlTemplate\":\"https:\/\/gr-100.com\/?s={search_term_string}\"},\"query-input\":{\"@type\":\"PropertyValueSpecification\",\"valueRequired\":true,\"valueName\":\"search_term_string\"}}],\"inLanguage\":\"pt-PT\"},{\"@type\":\"Organization\",\"@id\":\"https:\/\/gr-100.com\/#organization\",\"name\":\"Gr-100\",\"url\":\"https:\/\/gr-100.com\/\",\"logo\":{\"@type\":\"ImageObject\",\"inLanguage\":\"pt-PT\",\"@id\":\"https:\/\/gr-100.com\/#\/schema\/logo\/image\/\",\"url\":\"https:\/\/gr-100.com\/wp-content\/uploads\/2023\/08\/logo-gr-100-bikes.png\",\"contentUrl\":\"https:\/\/gr-100.com\/wp-content\/uploads\/2023\/08\/logo-gr-100-bikes.png\",\"width\":707,\"height\":284,\"caption\":\"Gr-100\"},\"image\":{\"@id\":\"https:\/\/gr-100.com\/#\/schema\/logo\/image\/\"},\"sameAs\":[\"https:\/\/www.facebook.com\/Gr100Bikes\",\"https:\/\/www.instagram.com\/gr100bikes\/\",\"https:\/\/www.tiktok.com\/@gr100bikes\",\"https:\/\/twitter.com\/gr100mtbteam\",\"https:\/\/www.youtube.com\/c\/GR100Specialized\"]}]}<\/script>\n<!-- \/ Yoast SEO Premium plugin. -->","yoast_head_json":{"title":"Specialized Crux DSW Frameset 26","robots":{"index":"index","follow":"follow","max-snippet":"max-snippet:-1","max-image-preview":"max-image-preview:large","max-video-preview":"max-video-preview:-1"},"canonical":"https:\/\/gr-100.com\/producto\/specialized-crux-dsw-frameset-26\/","og_locale":"pt_PT","og_type":"article","og_title":"Specialized Crux DSW Frameset 26","og_description":"A Crux DSW \u00e9 mais do que apenas a moto de cascalho de alum\u00ednio mais leve j\u00e1 feita. Pegamos tudo o que aprendemos criando o carbono Crux e usamos nosso sistema patenteado D'Aluisio Smartweld para torn\u00e1-lo uma realidade em alum\u00ednio. Cri\u00e1mos a bicicleta de gravilha de alum\u00ednio mais capaz, \u00e1gil, equilibrada e responsiva alguma vez concebida para uma condu\u00e7\u00e3o r\u00e1pida, divertida e de alto desempenho. E sim, tamb\u00e9m \u00e9 o mais leve. Alguns chamar-lhe-\u00e3o uma c\u00f3pia em carbono, mas n\u00f3s chamamos-lhe Crux DSW.","og_url":"https:\/\/gr-100.com\/producto\/specialized-crux-dsw-frameset-26\/","og_site_name":"Gr-100 Tienda de ciclismo Specialized","article_publisher":"https:\/\/www.facebook.com\/Gr100Bikes","article_modified_time":"2026-03-04T18:05:56+00:00","og_image":[{"width":1000,"height":1000,"url":"https:\/\/gr-100.com\/wp-content\/uploads\/2026\/03\/Cuadro-Crux-DSW-1-1.jpg","type":"image\/jpeg"}],"twitter_card":"summary_large_image","twitter_misc":{"Tempo estimado de leitura":"3 minutos"},"schema":{"@context":"https:\/\/schema.org","@graph":[{"@type":"WebPage","@id":"https:\/\/gr-100.com\/producto\/specialized-crux-dsw-frameset-26\/","url":"https:\/\/gr-100.com\/producto\/specialized-crux-dsw-frameset-26\/","name":"Specialized Crux DSW Frameset 26","isPartOf":{"@id":"https:\/\/gr-100.com\/#website"},"primaryImageOfPage":{"@id":"https:\/\/gr-100.com\/producto\/specialized-crux-dsw-frameset-26\/#primaryimage"},"image":{"@id":"https:\/\/gr-100.com\/producto\/specialized-crux-dsw-frameset-26\/#primaryimage"},"thumbnailUrl":"https:\/\/gr-100.com\/wp-content\/uploads\/2026\/03\/Crux-DSW-Frameset-2026.jpg","datePublished":"2026-03-04T18:05:55+00:00","dateModified":"2026-03-04T18:05:56+00:00","breadcrumb":{"@id":"https:\/\/gr-100.com\/producto\/specialized-crux-dsw-frameset-26\/#breadcrumb"},"inLanguage":"pt-PT","potentialAction":[{"@type":"ReadAction","target":["https:\/\/gr-100.com\/producto\/specialized-crux-dsw-frameset-26\/"]}]},{"@type":"ImageObject","inLanguage":"pt-PT","@id":"https:\/\/gr-100.com\/producto\/specialized-crux-dsw-frameset-26\/#primaryimage","url":"https:\/\/gr-100.com\/wp-content\/uploads\/2026\/03\/Crux-DSW-Frameset-2026.jpg","contentUrl":"https:\/\/gr-100.com\/wp-content\/uploads\/2026\/03\/Crux-DSW-Frameset-2026.jpg","width":1000,"height":1000},{"@type":"BreadcrumbList","@id":"https:\/\/gr-100.com\/producto\/specialized-crux-dsw-frameset-26\/#breadcrumb","itemListElement":[{"@type":"ListItem","position":1,"name":"Portada","item":"https:\/\/gr-100.com\/en\/"},{"@type":"ListItem","position":2,"name":"Productos","item":"https:\/\/gr-100.com\/?post_type=product"},{"@type":"ListItem","position":3,"name":"Specialized Crux DSW Frameset 26"}]},{"@type":"WebSite","@id":"https:\/\/gr-100.com\/#website","url":"https:\/\/gr-100.com\/","name":"Gr-100 Tienda de ciclismo Specialized","description":"GR-100 tenemos todas las gamas de bicicletas Specialized al mejor precio.","publisher":{"@id":"https:\/\/gr-100.com\/#organization"},"alternateName":"Gr-100 Bikes","potentialAction":[{"@type":"SearchAction","target":{"@type":"EntryPoint","urlTemplate":"https:\/\/gr-100.com\/?s={search_term_string}"},"query-input":{"@type":"PropertyValueSpecification","valueRequired":true,"valueName":"search_term_string"}}],"inLanguage":"pt-PT"},{"@type":"Organization","@id":"https:\/\/gr-100.com\/#organization","name":"Gr-100","url":"https:\/\/gr-100.com\/","logo":{"@type":"ImageObject","inLanguage":"pt-PT","@id":"https:\/\/gr-100.com\/#\/schema\/logo\/image\/","url":"https:\/\/gr-100.com\/wp-content\/uploads\/2023\/08\/logo-gr-100-bikes.png","contentUrl":"https:\/\/gr-100.com\/wp-content\/uploads\/2023\/08\/logo-gr-100-bikes.png","width":707,"height":284,"caption":"Gr-100"},"image":{"@id":"https:\/\/gr-100.com\/#\/schema\/logo\/image\/"},"sameAs":["https:\/\/www.facebook.com\/Gr100Bikes","https:\/\/www.instagram.com\/gr100bikes\/","https:\/\/www.tiktok.com\/@gr100bikes","https:\/\/twitter.com\/gr100mtbteam","https:\/\/www.youtube.com\/c\/GR100Specialized"]}]}},"_links":{"self":[{"href":"https:\/\/gr-100.com\/pt-pt\/wp-json\/wp\/v2\/product\/443498","targetHints":{"allow":["GET"]}}],"collection":[{"href":"https:\/\/gr-100.com\/pt-pt\/wp-json\/wp\/v2\/product"}],"about":[{"href":"https:\/\/gr-100.com\/pt-pt\/wp-json\/wp\/v2\/types\/product"}],"replies":[{"embeddable":true,"href":"https:\/\/gr-100.com\/pt-pt\/wp-json\/wp\/v2\/comments?post=443498"}],"wp:featuredmedia":[{"embeddable":true,"href":"https:\/\/gr-100.com\/pt-pt\/wp-json\/wp\/v2\/media\/446283"}],"wp:attachment":[{"href":"https:\/\/gr-100.com\/pt-pt\/wp-json\/wp\/v2\/media?parent=443498"}],"wp:term":[{"taxonomy":"product_brand","embeddable":true,"href":"https:\/\/gr-100.com\/pt-pt\/wp-json\/wp\/v2\/product_brand?post=443498"},{"taxonomy":"product_cat","embeddable":true,"href":"https:\/\/gr-100.com\/pt-pt\/wp-json\/wp\/v2\/product_cat?post=443498"},{"taxonomy":"product_tag","embeddable":true,"href":"https:\/\/gr-100.com\/pt-pt\/wp-json\/wp\/v2\/product_tag?post=443498"}],"curies":[{"name":"wp","href":"https:\/\/api.w.org\/{rel}","templated":true}]}}