{"id":443683,"date":"2026-03-05T11:02:22","date_gmt":"2026-03-05T10:02:22","guid":{"rendered":"https:\/\/gr-100.com\/?post_type=product&#038;p=443683"},"modified":"2026-03-05T11:09:34","modified_gmt":"2026-03-05T10:09:34","slug":"specialized-cuadro-s-works-tarmac-sl8-frameset-ltd-parra-copia","status":"publish","type":"product","link":"https:\/\/gr-100.com\/pt-pt\/producto\/specialized-cuadro-s-works-tarmac-sl8-frameset-ltd-parra-copia\/","title":{"rendered":"Specialized Cuadro S-Works Tarmac SL8 Frameset LTD Parra (copia)"},"content":{"rendered":"<p>La S-Works Tarmac SL8: la bicicleta de competici\u00f3n m\u00e1s r\u00e1pida del mundo. Una bicicleta para dominarlas a todas.<br \/>\n<strong>Uso<\/strong><br \/>\nRoad Racing<br \/>\n<strong>Cuadro<\/strong><br \/>\nS-Works FACT 12r Carbono, Rider First Engineered<br \/>\n<strong>Gama de colores<\/strong><br \/>\nParra LTD &#8211; Cada cuadro es \u00fanico, con adhesivos hechos a mano siguiendo el dise\u00f1o del artista, por lo que puede haber ligeras variaciones en la ubicaci\u00f3n del logotipo y los gr\u00e1ficos.<br \/>\nLimitado. Solo 200 unidades numeradas<br \/>\n<strong>Horquilla<\/strong><br \/>\nS-Works FACT 12r Carbono, eje pasante de 12&#215;100 mm, disco flat-mount<br \/>\n<strong>Peso<\/strong><br \/>\n685 gramos (56 cm)<\/p>\n<p><strong>Especifica\u00e7\u00f5es t\u00e9cnicas<\/strong><\/p>\n<ul>\n<li>Conjunto del cuadro<br \/>\n<strong>Cuadro:<\/strong> Carbono S-Works Tarmac SL8 FACT 12r, Rider First Engineered\u2122, dise\u00f1o optimizado en t\u00fanel de viento (Win Tunnel Engineered), guiado interno limpio, rodamientos de direcci\u00f3n Ceramic Speed SLT, eje de pedalier roscado, eje pasante de 12&#215;142 mm, disco flat-mount.<\/li>\n<li>Suspensi\u00f3n<br \/>\n<strong>Horquilla:<\/strong> Carbono S-Works FACT 12r, eje pasante de 12&#215;100 mm, disco flat-mount.<\/li>\n<li>Cockpit<br \/>\n<strong>Tija de sill\u00edn:<\/strong> Tija de sill\u00edn de carbono S-Works Tarmac SL8, carbono FACT, retroceso (offset) de 15 mm.<br \/>\n<strong>Cierre de sill\u00edn:<\/strong> Cu\u00f1a integrada Tarmac.<\/li>\n<li>Accesorios<br \/>\n<strong>Direcci\u00f3n:<\/strong> Kit de espaciadores de direcci\u00f3n para uso con potencia SL7 y cockpit Roval Rapide.<\/li>\n<li>Peso<br \/>\n<strong>Peso:<\/strong> 685 gramos (56 cm)<br \/>\nTalla de referencia para el peso: 56<\/li>\n<\/ul>\n<p>Pesos baseados na produ\u00e7\u00e3o pintada como mostrado na imagem. Os pesos reais variam consoante a cor, o tamanho do quadro e a varia\u00e7\u00e3o dos componentes. As especifica\u00e7\u00f5es est\u00e3o sujeitas a altera\u00e7\u00f5es sem aviso pr\u00e9vio.<\/p>\n","protected":false},"excerpt":{"rendered":"<p>Nada \u00e9 mais r\u00e1pido do que o Tarmac SL8 gra\u00e7as a uma combina\u00e7\u00e3o de aerodin\u00e2mica, leveza e qualidade de condu\u00e7\u00e3o que anteriormente se pensava ser imposs\u00edvel. Ap\u00f3s oito gera\u00e7\u00f5es e mais de duas d\u00e9cadas de desenvolvimento, \u00e9 mais do que apenas a Tarmac mais r\u00e1pida de sempre: \u00e9 a moto de corrida mais r\u00e1pida do mundo.<\/p>\n","protected":false},"featured_media":443705,"comment_status":"closed","ping_status":"closed","template":"","meta":{"_acf_changed":false,"_et_pb_use_builder":"","_et_pb_old_content":"","_et_gb_content_width":"","inline_featured_image":false},"product_brand":[],"product_cat":[2459,378,5315,5314,5316,5312,5313,2483],"product_tag":[],"class_list":{"0":"post-443683","1":"product","2":"type-product","3":"status-publish","4":"has-post-thumbnail","6":"product_cat-bicicletas-pt-pt-2","7":"product_cat-estrada","8":"product_cat-bicicletas-carretera-aero-pt-pt","9":"product_cat-bicicletas-carretera-carbono-pt-pt","10":"product_cat-bicicletas-carretera-cuadros-pt-pt","11":"product_cat-bicicletas-carretera-s-works-pt-pt","12":"product_cat-bicicletas-carretera-specialized-pt-pt","13":"product_cat-bicicletas-especializadas","14":"product_shipping_class-bicicletas-pt-pt","16":"first","17":"outofstock","18":"taxable","19":"shipping-taxable","20":"product-type-variable","21":"wvs-archive-product-wrapper"},"acf":[],"yoast_head":"<!-- This site is optimized with the Yoast SEO Premium plugin v26.7 (Yoast SEO v26.7) - https:\/\/yoast.com\/wordpress\/plugins\/seo\/ -->\n<title>Specialized Cuadro S-Works Tarmac SL8 Frameset LTD Parra (copia) GR-100<\/title>\n<meta name=\"description\" content=\"Cada cuadro es \u00fanico, adhesivos hechos a mano siguiendo el dise\u00f1o del artista. Limitado a solo 200 unidades numeradas. S-Works FACT 12r Carbono\" \/>\n<meta name=\"robots\" content=\"index, follow, max-snippet:-1, max-image-preview:large, max-video-preview:-1\" \/>\n<link rel=\"canonical\" href=\"https:\/\/gr-100.com\/pt-pt\/producto\/specialized-cuadro-s-works-tarmac-sl8-frameset-ltd-parra-copia\/\" \/>\n<meta property=\"og:locale\" content=\"pt_PT\" \/>\n<meta property=\"og:type\" content=\"article\" \/>\n<meta property=\"og:title\" content=\"Specialized Cuadro S-Works Tarmac SL8 Frameset LTD Parra (copia)\" \/>\n<meta property=\"og:description\" content=\"Cada cuadro es \u00fanico, adhesivos hechos a mano siguiendo el dise\u00f1o del artista. Limitado a solo 200 unidades numeradas. S-Works FACT 12r Carbono\" \/>\n<meta property=\"og:url\" content=\"https:\/\/gr-100.com\/pt-pt\/producto\/specialized-cuadro-s-works-tarmac-sl8-frameset-ltd-parra-copia\/\" \/>\n<meta property=\"og:site_name\" content=\"Gr-100 Tienda de ciclismo Specialized\" \/>\n<meta property=\"article:publisher\" content=\"https:\/\/www.facebook.com\/Gr100Bikes\" \/>\n<meta property=\"article:modified_time\" content=\"2026-03-05T10:09:34+00:00\" \/>\n<meta property=\"og:image\" content=\"https:\/\/gr-100.com\/wp-content\/uploads\/2026\/03\/S-Works-Tarmac-SL8-Frameset-LTD-Lucas-Beaufort.jpg\" \/>\n\t<meta property=\"og:image:width\" content=\"1000\" \/>\n\t<meta property=\"og:image:height\" content=\"1000\" \/>\n\t<meta property=\"og:image:type\" content=\"image\/jpeg\" \/>\n<meta name=\"twitter:card\" content=\"summary_large_image\" \/>\n<meta name=\"twitter:label1\" content=\"Tempo estimado de leitura\" \/>\n\t<meta name=\"twitter:data1\" content=\"2 minutos\" \/>\n<script type=\"application\/ld+json\" class=\"yoast-schema-graph\">{\"@context\":\"https:\/\/schema.org\",\"@graph\":[{\"@type\":\"WebPage\",\"@id\":\"https:\/\/gr-100.com\/pt-pt\/producto\/specialized-cuadro-s-works-tarmac-sl8-frameset-ltd-parra-copia\/\",\"url\":\"https:\/\/gr-100.com\/pt-pt\/producto\/specialized-cuadro-s-works-tarmac-sl8-frameset-ltd-parra-copia\/\",\"name\":\"Specialized Cuadro S-Works Tarmac SL8 Frameset LTD Parra (copia) GR-100\",\"isPartOf\":{\"@id\":\"https:\/\/gr-100.com\/#website\"},\"primaryImageOfPage\":{\"@id\":\"https:\/\/gr-100.com\/pt-pt\/producto\/specialized-cuadro-s-works-tarmac-sl8-frameset-ltd-parra-copia\/#primaryimage\"},\"image\":{\"@id\":\"https:\/\/gr-100.com\/pt-pt\/producto\/specialized-cuadro-s-works-tarmac-sl8-frameset-ltd-parra-copia\/#primaryimage\"},\"thumbnailUrl\":\"https:\/\/gr-100.com\/wp-content\/uploads\/2026\/03\/S-Works-Tarmac-SL8-Frameset-LTD-Lucas-Beaufort.jpg\",\"datePublished\":\"2026-03-05T10:02:22+00:00\",\"dateModified\":\"2026-03-05T10:09:34+00:00\",\"description\":\"Cada cuadro es \u00fanico, adhesivos hechos a mano siguiendo el dise\u00f1o del artista. Limitado a solo 200 unidades numeradas. S-Works FACT 12r Carbono\",\"breadcrumb\":{\"@id\":\"https:\/\/gr-100.com\/pt-pt\/producto\/specialized-cuadro-s-works-tarmac-sl8-frameset-ltd-parra-copia\/#breadcrumb\"},\"inLanguage\":\"pt-PT\",\"potentialAction\":[{\"@type\":\"ReadAction\",\"target\":[\"https:\/\/gr-100.com\/pt-pt\/producto\/specialized-cuadro-s-works-tarmac-sl8-frameset-ltd-parra-copia\/\"]}]},{\"@type\":\"ImageObject\",\"inLanguage\":\"pt-PT\",\"@id\":\"https:\/\/gr-100.com\/pt-pt\/producto\/specialized-cuadro-s-works-tarmac-sl8-frameset-ltd-parra-copia\/#primaryimage\",\"url\":\"https:\/\/gr-100.com\/wp-content\/uploads\/2026\/03\/S-Works-Tarmac-SL8-Frameset-LTD-Lucas-Beaufort.jpg\",\"contentUrl\":\"https:\/\/gr-100.com\/wp-content\/uploads\/2026\/03\/S-Works-Tarmac-SL8-Frameset-LTD-Lucas-Beaufort.jpg\",\"width\":1000,\"height\":1000},{\"@type\":\"BreadcrumbList\",\"@id\":\"https:\/\/gr-100.com\/pt-pt\/producto\/specialized-cuadro-s-works-tarmac-sl8-frameset-ltd-parra-copia\/#breadcrumb\",\"itemListElement\":[{\"@type\":\"ListItem\",\"position\":1,\"name\":\"Portada\",\"item\":\"https:\/\/gr-100.com\/en\/\"},{\"@type\":\"ListItem\",\"position\":2,\"name\":\"Productos\",\"item\":\"https:\/\/gr-100.com\/?post_type=product\"},{\"@type\":\"ListItem\",\"position\":3,\"name\":\"Specialized Cuadro S-Works Tarmac SL8 Frameset LTD Parra (copia)\"}]},{\"@type\":\"WebSite\",\"@id\":\"https:\/\/gr-100.com\/#website\",\"url\":\"https:\/\/gr-100.com\/\",\"name\":\"Gr-100 Tienda de ciclismo Specialized\",\"description\":\"GR-100 tenemos todas las gamas de bicicletas Specialized al mejor precio.\",\"publisher\":{\"@id\":\"https:\/\/gr-100.com\/#organization\"},\"alternateName\":\"Gr-100 Bikes\",\"potentialAction\":[{\"@type\":\"SearchAction\",\"target\":{\"@type\":\"EntryPoint\",\"urlTemplate\":\"https:\/\/gr-100.com\/?s={search_term_string}\"},\"query-input\":{\"@type\":\"PropertyValueSpecification\",\"valueRequired\":true,\"valueName\":\"search_term_string\"}}],\"inLanguage\":\"pt-PT\"},{\"@type\":\"Organization\",\"@id\":\"https:\/\/gr-100.com\/#organization\",\"name\":\"Gr-100\",\"url\":\"https:\/\/gr-100.com\/\",\"logo\":{\"@type\":\"ImageObject\",\"inLanguage\":\"pt-PT\",\"@id\":\"https:\/\/gr-100.com\/#\/schema\/logo\/image\/\",\"url\":\"https:\/\/gr-100.com\/wp-content\/uploads\/2023\/08\/logo-gr-100-bikes.png\",\"contentUrl\":\"https:\/\/gr-100.com\/wp-content\/uploads\/2023\/08\/logo-gr-100-bikes.png\",\"width\":707,\"height\":284,\"caption\":\"Gr-100\"},\"image\":{\"@id\":\"https:\/\/gr-100.com\/#\/schema\/logo\/image\/\"},\"sameAs\":[\"https:\/\/www.facebook.com\/Gr100Bikes\",\"https:\/\/www.instagram.com\/gr100bikes\/\",\"https:\/\/www.tiktok.com\/@gr100bikes\",\"https:\/\/twitter.com\/gr100mtbteam\",\"https:\/\/www.youtube.com\/c\/GR100Specialized\"]}]}<\/script>\n<!-- \/ Yoast SEO Premium plugin. -->","yoast_head_json":{"title":"Specialized Cuadro S-Works Tarmac SL8 Frameset LTD Parra (copia) GR-100","description":"Cada cuadro es \u00fanico, adhesivos hechos a mano siguiendo el dise\u00f1o del artista. Limitado a solo 200 unidades numeradas. S-Works FACT 12r Carbono","robots":{"index":"index","follow":"follow","max-snippet":"max-snippet:-1","max-image-preview":"max-image-preview:large","max-video-preview":"max-video-preview:-1"},"canonical":"https:\/\/gr-100.com\/pt-pt\/producto\/specialized-cuadro-s-works-tarmac-sl8-frameset-ltd-parra-copia\/","og_locale":"pt_PT","og_type":"article","og_title":"Specialized Cuadro S-Works Tarmac SL8 Frameset LTD Parra (copia)","og_description":"Cada cuadro es \u00fanico, adhesivos hechos a mano siguiendo el dise\u00f1o del artista. Limitado a solo 200 unidades numeradas. S-Works FACT 12r Carbono","og_url":"https:\/\/gr-100.com\/pt-pt\/producto\/specialized-cuadro-s-works-tarmac-sl8-frameset-ltd-parra-copia\/","og_site_name":"Gr-100 Tienda de ciclismo Specialized","article_publisher":"https:\/\/www.facebook.com\/Gr100Bikes","article_modified_time":"2026-03-05T10:09:34+00:00","og_image":[{"width":1000,"height":1000,"url":"https:\/\/gr-100.com\/wp-content\/uploads\/2026\/03\/S-Works-Tarmac-SL8-Frameset-LTD-Lucas-Beaufort.jpg","type":"image\/jpeg"}],"twitter_card":"summary_large_image","twitter_misc":{"Tempo estimado de leitura":"2 minutos"},"schema":{"@context":"https:\/\/schema.org","@graph":[{"@type":"WebPage","@id":"https:\/\/gr-100.com\/pt-pt\/producto\/specialized-cuadro-s-works-tarmac-sl8-frameset-ltd-parra-copia\/","url":"https:\/\/gr-100.com\/pt-pt\/producto\/specialized-cuadro-s-works-tarmac-sl8-frameset-ltd-parra-copia\/","name":"Specialized Cuadro S-Works Tarmac SL8 Frameset LTD Parra (copia) GR-100","isPartOf":{"@id":"https:\/\/gr-100.com\/#website"},"primaryImageOfPage":{"@id":"https:\/\/gr-100.com\/pt-pt\/producto\/specialized-cuadro-s-works-tarmac-sl8-frameset-ltd-parra-copia\/#primaryimage"},"image":{"@id":"https:\/\/gr-100.com\/pt-pt\/producto\/specialized-cuadro-s-works-tarmac-sl8-frameset-ltd-parra-copia\/#primaryimage"},"thumbnailUrl":"https:\/\/gr-100.com\/wp-content\/uploads\/2026\/03\/S-Works-Tarmac-SL8-Frameset-LTD-Lucas-Beaufort.jpg","datePublished":"2026-03-05T10:02:22+00:00","dateModified":"2026-03-05T10:09:34+00:00","description":"Cada cuadro es \u00fanico, adhesivos hechos a mano siguiendo el dise\u00f1o del artista. Limitado a solo 200 unidades numeradas. S-Works FACT 12r Carbono","breadcrumb":{"@id":"https:\/\/gr-100.com\/pt-pt\/producto\/specialized-cuadro-s-works-tarmac-sl8-frameset-ltd-parra-copia\/#breadcrumb"},"inLanguage":"pt-PT","potentialAction":[{"@type":"ReadAction","target":["https:\/\/gr-100.com\/pt-pt\/producto\/specialized-cuadro-s-works-tarmac-sl8-frameset-ltd-parra-copia\/"]}]},{"@type":"ImageObject","inLanguage":"pt-PT","@id":"https:\/\/gr-100.com\/pt-pt\/producto\/specialized-cuadro-s-works-tarmac-sl8-frameset-ltd-parra-copia\/#primaryimage","url":"https:\/\/gr-100.com\/wp-content\/uploads\/2026\/03\/S-Works-Tarmac-SL8-Frameset-LTD-Lucas-Beaufort.jpg","contentUrl":"https:\/\/gr-100.com\/wp-content\/uploads\/2026\/03\/S-Works-Tarmac-SL8-Frameset-LTD-Lucas-Beaufort.jpg","width":1000,"height":1000},{"@type":"BreadcrumbList","@id":"https:\/\/gr-100.com\/pt-pt\/producto\/specialized-cuadro-s-works-tarmac-sl8-frameset-ltd-parra-copia\/#breadcrumb","itemListElement":[{"@type":"ListItem","position":1,"name":"Portada","item":"https:\/\/gr-100.com\/en\/"},{"@type":"ListItem","position":2,"name":"Productos","item":"https:\/\/gr-100.com\/?post_type=product"},{"@type":"ListItem","position":3,"name":"Specialized Cuadro S-Works Tarmac SL8 Frameset LTD Parra (copia)"}]},{"@type":"WebSite","@id":"https:\/\/gr-100.com\/#website","url":"https:\/\/gr-100.com\/","name":"Gr-100 Tienda de ciclismo Specialized","description":"GR-100 tenemos todas las gamas de bicicletas Specialized al mejor precio.","publisher":{"@id":"https:\/\/gr-100.com\/#organization"},"alternateName":"Gr-100 Bikes","potentialAction":[{"@type":"SearchAction","target":{"@type":"EntryPoint","urlTemplate":"https:\/\/gr-100.com\/?s={search_term_string}"},"query-input":{"@type":"PropertyValueSpecification","valueRequired":true,"valueName":"search_term_string"}}],"inLanguage":"pt-PT"},{"@type":"Organization","@id":"https:\/\/gr-100.com\/#organization","name":"Gr-100","url":"https:\/\/gr-100.com\/","logo":{"@type":"ImageObject","inLanguage":"pt-PT","@id":"https:\/\/gr-100.com\/#\/schema\/logo\/image\/","url":"https:\/\/gr-100.com\/wp-content\/uploads\/2023\/08\/logo-gr-100-bikes.png","contentUrl":"https:\/\/gr-100.com\/wp-content\/uploads\/2023\/08\/logo-gr-100-bikes.png","width":707,"height":284,"caption":"Gr-100"},"image":{"@id":"https:\/\/gr-100.com\/#\/schema\/logo\/image\/"},"sameAs":["https:\/\/www.facebook.com\/Gr100Bikes","https:\/\/www.instagram.com\/gr100bikes\/","https:\/\/www.tiktok.com\/@gr100bikes","https:\/\/twitter.com\/gr100mtbteam","https:\/\/www.youtube.com\/c\/GR100Specialized"]}]}},"_links":{"self":[{"href":"https:\/\/gr-100.com\/pt-pt\/wp-json\/wp\/v2\/product\/443683","targetHints":{"allow":["GET"]}}],"collection":[{"href":"https:\/\/gr-100.com\/pt-pt\/wp-json\/wp\/v2\/product"}],"about":[{"href":"https:\/\/gr-100.com\/pt-pt\/wp-json\/wp\/v2\/types\/product"}],"replies":[{"embeddable":true,"href":"https:\/\/gr-100.com\/pt-pt\/wp-json\/wp\/v2\/comments?post=443683"}],"wp:featuredmedia":[{"embeddable":true,"href":"https:\/\/gr-100.com\/pt-pt\/wp-json\/wp\/v2\/media\/443705"}],"wp:attachment":[{"href":"https:\/\/gr-100.com\/pt-pt\/wp-json\/wp\/v2\/media?parent=443683"}],"wp:term":[{"taxonomy":"product_brand","embeddable":true,"href":"https:\/\/gr-100.com\/pt-pt\/wp-json\/wp\/v2\/product_brand?post=443683"},{"taxonomy":"product_cat","embeddable":true,"href":"https:\/\/gr-100.com\/pt-pt\/wp-json\/wp\/v2\/product_cat?post=443683"},{"taxonomy":"product_tag","embeddable":true,"href":"https:\/\/gr-100.com\/pt-pt\/wp-json\/wp\/v2\/product_tag?post=443683"}],"curies":[{"name":"wp","href":"https:\/\/api.w.org\/{rel}","templated":true}]}}