{"id":444620,"date":"2026-03-09T12:19:10","date_gmt":"2026-03-09T11:19:10","guid":{"rendered":"https:\/\/gr-100.com\/?post_type=product&#038;p=444620"},"modified":"2026-03-09T12:56:33","modified_gmt":"2026-03-09T11:56:33","slug":"guiador-cockpit-roval-control-riser-2027","status":"publish","type":"product","link":"https:\/\/gr-100.com\/pt-pt\/producto\/guiador-cockpit-roval-control-riser-2027\/","title":{"rendered":"Guiador Cockpit Roval Control Riser 2027"},"content":{"rendered":"<p>Especifica\u00e7\u00f5es t\u00e9cnicas<\/p>\n<ul>\n<li>Geral<br \/>\n<strong>Material:<\/strong> Fibra de carbono de alto m\u00f3dulo de qualidade superior<br \/>\n<strong>Peso:<\/strong> 250 g (em 50 mm x 780 mm de largura)<br \/>\n<strong>Utiliza\u00e7\u00e3o:<\/strong> XC, MTB Trail<br \/>\n<strong>Limite de peso:<\/strong> 125 kg \/ 275 lbs<br \/>\n<strong>Garantia:<\/strong> Garantia vital\u00edcia limitada<\/li>\n<li>Guiador<br \/>\n<strong>Inclina\u00e7\u00e3o para cima:<\/strong> 2 graus<br \/>\n<strong>Inclina\u00e7\u00e3o para tr\u00e1s:<\/strong> 8 graus<br \/>\n<strong>Largura total:<\/strong> 780 mm (inclui marca\u00e7\u00f5es de corte para personaliza\u00e7\u00e3o do ciclista)<br \/>\n<strong>Altura:<\/strong> +25 mm (com base num \u00e2ngulo do tubo da cabe\u00e7a de 65,5 graus)<\/li>\n<li>Power<br \/>\n<strong>Comprimento:<\/strong> 40 mm, 50 mm, 60 mm<br \/>\n<strong>Bin\u00e1rio de aperto:<\/strong> 5,0 Nm<\/li>\n<li>Extras<br \/>\n<strong>Acess\u00f3rios:<\/strong> Suporte do computador de bordo para a tampa da dire\u00e7\u00e3o<\/li>\n<\/ul>\n","protected":false},"excerpt":{"rendered":"<p>O Roval Control Riser Cockpit oferece precis\u00e3o leve e conformidade ajustada para os ciclistas modernos de XC e Trail. Fabricado em carbono de alto m\u00f3dulo de qualidade superior e pesando apenas 250 g, apresenta uma eleva\u00e7\u00e3o de 25 mm*, 780 mm de largura, 2\u00b0 de curvatura para cima e 8\u00b0 para tr\u00e1s, dispon\u00edvel em op\u00e7\u00f5es de avan\u00e7o elegantes e integradas de 40 mm, 50 mm e 60 mm. Com um limite de peso de 125 kg, largura cortada no comprimento, hardware de tit\u00e2nio e garantia vital\u00edcia, foi concebido para um controlo r\u00e1pido e fi\u00e1vel nos trilhos.<br \/>\nmedido a partir de um \u00e2ngulo de tubo de dire\u00e7\u00e3o de 65,5\u00b0 *medido a partir de um \u00e2ngulo de tubo de dire\u00e7\u00e3o de 65,5\u00b0.<\/p>\n","protected":false},"featured_media":444489,"comment_status":"closed","ping_status":"closed","template":"","meta":{"_acf_changed":false,"_et_pb_use_builder":"","_et_pb_old_content":"","_et_gb_content_width":"","inline_featured_image":false},"product_brand":[],"product_cat":[379,5146],"product_tag":[],"class_list":{"0":"post-444620","1":"product","2":"type-product","3":"status-publish","4":"has-post-thumbnail","6":"product_cat-componentes-pt-pt","7":"product_cat-guiador","8":"product_shipping_class-componentes-pt-pt","9":"pa_tamanos-40mmx780mm-25mm-pt-pt","10":"pa_tamanos-50mmx780mm-25mm-pt-pt","11":"pa_tamanos-60mmx780mm25mm-pt-pt","13":"first","14":"instock","15":"taxable","16":"shipping-taxable","17":"purchasable","18":"product-type-variable","19":"wvs-archive-product-wrapper"},"acf":[],"yoast_head":"<!-- This site is optimized with the Yoast SEO Premium plugin v26.7 (Yoast SEO v26.7) - https:\/\/yoast.com\/wordpress\/plugins\/seo\/ -->\n<title>Guiador Cockpit Roval Control Riser 2027 GR-100 Bicicletas<\/title>\n<meta name=\"description\" content=\"O Roval Control Riser Cockpit oferece-te uma precis\u00e3o leve e uma conformidade ajustada aos ciclistas modernos de XC e Trail.\" \/>\n<meta name=\"robots\" content=\"index, follow, max-snippet:-1, max-image-preview:large, max-video-preview:-1\" \/>\n<link rel=\"canonical\" href=\"https:\/\/gr-100.com\/pt-pt\/producto\/guiador-cockpit-roval-control-riser-2027\/\" \/>\n<meta property=\"og:locale\" content=\"pt_PT\" \/>\n<meta property=\"og:type\" content=\"article\" \/>\n<meta property=\"og:title\" content=\"Guiador Cockpit Roval Control Riser 2027\" \/>\n<meta property=\"og:description\" content=\"O Roval Control Riser Cockpit oferece-te uma precis\u00e3o leve e uma conformidade ajustada aos ciclistas modernos de XC e Trail.\" \/>\n<meta property=\"og:url\" content=\"https:\/\/gr-100.com\/pt-pt\/producto\/guiador-cockpit-roval-control-riser-2027\/\" \/>\n<meta property=\"og:site_name\" content=\"Gr-100 Tienda de ciclismo Specialized\" \/>\n<meta property=\"article:publisher\" content=\"https:\/\/www.facebook.com\/Gr100Bikes\" \/>\n<meta property=\"article:modified_time\" content=\"2026-03-09T11:56:33+00:00\" \/>\n<meta property=\"og:image\" content=\"https:\/\/gr-100.com\/wp-content\/uploads\/2026\/03\/Manillar-Cockpit-Roval-Control-Riser.jpg\" \/>\n\t<meta property=\"og:image:width\" content=\"1000\" \/>\n\t<meta property=\"og:image:height\" content=\"1000\" \/>\n\t<meta property=\"og:image:type\" content=\"image\/jpeg\" \/>\n<meta name=\"twitter:card\" content=\"summary_large_image\" \/>\n<meta name=\"twitter:label1\" content=\"Tempo estimado de leitura\" \/>\n\t<meta name=\"twitter:data1\" content=\"1 minuto\" \/>\n<script type=\"application\/ld+json\" class=\"yoast-schema-graph\">{\"@context\":\"https:\/\/schema.org\",\"@graph\":[{\"@type\":\"WebPage\",\"@id\":\"https:\/\/gr-100.com\/pt-pt\/producto\/guiador-cockpit-roval-control-riser-2027\/\",\"url\":\"https:\/\/gr-100.com\/pt-pt\/producto\/guiador-cockpit-roval-control-riser-2027\/\",\"name\":\"Guiador Cockpit Roval Control Riser 2027 GR-100 Bicicletas\",\"isPartOf\":{\"@id\":\"https:\/\/gr-100.com\/#website\"},\"primaryImageOfPage\":{\"@id\":\"https:\/\/gr-100.com\/pt-pt\/producto\/guiador-cockpit-roval-control-riser-2027\/#primaryimage\"},\"image\":{\"@id\":\"https:\/\/gr-100.com\/pt-pt\/producto\/guiador-cockpit-roval-control-riser-2027\/#primaryimage\"},\"thumbnailUrl\":\"https:\/\/gr-100.com\/wp-content\/uploads\/2026\/03\/Manillar-Cockpit-Roval-Control-Riser.jpg\",\"datePublished\":\"2026-03-09T11:19:10+00:00\",\"dateModified\":\"2026-03-09T11:56:33+00:00\",\"description\":\"O Roval Control Riser Cockpit oferece-te uma precis\u00e3o leve e uma conformidade ajustada aos ciclistas modernos de XC e Trail.\",\"breadcrumb\":{\"@id\":\"https:\/\/gr-100.com\/pt-pt\/producto\/guiador-cockpit-roval-control-riser-2027\/#breadcrumb\"},\"inLanguage\":\"pt-PT\",\"potentialAction\":[{\"@type\":\"ReadAction\",\"target\":[\"https:\/\/gr-100.com\/pt-pt\/producto\/guiador-cockpit-roval-control-riser-2027\/\"]}]},{\"@type\":\"ImageObject\",\"inLanguage\":\"pt-PT\",\"@id\":\"https:\/\/gr-100.com\/pt-pt\/producto\/guiador-cockpit-roval-control-riser-2027\/#primaryimage\",\"url\":\"https:\/\/gr-100.com\/wp-content\/uploads\/2026\/03\/Manillar-Cockpit-Roval-Control-Riser.jpg\",\"contentUrl\":\"https:\/\/gr-100.com\/wp-content\/uploads\/2026\/03\/Manillar-Cockpit-Roval-Control-Riser.jpg\",\"width\":1000,\"height\":1000},{\"@type\":\"BreadcrumbList\",\"@id\":\"https:\/\/gr-100.com\/pt-pt\/producto\/guiador-cockpit-roval-control-riser-2027\/#breadcrumb\",\"itemListElement\":[{\"@type\":\"ListItem\",\"position\":1,\"name\":\"Portada\",\"item\":\"https:\/\/gr-100.com\/en\/\"},{\"@type\":\"ListItem\",\"position\":2,\"name\":\"Productos\",\"item\":\"https:\/\/gr-100.com\/?post_type=product\"},{\"@type\":\"ListItem\",\"position\":3,\"name\":\"Guiador Cockpit Roval Control Riser 2027\"}]},{\"@type\":\"WebSite\",\"@id\":\"https:\/\/gr-100.com\/#website\",\"url\":\"https:\/\/gr-100.com\/\",\"name\":\"Gr-100 Tienda de ciclismo Specialized\",\"description\":\"GR-100 tenemos todas las gamas de bicicletas Specialized al mejor precio.\",\"publisher\":{\"@id\":\"https:\/\/gr-100.com\/#organization\"},\"alternateName\":\"Gr-100 Bikes\",\"potentialAction\":[{\"@type\":\"SearchAction\",\"target\":{\"@type\":\"EntryPoint\",\"urlTemplate\":\"https:\/\/gr-100.com\/?s={search_term_string}\"},\"query-input\":{\"@type\":\"PropertyValueSpecification\",\"valueRequired\":true,\"valueName\":\"search_term_string\"}}],\"inLanguage\":\"pt-PT\"},{\"@type\":\"Organization\",\"@id\":\"https:\/\/gr-100.com\/#organization\",\"name\":\"Gr-100\",\"url\":\"https:\/\/gr-100.com\/\",\"logo\":{\"@type\":\"ImageObject\",\"inLanguage\":\"pt-PT\",\"@id\":\"https:\/\/gr-100.com\/#\/schema\/logo\/image\/\",\"url\":\"https:\/\/gr-100.com\/wp-content\/uploads\/2023\/08\/logo-gr-100-bikes.png\",\"contentUrl\":\"https:\/\/gr-100.com\/wp-content\/uploads\/2023\/08\/logo-gr-100-bikes.png\",\"width\":707,\"height\":284,\"caption\":\"Gr-100\"},\"image\":{\"@id\":\"https:\/\/gr-100.com\/#\/schema\/logo\/image\/\"},\"sameAs\":[\"https:\/\/www.facebook.com\/Gr100Bikes\",\"https:\/\/www.instagram.com\/gr100bikes\/\",\"https:\/\/www.tiktok.com\/@gr100bikes\",\"https:\/\/twitter.com\/gr100mtbteam\",\"https:\/\/www.youtube.com\/c\/GR100Specialized\"]}]}<\/script>\n<!-- \/ Yoast SEO Premium plugin. -->","yoast_head_json":{"title":"Guiador Cockpit Roval Control Riser 2027 GR-100 Bicicletas","description":"O Roval Control Riser Cockpit oferece-te uma precis\u00e3o leve e uma conformidade ajustada aos ciclistas modernos de XC e Trail.","robots":{"index":"index","follow":"follow","max-snippet":"max-snippet:-1","max-image-preview":"max-image-preview:large","max-video-preview":"max-video-preview:-1"},"canonical":"https:\/\/gr-100.com\/pt-pt\/producto\/guiador-cockpit-roval-control-riser-2027\/","og_locale":"pt_PT","og_type":"article","og_title":"Guiador Cockpit Roval Control Riser 2027","og_description":"O Roval Control Riser Cockpit oferece-te uma precis\u00e3o leve e uma conformidade ajustada aos ciclistas modernos de XC e Trail.","og_url":"https:\/\/gr-100.com\/pt-pt\/producto\/guiador-cockpit-roval-control-riser-2027\/","og_site_name":"Gr-100 Tienda de ciclismo Specialized","article_publisher":"https:\/\/www.facebook.com\/Gr100Bikes","article_modified_time":"2026-03-09T11:56:33+00:00","og_image":[{"width":1000,"height":1000,"url":"https:\/\/gr-100.com\/wp-content\/uploads\/2026\/03\/Manillar-Cockpit-Roval-Control-Riser.jpg","type":"image\/jpeg"}],"twitter_card":"summary_large_image","twitter_misc":{"Tempo estimado de leitura":"1 minuto"},"schema":{"@context":"https:\/\/schema.org","@graph":[{"@type":"WebPage","@id":"https:\/\/gr-100.com\/pt-pt\/producto\/guiador-cockpit-roval-control-riser-2027\/","url":"https:\/\/gr-100.com\/pt-pt\/producto\/guiador-cockpit-roval-control-riser-2027\/","name":"Guiador Cockpit Roval Control Riser 2027 GR-100 Bicicletas","isPartOf":{"@id":"https:\/\/gr-100.com\/#website"},"primaryImageOfPage":{"@id":"https:\/\/gr-100.com\/pt-pt\/producto\/guiador-cockpit-roval-control-riser-2027\/#primaryimage"},"image":{"@id":"https:\/\/gr-100.com\/pt-pt\/producto\/guiador-cockpit-roval-control-riser-2027\/#primaryimage"},"thumbnailUrl":"https:\/\/gr-100.com\/wp-content\/uploads\/2026\/03\/Manillar-Cockpit-Roval-Control-Riser.jpg","datePublished":"2026-03-09T11:19:10+00:00","dateModified":"2026-03-09T11:56:33+00:00","description":"O Roval Control Riser Cockpit oferece-te uma precis\u00e3o leve e uma conformidade ajustada aos ciclistas modernos de XC e Trail.","breadcrumb":{"@id":"https:\/\/gr-100.com\/pt-pt\/producto\/guiador-cockpit-roval-control-riser-2027\/#breadcrumb"},"inLanguage":"pt-PT","potentialAction":[{"@type":"ReadAction","target":["https:\/\/gr-100.com\/pt-pt\/producto\/guiador-cockpit-roval-control-riser-2027\/"]}]},{"@type":"ImageObject","inLanguage":"pt-PT","@id":"https:\/\/gr-100.com\/pt-pt\/producto\/guiador-cockpit-roval-control-riser-2027\/#primaryimage","url":"https:\/\/gr-100.com\/wp-content\/uploads\/2026\/03\/Manillar-Cockpit-Roval-Control-Riser.jpg","contentUrl":"https:\/\/gr-100.com\/wp-content\/uploads\/2026\/03\/Manillar-Cockpit-Roval-Control-Riser.jpg","width":1000,"height":1000},{"@type":"BreadcrumbList","@id":"https:\/\/gr-100.com\/pt-pt\/producto\/guiador-cockpit-roval-control-riser-2027\/#breadcrumb","itemListElement":[{"@type":"ListItem","position":1,"name":"Portada","item":"https:\/\/gr-100.com\/en\/"},{"@type":"ListItem","position":2,"name":"Productos","item":"https:\/\/gr-100.com\/?post_type=product"},{"@type":"ListItem","position":3,"name":"Guiador Cockpit Roval Control Riser 2027"}]},{"@type":"WebSite","@id":"https:\/\/gr-100.com\/#website","url":"https:\/\/gr-100.com\/","name":"Gr-100 Tienda de ciclismo Specialized","description":"GR-100 tenemos todas las gamas de bicicletas Specialized al mejor precio.","publisher":{"@id":"https:\/\/gr-100.com\/#organization"},"alternateName":"Gr-100 Bikes","potentialAction":[{"@type":"SearchAction","target":{"@type":"EntryPoint","urlTemplate":"https:\/\/gr-100.com\/?s={search_term_string}"},"query-input":{"@type":"PropertyValueSpecification","valueRequired":true,"valueName":"search_term_string"}}],"inLanguage":"pt-PT"},{"@type":"Organization","@id":"https:\/\/gr-100.com\/#organization","name":"Gr-100","url":"https:\/\/gr-100.com\/","logo":{"@type":"ImageObject","inLanguage":"pt-PT","@id":"https:\/\/gr-100.com\/#\/schema\/logo\/image\/","url":"https:\/\/gr-100.com\/wp-content\/uploads\/2023\/08\/logo-gr-100-bikes.png","contentUrl":"https:\/\/gr-100.com\/wp-content\/uploads\/2023\/08\/logo-gr-100-bikes.png","width":707,"height":284,"caption":"Gr-100"},"image":{"@id":"https:\/\/gr-100.com\/#\/schema\/logo\/image\/"},"sameAs":["https:\/\/www.facebook.com\/Gr100Bikes","https:\/\/www.instagram.com\/gr100bikes\/","https:\/\/www.tiktok.com\/@gr100bikes","https:\/\/twitter.com\/gr100mtbteam","https:\/\/www.youtube.com\/c\/GR100Specialized"]}]}},"_links":{"self":[{"href":"https:\/\/gr-100.com\/pt-pt\/wp-json\/wp\/v2\/product\/444620","targetHints":{"allow":["GET"]}}],"collection":[{"href":"https:\/\/gr-100.com\/pt-pt\/wp-json\/wp\/v2\/product"}],"about":[{"href":"https:\/\/gr-100.com\/pt-pt\/wp-json\/wp\/v2\/types\/product"}],"replies":[{"embeddable":true,"href":"https:\/\/gr-100.com\/pt-pt\/wp-json\/wp\/v2\/comments?post=444620"}],"wp:featuredmedia":[{"embeddable":true,"href":"https:\/\/gr-100.com\/pt-pt\/wp-json\/wp\/v2\/media\/444489"}],"wp:attachment":[{"href":"https:\/\/gr-100.com\/pt-pt\/wp-json\/wp\/v2\/media?parent=444620"}],"wp:term":[{"taxonomy":"product_brand","embeddable":true,"href":"https:\/\/gr-100.com\/pt-pt\/wp-json\/wp\/v2\/product_brand?post=444620"},{"taxonomy":"product_cat","embeddable":true,"href":"https:\/\/gr-100.com\/pt-pt\/wp-json\/wp\/v2\/product_cat?post=444620"},{"taxonomy":"product_tag","embeddable":true,"href":"https:\/\/gr-100.com\/pt-pt\/wp-json\/wp\/v2\/product_tag?post=444620"}],"curies":[{"name":"wp","href":"https:\/\/api.w.org\/{rel}","templated":true}]}}