{"id":444685,"date":"2026-03-09T18:02:09","date_gmt":"2026-03-09T17:02:09","guid":{"rendered":"https:\/\/gr-100.com\/?post_type=product&#038;p=444685"},"modified":"2026-03-09T18:17:56","modified_gmt":"2026-03-09T17:17:56","slug":"guiador-cockpit-roval-control-riser-2027-copia","status":"publish","type":"product","link":"https:\/\/gr-100.com\/pt-pt\/producto\/guiador-cockpit-roval-control-riser-2027-copia\/","title":{"rendered":"Horquilla RockShox SID SL Ultimate BRAIN 100MM x 44MM"},"content":{"rendered":"<p>Especifica\u00e7\u00f5es t\u00e9cnicas<\/p>\n<ul>\n<li>\n<div class=\"LegacyView__Html\">Para ahorrar a\u00fan m\u00e1s peso y aumentar la rigidez.<\/div>\n<div class=\"bulletPoints_Wrapper\">\n<ul class=\"bullet_points\">\n<li class=\"bullet_item\">El nuevo dial Position-Sensitive proporciona un mejora en la plataforma de pedaleo.<\/li>\n<li class=\"bullet_item\">La nueva horquilla SID SL Ultimate presenta mayor rigidez, menor peso y fricci\u00f3n.<\/li>\n<li class=\"bullet_item\">Tapa torque compatible para una interfaz r\u00edgida de puntera\/buje.<\/li>\n<li class=\"bullet_item\">100 mm de recorrido, 44 mm offset, espacio 110 mm x 15 mm.<\/li>\n<\/ul>\n<\/div>\n<\/li>\n<\/ul>\n","protected":false},"excerpt":{"rendered":"<p>La RockShox SID SL Ultimate BRAIN incorpora una v\u00e1lvula de inercia Brain personalizada para competici\u00f3n con tecnolog\u00eda Position-Sensitive dentro de la horquilla RockShox SID SL. La nueva tecnolog\u00eda Brain Position-Sensitive Brain proporciona una plataforma de pedaleo m\u00e1s estable al tiempo que mantiene el rendimiento en peque\u00f1os impactos junto gracias al equilibrio de la horquilla, lo que lo convierte en el BRAIN m\u00e1s eficiente hasta el momento. La tecnolog\u00eda sensible a la posici\u00f3n permite a los ciclistas un sag de 15 mm para obtener una conducci\u00f3n equilibrada, proporcionando un rendimiento flexible a los impactos peque\u00f1os y una plataforma de pedaleo firme sin la necesidad de un bloqueo remoto o el uso de palancas. Las nuevas horquillas SID SL Ultimate cuentan con una corona de aluminio mecanizada   <\/p>\n","protected":false},"featured_media":444691,"comment_status":"closed","ping_status":"closed","template":"","meta":{"_acf_changed":false,"_et_pb_use_builder":"","_et_pb_old_content":"","_et_gb_content_width":"","inline_featured_image":false},"product_brand":[],"product_cat":[379,389],"product_tag":[],"class_list":{"0":"post-444685","1":"product","2":"type-product","3":"status-publish","4":"has-post-thumbnail","6":"product_cat-componentes-pt-pt","7":"product_cat-suspensao","8":"product_shipping_class-componentes-pt-pt","10":"first","11":"instock","12":"sale","13":"taxable","14":"shipping-taxable","15":"purchasable","16":"product-type-simple"},"acf":[],"yoast_head":"<!-- This site is optimized with the Yoast SEO Premium plugin v26.7 (Yoast SEO v26.7) - https:\/\/yoast.com\/wordpress\/plugins\/seo\/ -->\n<title>Horquilla RockShox SID SL Ultimate BRAIN 100MM x 44MM GR-100 Bicicletas<\/title>\n<meta name=\"description\" content=\"Incorpora una v\u00e1lvula de inercia Brain personalizada para competici\u00f3n con tecnolog\u00eda Position-Sensitive dentro de la horquilla RockShox SID SL\" \/>\n<meta name=\"robots\" content=\"index, follow, max-snippet:-1, max-image-preview:large, max-video-preview:-1\" \/>\n<link rel=\"canonical\" href=\"https:\/\/gr-100.com\/pt-pt\/producto\/guiador-cockpit-roval-control-riser-2027-copia\/\" \/>\n<meta property=\"og:locale\" content=\"pt_PT\" \/>\n<meta property=\"og:type\" content=\"article\" \/>\n<meta property=\"og:title\" content=\"Horquilla RockShox SID SL Ultimate BRAIN 100MM x 44MM\" \/>\n<meta property=\"og:description\" content=\"Incorpora una v\u00e1lvula de inercia Brain personalizada para competici\u00f3n con tecnolog\u00eda Position-Sensitive dentro de la horquilla RockShox SID SL\" \/>\n<meta property=\"og:url\" content=\"https:\/\/gr-100.com\/pt-pt\/producto\/guiador-cockpit-roval-control-riser-2027-copia\/\" \/>\n<meta property=\"og:site_name\" content=\"Gr-100 Tienda de ciclismo Specialized\" \/>\n<meta property=\"article:publisher\" content=\"https:\/\/www.facebook.com\/Gr100Bikes\" \/>\n<meta property=\"article:modified_time\" content=\"2026-03-09T17:17:56+00:00\" \/>\n<meta property=\"og:image\" content=\"https:\/\/gr-100.com\/wp-content\/uploads\/2026\/03\/horquilla-RockShox-SID-SL-Ultimate-BRAIN.jpg\" \/>\n\t<meta property=\"og:image:width\" content=\"1000\" \/>\n\t<meta property=\"og:image:height\" content=\"1000\" \/>\n\t<meta property=\"og:image:type\" content=\"image\/jpeg\" \/>\n<meta name=\"twitter:card\" content=\"summary_large_image\" \/>\n<script type=\"application\/ld+json\" class=\"yoast-schema-graph\">{\"@context\":\"https:\/\/schema.org\",\"@graph\":[{\"@type\":\"WebPage\",\"@id\":\"https:\/\/gr-100.com\/pt-pt\/producto\/guiador-cockpit-roval-control-riser-2027-copia\/\",\"url\":\"https:\/\/gr-100.com\/pt-pt\/producto\/guiador-cockpit-roval-control-riser-2027-copia\/\",\"name\":\"Horquilla RockShox SID SL Ultimate BRAIN 100MM x 44MM GR-100 Bicicletas\",\"isPartOf\":{\"@id\":\"https:\/\/gr-100.com\/#website\"},\"primaryImageOfPage\":{\"@id\":\"https:\/\/gr-100.com\/pt-pt\/producto\/guiador-cockpit-roval-control-riser-2027-copia\/#primaryimage\"},\"image\":{\"@id\":\"https:\/\/gr-100.com\/pt-pt\/producto\/guiador-cockpit-roval-control-riser-2027-copia\/#primaryimage\"},\"thumbnailUrl\":\"https:\/\/gr-100.com\/wp-content\/uploads\/2026\/03\/horquilla-RockShox-SID-SL-Ultimate-BRAIN.jpg\",\"datePublished\":\"2026-03-09T17:02:09+00:00\",\"dateModified\":\"2026-03-09T17:17:56+00:00\",\"description\":\"Incorpora una v\u00e1lvula de inercia Brain personalizada para competici\u00f3n con tecnolog\u00eda Position-Sensitive dentro de la horquilla RockShox SID SL\",\"breadcrumb\":{\"@id\":\"https:\/\/gr-100.com\/pt-pt\/producto\/guiador-cockpit-roval-control-riser-2027-copia\/#breadcrumb\"},\"inLanguage\":\"pt-PT\",\"potentialAction\":[{\"@type\":\"ReadAction\",\"target\":[\"https:\/\/gr-100.com\/pt-pt\/producto\/guiador-cockpit-roval-control-riser-2027-copia\/\"]}]},{\"@type\":\"ImageObject\",\"inLanguage\":\"pt-PT\",\"@id\":\"https:\/\/gr-100.com\/pt-pt\/producto\/guiador-cockpit-roval-control-riser-2027-copia\/#primaryimage\",\"url\":\"https:\/\/gr-100.com\/wp-content\/uploads\/2026\/03\/horquilla-RockShox-SID-SL-Ultimate-BRAIN.jpg\",\"contentUrl\":\"https:\/\/gr-100.com\/wp-content\/uploads\/2026\/03\/horquilla-RockShox-SID-SL-Ultimate-BRAIN.jpg\",\"width\":1000,\"height\":1000},{\"@type\":\"BreadcrumbList\",\"@id\":\"https:\/\/gr-100.com\/pt-pt\/producto\/guiador-cockpit-roval-control-riser-2027-copia\/#breadcrumb\",\"itemListElement\":[{\"@type\":\"ListItem\",\"position\":1,\"name\":\"Portada\",\"item\":\"https:\/\/gr-100.com\/en\/\"},{\"@type\":\"ListItem\",\"position\":2,\"name\":\"Productos\",\"item\":\"https:\/\/gr-100.com\/?post_type=product\"},{\"@type\":\"ListItem\",\"position\":3,\"name\":\"Horquilla RockShox SID SL Ultimate BRAIN 100MM x 44MM\"}]},{\"@type\":\"WebSite\",\"@id\":\"https:\/\/gr-100.com\/#website\",\"url\":\"https:\/\/gr-100.com\/\",\"name\":\"Gr-100 Tienda de ciclismo Specialized\",\"description\":\"GR-100 tenemos todas las gamas de bicicletas Specialized al mejor precio.\",\"publisher\":{\"@id\":\"https:\/\/gr-100.com\/#organization\"},\"alternateName\":\"Gr-100 Bikes\",\"potentialAction\":[{\"@type\":\"SearchAction\",\"target\":{\"@type\":\"EntryPoint\",\"urlTemplate\":\"https:\/\/gr-100.com\/?s={search_term_string}\"},\"query-input\":{\"@type\":\"PropertyValueSpecification\",\"valueRequired\":true,\"valueName\":\"search_term_string\"}}],\"inLanguage\":\"pt-PT\"},{\"@type\":\"Organization\",\"@id\":\"https:\/\/gr-100.com\/#organization\",\"name\":\"Gr-100\",\"url\":\"https:\/\/gr-100.com\/\",\"logo\":{\"@type\":\"ImageObject\",\"inLanguage\":\"pt-PT\",\"@id\":\"https:\/\/gr-100.com\/#\/schema\/logo\/image\/\",\"url\":\"https:\/\/gr-100.com\/wp-content\/uploads\/2023\/08\/logo-gr-100-bikes.png\",\"contentUrl\":\"https:\/\/gr-100.com\/wp-content\/uploads\/2023\/08\/logo-gr-100-bikes.png\",\"width\":707,\"height\":284,\"caption\":\"Gr-100\"},\"image\":{\"@id\":\"https:\/\/gr-100.com\/#\/schema\/logo\/image\/\"},\"sameAs\":[\"https:\/\/www.facebook.com\/Gr100Bikes\",\"https:\/\/www.instagram.com\/gr100bikes\/\",\"https:\/\/www.tiktok.com\/@gr100bikes\",\"https:\/\/twitter.com\/gr100mtbteam\",\"https:\/\/www.youtube.com\/c\/GR100Specialized\"]}]}<\/script>\n<!-- \/ Yoast SEO Premium plugin. -->","yoast_head_json":{"title":"Horquilla RockShox SID SL Ultimate BRAIN 100MM x 44MM GR-100 Bicicletas","description":"Incorpora una v\u00e1lvula de inercia Brain personalizada para competici\u00f3n con tecnolog\u00eda Position-Sensitive dentro de la horquilla RockShox SID SL","robots":{"index":"index","follow":"follow","max-snippet":"max-snippet:-1","max-image-preview":"max-image-preview:large","max-video-preview":"max-video-preview:-1"},"canonical":"https:\/\/gr-100.com\/pt-pt\/producto\/guiador-cockpit-roval-control-riser-2027-copia\/","og_locale":"pt_PT","og_type":"article","og_title":"Horquilla RockShox SID SL Ultimate BRAIN 100MM x 44MM","og_description":"Incorpora una v\u00e1lvula de inercia Brain personalizada para competici\u00f3n con tecnolog\u00eda Position-Sensitive dentro de la horquilla RockShox SID SL","og_url":"https:\/\/gr-100.com\/pt-pt\/producto\/guiador-cockpit-roval-control-riser-2027-copia\/","og_site_name":"Gr-100 Tienda de ciclismo Specialized","article_publisher":"https:\/\/www.facebook.com\/Gr100Bikes","article_modified_time":"2026-03-09T17:17:56+00:00","og_image":[{"width":1000,"height":1000,"url":"https:\/\/gr-100.com\/wp-content\/uploads\/2026\/03\/horquilla-RockShox-SID-SL-Ultimate-BRAIN.jpg","type":"image\/jpeg"}],"twitter_card":"summary_large_image","schema":{"@context":"https:\/\/schema.org","@graph":[{"@type":"WebPage","@id":"https:\/\/gr-100.com\/pt-pt\/producto\/guiador-cockpit-roval-control-riser-2027-copia\/","url":"https:\/\/gr-100.com\/pt-pt\/producto\/guiador-cockpit-roval-control-riser-2027-copia\/","name":"Horquilla RockShox SID SL Ultimate BRAIN 100MM x 44MM GR-100 Bicicletas","isPartOf":{"@id":"https:\/\/gr-100.com\/#website"},"primaryImageOfPage":{"@id":"https:\/\/gr-100.com\/pt-pt\/producto\/guiador-cockpit-roval-control-riser-2027-copia\/#primaryimage"},"image":{"@id":"https:\/\/gr-100.com\/pt-pt\/producto\/guiador-cockpit-roval-control-riser-2027-copia\/#primaryimage"},"thumbnailUrl":"https:\/\/gr-100.com\/wp-content\/uploads\/2026\/03\/horquilla-RockShox-SID-SL-Ultimate-BRAIN.jpg","datePublished":"2026-03-09T17:02:09+00:00","dateModified":"2026-03-09T17:17:56+00:00","description":"Incorpora una v\u00e1lvula de inercia Brain personalizada para competici\u00f3n con tecnolog\u00eda Position-Sensitive dentro de la horquilla RockShox SID SL","breadcrumb":{"@id":"https:\/\/gr-100.com\/pt-pt\/producto\/guiador-cockpit-roval-control-riser-2027-copia\/#breadcrumb"},"inLanguage":"pt-PT","potentialAction":[{"@type":"ReadAction","target":["https:\/\/gr-100.com\/pt-pt\/producto\/guiador-cockpit-roval-control-riser-2027-copia\/"]}]},{"@type":"ImageObject","inLanguage":"pt-PT","@id":"https:\/\/gr-100.com\/pt-pt\/producto\/guiador-cockpit-roval-control-riser-2027-copia\/#primaryimage","url":"https:\/\/gr-100.com\/wp-content\/uploads\/2026\/03\/horquilla-RockShox-SID-SL-Ultimate-BRAIN.jpg","contentUrl":"https:\/\/gr-100.com\/wp-content\/uploads\/2026\/03\/horquilla-RockShox-SID-SL-Ultimate-BRAIN.jpg","width":1000,"height":1000},{"@type":"BreadcrumbList","@id":"https:\/\/gr-100.com\/pt-pt\/producto\/guiador-cockpit-roval-control-riser-2027-copia\/#breadcrumb","itemListElement":[{"@type":"ListItem","position":1,"name":"Portada","item":"https:\/\/gr-100.com\/en\/"},{"@type":"ListItem","position":2,"name":"Productos","item":"https:\/\/gr-100.com\/?post_type=product"},{"@type":"ListItem","position":3,"name":"Horquilla RockShox SID SL Ultimate BRAIN 100MM x 44MM"}]},{"@type":"WebSite","@id":"https:\/\/gr-100.com\/#website","url":"https:\/\/gr-100.com\/","name":"Gr-100 Tienda de ciclismo Specialized","description":"GR-100 tenemos todas las gamas de bicicletas Specialized al mejor precio.","publisher":{"@id":"https:\/\/gr-100.com\/#organization"},"alternateName":"Gr-100 Bikes","potentialAction":[{"@type":"SearchAction","target":{"@type":"EntryPoint","urlTemplate":"https:\/\/gr-100.com\/?s={search_term_string}"},"query-input":{"@type":"PropertyValueSpecification","valueRequired":true,"valueName":"search_term_string"}}],"inLanguage":"pt-PT"},{"@type":"Organization","@id":"https:\/\/gr-100.com\/#organization","name":"Gr-100","url":"https:\/\/gr-100.com\/","logo":{"@type":"ImageObject","inLanguage":"pt-PT","@id":"https:\/\/gr-100.com\/#\/schema\/logo\/image\/","url":"https:\/\/gr-100.com\/wp-content\/uploads\/2023\/08\/logo-gr-100-bikes.png","contentUrl":"https:\/\/gr-100.com\/wp-content\/uploads\/2023\/08\/logo-gr-100-bikes.png","width":707,"height":284,"caption":"Gr-100"},"image":{"@id":"https:\/\/gr-100.com\/#\/schema\/logo\/image\/"},"sameAs":["https:\/\/www.facebook.com\/Gr100Bikes","https:\/\/www.instagram.com\/gr100bikes\/","https:\/\/www.tiktok.com\/@gr100bikes","https:\/\/twitter.com\/gr100mtbteam","https:\/\/www.youtube.com\/c\/GR100Specialized"]}]}},"_links":{"self":[{"href":"https:\/\/gr-100.com\/pt-pt\/wp-json\/wp\/v2\/product\/444685","targetHints":{"allow":["GET"]}}],"collection":[{"href":"https:\/\/gr-100.com\/pt-pt\/wp-json\/wp\/v2\/product"}],"about":[{"href":"https:\/\/gr-100.com\/pt-pt\/wp-json\/wp\/v2\/types\/product"}],"replies":[{"embeddable":true,"href":"https:\/\/gr-100.com\/pt-pt\/wp-json\/wp\/v2\/comments?post=444685"}],"wp:featuredmedia":[{"embeddable":true,"href":"https:\/\/gr-100.com\/pt-pt\/wp-json\/wp\/v2\/media\/444691"}],"wp:attachment":[{"href":"https:\/\/gr-100.com\/pt-pt\/wp-json\/wp\/v2\/media?parent=444685"}],"wp:term":[{"taxonomy":"product_brand","embeddable":true,"href":"https:\/\/gr-100.com\/pt-pt\/wp-json\/wp\/v2\/product_brand?post=444685"},{"taxonomy":"product_cat","embeddable":true,"href":"https:\/\/gr-100.com\/pt-pt\/wp-json\/wp\/v2\/product_cat?post=444685"},{"taxonomy":"product_tag","embeddable":true,"href":"https:\/\/gr-100.com\/pt-pt\/wp-json\/wp\/v2\/product_tag?post=444685"}],"curies":[{"name":"wp","href":"https:\/\/api.w.org\/{rel}","templated":true}]}}