{"id":446390,"date":"2026-03-11T13:03:33","date_gmt":"2026-03-11T12:03:33","guid":{"rendered":"https:\/\/gr-100.com\/?post_type=product&#038;p=446390"},"modified":"2026-03-11T13:03:33","modified_gmt":"2026-03-11T12:03:33","slug":"specialized-neumatico-roadsport-wirebead-reflect-carretera-2026","status":"publish","type":"product","link":"https:\/\/gr-100.com\/pt-pt\/producto\/specialized-neumatico-roadsport-wirebead-reflect-carretera-2026\/","title":{"rendered":"Specialized Neum\u00e1tico Roadsport Wirebead Reflect Carretera 2026"},"content":{"rendered":"<ul>\n<li>Neum\u00e1tico Roadsport Reflective<br \/>\nEl Roadsport incorpora uno de los dise\u00f1os de banda de rodadura m\u00e1s cl\u00e1sicos y vers\u00e1tiles, combinado con una carcasa de alta calidad con protecci\u00f3n antipinchazos de tal\u00f3n a tal\u00f3n. Ofrece una excelente combinaci\u00f3n de velocidad, agarre y durabilidad, todo en un neum\u00e1tico ligero y resistente.<br \/>\nSu compuesto de goma de larga duraci\u00f3n y gran agarre proporciona un manejo seguro y predecible en diferentes condiciones.<br \/>\nEste modelo incluye una banda reflectante en el lateral, que mejora la visibilidad en condiciones de poca luz, aumentando la seguridad.<br \/>\nCaracter\u00edsticas:<br \/>\nTal\u00f3n: Alambre<br \/>\nProtecci\u00f3n antipinchazos: De tal\u00f3n a tal\u00f3n<br \/>\nBanda lateral reflectante para mayor visibilidad<br \/>\nBuen equilibrio entre rendimiento, agarre y durabilidad<br \/>\nMedidas disponibles:<\/li>\n<li>700 x 32 mm \u2014 85-95 psi \u2014 peso aprox. 470 g<\/li>\n<li>700 x 35 mm \u2014 50-80 psi \u2014 peso aprox. 490 g<\/li>\n<\/ul>\n","protected":false},"excerpt":{"rendered":"<p>Neum\u00e1tico que incorpora uno de los dise\u00f1os de banda de rodadura m\u00e1s cl\u00e1sicos y vers\u00e1tiles, combinado con una carcasa de alta calidad con protecci\u00f3n antipinchazos de tal\u00f3n a tal\u00f3n. Ofrece una excelente combinaci\u00f3n de velocidad, agarre y durabilidad, todo en un neum\u00e1tico ligero y resistente.<\/p>\n","protected":false},"featured_media":446391,"comment_status":"open","ping_status":"closed","template":"","meta":{"_acf_changed":false,"_et_pb_use_builder":"","_et_pb_old_content":"","_et_gb_content_width":"","inline_featured_image":false},"product_brand":[],"product_cat":[25,45],"product_tag":[],"class_list":{"0":"post-446390","1":"product","2":"type-product","3":"status-publish","4":"has-post-thumbnail","6":"product_cat-componentes","7":"product_cat-cubiertas-y-camaras","8":"pa_tamanos-700x32","9":"pa_tamanos-700x35","11":"first","12":"instock","13":"taxable","14":"shipping-taxable","15":"purchasable","16":"product-type-variable","17":"wvs-archive-product-wrapper"},"acf":[],"yoast_head":"<!-- This site is optimized with the Yoast SEO Premium plugin v26.7 (Yoast SEO v26.7) - https:\/\/yoast.com\/wordpress\/plugins\/seo\/ -->\n<title>Specialized Neum\u00e1tico Roadsport Wirebead Reflect Carretera 2026<\/title>\n<meta name=\"description\" content=\"Neum\u00e1tico que incorpora uno de los dise\u00f1os de banda de rodadura m\u00e1s cl\u00e1sicos y vers\u00e1tiles, combinado con una carcasa de alta calidad con protecci\u00f3n antipinchazos de tal\u00f3n a tal\u00f3n. Ofrece una excelente combinaci\u00f3n de velocidad, agarre y durabilidad, todo en un neum\u00e1tico ligero y resistente.\" \/>\n<meta name=\"robots\" content=\"index, follow, max-snippet:-1, max-image-preview:large, max-video-preview:-1\" \/>\n<link rel=\"canonical\" href=\"https:\/\/gr-100.com\/producto\/specialized-neumatico-roadsport-wirebead-reflect-carretera-2026\/\" \/>\n<meta property=\"og:locale\" content=\"pt_PT\" \/>\n<meta property=\"og:type\" content=\"article\" \/>\n<meta property=\"og:title\" content=\"Specialized Neum\u00e1tico Roadsport Wirebead Reflect Carretera 2026\" \/>\n<meta property=\"og:description\" content=\"Neum\u00e1tico que incorpora uno de los dise\u00f1os de banda de rodadura m\u00e1s cl\u00e1sicos y vers\u00e1tiles, combinado con una carcasa de alta calidad con protecci\u00f3n antipinchazos de tal\u00f3n a tal\u00f3n. Ofrece una excelente combinaci\u00f3n de velocidad, agarre y durabilidad, todo en un neum\u00e1tico ligero y resistente.\" \/>\n<meta property=\"og:url\" content=\"https:\/\/gr-100.com\/producto\/specialized-neumatico-roadsport-wirebead-reflect-carretera-2026\/\" \/>\n<meta property=\"og:site_name\" content=\"Gr-100 Tienda de ciclismo Specialized\" \/>\n<meta property=\"article:publisher\" content=\"https:\/\/www.facebook.com\/Gr100Bikes\" \/>\n<meta property=\"og:image\" content=\"https:\/\/gr-100.com\/wp-content\/uploads\/2026\/03\/Crux-DSW-Frameset-2.jpg\" \/>\n\t<meta property=\"og:image:width\" content=\"1000\" \/>\n\t<meta property=\"og:image:height\" content=\"1000\" \/>\n\t<meta property=\"og:image:type\" content=\"image\/jpeg\" \/>\n<meta name=\"twitter:card\" content=\"summary_large_image\" \/>\n<meta name=\"twitter:label1\" content=\"Tempo estimado de leitura\" \/>\n\t<meta name=\"twitter:data1\" content=\"1 minuto\" \/>\n<script type=\"application\/ld+json\" class=\"yoast-schema-graph\">{\"@context\":\"https:\/\/schema.org\",\"@graph\":[{\"@type\":\"WebPage\",\"@id\":\"https:\/\/gr-100.com\/producto\/specialized-neumatico-roadsport-wirebead-reflect-carretera-2026\/\",\"url\":\"https:\/\/gr-100.com\/producto\/specialized-neumatico-roadsport-wirebead-reflect-carretera-2026\/\",\"name\":\"Specialized Neum\u00e1tico Roadsport Wirebead Reflect Carretera 2026\",\"isPartOf\":{\"@id\":\"https:\/\/gr-100.com\/#website\"},\"primaryImageOfPage\":{\"@id\":\"https:\/\/gr-100.com\/producto\/specialized-neumatico-roadsport-wirebead-reflect-carretera-2026\/#primaryimage\"},\"image\":{\"@id\":\"https:\/\/gr-100.com\/producto\/specialized-neumatico-roadsport-wirebead-reflect-carretera-2026\/#primaryimage\"},\"thumbnailUrl\":\"https:\/\/gr-100.com\/wp-content\/uploads\/2026\/03\/Crux-DSW-Frameset-2.jpg\",\"datePublished\":\"2026-03-11T12:03:33+00:00\",\"description\":\"Neum\u00e1tico que incorpora uno de los dise\u00f1os de banda de rodadura m\u00e1s cl\u00e1sicos y vers\u00e1tiles, combinado con una carcasa de alta calidad con protecci\u00f3n antipinchazos de tal\u00f3n a tal\u00f3n. Ofrece una excelente combinaci\u00f3n de velocidad, agarre y durabilidad, todo en un neum\u00e1tico ligero y resistente.\",\"breadcrumb\":{\"@id\":\"https:\/\/gr-100.com\/producto\/specialized-neumatico-roadsport-wirebead-reflect-carretera-2026\/#breadcrumb\"},\"inLanguage\":\"pt-PT\",\"potentialAction\":[{\"@type\":\"ReadAction\",\"target\":[\"https:\/\/gr-100.com\/producto\/specialized-neumatico-roadsport-wirebead-reflect-carretera-2026\/\"]}]},{\"@type\":\"ImageObject\",\"inLanguage\":\"pt-PT\",\"@id\":\"https:\/\/gr-100.com\/producto\/specialized-neumatico-roadsport-wirebead-reflect-carretera-2026\/#primaryimage\",\"url\":\"https:\/\/gr-100.com\/wp-content\/uploads\/2026\/03\/Crux-DSW-Frameset-2.jpg\",\"contentUrl\":\"https:\/\/gr-100.com\/wp-content\/uploads\/2026\/03\/Crux-DSW-Frameset-2.jpg\",\"width\":1000,\"height\":1000},{\"@type\":\"BreadcrumbList\",\"@id\":\"https:\/\/gr-100.com\/producto\/specialized-neumatico-roadsport-wirebead-reflect-carretera-2026\/#breadcrumb\",\"itemListElement\":[{\"@type\":\"ListItem\",\"position\":1,\"name\":\"Portada\",\"item\":\"https:\/\/gr-100.com\/en\/\"},{\"@type\":\"ListItem\",\"position\":2,\"name\":\"Productos\",\"item\":\"https:\/\/gr-100.com\/?post_type=product\"},{\"@type\":\"ListItem\",\"position\":3,\"name\":\"Specialized Neum\u00e1tico Roadsport Wirebead Reflect Carretera 2026\"}]},{\"@type\":\"WebSite\",\"@id\":\"https:\/\/gr-100.com\/#website\",\"url\":\"https:\/\/gr-100.com\/\",\"name\":\"Gr-100 Tienda de ciclismo Specialized\",\"description\":\"GR-100 tenemos todas las gamas de bicicletas Specialized al mejor precio.\",\"publisher\":{\"@id\":\"https:\/\/gr-100.com\/#organization\"},\"alternateName\":\"Gr-100 Bikes\",\"potentialAction\":[{\"@type\":\"SearchAction\",\"target\":{\"@type\":\"EntryPoint\",\"urlTemplate\":\"https:\/\/gr-100.com\/?s={search_term_string}\"},\"query-input\":{\"@type\":\"PropertyValueSpecification\",\"valueRequired\":true,\"valueName\":\"search_term_string\"}}],\"inLanguage\":\"pt-PT\"},{\"@type\":\"Organization\",\"@id\":\"https:\/\/gr-100.com\/#organization\",\"name\":\"Gr-100\",\"url\":\"https:\/\/gr-100.com\/\",\"logo\":{\"@type\":\"ImageObject\",\"inLanguage\":\"pt-PT\",\"@id\":\"https:\/\/gr-100.com\/#\/schema\/logo\/image\/\",\"url\":\"https:\/\/gr-100.com\/wp-content\/uploads\/2023\/08\/logo-gr-100-bikes.png\",\"contentUrl\":\"https:\/\/gr-100.com\/wp-content\/uploads\/2023\/08\/logo-gr-100-bikes.png\",\"width\":707,\"height\":284,\"caption\":\"Gr-100\"},\"image\":{\"@id\":\"https:\/\/gr-100.com\/#\/schema\/logo\/image\/\"},\"sameAs\":[\"https:\/\/www.facebook.com\/Gr100Bikes\",\"https:\/\/www.instagram.com\/gr100bikes\/\",\"https:\/\/www.tiktok.com\/@gr100bikes\",\"https:\/\/twitter.com\/gr100mtbteam\",\"https:\/\/www.youtube.com\/c\/GR100Specialized\"]}]}<\/script>\n<!-- \/ Yoast SEO Premium plugin. -->","yoast_head_json":{"title":"Specialized Neum\u00e1tico Roadsport Wirebead Reflect Carretera 2026","description":"Neum\u00e1tico que incorpora uno de los dise\u00f1os de banda de rodadura m\u00e1s cl\u00e1sicos y vers\u00e1tiles, combinado con una carcasa de alta calidad con protecci\u00f3n antipinchazos de tal\u00f3n a tal\u00f3n. Ofrece una excelente combinaci\u00f3n de velocidad, agarre y durabilidad, todo en un neum\u00e1tico ligero y resistente.","robots":{"index":"index","follow":"follow","max-snippet":"max-snippet:-1","max-image-preview":"max-image-preview:large","max-video-preview":"max-video-preview:-1"},"canonical":"https:\/\/gr-100.com\/producto\/specialized-neumatico-roadsport-wirebead-reflect-carretera-2026\/","og_locale":"pt_PT","og_type":"article","og_title":"Specialized Neum\u00e1tico Roadsport Wirebead Reflect Carretera 2026","og_description":"Neum\u00e1tico que incorpora uno de los dise\u00f1os de banda de rodadura m\u00e1s cl\u00e1sicos y vers\u00e1tiles, combinado con una carcasa de alta calidad con protecci\u00f3n antipinchazos de tal\u00f3n a tal\u00f3n. Ofrece una excelente combinaci\u00f3n de velocidad, agarre y durabilidad, todo en un neum\u00e1tico ligero y resistente.","og_url":"https:\/\/gr-100.com\/producto\/specialized-neumatico-roadsport-wirebead-reflect-carretera-2026\/","og_site_name":"Gr-100 Tienda de ciclismo Specialized","article_publisher":"https:\/\/www.facebook.com\/Gr100Bikes","og_image":[{"width":1000,"height":1000,"url":"https:\/\/gr-100.com\/wp-content\/uploads\/2026\/03\/Crux-DSW-Frameset-2.jpg","type":"image\/jpeg"}],"twitter_card":"summary_large_image","twitter_misc":{"Tempo estimado de leitura":"1 minuto"},"schema":{"@context":"https:\/\/schema.org","@graph":[{"@type":"WebPage","@id":"https:\/\/gr-100.com\/producto\/specialized-neumatico-roadsport-wirebead-reflect-carretera-2026\/","url":"https:\/\/gr-100.com\/producto\/specialized-neumatico-roadsport-wirebead-reflect-carretera-2026\/","name":"Specialized Neum\u00e1tico Roadsport Wirebead Reflect Carretera 2026","isPartOf":{"@id":"https:\/\/gr-100.com\/#website"},"primaryImageOfPage":{"@id":"https:\/\/gr-100.com\/producto\/specialized-neumatico-roadsport-wirebead-reflect-carretera-2026\/#primaryimage"},"image":{"@id":"https:\/\/gr-100.com\/producto\/specialized-neumatico-roadsport-wirebead-reflect-carretera-2026\/#primaryimage"},"thumbnailUrl":"https:\/\/gr-100.com\/wp-content\/uploads\/2026\/03\/Crux-DSW-Frameset-2.jpg","datePublished":"2026-03-11T12:03:33+00:00","description":"Neum\u00e1tico que incorpora uno de los dise\u00f1os de banda de rodadura m\u00e1s cl\u00e1sicos y vers\u00e1tiles, combinado con una carcasa de alta calidad con protecci\u00f3n antipinchazos de tal\u00f3n a tal\u00f3n. Ofrece una excelente combinaci\u00f3n de velocidad, agarre y durabilidad, todo en un neum\u00e1tico ligero y resistente.","breadcrumb":{"@id":"https:\/\/gr-100.com\/producto\/specialized-neumatico-roadsport-wirebead-reflect-carretera-2026\/#breadcrumb"},"inLanguage":"pt-PT","potentialAction":[{"@type":"ReadAction","target":["https:\/\/gr-100.com\/producto\/specialized-neumatico-roadsport-wirebead-reflect-carretera-2026\/"]}]},{"@type":"ImageObject","inLanguage":"pt-PT","@id":"https:\/\/gr-100.com\/producto\/specialized-neumatico-roadsport-wirebead-reflect-carretera-2026\/#primaryimage","url":"https:\/\/gr-100.com\/wp-content\/uploads\/2026\/03\/Crux-DSW-Frameset-2.jpg","contentUrl":"https:\/\/gr-100.com\/wp-content\/uploads\/2026\/03\/Crux-DSW-Frameset-2.jpg","width":1000,"height":1000},{"@type":"BreadcrumbList","@id":"https:\/\/gr-100.com\/producto\/specialized-neumatico-roadsport-wirebead-reflect-carretera-2026\/#breadcrumb","itemListElement":[{"@type":"ListItem","position":1,"name":"Portada","item":"https:\/\/gr-100.com\/en\/"},{"@type":"ListItem","position":2,"name":"Productos","item":"https:\/\/gr-100.com\/?post_type=product"},{"@type":"ListItem","position":3,"name":"Specialized Neum\u00e1tico Roadsport Wirebead Reflect Carretera 2026"}]},{"@type":"WebSite","@id":"https:\/\/gr-100.com\/#website","url":"https:\/\/gr-100.com\/","name":"Gr-100 Tienda de ciclismo Specialized","description":"GR-100 tenemos todas las gamas de bicicletas Specialized al mejor precio.","publisher":{"@id":"https:\/\/gr-100.com\/#organization"},"alternateName":"Gr-100 Bikes","potentialAction":[{"@type":"SearchAction","target":{"@type":"EntryPoint","urlTemplate":"https:\/\/gr-100.com\/?s={search_term_string}"},"query-input":{"@type":"PropertyValueSpecification","valueRequired":true,"valueName":"search_term_string"}}],"inLanguage":"pt-PT"},{"@type":"Organization","@id":"https:\/\/gr-100.com\/#organization","name":"Gr-100","url":"https:\/\/gr-100.com\/","logo":{"@type":"ImageObject","inLanguage":"pt-PT","@id":"https:\/\/gr-100.com\/#\/schema\/logo\/image\/","url":"https:\/\/gr-100.com\/wp-content\/uploads\/2023\/08\/logo-gr-100-bikes.png","contentUrl":"https:\/\/gr-100.com\/wp-content\/uploads\/2023\/08\/logo-gr-100-bikes.png","width":707,"height":284,"caption":"Gr-100"},"image":{"@id":"https:\/\/gr-100.com\/#\/schema\/logo\/image\/"},"sameAs":["https:\/\/www.facebook.com\/Gr100Bikes","https:\/\/www.instagram.com\/gr100bikes\/","https:\/\/www.tiktok.com\/@gr100bikes","https:\/\/twitter.com\/gr100mtbteam","https:\/\/www.youtube.com\/c\/GR100Specialized"]}]}},"_links":{"self":[{"href":"https:\/\/gr-100.com\/pt-pt\/wp-json\/wp\/v2\/product\/446390","targetHints":{"allow":["GET"]}}],"collection":[{"href":"https:\/\/gr-100.com\/pt-pt\/wp-json\/wp\/v2\/product"}],"about":[{"href":"https:\/\/gr-100.com\/pt-pt\/wp-json\/wp\/v2\/types\/product"}],"replies":[{"embeddable":true,"href":"https:\/\/gr-100.com\/pt-pt\/wp-json\/wp\/v2\/comments?post=446390"}],"wp:featuredmedia":[{"embeddable":true,"href":"https:\/\/gr-100.com\/pt-pt\/wp-json\/wp\/v2\/media\/446391"}],"wp:attachment":[{"href":"https:\/\/gr-100.com\/pt-pt\/wp-json\/wp\/v2\/media?parent=446390"}],"wp:term":[{"taxonomy":"product_brand","embeddable":true,"href":"https:\/\/gr-100.com\/pt-pt\/wp-json\/wp\/v2\/product_brand?post=446390"},{"taxonomy":"product_cat","embeddable":true,"href":"https:\/\/gr-100.com\/pt-pt\/wp-json\/wp\/v2\/product_cat?post=446390"},{"taxonomy":"product_tag","embeddable":true,"href":"https:\/\/gr-100.com\/pt-pt\/wp-json\/wp\/v2\/product_tag?post=446390"}],"curies":[{"name":"wp","href":"https:\/\/api.w.org\/{rel}","templated":true}]}}