{"id":446436,"date":"2026-03-12T11:31:59","date_gmt":"2026-03-12T10:31:59","guid":{"rendered":"https:\/\/gr-100.com\/?post_type=product&#038;p=446436"},"modified":"2026-03-12T11:32:24","modified_gmt":"2026-03-12T10:32:24","slug":"specialized-hillbilly-grid-trail-t9-tlr-2027","status":"publish","type":"product","link":"https:\/\/gr-100.com\/pt-pt\/producto\/specialized-hillbilly-grid-trail-t9-tlr-2027\/","title":{"rendered":"Specialized Hillbilly Grid Trail T9 TLR 2027"},"content":{"rendered":"<ul>\n<li>Neum\u00e1tico MTB Hillbilly<br \/>\nEl Hillbilly es un neum\u00e1tico de MTB orientado al gravity, dise\u00f1ado para rendir al m\u00e1ximo en terrenos empinados, sueltos, h\u00famedos y resbaladizos. Pensado para condiciones dif\u00edciles y terreno natural cambiante, proporciona gran tracci\u00f3n, control y confianza incluso en las situaciones m\u00e1s impredecibles.<br \/>\nSu nuevo dise\u00f1o de banda de rodadura agresivo incorpora tacos centrales profundos y grandes bloques laterales, que penetran el terreno suelto y ofrecen un excelente agarre en curvas. Los tacos de transici\u00f3n tipo \u201cblock-in-block\u201d refuerzan la estructura del neum\u00e1tico y mejoran la tracci\u00f3n en todo tipo de superficies, desde barro profundo hasta losas de roca o ra\u00edces mojadas.<br \/>\nEl exclusivo compuesto GRIPTON\u00ae T9 de Specialized aumenta la tracci\u00f3n al m\u00e1ximo, permitiendo que el neum\u00e1tico se adhiera incluso en condiciones extremadamente resbaladizas. Adem\u00e1s, ofrece una gran capacidad de absorci\u00f3n de vibraciones, reduciendo rebotes y desviaciones para mejorar la estabilidad y el control en terrenos t\u00e9cnicos.<br \/>\nEste neum\u00e1tico tubeless-ready (TLR) est\u00e1 disponible con carcasa GRID Trail o GRID Gravity, cubriendo disciplinas como trail, all-mountain, enduro y downhill.<br \/>\nGRID Trail: construcci\u00f3n resistente con protecci\u00f3n de tal\u00f3n a tal\u00f3n, ideal para conducci\u00f3n agresiva en terrenos dif\u00edciles.<br \/>\nGRID Gravity: construcci\u00f3n reforzada de doble capa, dise\u00f1ada para m\u00e1xima durabilidad y protecci\u00f3n contra pinchazos en condiciones extremas.<br \/>\nSolo hay que a\u00f1adir l\u00edquido sellante, ya que el Hillbilly es compatible con tubeless y tambi\u00e9n puede montarse con c\u00e1mara.<br \/>\nCaracter\u00edsticas principales:<br \/>\nTacos centrales en forma de pico para mayor tracci\u00f3n en terreno suelto.<br \/>\nCompuesto GRIPTON\u00ae T9 con alta absorci\u00f3n de vibraciones y agarre extremo.<br \/>\nCarcasa GRID Trail (60 TPI) con protecci\u00f3n adicional de tal\u00f3n a tal\u00f3n para mayor resistencia a pinchazos y estabilidad.<br \/>\nTecnolog\u00eda 2Bliss Ready, que protege contra pellizcos, cortes y pinchazos.<br \/>\nMedidas disponibles:<\/li>\n<li>27.5 x 2.4 (GRID Trail) \u2014 25-50 psi \u2014 peso aprox. 985 g<\/li>\n<li>29 x 2.4 (GRID Trail) \u2014 25-50 psi \u2014 peso aprox. 1070 g<\/li>\n<\/ul>\n","protected":false},"excerpt":{"rendered":"<p>El Hillbilly es un neum\u00e1tico de MTB orientado al gravity, dise\u00f1ado para rendir al m\u00e1ximo en terrenos empinados, sueltos, h\u00famedos y resbaladizos. Pensado para condiciones dif\u00edciles y terreno natural cambiante, proporciona gran tracci\u00f3n, control y confianza incluso en las situaciones m\u00e1s impredecibles.<\/p>\n","protected":false},"featured_media":446475,"comment_status":"open","ping_status":"closed","template":"","meta":{"_acf_changed":false,"_et_pb_use_builder":"","_et_pb_old_content":"","_et_gb_content_width":"","inline_featured_image":false},"product_brand":[],"product_cat":[25,45],"product_tag":[],"class_list":{"0":"post-446436","1":"product","2":"type-product","3":"status-publish","4":"has-post-thumbnail","6":"product_cat-componentes","7":"product_cat-cubiertas-y-camaras","8":"pa_tamanos-27-5-650b-x-2-4","9":"pa_tamanos-29-x-2-4","11":"first","12":"instock","13":"taxable","14":"shipping-taxable","15":"purchasable","16":"product-type-variable","17":"wvs-archive-product-wrapper"},"acf":[],"yoast_head":"<!-- This site is optimized with the Yoast SEO Premium plugin v26.7 (Yoast SEO v26.7) - https:\/\/yoast.com\/wordpress\/plugins\/seo\/ -->\n<title>Specialized Hillbilly Grid Trail T9 TLR 2027 GR-100<\/title>\n<meta name=\"description\" content=\"El Hillbilly es un neum\u00e1tico de MTB orientado al gravity, dise\u00f1ado para rendir al m\u00e1ximo en terrenos empinados, sueltos, h\u00famedos y resbaladizos. Pensado para condiciones dif\u00edciles y terreno natural cambiante, proporciona gran tracci\u00f3n, control y confianza incluso en las situaciones m\u00e1s impredecibles.\" \/>\n<meta name=\"robots\" content=\"index, follow, max-snippet:-1, max-image-preview:large, max-video-preview:-1\" \/>\n<link rel=\"canonical\" href=\"https:\/\/gr-100.com\/producto\/specialized-hillbilly-grid-trail-t9-tlr-2027\/\" \/>\n<meta property=\"og:locale\" content=\"pt_PT\" \/>\n<meta property=\"og:type\" content=\"article\" \/>\n<meta property=\"og:title\" content=\"Specialized Hillbilly Grid Trail T9 TLR 2027\" \/>\n<meta property=\"og:description\" content=\"El Hillbilly es un neum\u00e1tico de MTB orientado al gravity, dise\u00f1ado para rendir al m\u00e1ximo en terrenos empinados, sueltos, h\u00famedos y resbaladizos. Pensado para condiciones dif\u00edciles y terreno natural cambiante, proporciona gran tracci\u00f3n, control y confianza incluso en las situaciones m\u00e1s impredecibles.\" \/>\n<meta property=\"og:url\" content=\"https:\/\/gr-100.com\/producto\/specialized-hillbilly-grid-trail-t9-tlr-2027\/\" \/>\n<meta property=\"og:site_name\" content=\"Gr-100 Tienda de ciclismo Specialized\" \/>\n<meta property=\"article:publisher\" content=\"https:\/\/www.facebook.com\/Gr100Bikes\" \/>\n<meta property=\"article:modified_time\" content=\"2026-03-12T10:32:24+00:00\" \/>\n<meta property=\"og:image\" content=\"https:\/\/gr-100.com\/wp-content\/uploads\/2026\/03\/Crux-DSW-Frameset-1-5.jpg\" \/>\n\t<meta property=\"og:image:width\" content=\"1000\" \/>\n\t<meta property=\"og:image:height\" content=\"1000\" \/>\n\t<meta property=\"og:image:type\" content=\"image\/jpeg\" \/>\n<meta name=\"twitter:card\" content=\"summary_large_image\" \/>\n<meta name=\"twitter:label1\" content=\"Tempo estimado de leitura\" \/>\n\t<meta name=\"twitter:data1\" content=\"2 minutos\" \/>\n<script type=\"application\/ld+json\" class=\"yoast-schema-graph\">{\"@context\":\"https:\/\/schema.org\",\"@graph\":[{\"@type\":\"WebPage\",\"@id\":\"https:\/\/gr-100.com\/producto\/specialized-hillbilly-grid-trail-t9-tlr-2027\/\",\"url\":\"https:\/\/gr-100.com\/producto\/specialized-hillbilly-grid-trail-t9-tlr-2027\/\",\"name\":\"Specialized Hillbilly Grid Trail T9 TLR 2027 GR-100\",\"isPartOf\":{\"@id\":\"https:\/\/gr-100.com\/#website\"},\"primaryImageOfPage\":{\"@id\":\"https:\/\/gr-100.com\/producto\/specialized-hillbilly-grid-trail-t9-tlr-2027\/#primaryimage\"},\"image\":{\"@id\":\"https:\/\/gr-100.com\/producto\/specialized-hillbilly-grid-trail-t9-tlr-2027\/#primaryimage\"},\"thumbnailUrl\":\"https:\/\/gr-100.com\/wp-content\/uploads\/2026\/03\/Crux-DSW-Frameset-1-5.jpg\",\"datePublished\":\"2026-03-12T10:31:59+00:00\",\"dateModified\":\"2026-03-12T10:32:24+00:00\",\"description\":\"El Hillbilly es un neum\u00e1tico de MTB orientado al gravity, dise\u00f1ado para rendir al m\u00e1ximo en terrenos empinados, sueltos, h\u00famedos y resbaladizos. Pensado para condiciones dif\u00edciles y terreno natural cambiante, proporciona gran tracci\u00f3n, control y confianza incluso en las situaciones m\u00e1s impredecibles.\",\"breadcrumb\":{\"@id\":\"https:\/\/gr-100.com\/producto\/specialized-hillbilly-grid-trail-t9-tlr-2027\/#breadcrumb\"},\"inLanguage\":\"pt-PT\",\"potentialAction\":[{\"@type\":\"ReadAction\",\"target\":[\"https:\/\/gr-100.com\/producto\/specialized-hillbilly-grid-trail-t9-tlr-2027\/\"]}]},{\"@type\":\"ImageObject\",\"inLanguage\":\"pt-PT\",\"@id\":\"https:\/\/gr-100.com\/producto\/specialized-hillbilly-grid-trail-t9-tlr-2027\/#primaryimage\",\"url\":\"https:\/\/gr-100.com\/wp-content\/uploads\/2026\/03\/Crux-DSW-Frameset-1-5.jpg\",\"contentUrl\":\"https:\/\/gr-100.com\/wp-content\/uploads\/2026\/03\/Crux-DSW-Frameset-1-5.jpg\",\"width\":1000,\"height\":1000},{\"@type\":\"BreadcrumbList\",\"@id\":\"https:\/\/gr-100.com\/producto\/specialized-hillbilly-grid-trail-t9-tlr-2027\/#breadcrumb\",\"itemListElement\":[{\"@type\":\"ListItem\",\"position\":1,\"name\":\"Portada\",\"item\":\"https:\/\/gr-100.com\/en\/\"},{\"@type\":\"ListItem\",\"position\":2,\"name\":\"Productos\",\"item\":\"https:\/\/gr-100.com\/?post_type=product\"},{\"@type\":\"ListItem\",\"position\":3,\"name\":\"Specialized Hillbilly Grid Trail T9 TLR 2027\"}]},{\"@type\":\"WebSite\",\"@id\":\"https:\/\/gr-100.com\/#website\",\"url\":\"https:\/\/gr-100.com\/\",\"name\":\"Gr-100 Tienda de ciclismo Specialized\",\"description\":\"GR-100 tenemos todas las gamas de bicicletas Specialized al mejor precio.\",\"publisher\":{\"@id\":\"https:\/\/gr-100.com\/#organization\"},\"alternateName\":\"Gr-100 Bikes\",\"potentialAction\":[{\"@type\":\"SearchAction\",\"target\":{\"@type\":\"EntryPoint\",\"urlTemplate\":\"https:\/\/gr-100.com\/?s={search_term_string}\"},\"query-input\":{\"@type\":\"PropertyValueSpecification\",\"valueRequired\":true,\"valueName\":\"search_term_string\"}}],\"inLanguage\":\"pt-PT\"},{\"@type\":\"Organization\",\"@id\":\"https:\/\/gr-100.com\/#organization\",\"name\":\"Gr-100\",\"url\":\"https:\/\/gr-100.com\/\",\"logo\":{\"@type\":\"ImageObject\",\"inLanguage\":\"pt-PT\",\"@id\":\"https:\/\/gr-100.com\/#\/schema\/logo\/image\/\",\"url\":\"https:\/\/gr-100.com\/wp-content\/uploads\/2023\/08\/logo-gr-100-bikes.png\",\"contentUrl\":\"https:\/\/gr-100.com\/wp-content\/uploads\/2023\/08\/logo-gr-100-bikes.png\",\"width\":707,\"height\":284,\"caption\":\"Gr-100\"},\"image\":{\"@id\":\"https:\/\/gr-100.com\/#\/schema\/logo\/image\/\"},\"sameAs\":[\"https:\/\/www.facebook.com\/Gr100Bikes\",\"https:\/\/www.instagram.com\/gr100bikes\/\",\"https:\/\/www.tiktok.com\/@gr100bikes\",\"https:\/\/twitter.com\/gr100mtbteam\",\"https:\/\/www.youtube.com\/c\/GR100Specialized\"]}]}<\/script>\n<!-- \/ Yoast SEO Premium plugin. -->","yoast_head_json":{"title":"Specialized Hillbilly Grid Trail T9 TLR 2027 GR-100","description":"El Hillbilly es un neum\u00e1tico de MTB orientado al gravity, dise\u00f1ado para rendir al m\u00e1ximo en terrenos empinados, sueltos, h\u00famedos y resbaladizos. Pensado para condiciones dif\u00edciles y terreno natural cambiante, proporciona gran tracci\u00f3n, control y confianza incluso en las situaciones m\u00e1s impredecibles.","robots":{"index":"index","follow":"follow","max-snippet":"max-snippet:-1","max-image-preview":"max-image-preview:large","max-video-preview":"max-video-preview:-1"},"canonical":"https:\/\/gr-100.com\/producto\/specialized-hillbilly-grid-trail-t9-tlr-2027\/","og_locale":"pt_PT","og_type":"article","og_title":"Specialized Hillbilly Grid Trail T9 TLR 2027","og_description":"El Hillbilly es un neum\u00e1tico de MTB orientado al gravity, dise\u00f1ado para rendir al m\u00e1ximo en terrenos empinados, sueltos, h\u00famedos y resbaladizos. Pensado para condiciones dif\u00edciles y terreno natural cambiante, proporciona gran tracci\u00f3n, control y confianza incluso en las situaciones m\u00e1s impredecibles.","og_url":"https:\/\/gr-100.com\/producto\/specialized-hillbilly-grid-trail-t9-tlr-2027\/","og_site_name":"Gr-100 Tienda de ciclismo Specialized","article_publisher":"https:\/\/www.facebook.com\/Gr100Bikes","article_modified_time":"2026-03-12T10:32:24+00:00","og_image":[{"width":1000,"height":1000,"url":"https:\/\/gr-100.com\/wp-content\/uploads\/2026\/03\/Crux-DSW-Frameset-1-5.jpg","type":"image\/jpeg"}],"twitter_card":"summary_large_image","twitter_misc":{"Tempo estimado de leitura":"2 minutos"},"schema":{"@context":"https:\/\/schema.org","@graph":[{"@type":"WebPage","@id":"https:\/\/gr-100.com\/producto\/specialized-hillbilly-grid-trail-t9-tlr-2027\/","url":"https:\/\/gr-100.com\/producto\/specialized-hillbilly-grid-trail-t9-tlr-2027\/","name":"Specialized Hillbilly Grid Trail T9 TLR 2027 GR-100","isPartOf":{"@id":"https:\/\/gr-100.com\/#website"},"primaryImageOfPage":{"@id":"https:\/\/gr-100.com\/producto\/specialized-hillbilly-grid-trail-t9-tlr-2027\/#primaryimage"},"image":{"@id":"https:\/\/gr-100.com\/producto\/specialized-hillbilly-grid-trail-t9-tlr-2027\/#primaryimage"},"thumbnailUrl":"https:\/\/gr-100.com\/wp-content\/uploads\/2026\/03\/Crux-DSW-Frameset-1-5.jpg","datePublished":"2026-03-12T10:31:59+00:00","dateModified":"2026-03-12T10:32:24+00:00","description":"El Hillbilly es un neum\u00e1tico de MTB orientado al gravity, dise\u00f1ado para rendir al m\u00e1ximo en terrenos empinados, sueltos, h\u00famedos y resbaladizos. Pensado para condiciones dif\u00edciles y terreno natural cambiante, proporciona gran tracci\u00f3n, control y confianza incluso en las situaciones m\u00e1s impredecibles.","breadcrumb":{"@id":"https:\/\/gr-100.com\/producto\/specialized-hillbilly-grid-trail-t9-tlr-2027\/#breadcrumb"},"inLanguage":"pt-PT","potentialAction":[{"@type":"ReadAction","target":["https:\/\/gr-100.com\/producto\/specialized-hillbilly-grid-trail-t9-tlr-2027\/"]}]},{"@type":"ImageObject","inLanguage":"pt-PT","@id":"https:\/\/gr-100.com\/producto\/specialized-hillbilly-grid-trail-t9-tlr-2027\/#primaryimage","url":"https:\/\/gr-100.com\/wp-content\/uploads\/2026\/03\/Crux-DSW-Frameset-1-5.jpg","contentUrl":"https:\/\/gr-100.com\/wp-content\/uploads\/2026\/03\/Crux-DSW-Frameset-1-5.jpg","width":1000,"height":1000},{"@type":"BreadcrumbList","@id":"https:\/\/gr-100.com\/producto\/specialized-hillbilly-grid-trail-t9-tlr-2027\/#breadcrumb","itemListElement":[{"@type":"ListItem","position":1,"name":"Portada","item":"https:\/\/gr-100.com\/en\/"},{"@type":"ListItem","position":2,"name":"Productos","item":"https:\/\/gr-100.com\/?post_type=product"},{"@type":"ListItem","position":3,"name":"Specialized Hillbilly Grid Trail T9 TLR 2027"}]},{"@type":"WebSite","@id":"https:\/\/gr-100.com\/#website","url":"https:\/\/gr-100.com\/","name":"Gr-100 Tienda de ciclismo Specialized","description":"GR-100 tenemos todas las gamas de bicicletas Specialized al mejor precio.","publisher":{"@id":"https:\/\/gr-100.com\/#organization"},"alternateName":"Gr-100 Bikes","potentialAction":[{"@type":"SearchAction","target":{"@type":"EntryPoint","urlTemplate":"https:\/\/gr-100.com\/?s={search_term_string}"},"query-input":{"@type":"PropertyValueSpecification","valueRequired":true,"valueName":"search_term_string"}}],"inLanguage":"pt-PT"},{"@type":"Organization","@id":"https:\/\/gr-100.com\/#organization","name":"Gr-100","url":"https:\/\/gr-100.com\/","logo":{"@type":"ImageObject","inLanguage":"pt-PT","@id":"https:\/\/gr-100.com\/#\/schema\/logo\/image\/","url":"https:\/\/gr-100.com\/wp-content\/uploads\/2023\/08\/logo-gr-100-bikes.png","contentUrl":"https:\/\/gr-100.com\/wp-content\/uploads\/2023\/08\/logo-gr-100-bikes.png","width":707,"height":284,"caption":"Gr-100"},"image":{"@id":"https:\/\/gr-100.com\/#\/schema\/logo\/image\/"},"sameAs":["https:\/\/www.facebook.com\/Gr100Bikes","https:\/\/www.instagram.com\/gr100bikes\/","https:\/\/www.tiktok.com\/@gr100bikes","https:\/\/twitter.com\/gr100mtbteam","https:\/\/www.youtube.com\/c\/GR100Specialized"]}]}},"_links":{"self":[{"href":"https:\/\/gr-100.com\/pt-pt\/wp-json\/wp\/v2\/product\/446436","targetHints":{"allow":["GET"]}}],"collection":[{"href":"https:\/\/gr-100.com\/pt-pt\/wp-json\/wp\/v2\/product"}],"about":[{"href":"https:\/\/gr-100.com\/pt-pt\/wp-json\/wp\/v2\/types\/product"}],"replies":[{"embeddable":true,"href":"https:\/\/gr-100.com\/pt-pt\/wp-json\/wp\/v2\/comments?post=446436"}],"wp:featuredmedia":[{"embeddable":true,"href":"https:\/\/gr-100.com\/pt-pt\/wp-json\/wp\/v2\/media\/446475"}],"wp:attachment":[{"href":"https:\/\/gr-100.com\/pt-pt\/wp-json\/wp\/v2\/media?parent=446436"}],"wp:term":[{"taxonomy":"product_brand","embeddable":true,"href":"https:\/\/gr-100.com\/pt-pt\/wp-json\/wp\/v2\/product_brand?post=446436"},{"taxonomy":"product_cat","embeddable":true,"href":"https:\/\/gr-100.com\/pt-pt\/wp-json\/wp\/v2\/product_cat?post=446436"},{"taxonomy":"product_tag","embeddable":true,"href":"https:\/\/gr-100.com\/pt-pt\/wp-json\/wp\/v2\/product_tag?post=446436"}],"curies":[{"name":"wp","href":"https:\/\/api.w.org\/{rel}","templated":true}]}}