{"id":446497,"date":"2026-03-12T12:42:41","date_gmt":"2026-03-12T11:42:41","guid":{"rendered":"https:\/\/gr-100.com\/?post_type=product&#038;p=446497"},"modified":"2026-03-12T12:42:42","modified_gmt":"2026-03-12T11:42:42","slug":"specialized-cubierta-carretera-all-condition-armadillo-flat-proof-2027","status":"publish","type":"product","link":"https:\/\/gr-100.com\/pt-pt\/producto\/specialized-cubierta-carretera-all-condition-armadillo-flat-proof-2027\/","title":{"rendered":"Specialized Cubierta Carretera All Condition Armadillo Flat Proof 2027"},"content":{"rendered":"<ul>\n<li>El All Condition Armadillo Flat Proof se mantiene fiel a su reputaci\u00f3n como uno de los neum\u00e1ticos m\u00e1s resistentes a los pinchazos disponibles. Le hemos dado un dise\u00f1o de banda de rodadura que ofrece excelente tracci\u00f3n en cualquier condici\u00f3n clim\u00e1tica, junto con nuevos materiales que proporcionan la mejor protecci\u00f3n contra pinchazos posible.<br \/>\nEn cuanto a calidad de rodadura, nuestro compuesto GRIPTON\u00ae no tiene rival. Ofrece baja resistencia a la rodadura y una tracci\u00f3n excepcional tanto en condiciones secas como mojadas.<br \/>\nSin exagerar, es el mejor neum\u00e1tico de alto rendimiento con protecci\u00f3n antipinchazos que hemos fabricado hasta ahora.<br \/>\nEspecificaciones:<br \/>\nCarcasa: 120 TPI<br \/>\nAro: Wirebead (tal\u00f3n de alambre)<br \/>\nProtecci\u00f3n contra pinchazos: Armadillo<br \/>\nMedidas y peso aproximado:<\/li>\n<li>700 x 25 mm \u2014 presi\u00f3n: 110-125 psi \u2014 peso aprox.: 315 g<\/li>\n<li>700 x 28 mm \u2014 presi\u00f3n: 85-95 psi \u2014 peso aprox.: 350 g<\/li>\n<li>700 x 30 mm \u2014 presi\u00f3n: 85-95 psi \u2014 peso aprox.: 400 g<\/li>\n<li>700 x 32 mm \u2014 presi\u00f3n: 85-95 psi \u2014 peso aprox.: 430 g<\/li>\n<\/ul>\n","protected":false},"excerpt":{"rendered":"<p>El All Condition Armadillo Flat Proof se mantiene fiel a su reputaci\u00f3n como uno de los neum\u00e1ticos m\u00e1s resistentes a los pinchazos disponibles.<\/p>\n","protected":false},"featured_media":446502,"comment_status":"open","ping_status":"closed","template":"","meta":{"_acf_changed":false,"_et_pb_use_builder":"","_et_pb_old_content":"","_et_gb_content_width":"","inline_featured_image":false},"product_brand":[],"product_cat":[25,45],"product_tag":[],"class_list":{"0":"post-446497","1":"product","2":"type-product","3":"status-publish","4":"has-post-thumbnail","6":"product_cat-componentes","7":"product_cat-cubiertas-y-camaras","8":"pa_tamanos-700x25","9":"pa_tamanos-700x28","11":"first","12":"instock","13":"taxable","14":"shipping-taxable","15":"purchasable","16":"product-type-variable","17":"wvs-archive-product-wrapper"},"acf":[],"yoast_head":"<!-- This site is optimized with the Yoast SEO Premium plugin v26.7 (Yoast SEO v26.7) - https:\/\/yoast.com\/wordpress\/plugins\/seo\/ -->\n<title>Specialized Cubierta Carretera All Condition Armadillo Flat Proof 2027<\/title>\n<meta name=\"description\" content=\"El All Condition Armadillo Flat Proof se mantiene fiel a su reputaci\u00f3n como uno de los neum\u00e1ticos m\u00e1s resistentes a los pinchazos disponibles.\" \/>\n<meta name=\"robots\" content=\"index, follow, max-snippet:-1, max-image-preview:large, max-video-preview:-1\" \/>\n<link rel=\"canonical\" href=\"https:\/\/gr-100.com\/producto\/specialized-cubierta-carretera-all-condition-armadillo-flat-proof-2027\/\" \/>\n<meta property=\"og:locale\" content=\"pt_PT\" \/>\n<meta property=\"og:type\" content=\"article\" \/>\n<meta property=\"og:title\" content=\"Specialized Cubierta Carretera All Condition Armadillo Flat Proof 2027\" \/>\n<meta property=\"og:description\" content=\"El All Condition Armadillo Flat Proof se mantiene fiel a su reputaci\u00f3n como uno de los neum\u00e1ticos m\u00e1s resistentes a los pinchazos disponibles.\" \/>\n<meta property=\"og:url\" content=\"https:\/\/gr-100.com\/producto\/specialized-cubierta-carretera-all-condition-armadillo-flat-proof-2027\/\" \/>\n<meta property=\"og:site_name\" content=\"Gr-100 Tienda de ciclismo Specialized\" \/>\n<meta property=\"article:publisher\" content=\"https:\/\/www.facebook.com\/Gr100Bikes\" \/>\n<meta property=\"article:modified_time\" content=\"2026-03-12T11:42:42+00:00\" \/>\n<meta property=\"og:image\" content=\"https:\/\/gr-100.com\/wp-content\/uploads\/2026\/03\/Gobik-Culotte-Hombre-Corte-k10-Diamond-7.jpg\" \/>\n\t<meta property=\"og:image:width\" content=\"1000\" \/>\n\t<meta property=\"og:image:height\" content=\"1000\" \/>\n\t<meta property=\"og:image:type\" content=\"image\/jpeg\" \/>\n<meta name=\"twitter:card\" content=\"summary_large_image\" \/>\n<meta name=\"twitter:label1\" content=\"Tempo estimado de leitura\" \/>\n\t<meta name=\"twitter:data1\" content=\"1 minuto\" \/>\n<script type=\"application\/ld+json\" class=\"yoast-schema-graph\">{\"@context\":\"https:\/\/schema.org\",\"@graph\":[{\"@type\":\"WebPage\",\"@id\":\"https:\/\/gr-100.com\/producto\/specialized-cubierta-carretera-all-condition-armadillo-flat-proof-2027\/\",\"url\":\"https:\/\/gr-100.com\/producto\/specialized-cubierta-carretera-all-condition-armadillo-flat-proof-2027\/\",\"name\":\"Specialized Cubierta Carretera All Condition Armadillo Flat Proof 2027\",\"isPartOf\":{\"@id\":\"https:\/\/gr-100.com\/#website\"},\"primaryImageOfPage\":{\"@id\":\"https:\/\/gr-100.com\/producto\/specialized-cubierta-carretera-all-condition-armadillo-flat-proof-2027\/#primaryimage\"},\"image\":{\"@id\":\"https:\/\/gr-100.com\/producto\/specialized-cubierta-carretera-all-condition-armadillo-flat-proof-2027\/#primaryimage\"},\"thumbnailUrl\":\"https:\/\/gr-100.com\/wp-content\/uploads\/2026\/03\/Gobik-Culotte-Hombre-Corte-k10-Diamond-7.jpg\",\"datePublished\":\"2026-03-12T11:42:41+00:00\",\"dateModified\":\"2026-03-12T11:42:42+00:00\",\"description\":\"El All Condition Armadillo Flat Proof se mantiene fiel a su reputaci\u00f3n como uno de los neum\u00e1ticos m\u00e1s resistentes a los pinchazos disponibles.\",\"breadcrumb\":{\"@id\":\"https:\/\/gr-100.com\/producto\/specialized-cubierta-carretera-all-condition-armadillo-flat-proof-2027\/#breadcrumb\"},\"inLanguage\":\"pt-PT\",\"potentialAction\":[{\"@type\":\"ReadAction\",\"target\":[\"https:\/\/gr-100.com\/producto\/specialized-cubierta-carretera-all-condition-armadillo-flat-proof-2027\/\"]}]},{\"@type\":\"ImageObject\",\"inLanguage\":\"pt-PT\",\"@id\":\"https:\/\/gr-100.com\/producto\/specialized-cubierta-carretera-all-condition-armadillo-flat-proof-2027\/#primaryimage\",\"url\":\"https:\/\/gr-100.com\/wp-content\/uploads\/2026\/03\/Gobik-Culotte-Hombre-Corte-k10-Diamond-7.jpg\",\"contentUrl\":\"https:\/\/gr-100.com\/wp-content\/uploads\/2026\/03\/Gobik-Culotte-Hombre-Corte-k10-Diamond-7.jpg\",\"width\":1000,\"height\":1000},{\"@type\":\"BreadcrumbList\",\"@id\":\"https:\/\/gr-100.com\/producto\/specialized-cubierta-carretera-all-condition-armadillo-flat-proof-2027\/#breadcrumb\",\"itemListElement\":[{\"@type\":\"ListItem\",\"position\":1,\"name\":\"Portada\",\"item\":\"https:\/\/gr-100.com\/en\/\"},{\"@type\":\"ListItem\",\"position\":2,\"name\":\"Productos\",\"item\":\"https:\/\/gr-100.com\/?post_type=product\"},{\"@type\":\"ListItem\",\"position\":3,\"name\":\"Specialized Cubierta Carretera All Condition Armadillo Flat Proof 2027\"}]},{\"@type\":\"WebSite\",\"@id\":\"https:\/\/gr-100.com\/#website\",\"url\":\"https:\/\/gr-100.com\/\",\"name\":\"Gr-100 Tienda de ciclismo Specialized\",\"description\":\"GR-100 tenemos todas las gamas de bicicletas Specialized al mejor precio.\",\"publisher\":{\"@id\":\"https:\/\/gr-100.com\/#organization\"},\"alternateName\":\"Gr-100 Bikes\",\"potentialAction\":[{\"@type\":\"SearchAction\",\"target\":{\"@type\":\"EntryPoint\",\"urlTemplate\":\"https:\/\/gr-100.com\/?s={search_term_string}\"},\"query-input\":{\"@type\":\"PropertyValueSpecification\",\"valueRequired\":true,\"valueName\":\"search_term_string\"}}],\"inLanguage\":\"pt-PT\"},{\"@type\":\"Organization\",\"@id\":\"https:\/\/gr-100.com\/#organization\",\"name\":\"Gr-100\",\"url\":\"https:\/\/gr-100.com\/\",\"logo\":{\"@type\":\"ImageObject\",\"inLanguage\":\"pt-PT\",\"@id\":\"https:\/\/gr-100.com\/#\/schema\/logo\/image\/\",\"url\":\"https:\/\/gr-100.com\/wp-content\/uploads\/2023\/08\/logo-gr-100-bikes.png\",\"contentUrl\":\"https:\/\/gr-100.com\/wp-content\/uploads\/2023\/08\/logo-gr-100-bikes.png\",\"width\":707,\"height\":284,\"caption\":\"Gr-100\"},\"image\":{\"@id\":\"https:\/\/gr-100.com\/#\/schema\/logo\/image\/\"},\"sameAs\":[\"https:\/\/www.facebook.com\/Gr100Bikes\",\"https:\/\/www.instagram.com\/gr100bikes\/\",\"https:\/\/www.tiktok.com\/@gr100bikes\",\"https:\/\/twitter.com\/gr100mtbteam\",\"https:\/\/www.youtube.com\/c\/GR100Specialized\"]}]}<\/script>\n<!-- \/ Yoast SEO Premium plugin. -->","yoast_head_json":{"title":"Specialized Cubierta Carretera All Condition Armadillo Flat Proof 2027","description":"El All Condition Armadillo Flat Proof se mantiene fiel a su reputaci\u00f3n como uno de los neum\u00e1ticos m\u00e1s resistentes a los pinchazos disponibles.","robots":{"index":"index","follow":"follow","max-snippet":"max-snippet:-1","max-image-preview":"max-image-preview:large","max-video-preview":"max-video-preview:-1"},"canonical":"https:\/\/gr-100.com\/producto\/specialized-cubierta-carretera-all-condition-armadillo-flat-proof-2027\/","og_locale":"pt_PT","og_type":"article","og_title":"Specialized Cubierta Carretera All Condition Armadillo Flat Proof 2027","og_description":"El All Condition Armadillo Flat Proof se mantiene fiel a su reputaci\u00f3n como uno de los neum\u00e1ticos m\u00e1s resistentes a los pinchazos disponibles.","og_url":"https:\/\/gr-100.com\/producto\/specialized-cubierta-carretera-all-condition-armadillo-flat-proof-2027\/","og_site_name":"Gr-100 Tienda de ciclismo Specialized","article_publisher":"https:\/\/www.facebook.com\/Gr100Bikes","article_modified_time":"2026-03-12T11:42:42+00:00","og_image":[{"width":1000,"height":1000,"url":"https:\/\/gr-100.com\/wp-content\/uploads\/2026\/03\/Gobik-Culotte-Hombre-Corte-k10-Diamond-7.jpg","type":"image\/jpeg"}],"twitter_card":"summary_large_image","twitter_misc":{"Tempo estimado de leitura":"1 minuto"},"schema":{"@context":"https:\/\/schema.org","@graph":[{"@type":"WebPage","@id":"https:\/\/gr-100.com\/producto\/specialized-cubierta-carretera-all-condition-armadillo-flat-proof-2027\/","url":"https:\/\/gr-100.com\/producto\/specialized-cubierta-carretera-all-condition-armadillo-flat-proof-2027\/","name":"Specialized Cubierta Carretera All Condition Armadillo Flat Proof 2027","isPartOf":{"@id":"https:\/\/gr-100.com\/#website"},"primaryImageOfPage":{"@id":"https:\/\/gr-100.com\/producto\/specialized-cubierta-carretera-all-condition-armadillo-flat-proof-2027\/#primaryimage"},"image":{"@id":"https:\/\/gr-100.com\/producto\/specialized-cubierta-carretera-all-condition-armadillo-flat-proof-2027\/#primaryimage"},"thumbnailUrl":"https:\/\/gr-100.com\/wp-content\/uploads\/2026\/03\/Gobik-Culotte-Hombre-Corte-k10-Diamond-7.jpg","datePublished":"2026-03-12T11:42:41+00:00","dateModified":"2026-03-12T11:42:42+00:00","description":"El All Condition Armadillo Flat Proof se mantiene fiel a su reputaci\u00f3n como uno de los neum\u00e1ticos m\u00e1s resistentes a los pinchazos disponibles.","breadcrumb":{"@id":"https:\/\/gr-100.com\/producto\/specialized-cubierta-carretera-all-condition-armadillo-flat-proof-2027\/#breadcrumb"},"inLanguage":"pt-PT","potentialAction":[{"@type":"ReadAction","target":["https:\/\/gr-100.com\/producto\/specialized-cubierta-carretera-all-condition-armadillo-flat-proof-2027\/"]}]},{"@type":"ImageObject","inLanguage":"pt-PT","@id":"https:\/\/gr-100.com\/producto\/specialized-cubierta-carretera-all-condition-armadillo-flat-proof-2027\/#primaryimage","url":"https:\/\/gr-100.com\/wp-content\/uploads\/2026\/03\/Gobik-Culotte-Hombre-Corte-k10-Diamond-7.jpg","contentUrl":"https:\/\/gr-100.com\/wp-content\/uploads\/2026\/03\/Gobik-Culotte-Hombre-Corte-k10-Diamond-7.jpg","width":1000,"height":1000},{"@type":"BreadcrumbList","@id":"https:\/\/gr-100.com\/producto\/specialized-cubierta-carretera-all-condition-armadillo-flat-proof-2027\/#breadcrumb","itemListElement":[{"@type":"ListItem","position":1,"name":"Portada","item":"https:\/\/gr-100.com\/en\/"},{"@type":"ListItem","position":2,"name":"Productos","item":"https:\/\/gr-100.com\/?post_type=product"},{"@type":"ListItem","position":3,"name":"Specialized Cubierta Carretera All Condition Armadillo Flat Proof 2027"}]},{"@type":"WebSite","@id":"https:\/\/gr-100.com\/#website","url":"https:\/\/gr-100.com\/","name":"Gr-100 Tienda de ciclismo Specialized","description":"GR-100 tenemos todas las gamas de bicicletas Specialized al mejor precio.","publisher":{"@id":"https:\/\/gr-100.com\/#organization"},"alternateName":"Gr-100 Bikes","potentialAction":[{"@type":"SearchAction","target":{"@type":"EntryPoint","urlTemplate":"https:\/\/gr-100.com\/?s={search_term_string}"},"query-input":{"@type":"PropertyValueSpecification","valueRequired":true,"valueName":"search_term_string"}}],"inLanguage":"pt-PT"},{"@type":"Organization","@id":"https:\/\/gr-100.com\/#organization","name":"Gr-100","url":"https:\/\/gr-100.com\/","logo":{"@type":"ImageObject","inLanguage":"pt-PT","@id":"https:\/\/gr-100.com\/#\/schema\/logo\/image\/","url":"https:\/\/gr-100.com\/wp-content\/uploads\/2023\/08\/logo-gr-100-bikes.png","contentUrl":"https:\/\/gr-100.com\/wp-content\/uploads\/2023\/08\/logo-gr-100-bikes.png","width":707,"height":284,"caption":"Gr-100"},"image":{"@id":"https:\/\/gr-100.com\/#\/schema\/logo\/image\/"},"sameAs":["https:\/\/www.facebook.com\/Gr100Bikes","https:\/\/www.instagram.com\/gr100bikes\/","https:\/\/www.tiktok.com\/@gr100bikes","https:\/\/twitter.com\/gr100mtbteam","https:\/\/www.youtube.com\/c\/GR100Specialized"]}]}},"_links":{"self":[{"href":"https:\/\/gr-100.com\/pt-pt\/wp-json\/wp\/v2\/product\/446497","targetHints":{"allow":["GET"]}}],"collection":[{"href":"https:\/\/gr-100.com\/pt-pt\/wp-json\/wp\/v2\/product"}],"about":[{"href":"https:\/\/gr-100.com\/pt-pt\/wp-json\/wp\/v2\/types\/product"}],"replies":[{"embeddable":true,"href":"https:\/\/gr-100.com\/pt-pt\/wp-json\/wp\/v2\/comments?post=446497"}],"wp:featuredmedia":[{"embeddable":true,"href":"https:\/\/gr-100.com\/pt-pt\/wp-json\/wp\/v2\/media\/446502"}],"wp:attachment":[{"href":"https:\/\/gr-100.com\/pt-pt\/wp-json\/wp\/v2\/media?parent=446497"}],"wp:term":[{"taxonomy":"product_brand","embeddable":true,"href":"https:\/\/gr-100.com\/pt-pt\/wp-json\/wp\/v2\/product_brand?post=446497"},{"taxonomy":"product_cat","embeddable":true,"href":"https:\/\/gr-100.com\/pt-pt\/wp-json\/wp\/v2\/product_cat?post=446497"},{"taxonomy":"product_tag","embeddable":true,"href":"https:\/\/gr-100.com\/pt-pt\/wp-json\/wp\/v2\/product_tag?post=446497"}],"curies":[{"name":"wp","href":"https:\/\/api.w.org\/{rel}","templated":true}]}}