{"id":446638,"date":"2026-03-12T14:11:05","date_gmt":"2026-03-12T13:11:05","guid":{"rendered":"https:\/\/gr-100.com\/producto\/juego-de-ruedas-dt-swiss-arc-1600-spline-db-55-12-142-mm-sram\/"},"modified":"2026-03-12T14:19:45","modified_gmt":"2026-03-12T13:19:45","slug":"juego-de-ruedas-dt-swiss-arc-1600-spline-db-55-12-142-mm-sram","status":"publish","type":"product","link":"https:\/\/gr-100.com\/pt-pt\/producto\/juego-de-ruedas-dt-swiss-arc-1600-spline-db-55-12-142-mm-sram\/","title":{"rendered":"Juego de Ruedas DT Swiss ARC 1600 SPLINE db 55 12\/142 mm SRAM"},"content":{"rendered":"<p>CARACTER\u00cdSTICAS:<\/p>\n<ul>\n<li>Llanta<br \/>\nCarbon, Hooked \/ Crotchet tubeless TC<\/li>\n<li>Diametro de la llanta<br \/>\n29&#8243; \/ 700C<\/li>\n<li>Altura de llanta<br \/>\n55 mm<\/li>\n<li>Anchura interior de la llanta<br \/>\n22 mm<\/li>\n<li>Anchura exterior<br \/>\n28 mm<\/li>\n<li>Tipo de buje<br \/>\n350 con Ratchet System 36 SL<\/li>\n<li>Radios<br \/>\nRadios lado izquierdo: DT aero comp\u00ae Straightpull<br \/>\nRadios lado derecho: DT aero comp\u00ae Straightpull<\/li>\n<li>Peso neto<br \/>\n851 g<\/li>\n<li>Peso m\u00e1ximo recomendado sistem<br \/>\n110 kg<\/li>\n<li>Clasificaci\u00f3n ASTM<br \/>\n1<\/li>\n<li>Apto para e-bikes<br \/>\nNo<\/li>\n<\/ul>\n","protected":false},"excerpt":{"rendered":"<p>Las avanzadas ruedas ARC 1600 DICUT representan la \u00faltima generaci\u00f3n del ADN del nivel 1600 de DT Swiss y de nuestros colaboradores en aerodin\u00e1mica SWISS.<\/p>\n","protected":false},"featured_media":446634,"comment_status":"closed","ping_status":"closed","template":"","meta":{"_acf_changed":false,"_et_pb_use_builder":"","_et_pb_old_content":"","_et_gb_content_width":"","inline_featured_image":false},"product_brand":[],"product_cat":[379,387],"product_tag":[],"class_list":{"0":"post-446638","1":"product","2":"type-product","3":"status-publish","4":"has-post-thumbnail","6":"product_cat-componentes-pt-pt","7":"product_cat-rodas","8":"product_shipping_class-componentes-pt-pt","10":"first","11":"instock","12":"sale","13":"taxable","14":"shipping-taxable","15":"purchasable","16":"product-type-simple"},"acf":[],"yoast_head":"<!-- This site is optimized with the Yoast SEO Premium plugin v26.7 (Yoast SEO v26.7) - https:\/\/yoast.com\/wordpress\/plugins\/seo\/ -->\n<title>Juego de Ruedas DT Swiss ARC 1600 SPLINE db 55 12\/142 mm SRAM GR-100 DT SW<\/title>\n<meta name=\"description\" content=\"El actual conjunto de ruedas aerodin\u00e1micas con freno de disco DT Swiss es la s\u00edntesis perfecta de aceleraci\u00f3n, aerodin\u00e1mica y maniobrabilidad\" \/>\n<meta name=\"robots\" content=\"index, follow, max-snippet:-1, max-image-preview:large, max-video-preview:-1\" \/>\n<link rel=\"canonical\" href=\"https:\/\/gr-100.com\/pt-pt\/producto\/juego-de-ruedas-dt-swiss-arc-1600-spline-db-55-12-142-mm-sram\/\" \/>\n<meta property=\"og:locale\" content=\"pt_PT\" \/>\n<meta property=\"og:type\" content=\"article\" \/>\n<meta property=\"og:title\" content=\"Juego de Ruedas DT Swiss ARC 1600 SPLINE db 55 12\/142 mm SRAM\" \/>\n<meta property=\"og:description\" content=\"El actual conjunto de ruedas aerodin\u00e1micas con freno de disco DT Swiss es la s\u00edntesis perfecta de aceleraci\u00f3n, aerodin\u00e1mica y maniobrabilidad\" \/>\n<meta property=\"og:url\" content=\"https:\/\/gr-100.com\/pt-pt\/producto\/juego-de-ruedas-dt-swiss-arc-1600-spline-db-55-12-142-mm-sram\/\" \/>\n<meta property=\"og:site_name\" content=\"Gr-100 Tienda de ciclismo Specialized\" \/>\n<meta property=\"article:publisher\" content=\"https:\/\/www.facebook.com\/Gr100Bikes\" \/>\n<meta property=\"article:modified_time\" content=\"2026-03-12T13:19:45+00:00\" \/>\n<meta property=\"og:image\" content=\"https:\/\/gr-100.com\/wp-content\/uploads\/2026\/03\/Juego-de-Ruedas-DT-Swiss-ARC-1600-SPLINE-db-55-12142-mm.jpg\" \/>\n\t<meta property=\"og:image:width\" content=\"1000\" \/>\n\t<meta property=\"og:image:height\" content=\"1000\" \/>\n\t<meta property=\"og:image:type\" content=\"image\/jpeg\" \/>\n<meta name=\"twitter:card\" content=\"summary_large_image\" \/>\n<script type=\"application\/ld+json\" class=\"yoast-schema-graph\">{\"@context\":\"https:\/\/schema.org\",\"@graph\":[{\"@type\":\"WebPage\",\"@id\":\"https:\/\/gr-100.com\/pt-pt\/producto\/juego-de-ruedas-dt-swiss-arc-1600-spline-db-55-12-142-mm-sram\/\",\"url\":\"https:\/\/gr-100.com\/pt-pt\/producto\/juego-de-ruedas-dt-swiss-arc-1600-spline-db-55-12-142-mm-sram\/\",\"name\":\"Juego de Ruedas DT Swiss ARC 1600 SPLINE db 55 12\/142 mm SRAM GR-100 DT SW\",\"isPartOf\":{\"@id\":\"https:\/\/gr-100.com\/#website\"},\"primaryImageOfPage\":{\"@id\":\"https:\/\/gr-100.com\/pt-pt\/producto\/juego-de-ruedas-dt-swiss-arc-1600-spline-db-55-12-142-mm-sram\/#primaryimage\"},\"image\":{\"@id\":\"https:\/\/gr-100.com\/pt-pt\/producto\/juego-de-ruedas-dt-swiss-arc-1600-spline-db-55-12-142-mm-sram\/#primaryimage\"},\"thumbnailUrl\":\"https:\/\/gr-100.com\/wp-content\/uploads\/2026\/03\/Juego-de-Ruedas-DT-Swiss-ARC-1600-SPLINE-db-55-12142-mm.jpg\",\"datePublished\":\"2026-03-12T13:11:05+00:00\",\"dateModified\":\"2026-03-12T13:19:45+00:00\",\"description\":\"El actual conjunto de ruedas aerodin\u00e1micas con freno de disco DT Swiss es la s\u00edntesis perfecta de aceleraci\u00f3n, aerodin\u00e1mica y maniobrabilidad\",\"breadcrumb\":{\"@id\":\"https:\/\/gr-100.com\/pt-pt\/producto\/juego-de-ruedas-dt-swiss-arc-1600-spline-db-55-12-142-mm-sram\/#breadcrumb\"},\"inLanguage\":\"pt-PT\",\"potentialAction\":[{\"@type\":\"ReadAction\",\"target\":[\"https:\/\/gr-100.com\/pt-pt\/producto\/juego-de-ruedas-dt-swiss-arc-1600-spline-db-55-12-142-mm-sram\/\"]}]},{\"@type\":\"ImageObject\",\"inLanguage\":\"pt-PT\",\"@id\":\"https:\/\/gr-100.com\/pt-pt\/producto\/juego-de-ruedas-dt-swiss-arc-1600-spline-db-55-12-142-mm-sram\/#primaryimage\",\"url\":\"https:\/\/gr-100.com\/wp-content\/uploads\/2026\/03\/Juego-de-Ruedas-DT-Swiss-ARC-1600-SPLINE-db-55-12142-mm.jpg\",\"contentUrl\":\"https:\/\/gr-100.com\/wp-content\/uploads\/2026\/03\/Juego-de-Ruedas-DT-Swiss-ARC-1600-SPLINE-db-55-12142-mm.jpg\",\"width\":1000,\"height\":1000},{\"@type\":\"BreadcrumbList\",\"@id\":\"https:\/\/gr-100.com\/pt-pt\/producto\/juego-de-ruedas-dt-swiss-arc-1600-spline-db-55-12-142-mm-sram\/#breadcrumb\",\"itemListElement\":[{\"@type\":\"ListItem\",\"position\":1,\"name\":\"Portada\",\"item\":\"https:\/\/gr-100.com\/en\/\"},{\"@type\":\"ListItem\",\"position\":2,\"name\":\"Productos\",\"item\":\"https:\/\/gr-100.com\/?post_type=product\"},{\"@type\":\"ListItem\",\"position\":3,\"name\":\"Juego de Ruedas DT Swiss ARC 1600 SPLINE db 55 12\/142 mm SRAM\"}]},{\"@type\":\"WebSite\",\"@id\":\"https:\/\/gr-100.com\/#website\",\"url\":\"https:\/\/gr-100.com\/\",\"name\":\"Gr-100 Tienda de ciclismo Specialized\",\"description\":\"GR-100 tenemos todas las gamas de bicicletas Specialized al mejor precio.\",\"publisher\":{\"@id\":\"https:\/\/gr-100.com\/#organization\"},\"alternateName\":\"Gr-100 Bikes\",\"potentialAction\":[{\"@type\":\"SearchAction\",\"target\":{\"@type\":\"EntryPoint\",\"urlTemplate\":\"https:\/\/gr-100.com\/?s={search_term_string}\"},\"query-input\":{\"@type\":\"PropertyValueSpecification\",\"valueRequired\":true,\"valueName\":\"search_term_string\"}}],\"inLanguage\":\"pt-PT\"},{\"@type\":\"Organization\",\"@id\":\"https:\/\/gr-100.com\/#organization\",\"name\":\"Gr-100\",\"url\":\"https:\/\/gr-100.com\/\",\"logo\":{\"@type\":\"ImageObject\",\"inLanguage\":\"pt-PT\",\"@id\":\"https:\/\/gr-100.com\/#\/schema\/logo\/image\/\",\"url\":\"https:\/\/gr-100.com\/wp-content\/uploads\/2023\/08\/logo-gr-100-bikes.png\",\"contentUrl\":\"https:\/\/gr-100.com\/wp-content\/uploads\/2023\/08\/logo-gr-100-bikes.png\",\"width\":707,\"height\":284,\"caption\":\"Gr-100\"},\"image\":{\"@id\":\"https:\/\/gr-100.com\/#\/schema\/logo\/image\/\"},\"sameAs\":[\"https:\/\/www.facebook.com\/Gr100Bikes\",\"https:\/\/www.instagram.com\/gr100bikes\/\",\"https:\/\/www.tiktok.com\/@gr100bikes\",\"https:\/\/twitter.com\/gr100mtbteam\",\"https:\/\/www.youtube.com\/c\/GR100Specialized\"]}]}<\/script>\n<!-- \/ Yoast SEO Premium plugin. -->","yoast_head_json":{"title":"Juego de Ruedas DT Swiss ARC 1600 SPLINE db 55 12\/142 mm SRAM GR-100 DT SW","description":"El actual conjunto de ruedas aerodin\u00e1micas con freno de disco DT Swiss es la s\u00edntesis perfecta de aceleraci\u00f3n, aerodin\u00e1mica y maniobrabilidad","robots":{"index":"index","follow":"follow","max-snippet":"max-snippet:-1","max-image-preview":"max-image-preview:large","max-video-preview":"max-video-preview:-1"},"canonical":"https:\/\/gr-100.com\/pt-pt\/producto\/juego-de-ruedas-dt-swiss-arc-1600-spline-db-55-12-142-mm-sram\/","og_locale":"pt_PT","og_type":"article","og_title":"Juego de Ruedas DT Swiss ARC 1600 SPLINE db 55 12\/142 mm SRAM","og_description":"El actual conjunto de ruedas aerodin\u00e1micas con freno de disco DT Swiss es la s\u00edntesis perfecta de aceleraci\u00f3n, aerodin\u00e1mica y maniobrabilidad","og_url":"https:\/\/gr-100.com\/pt-pt\/producto\/juego-de-ruedas-dt-swiss-arc-1600-spline-db-55-12-142-mm-sram\/","og_site_name":"Gr-100 Tienda de ciclismo Specialized","article_publisher":"https:\/\/www.facebook.com\/Gr100Bikes","article_modified_time":"2026-03-12T13:19:45+00:00","og_image":[{"width":1000,"height":1000,"url":"https:\/\/gr-100.com\/wp-content\/uploads\/2026\/03\/Juego-de-Ruedas-DT-Swiss-ARC-1600-SPLINE-db-55-12142-mm.jpg","type":"image\/jpeg"}],"twitter_card":"summary_large_image","schema":{"@context":"https:\/\/schema.org","@graph":[{"@type":"WebPage","@id":"https:\/\/gr-100.com\/pt-pt\/producto\/juego-de-ruedas-dt-swiss-arc-1600-spline-db-55-12-142-mm-sram\/","url":"https:\/\/gr-100.com\/pt-pt\/producto\/juego-de-ruedas-dt-swiss-arc-1600-spline-db-55-12-142-mm-sram\/","name":"Juego de Ruedas DT Swiss ARC 1600 SPLINE db 55 12\/142 mm SRAM GR-100 DT SW","isPartOf":{"@id":"https:\/\/gr-100.com\/#website"},"primaryImageOfPage":{"@id":"https:\/\/gr-100.com\/pt-pt\/producto\/juego-de-ruedas-dt-swiss-arc-1600-spline-db-55-12-142-mm-sram\/#primaryimage"},"image":{"@id":"https:\/\/gr-100.com\/pt-pt\/producto\/juego-de-ruedas-dt-swiss-arc-1600-spline-db-55-12-142-mm-sram\/#primaryimage"},"thumbnailUrl":"https:\/\/gr-100.com\/wp-content\/uploads\/2026\/03\/Juego-de-Ruedas-DT-Swiss-ARC-1600-SPLINE-db-55-12142-mm.jpg","datePublished":"2026-03-12T13:11:05+00:00","dateModified":"2026-03-12T13:19:45+00:00","description":"El actual conjunto de ruedas aerodin\u00e1micas con freno de disco DT Swiss es la s\u00edntesis perfecta de aceleraci\u00f3n, aerodin\u00e1mica y maniobrabilidad","breadcrumb":{"@id":"https:\/\/gr-100.com\/pt-pt\/producto\/juego-de-ruedas-dt-swiss-arc-1600-spline-db-55-12-142-mm-sram\/#breadcrumb"},"inLanguage":"pt-PT","potentialAction":[{"@type":"ReadAction","target":["https:\/\/gr-100.com\/pt-pt\/producto\/juego-de-ruedas-dt-swiss-arc-1600-spline-db-55-12-142-mm-sram\/"]}]},{"@type":"ImageObject","inLanguage":"pt-PT","@id":"https:\/\/gr-100.com\/pt-pt\/producto\/juego-de-ruedas-dt-swiss-arc-1600-spline-db-55-12-142-mm-sram\/#primaryimage","url":"https:\/\/gr-100.com\/wp-content\/uploads\/2026\/03\/Juego-de-Ruedas-DT-Swiss-ARC-1600-SPLINE-db-55-12142-mm.jpg","contentUrl":"https:\/\/gr-100.com\/wp-content\/uploads\/2026\/03\/Juego-de-Ruedas-DT-Swiss-ARC-1600-SPLINE-db-55-12142-mm.jpg","width":1000,"height":1000},{"@type":"BreadcrumbList","@id":"https:\/\/gr-100.com\/pt-pt\/producto\/juego-de-ruedas-dt-swiss-arc-1600-spline-db-55-12-142-mm-sram\/#breadcrumb","itemListElement":[{"@type":"ListItem","position":1,"name":"Portada","item":"https:\/\/gr-100.com\/en\/"},{"@type":"ListItem","position":2,"name":"Productos","item":"https:\/\/gr-100.com\/?post_type=product"},{"@type":"ListItem","position":3,"name":"Juego de Ruedas DT Swiss ARC 1600 SPLINE db 55 12\/142 mm SRAM"}]},{"@type":"WebSite","@id":"https:\/\/gr-100.com\/#website","url":"https:\/\/gr-100.com\/","name":"Gr-100 Tienda de ciclismo Specialized","description":"GR-100 tenemos todas las gamas de bicicletas Specialized al mejor precio.","publisher":{"@id":"https:\/\/gr-100.com\/#organization"},"alternateName":"Gr-100 Bikes","potentialAction":[{"@type":"SearchAction","target":{"@type":"EntryPoint","urlTemplate":"https:\/\/gr-100.com\/?s={search_term_string}"},"query-input":{"@type":"PropertyValueSpecification","valueRequired":true,"valueName":"search_term_string"}}],"inLanguage":"pt-PT"},{"@type":"Organization","@id":"https:\/\/gr-100.com\/#organization","name":"Gr-100","url":"https:\/\/gr-100.com\/","logo":{"@type":"ImageObject","inLanguage":"pt-PT","@id":"https:\/\/gr-100.com\/#\/schema\/logo\/image\/","url":"https:\/\/gr-100.com\/wp-content\/uploads\/2023\/08\/logo-gr-100-bikes.png","contentUrl":"https:\/\/gr-100.com\/wp-content\/uploads\/2023\/08\/logo-gr-100-bikes.png","width":707,"height":284,"caption":"Gr-100"},"image":{"@id":"https:\/\/gr-100.com\/#\/schema\/logo\/image\/"},"sameAs":["https:\/\/www.facebook.com\/Gr100Bikes","https:\/\/www.instagram.com\/gr100bikes\/","https:\/\/www.tiktok.com\/@gr100bikes","https:\/\/twitter.com\/gr100mtbteam","https:\/\/www.youtube.com\/c\/GR100Specialized"]}]}},"_links":{"self":[{"href":"https:\/\/gr-100.com\/pt-pt\/wp-json\/wp\/v2\/product\/446638","targetHints":{"allow":["GET"]}}],"collection":[{"href":"https:\/\/gr-100.com\/pt-pt\/wp-json\/wp\/v2\/product"}],"about":[{"href":"https:\/\/gr-100.com\/pt-pt\/wp-json\/wp\/v2\/types\/product"}],"replies":[{"embeddable":true,"href":"https:\/\/gr-100.com\/pt-pt\/wp-json\/wp\/v2\/comments?post=446638"}],"wp:featuredmedia":[{"embeddable":true,"href":"https:\/\/gr-100.com\/pt-pt\/wp-json\/wp\/v2\/media\/446634"}],"wp:attachment":[{"href":"https:\/\/gr-100.com\/pt-pt\/wp-json\/wp\/v2\/media?parent=446638"}],"wp:term":[{"taxonomy":"product_brand","embeddable":true,"href":"https:\/\/gr-100.com\/pt-pt\/wp-json\/wp\/v2\/product_brand?post=446638"},{"taxonomy":"product_cat","embeddable":true,"href":"https:\/\/gr-100.com\/pt-pt\/wp-json\/wp\/v2\/product_cat?post=446638"},{"taxonomy":"product_tag","embeddable":true,"href":"https:\/\/gr-100.com\/pt-pt\/wp-json\/wp\/v2\/product_tag?post=446638"}],"curies":[{"name":"wp","href":"https:\/\/api.w.org\/{rel}","templated":true}]}}