{"id":447479,"date":"2026-03-16T12:08:35","date_gmt":"2026-03-16T11:08:35","guid":{"rendered":"https:\/\/gr-100.com\/?post_type=product&#038;p=447479"},"modified":"2026-03-16T12:08:36","modified_gmt":"2026-03-16T11:08:36","slug":"specialized-vado-sl-6-0-carbono-eq-2-2025","status":"publish","type":"product","link":"https:\/\/gr-100.com\/pt-pt\/producto\/specialized-vado-sl-6-0-carbono-eq-2-2025\/","title":{"rendered":"Specialized Vado SL 6.0 Carbono EQ 2 2025"},"content":{"rendered":"<p>Nada oferece mais pot\u00eancia, velocidade e autonomia com um peso mais leve do que a Turbo Vado SL 2 Carbon. \u00c9 uma m\u00e1quina premium de alto desempenho cuidadosamente concebida para tornar o exerc\u00edcio divertido e as tuas desloca\u00e7\u00f5es di\u00e1rias el\u00e9ctricas. Com um quadro em carbono inspirado nas melhores bicicletas de competi\u00e7\u00e3o do mundo, Future Shock para uma condu\u00e7\u00e3o ultra-suave, uma posi\u00e7\u00e3o ergon\u00f3mica para um manuseamento quase telep\u00e1tico e um motor el\u00e9trico super leve com uma pot\u00eancia extraordin\u00e1ria, a bicicleta com que sempre sonhaste est\u00e1 aqui.  <\/p>\n<ul>\n<li>Especifica\u00e7\u00f5es t\u00e9cnicas<\/li>\n<li>E-bike<br \/>\nCablagem: Cablagem personalizada Specialized com porta de carregamento<br \/>\nCarregador: Carregador personalizado, sistema de 48V com conetor SL<br \/>\nEcr\u00e3\/Controlo remoto: Mastermind H3 com controlo de guiador, ANT+\/Bluetooth\u00ae, sistema de bloqueio integrado, Apple Find My integrado, p\u00e1ginas do ecr\u00e3 a cores personaliz\u00e1veis, 2,1&#8243;<br \/>\nMotor: Specialized 1.2 SL Custom Rx Trail Tuned<br \/>\nBateria: Specialized SL2-520 totalmente integrada, 520 Wh<\/li>\n<li>Quadro<br \/>\nQuadro: 2024 Vado SL<br \/>\nBra\u00e7adeira de selim: Integrated Specialized<\/li>\n<li>Suspens\u00e3o<br \/>\nForquilha: Forquilha Specialized Vado SL2 em carbono com suportes Tubus para rack frontal at\u00e9 14 kg<\/li>\n<li>Trav\u00f5es<br \/>\nTrav\u00e3o dianteiro: TRP HD-R803, disco hidr\u00e1ulico<br \/>\nTrav\u00e3o traseiro: TRP HD-R803, disco hidr\u00e1ulico<\/li>\n<li>Transmiss\u00e3o<br \/>\nCorrente: Praxis, Cl 49.8 mm, NW, 44 dentes, BCD 104 mm<br \/>\nPedaleira \/ suporte inferior: SRAM FC S996 Carbono<br \/>\nS: 165 mm<br \/>\nM\/L: 170 mm<br \/>\nXL: 175 mm<br \/>\nMudan\u00e7as: Shimano Deore XT SL-M8100-IR, 12 velocidades Rapidfire, sem indicador \u00f3tico, I-Spec<br \/>\nDesviador traseiro: Shimano Deore XT 8100, 12 velocidades<br \/>\nCassete: Shimano SLX CS-M7100, 12 velocidades, 10-51T<br \/>\nCorrente: Shimano SLX M7100, 12 velocidades<\/li>\n<li>Rodas e pneus<br \/>\nRoda dianteira: Dt Swiss G540 Disc, 24 raios, 700c x 24 mm<br \/>\nRoda traseira: Dt Swiss G540 Disc, 24 raios, 700c x 24 mm<br \/>\nPneu dianteiro: Specialized Hemisphere com prote\u00e7\u00e3o anti-furo, flancos refletores, pneu todo-o-terreno, 700x47c<br \/>\nPneu traseiro: Specialized Hemisphere com prote\u00e7\u00e3o anti-furo, flancos refletores, pneu todo-o-terreno, 700x47c<br \/>\nC\u00e2maras de ar: Specialized Turbo Tube 29 x 1.75-2.4<\/li>\n<li>Cockpit<br \/>\nSelim: Bridge Sport, carris ocos em Cr-Mo, 155 mm<br \/>\nEspig\u00e3o do selim: Fibra de carbono, 30,9 mm, offset 21 mm<br \/>\nPunhos: ERGON GA30-S Custom, comprimento 134,8 mm<br \/>\nHaste: Specialized Stealth Stem alum\u00ednio, 31.8 mm, ecr\u00e3 integrado e suporte de luz<br \/>\nTamanho S: 60 mm, 17\u00b0<br \/>\nTamanhos M\/L\/XL: 75 mm, 15,5\u00b0<br \/>\nGuiador: Specialized em alum\u00ednio, 15 mm de eleva\u00e7\u00e3o, 31,8 mm, backsweep 9\u00b0, upsweep 5\u00b0, largura 680 mm<\/li>\n<li>Acess\u00f3rios<br \/>\nGuarda-lamas: Specialized custom aluminium, acabamento anodizado preto, 700c, suporte integrado<br \/>\nLuz frontal: Lezyne Ebike Fusion STVZO E500+, 500 lumens, cabo de 50cm, com refletor<br \/>\nLuz traseira: Spanninga STVZO Commuter Glow com fun\u00e7\u00e3o de travagem XEr<br \/>\nPedais: Specialized Commuter com fita antiderrapante e reflectores<br \/>\nCampainha: Specialized em lat\u00e3o<br \/>\nSuporte: Specialized, montagem de 40mm<br \/>\nSuporte para bicicleta: Turbo SL Rack MIK compat\u00edvel, at\u00e9 25kg<\/li>\n<li>Detalhes do produto<br \/>\nRefer\u00eancia: 221979<\/li>\n<li>Peso<br \/>\n17,99 kg (39 lb 10,6 oz)<\/li>\n<\/ul>\n","protected":false},"excerpt":{"rendered":"<p>Nada oferece mais pot\u00eancia, velocidade e autonomia com um peso mais leve do que a Turbo Vado SL 2 Carbon. \u00c9 uma m\u00e1quina premium de alto desempenho cuidadosamente concebida para tornar o exerc\u00edcio divertido e as tuas desloca\u00e7\u00f5es di\u00e1rias el\u00e9ctricas. Com um quadro em carbono inspirado nas melhores bicicletas de competi\u00e7\u00e3o do mundo, Future Shock [&hellip;]<\/p>\n","protected":false},"featured_media":447416,"comment_status":"open","ping_status":"closed","template":"","meta":{"_acf_changed":false,"_et_pb_use_builder":"on","_et_pb_old_content":"","_et_gb_content_width":"","inline_featured_image":false},"product_brand":[],"product_cat":[4353,2459,391,5261,5260,5281,2483,2460,3255],"product_tag":[],"class_list":{"0":"post-447479","1":"product","2":"type-product","3":"status-publish","4":"has-post-thumbnail","6":"product_cat-liquidacion-specialized","7":"product_cat-bicicletas-pt-pt-2","8":"product_cat-eletricas","9":"product_cat-bicicletas-electricas-de-carbono","10":"product_cat-bicicletas-electricas-specialized-pt-pt","11":"product_cat-bicicletas-electricas-urbanas-pt-pt","12":"product_cat-bicicletas-especializadas","13":"product_cat-ofertas-pt-pt","14":"product_cat-oferta-eletrica","16":"first","17":"instock","18":"sale","19":"taxable","20":"shipping-taxable","21":"purchasable","22":"product-type-variable","23":"wvs-archive-product-wrapper"},"acf":[],"yoast_head":"<!-- This site is optimized with the Yoast SEO Premium plugin v26.7 (Yoast SEO v26.7) - https:\/\/yoast.com\/wordpress\/plugins\/seo\/ -->\n<title>Specialized Vado SL 6.0 Carbono EQ 2 2025 GR-100<\/title>\n<meta name=\"description\" content=\"Nada oferece mais pot\u00eancia, velocidade e autonomia com um peso mais leve do que a Turbo Vado SL 2 Carbon. \u00c9 uma m\u00e1quina premium de alto desempenho, cuidadosamente concebida para tornar o exerc\u00edcio divertido e as tuas desloca\u00e7\u00f5es di\u00e1rias el\u00e9ctricas.\" \/>\n<meta name=\"robots\" content=\"index, follow, max-snippet:-1, max-image-preview:large, max-video-preview:-1\" \/>\n<link rel=\"canonical\" href=\"https:\/\/gr-100.com\/pt-pt\/producto\/specialized-vado-sl-6-0-carbono-eq-2-2025\/\" \/>\n<meta property=\"og:locale\" content=\"pt_PT\" \/>\n<meta property=\"og:type\" content=\"article\" \/>\n<meta property=\"og:title\" content=\"Specialized Vado SL 6.0 Carbono EQ 2 2025\" \/>\n<meta property=\"og:description\" content=\"Nada oferece mais pot\u00eancia, velocidade e autonomia com um peso mais leve do que a Turbo Vado SL 2 Carbon. \u00c9 uma m\u00e1quina premium de alto desempenho, cuidadosamente concebida para tornar o exerc\u00edcio divertido e as tuas desloca\u00e7\u00f5es di\u00e1rias el\u00e9ctricas.\" \/>\n<meta property=\"og:url\" content=\"https:\/\/gr-100.com\/pt-pt\/producto\/specialized-vado-sl-6-0-carbono-eq-2-2025\/\" \/>\n<meta property=\"og:site_name\" content=\"Gr-100 Tienda de ciclismo Specialized\" \/>\n<meta property=\"article:publisher\" content=\"https:\/\/www.facebook.com\/Gr100Bikes\" \/>\n<meta property=\"article:modified_time\" content=\"2026-03-16T11:08:36+00:00\" \/>\n<meta property=\"og:image\" content=\"https:\/\/gr-100.com\/wp-content\/uploads\/2026\/03\/Gobik-Culotte-Hombre-Corte-k10-Diamond-5-1.jpg\" \/>\n\t<meta property=\"og:image:width\" content=\"1000\" \/>\n\t<meta property=\"og:image:height\" content=\"1000\" \/>\n\t<meta property=\"og:image:type\" content=\"image\/jpeg\" \/>\n<meta name=\"twitter:card\" content=\"summary_large_image\" \/>\n<meta name=\"twitter:label1\" content=\"Tempo estimado de leitura\" \/>\n\t<meta name=\"twitter:data1\" content=\"2 minutos\" \/>\n<script type=\"application\/ld+json\" class=\"yoast-schema-graph\">{\"@context\":\"https:\/\/schema.org\",\"@graph\":[{\"@type\":\"WebPage\",\"@id\":\"https:\/\/gr-100.com\/pt-pt\/producto\/specialized-vado-sl-6-0-carbono-eq-2-2025\/\",\"url\":\"https:\/\/gr-100.com\/pt-pt\/producto\/specialized-vado-sl-6-0-carbono-eq-2-2025\/\",\"name\":\"Specialized Vado SL 6.0 Carbono EQ 2 2025 GR-100\",\"isPartOf\":{\"@id\":\"https:\/\/gr-100.com\/#website\"},\"primaryImageOfPage\":{\"@id\":\"https:\/\/gr-100.com\/pt-pt\/producto\/specialized-vado-sl-6-0-carbono-eq-2-2025\/#primaryimage\"},\"image\":{\"@id\":\"https:\/\/gr-100.com\/pt-pt\/producto\/specialized-vado-sl-6-0-carbono-eq-2-2025\/#primaryimage\"},\"thumbnailUrl\":\"https:\/\/gr-100.com\/wp-content\/uploads\/2026\/03\/Gobik-Culotte-Hombre-Corte-k10-Diamond-5-1.jpg\",\"datePublished\":\"2026-03-16T11:08:35+00:00\",\"dateModified\":\"2026-03-16T11:08:36+00:00\",\"description\":\"Nada oferece mais pot\u00eancia, velocidade e autonomia com um peso mais leve do que a Turbo Vado SL 2 Carbon. \u00c9 uma m\u00e1quina premium de alto desempenho, cuidadosamente concebida para tornar o exerc\u00edcio divertido e as tuas desloca\u00e7\u00f5es di\u00e1rias el\u00e9ctricas.\",\"breadcrumb\":{\"@id\":\"https:\/\/gr-100.com\/pt-pt\/producto\/specialized-vado-sl-6-0-carbono-eq-2-2025\/#breadcrumb\"},\"inLanguage\":\"pt-PT\",\"potentialAction\":[{\"@type\":\"ReadAction\",\"target\":[\"https:\/\/gr-100.com\/pt-pt\/producto\/specialized-vado-sl-6-0-carbono-eq-2-2025\/\"]}]},{\"@type\":\"ImageObject\",\"inLanguage\":\"pt-PT\",\"@id\":\"https:\/\/gr-100.com\/pt-pt\/producto\/specialized-vado-sl-6-0-carbono-eq-2-2025\/#primaryimage\",\"url\":\"https:\/\/gr-100.com\/wp-content\/uploads\/2026\/03\/Gobik-Culotte-Hombre-Corte-k10-Diamond-5-1.jpg\",\"contentUrl\":\"https:\/\/gr-100.com\/wp-content\/uploads\/2026\/03\/Gobik-Culotte-Hombre-Corte-k10-Diamond-5-1.jpg\",\"width\":1000,\"height\":1000},{\"@type\":\"BreadcrumbList\",\"@id\":\"https:\/\/gr-100.com\/pt-pt\/producto\/specialized-vado-sl-6-0-carbono-eq-2-2025\/#breadcrumb\",\"itemListElement\":[{\"@type\":\"ListItem\",\"position\":1,\"name\":\"Portada\",\"item\":\"https:\/\/gr-100.com\/en\/\"},{\"@type\":\"ListItem\",\"position\":2,\"name\":\"Productos\",\"item\":\"https:\/\/gr-100.com\/?post_type=product\"},{\"@type\":\"ListItem\",\"position\":3,\"name\":\"Specialized Vado SL 6.0 Carbono EQ 2 2025\"}]},{\"@type\":\"WebSite\",\"@id\":\"https:\/\/gr-100.com\/#website\",\"url\":\"https:\/\/gr-100.com\/\",\"name\":\"Gr-100 Tienda de ciclismo Specialized\",\"description\":\"GR-100 tenemos todas las gamas de bicicletas Specialized al mejor precio.\",\"publisher\":{\"@id\":\"https:\/\/gr-100.com\/#organization\"},\"alternateName\":\"Gr-100 Bikes\",\"potentialAction\":[{\"@type\":\"SearchAction\",\"target\":{\"@type\":\"EntryPoint\",\"urlTemplate\":\"https:\/\/gr-100.com\/?s={search_term_string}\"},\"query-input\":{\"@type\":\"PropertyValueSpecification\",\"valueRequired\":true,\"valueName\":\"search_term_string\"}}],\"inLanguage\":\"pt-PT\"},{\"@type\":\"Organization\",\"@id\":\"https:\/\/gr-100.com\/#organization\",\"name\":\"Gr-100\",\"url\":\"https:\/\/gr-100.com\/\",\"logo\":{\"@type\":\"ImageObject\",\"inLanguage\":\"pt-PT\",\"@id\":\"https:\/\/gr-100.com\/#\/schema\/logo\/image\/\",\"url\":\"https:\/\/gr-100.com\/wp-content\/uploads\/2023\/08\/logo-gr-100-bikes.png\",\"contentUrl\":\"https:\/\/gr-100.com\/wp-content\/uploads\/2023\/08\/logo-gr-100-bikes.png\",\"width\":707,\"height\":284,\"caption\":\"Gr-100\"},\"image\":{\"@id\":\"https:\/\/gr-100.com\/#\/schema\/logo\/image\/\"},\"sameAs\":[\"https:\/\/www.facebook.com\/Gr100Bikes\",\"https:\/\/www.instagram.com\/gr100bikes\/\",\"https:\/\/www.tiktok.com\/@gr100bikes\",\"https:\/\/twitter.com\/gr100mtbteam\",\"https:\/\/www.youtube.com\/c\/GR100Specialized\"]}]}<\/script>\n<!-- \/ Yoast SEO Premium plugin. -->","yoast_head_json":{"title":"Specialized Vado SL 6.0 Carbono EQ 2 2025 GR-100","description":"Nada oferece mais pot\u00eancia, velocidade e autonomia com um peso mais leve do que a Turbo Vado SL 2 Carbon. \u00c9 uma m\u00e1quina premium de alto desempenho, cuidadosamente concebida para tornar o exerc\u00edcio divertido e as tuas desloca\u00e7\u00f5es di\u00e1rias el\u00e9ctricas.","robots":{"index":"index","follow":"follow","max-snippet":"max-snippet:-1","max-image-preview":"max-image-preview:large","max-video-preview":"max-video-preview:-1"},"canonical":"https:\/\/gr-100.com\/pt-pt\/producto\/specialized-vado-sl-6-0-carbono-eq-2-2025\/","og_locale":"pt_PT","og_type":"article","og_title":"Specialized Vado SL 6.0 Carbono EQ 2 2025","og_description":"Nada oferece mais pot\u00eancia, velocidade e autonomia com um peso mais leve do que a Turbo Vado SL 2 Carbon. \u00c9 uma m\u00e1quina premium de alto desempenho, cuidadosamente concebida para tornar o exerc\u00edcio divertido e as tuas desloca\u00e7\u00f5es di\u00e1rias el\u00e9ctricas.","og_url":"https:\/\/gr-100.com\/pt-pt\/producto\/specialized-vado-sl-6-0-carbono-eq-2-2025\/","og_site_name":"Gr-100 Tienda de ciclismo Specialized","article_publisher":"https:\/\/www.facebook.com\/Gr100Bikes","article_modified_time":"2026-03-16T11:08:36+00:00","og_image":[{"width":1000,"height":1000,"url":"https:\/\/gr-100.com\/wp-content\/uploads\/2026\/03\/Gobik-Culotte-Hombre-Corte-k10-Diamond-5-1.jpg","type":"image\/jpeg"}],"twitter_card":"summary_large_image","twitter_misc":{"Tempo estimado de leitura":"2 minutos"},"schema":{"@context":"https:\/\/schema.org","@graph":[{"@type":"WebPage","@id":"https:\/\/gr-100.com\/pt-pt\/producto\/specialized-vado-sl-6-0-carbono-eq-2-2025\/","url":"https:\/\/gr-100.com\/pt-pt\/producto\/specialized-vado-sl-6-0-carbono-eq-2-2025\/","name":"Specialized Vado SL 6.0 Carbono EQ 2 2025 GR-100","isPartOf":{"@id":"https:\/\/gr-100.com\/#website"},"primaryImageOfPage":{"@id":"https:\/\/gr-100.com\/pt-pt\/producto\/specialized-vado-sl-6-0-carbono-eq-2-2025\/#primaryimage"},"image":{"@id":"https:\/\/gr-100.com\/pt-pt\/producto\/specialized-vado-sl-6-0-carbono-eq-2-2025\/#primaryimage"},"thumbnailUrl":"https:\/\/gr-100.com\/wp-content\/uploads\/2026\/03\/Gobik-Culotte-Hombre-Corte-k10-Diamond-5-1.jpg","datePublished":"2026-03-16T11:08:35+00:00","dateModified":"2026-03-16T11:08:36+00:00","description":"Nada oferece mais pot\u00eancia, velocidade e autonomia com um peso mais leve do que a Turbo Vado SL 2 Carbon. \u00c9 uma m\u00e1quina premium de alto desempenho, cuidadosamente concebida para tornar o exerc\u00edcio divertido e as tuas desloca\u00e7\u00f5es di\u00e1rias el\u00e9ctricas.","breadcrumb":{"@id":"https:\/\/gr-100.com\/pt-pt\/producto\/specialized-vado-sl-6-0-carbono-eq-2-2025\/#breadcrumb"},"inLanguage":"pt-PT","potentialAction":[{"@type":"ReadAction","target":["https:\/\/gr-100.com\/pt-pt\/producto\/specialized-vado-sl-6-0-carbono-eq-2-2025\/"]}]},{"@type":"ImageObject","inLanguage":"pt-PT","@id":"https:\/\/gr-100.com\/pt-pt\/producto\/specialized-vado-sl-6-0-carbono-eq-2-2025\/#primaryimage","url":"https:\/\/gr-100.com\/wp-content\/uploads\/2026\/03\/Gobik-Culotte-Hombre-Corte-k10-Diamond-5-1.jpg","contentUrl":"https:\/\/gr-100.com\/wp-content\/uploads\/2026\/03\/Gobik-Culotte-Hombre-Corte-k10-Diamond-5-1.jpg","width":1000,"height":1000},{"@type":"BreadcrumbList","@id":"https:\/\/gr-100.com\/pt-pt\/producto\/specialized-vado-sl-6-0-carbono-eq-2-2025\/#breadcrumb","itemListElement":[{"@type":"ListItem","position":1,"name":"Portada","item":"https:\/\/gr-100.com\/en\/"},{"@type":"ListItem","position":2,"name":"Productos","item":"https:\/\/gr-100.com\/?post_type=product"},{"@type":"ListItem","position":3,"name":"Specialized Vado SL 6.0 Carbono EQ 2 2025"}]},{"@type":"WebSite","@id":"https:\/\/gr-100.com\/#website","url":"https:\/\/gr-100.com\/","name":"Gr-100 Tienda de ciclismo Specialized","description":"GR-100 tenemos todas las gamas de bicicletas Specialized al mejor precio.","publisher":{"@id":"https:\/\/gr-100.com\/#organization"},"alternateName":"Gr-100 Bikes","potentialAction":[{"@type":"SearchAction","target":{"@type":"EntryPoint","urlTemplate":"https:\/\/gr-100.com\/?s={search_term_string}"},"query-input":{"@type":"PropertyValueSpecification","valueRequired":true,"valueName":"search_term_string"}}],"inLanguage":"pt-PT"},{"@type":"Organization","@id":"https:\/\/gr-100.com\/#organization","name":"Gr-100","url":"https:\/\/gr-100.com\/","logo":{"@type":"ImageObject","inLanguage":"pt-PT","@id":"https:\/\/gr-100.com\/#\/schema\/logo\/image\/","url":"https:\/\/gr-100.com\/wp-content\/uploads\/2023\/08\/logo-gr-100-bikes.png","contentUrl":"https:\/\/gr-100.com\/wp-content\/uploads\/2023\/08\/logo-gr-100-bikes.png","width":707,"height":284,"caption":"Gr-100"},"image":{"@id":"https:\/\/gr-100.com\/#\/schema\/logo\/image\/"},"sameAs":["https:\/\/www.facebook.com\/Gr100Bikes","https:\/\/www.instagram.com\/gr100bikes\/","https:\/\/www.tiktok.com\/@gr100bikes","https:\/\/twitter.com\/gr100mtbteam","https:\/\/www.youtube.com\/c\/GR100Specialized"]}]}},"_links":{"self":[{"href":"https:\/\/gr-100.com\/pt-pt\/wp-json\/wp\/v2\/product\/447479","targetHints":{"allow":["GET"]}}],"collection":[{"href":"https:\/\/gr-100.com\/pt-pt\/wp-json\/wp\/v2\/product"}],"about":[{"href":"https:\/\/gr-100.com\/pt-pt\/wp-json\/wp\/v2\/types\/product"}],"replies":[{"embeddable":true,"href":"https:\/\/gr-100.com\/pt-pt\/wp-json\/wp\/v2\/comments?post=447479"}],"wp:featuredmedia":[{"embeddable":true,"href":"https:\/\/gr-100.com\/pt-pt\/wp-json\/wp\/v2\/media\/447416"}],"wp:attachment":[{"href":"https:\/\/gr-100.com\/pt-pt\/wp-json\/wp\/v2\/media?parent=447479"}],"wp:term":[{"taxonomy":"product_brand","embeddable":true,"href":"https:\/\/gr-100.com\/pt-pt\/wp-json\/wp\/v2\/product_brand?post=447479"},{"taxonomy":"product_cat","embeddable":true,"href":"https:\/\/gr-100.com\/pt-pt\/wp-json\/wp\/v2\/product_cat?post=447479"},{"taxonomy":"product_tag","embeddable":true,"href":"https:\/\/gr-100.com\/pt-pt\/wp-json\/wp\/v2\/product_tag?post=447479"}],"curies":[{"name":"wp","href":"https:\/\/api.w.org\/{rel}","templated":true}]}}