{"id":447773,"date":"2026-03-16T13:13:08","date_gmt":"2026-03-16T12:13:08","guid":{"rendered":"https:\/\/gr-100.com\/?post_type=product&#038;p=447773"},"modified":"2026-03-16T13:13:10","modified_gmt":"2026-03-16T12:13:10","slug":"specialized-turbo-vado-sl-2-4-0-step-through-2027","status":"publish","type":"product","link":"https:\/\/gr-100.com\/pt-pt\/producto\/specialized-turbo-vado-sl-2-4-0-step-through-2027\/","title":{"rendered":"Specialized Turbo Vado SL 2 4.0 Step-Through 2027"},"content":{"rendered":"<ul>\n<li>Nada ofrece m\u00e1s potencia, velocidad y autonom\u00eda con tan poco peso como la Turbo Vado SL 2. Es una m\u00e1quina de alto rendimiento, dise\u00f1ada para que te diviertas en tus entrenos o tus trayectos al trabajo.  Es la bici de tus sue\u00f1os: su cuadro de aluminio es ultraligero , la suspensi\u00f3n Future Shock te regala una conducci\u00f3n ultrasuave, la postura ergon\u00f3mica te ayuda a llevarla casi de forma telep\u00e1tica y su motor ultraligero tiene una potencia sobrenatural.<\/li>\n<li>Especificaciones T\u00e9cnicas<\/li>\n<li>E-bike<br \/>\nMotor: Specialized SL 1.2 Custom Rx Trail Tuned<br \/>\nVisor \/ Comando: HMI TLA, H3, SBC-D10, compat\u00edvel com EUBR, APLW2, APLUTO, DAYTON<br \/>\nBateria: Specialized SL2-520 totalmente integrada, 520 Wh<br \/>\nCarregador: Carregador personalizado, sistema 48V com conetor do sistema SL<\/li>\n<li>Quadro<br \/>\nQuadro: 2025 Vado SL Step-Through (quadro baixo)<br \/>\nBra\u00e7adeira de selim: Alum\u00ednio, 38,6 mm<\/li>\n<li>Suspens\u00e3o<br \/>\nForquilha: Forquilha Vado SL com suportes Tubus para porta-bagagens dianteiro at\u00e9 14 kg<\/li>\n<li>Trav\u00f5es<br \/>\nTrav\u00e3o dianteiro: Tektro HD-R285, disco hidr\u00e1ulico<br \/>\nTrav\u00e3o traseiro: Tektro HD-R285, disco hidr\u00e1ulico<\/li>\n<li>Transmiss\u00e3o<br \/>\nDesviador traseiro: Shimano CUES RD-U6000, 11 velocidades, Shadow Plus<br \/>\nMudan\u00e7as de velocidade: Shimano CUES Rapidfire Plus, 10 velocidades com indicador \u00f3tico (SL-U6000-10R)<br \/>\nCassete: Shimano CUES CS-LG400-10, 10 velocidades, 11-48T<br \/>\nCorrente: KMC eGlide para sistema CUES de 11 velocidades<br \/>\nPedaleira \/ movimento pedaleiro: SRAM Alloy Crankset com interface DUB<br \/>\nCorrente: Praxis, 44 dentes, BCD 104 mm<br \/>\nTampa da corrente: Custom Specialized<\/li>\n<li>Rodas e pneus<br \/>\nJantes: alum\u00ednio de parede dupla, largura interna de 27 mm, 28 raios<br \/>\nCubo dianteiro: alum\u00ednio, disco de 6 parafusos, rolamentos selados, eixo passante de 12&#215;100 mm, 24 raios<br \/>\nCubo traseiro: Bear Pawls, disco de 6 parafusos, rolamentos selados, eixo de 12&#215;142 mm<br \/>\nRaios: Dt Swiss Elemental<br \/>\nPneu dianteiro: Specialized Hemisphere com prote\u00e7\u00e3o anti-furo, flancos reflectores, 700x47c<br \/>\nPneu traseiro: Specialized Hemisphere com prote\u00e7\u00e3o anti-furo, flancos reflectores, 700x47c<br \/>\nC\u00e2maras de ar: 29 x 1.75-2.4, v\u00e1lvula Schrader de 40 mm<\/li>\n<li>Cockpit<br \/>\nHaste: Specialized Stealth Stem em alum\u00ednio, 31,8 mm, ecr\u00e3 integrado e suporte de luz<br \/>\nTamanho S: 60 mm \/ 17\u00b0<br \/>\nTamanhos M-L-XL: 75 mm \/ 15,5\u00b0<br \/>\nGuiador: Specialized em alum\u00ednio, 9\u00b0 de inclina\u00e7\u00e3o para tr\u00e1s, 15 mm de eleva\u00e7\u00e3o, 31.8 mm<br \/>\nPunhos: Specialized Body Geometry<br \/>\nSelim: Bridge Sport, carris de a\u00e7o, 155 mm<br \/>\nEspig\u00e3o de selim: Specialized em alum\u00ednio, parafuso \u00fanico, offset 21 mm, 27,2 mm<\/li>\n<li>Acess\u00f3rios<br \/>\nPedais: Specialized Commuter com correia antiderrapante e reflectores<br \/>\nLuz dianteira: Lezyne Ebike Power STVZO E500+, 350 l\u00famens com refletor<br \/>\nLuz traseira: Fu An FC28-12V com cabo adicional de 1500 mm<br \/>\nCampainha: Campainha<\/li>\n<li>Detalhes do produto<br \/>\nIdentificador: 295058<br \/>\nCertifica\u00e7\u00e3o: Cumpre as normas UL 2849 (sistema el\u00e9trico) e\/ou UL 2271 (bateria) certificadas pela UL Solutions ou SGS<\/li>\n<li>Peso<br \/>\n18,75 kg (41 lb 5,4 oz)<br \/>\nTamanho: MD (M\u00e9dio)<\/li>\n<\/ul>\n","protected":false},"excerpt":{"rendered":"<p>Nada ofrece m\u00e1s potencia, velocidad y autonom\u00eda con tan poco peso como la Turbo Vado SL 2. Es una m\u00e1quina de alto rendimiento, dise\u00f1ada para que te diviertas en tus entrenos o tus trayectos al trabajo. <\/p>\n","protected":false},"featured_media":447502,"comment_status":"open","ping_status":"closed","template":"","meta":{"_acf_changed":false,"_et_pb_use_builder":"","_et_pb_old_content":"","_et_gb_content_width":"","inline_featured_image":false},"product_brand":[],"product_cat":[4353,391,5280,5282,5260,5283,5281],"product_tag":[],"class_list":{"0":"post-447773","1":"product","2":"type-product","3":"status-publish","4":"has-post-thumbnail","6":"product_cat-liquidacion-specialized","7":"product_cat-eletricas","8":"product_cat-bicicletas-electricas-aluminio-pt-pt","9":"product_cat-bicicletas-electricas-paseo-pt-pt","10":"product_cat-bicicletas-electricas-specialized-pt-pt","11":"product_cat-bicicletas-electricas-trekking-pt-pt","12":"product_cat-bicicletas-electricas-urbanas-pt-pt","14":"first","15":"instock","16":"sale","17":"taxable","18":"shipping-taxable","19":"purchasable","20":"product-type-variable","21":"wvs-archive-product-wrapper"},"acf":[],"yoast_head":"<!-- This site is optimized with the Yoast SEO Premium plugin v26.7 (Yoast SEO v26.7) - https:\/\/yoast.com\/wordpress\/plugins\/seo\/ -->\n<title>Specialized Turbo Vado SL 2 4.0 Step-Through 2027<\/title>\n<meta name=\"description\" content=\"Nada ofrece m\u00e1s potencia, velocidad y autonom\u00eda con tan poco peso como la Turbo Vado SL 2. Es una m\u00e1quina de alto rendimiento, dise\u00f1ada para que te diviertas en tus entrenos o tus trayectos al trabajo.\" \/>\n<meta name=\"robots\" content=\"index, follow, max-snippet:-1, max-image-preview:large, max-video-preview:-1\" \/>\n<link rel=\"canonical\" href=\"https:\/\/gr-100.com\/pt-pt\/producto\/specialized-turbo-vado-sl-2-4-0-step-through-2027\/\" \/>\n<meta property=\"og:locale\" content=\"pt_PT\" \/>\n<meta property=\"og:type\" content=\"article\" \/>\n<meta property=\"og:title\" content=\"Specialized Turbo Vado SL 2 4.0 Step-Through 2027\" \/>\n<meta property=\"og:description\" content=\"Nada ofrece m\u00e1s potencia, velocidad y autonom\u00eda con tan poco peso como la Turbo Vado SL 2. Es una m\u00e1quina de alto rendimiento, dise\u00f1ada para que te diviertas en tus entrenos o tus trayectos al trabajo.\" \/>\n<meta property=\"og:url\" content=\"https:\/\/gr-100.com\/pt-pt\/producto\/specialized-turbo-vado-sl-2-4-0-step-through-2027\/\" \/>\n<meta property=\"og:site_name\" content=\"Gr-100 Tienda de ciclismo Specialized\" \/>\n<meta property=\"article:publisher\" content=\"https:\/\/www.facebook.com\/Gr100Bikes\" \/>\n<meta property=\"article:modified_time\" content=\"2026-03-16T12:13:10+00:00\" \/>\n<meta property=\"og:image\" content=\"https:\/\/gr-100.com\/wp-content\/uploads\/2026\/03\/Gobik-Culotte-Hombre-Corte-k10-Diamond-5-2.jpg\" \/>\n\t<meta property=\"og:image:width\" content=\"1000\" \/>\n\t<meta property=\"og:image:height\" content=\"1000\" \/>\n\t<meta property=\"og:image:type\" content=\"image\/jpeg\" \/>\n<meta name=\"twitter:card\" content=\"summary_large_image\" \/>\n<meta name=\"twitter:label1\" content=\"Tempo estimado de leitura\" \/>\n\t<meta name=\"twitter:data1\" content=\"2 minutos\" \/>\n<script type=\"application\/ld+json\" class=\"yoast-schema-graph\">{\"@context\":\"https:\/\/schema.org\",\"@graph\":[{\"@type\":\"WebPage\",\"@id\":\"https:\/\/gr-100.com\/pt-pt\/producto\/specialized-turbo-vado-sl-2-4-0-step-through-2027\/\",\"url\":\"https:\/\/gr-100.com\/pt-pt\/producto\/specialized-turbo-vado-sl-2-4-0-step-through-2027\/\",\"name\":\"Specialized Turbo Vado SL 2 4.0 Step-Through 2027\",\"isPartOf\":{\"@id\":\"https:\/\/gr-100.com\/#website\"},\"primaryImageOfPage\":{\"@id\":\"https:\/\/gr-100.com\/pt-pt\/producto\/specialized-turbo-vado-sl-2-4-0-step-through-2027\/#primaryimage\"},\"image\":{\"@id\":\"https:\/\/gr-100.com\/pt-pt\/producto\/specialized-turbo-vado-sl-2-4-0-step-through-2027\/#primaryimage\"},\"thumbnailUrl\":\"https:\/\/gr-100.com\/wp-content\/uploads\/2026\/03\/Gobik-Culotte-Hombre-Corte-k10-Diamond-5-2.jpg\",\"datePublished\":\"2026-03-16T12:13:08+00:00\",\"dateModified\":\"2026-03-16T12:13:10+00:00\",\"description\":\"Nada ofrece m\u00e1s potencia, velocidad y autonom\u00eda con tan poco peso como la Turbo Vado SL 2. Es una m\u00e1quina de alto rendimiento, dise\u00f1ada para que te diviertas en tus entrenos o tus trayectos al trabajo.\",\"breadcrumb\":{\"@id\":\"https:\/\/gr-100.com\/pt-pt\/producto\/specialized-turbo-vado-sl-2-4-0-step-through-2027\/#breadcrumb\"},\"inLanguage\":\"pt-PT\",\"potentialAction\":[{\"@type\":\"ReadAction\",\"target\":[\"https:\/\/gr-100.com\/pt-pt\/producto\/specialized-turbo-vado-sl-2-4-0-step-through-2027\/\"]}]},{\"@type\":\"ImageObject\",\"inLanguage\":\"pt-PT\",\"@id\":\"https:\/\/gr-100.com\/pt-pt\/producto\/specialized-turbo-vado-sl-2-4-0-step-through-2027\/#primaryimage\",\"url\":\"https:\/\/gr-100.com\/wp-content\/uploads\/2026\/03\/Gobik-Culotte-Hombre-Corte-k10-Diamond-5-2.jpg\",\"contentUrl\":\"https:\/\/gr-100.com\/wp-content\/uploads\/2026\/03\/Gobik-Culotte-Hombre-Corte-k10-Diamond-5-2.jpg\",\"width\":1000,\"height\":1000},{\"@type\":\"BreadcrumbList\",\"@id\":\"https:\/\/gr-100.com\/pt-pt\/producto\/specialized-turbo-vado-sl-2-4-0-step-through-2027\/#breadcrumb\",\"itemListElement\":[{\"@type\":\"ListItem\",\"position\":1,\"name\":\"Portada\",\"item\":\"https:\/\/gr-100.com\/en\/\"},{\"@type\":\"ListItem\",\"position\":2,\"name\":\"Productos\",\"item\":\"https:\/\/gr-100.com\/?post_type=product\"},{\"@type\":\"ListItem\",\"position\":3,\"name\":\"Specialized Turbo Vado SL 2 4.0 Step-Through 2027\"}]},{\"@type\":\"WebSite\",\"@id\":\"https:\/\/gr-100.com\/#website\",\"url\":\"https:\/\/gr-100.com\/\",\"name\":\"Gr-100 Tienda de ciclismo Specialized\",\"description\":\"GR-100 tenemos todas las gamas de bicicletas Specialized al mejor precio.\",\"publisher\":{\"@id\":\"https:\/\/gr-100.com\/#organization\"},\"alternateName\":\"Gr-100 Bikes\",\"potentialAction\":[{\"@type\":\"SearchAction\",\"target\":{\"@type\":\"EntryPoint\",\"urlTemplate\":\"https:\/\/gr-100.com\/?s={search_term_string}\"},\"query-input\":{\"@type\":\"PropertyValueSpecification\",\"valueRequired\":true,\"valueName\":\"search_term_string\"}}],\"inLanguage\":\"pt-PT\"},{\"@type\":\"Organization\",\"@id\":\"https:\/\/gr-100.com\/#organization\",\"name\":\"Gr-100\",\"url\":\"https:\/\/gr-100.com\/\",\"logo\":{\"@type\":\"ImageObject\",\"inLanguage\":\"pt-PT\",\"@id\":\"https:\/\/gr-100.com\/#\/schema\/logo\/image\/\",\"url\":\"https:\/\/gr-100.com\/wp-content\/uploads\/2023\/08\/logo-gr-100-bikes.png\",\"contentUrl\":\"https:\/\/gr-100.com\/wp-content\/uploads\/2023\/08\/logo-gr-100-bikes.png\",\"width\":707,\"height\":284,\"caption\":\"Gr-100\"},\"image\":{\"@id\":\"https:\/\/gr-100.com\/#\/schema\/logo\/image\/\"},\"sameAs\":[\"https:\/\/www.facebook.com\/Gr100Bikes\",\"https:\/\/www.instagram.com\/gr100bikes\/\",\"https:\/\/www.tiktok.com\/@gr100bikes\",\"https:\/\/twitter.com\/gr100mtbteam\",\"https:\/\/www.youtube.com\/c\/GR100Specialized\"]}]}<\/script>\n<!-- \/ Yoast SEO Premium plugin. -->","yoast_head_json":{"title":"Specialized Turbo Vado SL 2 4.0 Step-Through 2027","description":"Nada ofrece m\u00e1s potencia, velocidad y autonom\u00eda con tan poco peso como la Turbo Vado SL 2. Es una m\u00e1quina de alto rendimiento, dise\u00f1ada para que te diviertas en tus entrenos o tus trayectos al trabajo.","robots":{"index":"index","follow":"follow","max-snippet":"max-snippet:-1","max-image-preview":"max-image-preview:large","max-video-preview":"max-video-preview:-1"},"canonical":"https:\/\/gr-100.com\/pt-pt\/producto\/specialized-turbo-vado-sl-2-4-0-step-through-2027\/","og_locale":"pt_PT","og_type":"article","og_title":"Specialized Turbo Vado SL 2 4.0 Step-Through 2027","og_description":"Nada ofrece m\u00e1s potencia, velocidad y autonom\u00eda con tan poco peso como la Turbo Vado SL 2. Es una m\u00e1quina de alto rendimiento, dise\u00f1ada para que te diviertas en tus entrenos o tus trayectos al trabajo.","og_url":"https:\/\/gr-100.com\/pt-pt\/producto\/specialized-turbo-vado-sl-2-4-0-step-through-2027\/","og_site_name":"Gr-100 Tienda de ciclismo Specialized","article_publisher":"https:\/\/www.facebook.com\/Gr100Bikes","article_modified_time":"2026-03-16T12:13:10+00:00","og_image":[{"width":1000,"height":1000,"url":"https:\/\/gr-100.com\/wp-content\/uploads\/2026\/03\/Gobik-Culotte-Hombre-Corte-k10-Diamond-5-2.jpg","type":"image\/jpeg"}],"twitter_card":"summary_large_image","twitter_misc":{"Tempo estimado de leitura":"2 minutos"},"schema":{"@context":"https:\/\/schema.org","@graph":[{"@type":"WebPage","@id":"https:\/\/gr-100.com\/pt-pt\/producto\/specialized-turbo-vado-sl-2-4-0-step-through-2027\/","url":"https:\/\/gr-100.com\/pt-pt\/producto\/specialized-turbo-vado-sl-2-4-0-step-through-2027\/","name":"Specialized Turbo Vado SL 2 4.0 Step-Through 2027","isPartOf":{"@id":"https:\/\/gr-100.com\/#website"},"primaryImageOfPage":{"@id":"https:\/\/gr-100.com\/pt-pt\/producto\/specialized-turbo-vado-sl-2-4-0-step-through-2027\/#primaryimage"},"image":{"@id":"https:\/\/gr-100.com\/pt-pt\/producto\/specialized-turbo-vado-sl-2-4-0-step-through-2027\/#primaryimage"},"thumbnailUrl":"https:\/\/gr-100.com\/wp-content\/uploads\/2026\/03\/Gobik-Culotte-Hombre-Corte-k10-Diamond-5-2.jpg","datePublished":"2026-03-16T12:13:08+00:00","dateModified":"2026-03-16T12:13:10+00:00","description":"Nada ofrece m\u00e1s potencia, velocidad y autonom\u00eda con tan poco peso como la Turbo Vado SL 2. Es una m\u00e1quina de alto rendimiento, dise\u00f1ada para que te diviertas en tus entrenos o tus trayectos al trabajo.","breadcrumb":{"@id":"https:\/\/gr-100.com\/pt-pt\/producto\/specialized-turbo-vado-sl-2-4-0-step-through-2027\/#breadcrumb"},"inLanguage":"pt-PT","potentialAction":[{"@type":"ReadAction","target":["https:\/\/gr-100.com\/pt-pt\/producto\/specialized-turbo-vado-sl-2-4-0-step-through-2027\/"]}]},{"@type":"ImageObject","inLanguage":"pt-PT","@id":"https:\/\/gr-100.com\/pt-pt\/producto\/specialized-turbo-vado-sl-2-4-0-step-through-2027\/#primaryimage","url":"https:\/\/gr-100.com\/wp-content\/uploads\/2026\/03\/Gobik-Culotte-Hombre-Corte-k10-Diamond-5-2.jpg","contentUrl":"https:\/\/gr-100.com\/wp-content\/uploads\/2026\/03\/Gobik-Culotte-Hombre-Corte-k10-Diamond-5-2.jpg","width":1000,"height":1000},{"@type":"BreadcrumbList","@id":"https:\/\/gr-100.com\/pt-pt\/producto\/specialized-turbo-vado-sl-2-4-0-step-through-2027\/#breadcrumb","itemListElement":[{"@type":"ListItem","position":1,"name":"Portada","item":"https:\/\/gr-100.com\/en\/"},{"@type":"ListItem","position":2,"name":"Productos","item":"https:\/\/gr-100.com\/?post_type=product"},{"@type":"ListItem","position":3,"name":"Specialized Turbo Vado SL 2 4.0 Step-Through 2027"}]},{"@type":"WebSite","@id":"https:\/\/gr-100.com\/#website","url":"https:\/\/gr-100.com\/","name":"Gr-100 Tienda de ciclismo Specialized","description":"GR-100 tenemos todas las gamas de bicicletas Specialized al mejor precio.","publisher":{"@id":"https:\/\/gr-100.com\/#organization"},"alternateName":"Gr-100 Bikes","potentialAction":[{"@type":"SearchAction","target":{"@type":"EntryPoint","urlTemplate":"https:\/\/gr-100.com\/?s={search_term_string}"},"query-input":{"@type":"PropertyValueSpecification","valueRequired":true,"valueName":"search_term_string"}}],"inLanguage":"pt-PT"},{"@type":"Organization","@id":"https:\/\/gr-100.com\/#organization","name":"Gr-100","url":"https:\/\/gr-100.com\/","logo":{"@type":"ImageObject","inLanguage":"pt-PT","@id":"https:\/\/gr-100.com\/#\/schema\/logo\/image\/","url":"https:\/\/gr-100.com\/wp-content\/uploads\/2023\/08\/logo-gr-100-bikes.png","contentUrl":"https:\/\/gr-100.com\/wp-content\/uploads\/2023\/08\/logo-gr-100-bikes.png","width":707,"height":284,"caption":"Gr-100"},"image":{"@id":"https:\/\/gr-100.com\/#\/schema\/logo\/image\/"},"sameAs":["https:\/\/www.facebook.com\/Gr100Bikes","https:\/\/www.instagram.com\/gr100bikes\/","https:\/\/www.tiktok.com\/@gr100bikes","https:\/\/twitter.com\/gr100mtbteam","https:\/\/www.youtube.com\/c\/GR100Specialized"]}]}},"_links":{"self":[{"href":"https:\/\/gr-100.com\/pt-pt\/wp-json\/wp\/v2\/product\/447773","targetHints":{"allow":["GET"]}}],"collection":[{"href":"https:\/\/gr-100.com\/pt-pt\/wp-json\/wp\/v2\/product"}],"about":[{"href":"https:\/\/gr-100.com\/pt-pt\/wp-json\/wp\/v2\/types\/product"}],"replies":[{"embeddable":true,"href":"https:\/\/gr-100.com\/pt-pt\/wp-json\/wp\/v2\/comments?post=447773"}],"wp:featuredmedia":[{"embeddable":true,"href":"https:\/\/gr-100.com\/pt-pt\/wp-json\/wp\/v2\/media\/447502"}],"wp:attachment":[{"href":"https:\/\/gr-100.com\/pt-pt\/wp-json\/wp\/v2\/media?parent=447773"}],"wp:term":[{"taxonomy":"product_brand","embeddable":true,"href":"https:\/\/gr-100.com\/pt-pt\/wp-json\/wp\/v2\/product_brand?post=447773"},{"taxonomy":"product_cat","embeddable":true,"href":"https:\/\/gr-100.com\/pt-pt\/wp-json\/wp\/v2\/product_cat?post=447773"},{"taxonomy":"product_tag","embeddable":true,"href":"https:\/\/gr-100.com\/pt-pt\/wp-json\/wp\/v2\/product_tag?post=447773"}],"curies":[{"name":"wp","href":"https:\/\/api.w.org\/{rel}","templated":true}]}}