{"id":447849,"date":"2026-03-16T14:04:09","date_gmt":"2026-03-16T13:04:09","guid":{"rendered":"https:\/\/gr-100.com\/?post_type=product&#038;p=447849"},"modified":"2026-03-16T14:04:10","modified_gmt":"2026-03-16T13:04:10","slug":"specialized-turbo-vado-sl-2-4-0-2027","status":"publish","type":"product","link":"https:\/\/gr-100.com\/pt-pt\/producto\/specialized-turbo-vado-sl-2-4-0-2027\/","title":{"rendered":"Specialized Turbo Vado SL 2 4.0 2027"},"content":{"rendered":"<ul>\n<li>Nada ofrece m\u00e1s potencia, velocidad y autonom\u00eda con tan poco peso como la Turbo Vado SL 2. Es una m\u00e1quina de alto rendimiento, dise\u00f1ada para que te diviertas en tus entrenos o tus trayectos al trabajo.  Es la bici de tus sue\u00f1os: su cuadro de aluminio es ultraligero , la suspensi\u00f3n Future Shock te regala una conducci\u00f3n ultrasuave, la postura ergon\u00f3mica te ayuda a llevarla casi de forma telep\u00e1tica y su motor ultraligero tiene una potencia sobrenatural.<\/li>\n<li>Especifica\u00e7\u00f5es t\u00e9cnicas<\/li>\n<li>E-bike<br \/>\nCargador<br \/>\nCustom charger, 48V System w\/ SL system charger plug<br \/>\nPantalla de control\/Remoto<br \/>\nHMI TLA,H3,SBC-D10,EUBR COMPLIANT,APLW2,APLUTO,DAYTON<\/li>\n<li>Motor<br \/>\nSpecialized SL 1.2 Custom Rx Trail Tuned Motor<br \/>\nBater\u00eda<br \/>\nSpecialized SL2-520, Fully Integrated, 520Wh<\/li>\n<li>Cuadro<br \/>\nCuadro<br \/>\n2024 Vado SL<br \/>\nAbrazadera del sill\u00edn<br \/>\nSpecialized Alloy 34.9, Steel Bolt<\/li>\n<li>Suspensi\u00f3n<br \/>\nHorquilla<br \/>\nVado SL Fork,Tubus front rack mounts up to 14kg<\/li>\n<li>Frenos<br \/>\nFreno delantero<br \/>\nTektro HD-R285, hydraulic disc<br \/>\nFreno trasero<br \/>\nTektro HD-R285, hydraulic disc<\/li>\n<li>Transmisi\u00f3n<br \/>\nCadena<br \/>\nKMC eGlide for 11-Speed CUES<br \/>\nPlatos<br \/>\nPraxis, Cl 49.8mm, NW, 44T, Bcd 104mm<br \/>\nPlatos y bielas<br \/>\nSRAM Alloy Crankset, DUB interface<br \/>\nManetas de cambio<br \/>\nShimano CUES 10-Speed Rapidfire Plus, W\/ OPTICAL GEAR DISPLAY, SL-U6000-10R<br \/>\nCassette<br \/>\nShimano CUES CS-LG400-10, 10-speed, 11-48t<br \/>\nDesviador trasero<br \/>\nShimano CUES RD-U6000 11-speed w\/ Shadow Plus<br \/>\nCubrecadenas<br \/>\nSpecialized Custom Chaincover<\/li>\n<li>Ruedas y neum\u00e1ticos<br \/>\nC\u00e1maras<br \/>\n29&#215;1.75-2.4, 40mm Schrader Valve<br \/>\nBuje delantero<br \/>\nAlloy, 6-bolt disc, sealed cartridge bearing, high-low flange, 12x100mm thru-axle, 24h<br \/>\nBuje trasero<br \/>\nBear Pawls Rear Hub, 6-Bolt Disc, Sealed Cartridge Bearing, 12x142mm<br \/>\nRadios<br \/>\nDT Swiss Elemental<br \/>\nLlantas<br \/>\nDouble-wall alloy, 27mm internal width, 28h<br \/>\nNeum\u00e1tico delantero<br \/>\nSpecialized Hemisphere flat protection, Reflective side walls, Wirebead, All terrain tire, 700x47c<br \/>\nNeum\u00e1tico trasero<br \/>\nSpecialized Hemisphere flat protection, Reflective side walls, Wirebead, All terrain tire, 700x47c<\/li>\n<li>Cockpit<br \/>\nSill\u00edn<br \/>\nBridge Sport, Steel rails, 155mm<br \/>\nPu\u00f1os<br \/>\nSpecialized Body Geometry<br \/>\nPotencia<br \/>\nSpecialized Stealth Stem, Alloy, 31.8mm, Integrated Display And Light Mount, Size S: 60mm 17 Deg, M\/L\/Xl: 75mm 15.5 Deg<br \/>\nManillar<br \/>\nSpecialized, alloy, 9-degree backsweep, 15mm rise, 31.8mm<br \/>\nTija del sill\u00edn<br \/>\nSpecialized, alloy, single bolt, 21mm offset, 27.2mm<\/li>\n<li>Accesorios<br \/>\nTimbre<br \/>\nBell<br \/>\nLuz delantera<br \/>\nLezyne, Ebike Power STVZO E500+, 350 Lumens, Reflector<br \/>\nLuz trasera<br \/>\nREAR LIGHT, FU AN, FC28-12V, WITH EXTRA 1500MM CABLE<br \/>\nPedales<br \/>\nSpecialized Commuter w\/ grip tape &amp; reflectors<\/li>\n<li>Detalles del producto<br \/>\nIdentificador del producto<br \/>\n295057<br \/>\nCertificado de cumplimiento<br \/>\nAs applicable, certified to UL 2849 (e-system) and\/or UL 2271 (battery) by UL Solutions and\/or SGS. &lt;br&gt;For information on lithium-ion battery standards and regulations in New York City, visit: [www.nyc.gov\/fdny\/batteries](https:\/\/www.nyc.gov\/fdny\/batteries)<\/li>\n<li>Peso<br \/>\nPeso<br \/>\n18.6 kg (41 lb, 0.1 oz)<br \/>\nTalla<br \/>\nMD<\/li>\n<\/ul>\n","protected":false},"excerpt":{"rendered":"<p>Nada ofrece m\u00e1s potencia, velocidad y autonom\u00eda con tan poco peso como la Turbo Vado SL 2. Es una m\u00e1quina de alto rendimiento, dise\u00f1ada para que te diviertas en tus entrenos o tus trayectos al trabajo. Es la bici de tus sue\u00f1os: su cuadro de aluminio es ultraligero , la suspensi\u00f3n Future Shock te regala [&hellip;]<\/p>\n","protected":false},"featured_media":447786,"comment_status":"open","ping_status":"closed","template":"","meta":{"_acf_changed":false,"_et_pb_use_builder":"","_et_pb_old_content":"","_et_gb_content_width":"","inline_featured_image":false},"product_brand":[],"product_cat":[4353,2459,391,5359,5282,5260],"product_tag":[],"class_list":{"0":"post-447849","1":"product","2":"type-product","3":"status-publish","4":"has-post-thumbnail","6":"product_cat-liquidacion-specialized","7":"product_cat-bicicletas-pt-pt-2","8":"product_cat-eletricas","9":"product_cat-bicicletas-electricas-carretera-pt-pt","10":"product_cat-bicicletas-electricas-paseo-pt-pt","11":"product_cat-bicicletas-electricas-specialized-pt-pt","13":"first","14":"instock","15":"sale","16":"taxable","17":"shipping-taxable","18":"purchasable","19":"product-type-variable","20":"wvs-archive-product-wrapper"},"acf":[],"yoast_head":"<!-- This site is optimized with the Yoast SEO Premium plugin v26.7 (Yoast SEO v26.7) - https:\/\/yoast.com\/wordpress\/plugins\/seo\/ -->\n<title>Specialized Turbo Vado SL 2 4.0 2027<\/title>\n<meta name=\"robots\" content=\"index, follow, max-snippet:-1, max-image-preview:large, max-video-preview:-1\" \/>\n<link rel=\"canonical\" href=\"https:\/\/gr-100.com\/pt-pt\/producto\/specialized-turbo-vado-sl-2-4-0-2027\/\" \/>\n<meta property=\"og:locale\" content=\"pt_PT\" \/>\n<meta property=\"og:type\" content=\"article\" \/>\n<meta property=\"og:title\" content=\"Specialized Turbo Vado SL 2 4.0 2027\" \/>\n<meta property=\"og:description\" content=\"Nada ofrece m\u00e1s potencia, velocidad y autonom\u00eda con tan poco peso como la Turbo Vado SL 2. Es una m\u00e1quina de alto rendimiento, dise\u00f1ada para que te diviertas en tus entrenos o tus trayectos al trabajo. Es la bici de tus sue\u00f1os: su cuadro de aluminio es ultraligero , la suspensi\u00f3n Future Shock te regala [&hellip;]\" \/>\n<meta property=\"og:url\" content=\"https:\/\/gr-100.com\/pt-pt\/producto\/specialized-turbo-vado-sl-2-4-0-2027\/\" \/>\n<meta property=\"og:site_name\" content=\"Gr-100 Tienda de ciclismo Specialized\" \/>\n<meta property=\"article:publisher\" content=\"https:\/\/www.facebook.com\/Gr100Bikes\" \/>\n<meta property=\"article:modified_time\" content=\"2026-03-16T13:04:10+00:00\" \/>\n<meta property=\"og:image\" content=\"https:\/\/gr-100.com\/wp-content\/uploads\/2026\/03\/Gobik-Culotte-Hombre-Corte-k10-Diamond-3-9.jpg\" \/>\n\t<meta property=\"og:image:width\" content=\"1000\" \/>\n\t<meta property=\"og:image:height\" content=\"1000\" \/>\n\t<meta property=\"og:image:type\" content=\"image\/jpeg\" \/>\n<meta name=\"twitter:card\" content=\"summary_large_image\" \/>\n<meta name=\"twitter:label1\" content=\"Tempo estimado de leitura\" \/>\n\t<meta name=\"twitter:data1\" content=\"2 minutos\" \/>\n<script type=\"application\/ld+json\" class=\"yoast-schema-graph\">{\"@context\":\"https:\/\/schema.org\",\"@graph\":[{\"@type\":\"WebPage\",\"@id\":\"https:\/\/gr-100.com\/pt-pt\/producto\/specialized-turbo-vado-sl-2-4-0-2027\/\",\"url\":\"https:\/\/gr-100.com\/pt-pt\/producto\/specialized-turbo-vado-sl-2-4-0-2027\/\",\"name\":\"Specialized Turbo Vado SL 2 4.0 2027\",\"isPartOf\":{\"@id\":\"https:\/\/gr-100.com\/#website\"},\"primaryImageOfPage\":{\"@id\":\"https:\/\/gr-100.com\/pt-pt\/producto\/specialized-turbo-vado-sl-2-4-0-2027\/#primaryimage\"},\"image\":{\"@id\":\"https:\/\/gr-100.com\/pt-pt\/producto\/specialized-turbo-vado-sl-2-4-0-2027\/#primaryimage\"},\"thumbnailUrl\":\"https:\/\/gr-100.com\/wp-content\/uploads\/2026\/03\/Gobik-Culotte-Hombre-Corte-k10-Diamond-3-9.jpg\",\"datePublished\":\"2026-03-16T13:04:09+00:00\",\"dateModified\":\"2026-03-16T13:04:10+00:00\",\"breadcrumb\":{\"@id\":\"https:\/\/gr-100.com\/pt-pt\/producto\/specialized-turbo-vado-sl-2-4-0-2027\/#breadcrumb\"},\"inLanguage\":\"pt-PT\",\"potentialAction\":[{\"@type\":\"ReadAction\",\"target\":[\"https:\/\/gr-100.com\/pt-pt\/producto\/specialized-turbo-vado-sl-2-4-0-2027\/\"]}]},{\"@type\":\"ImageObject\",\"inLanguage\":\"pt-PT\",\"@id\":\"https:\/\/gr-100.com\/pt-pt\/producto\/specialized-turbo-vado-sl-2-4-0-2027\/#primaryimage\",\"url\":\"https:\/\/gr-100.com\/wp-content\/uploads\/2026\/03\/Gobik-Culotte-Hombre-Corte-k10-Diamond-3-9.jpg\",\"contentUrl\":\"https:\/\/gr-100.com\/wp-content\/uploads\/2026\/03\/Gobik-Culotte-Hombre-Corte-k10-Diamond-3-9.jpg\",\"width\":1000,\"height\":1000},{\"@type\":\"BreadcrumbList\",\"@id\":\"https:\/\/gr-100.com\/pt-pt\/producto\/specialized-turbo-vado-sl-2-4-0-2027\/#breadcrumb\",\"itemListElement\":[{\"@type\":\"ListItem\",\"position\":1,\"name\":\"Portada\",\"item\":\"https:\/\/gr-100.com\/en\/\"},{\"@type\":\"ListItem\",\"position\":2,\"name\":\"Productos\",\"item\":\"https:\/\/gr-100.com\/?post_type=product\"},{\"@type\":\"ListItem\",\"position\":3,\"name\":\"Specialized Turbo Vado SL 2 4.0 2027\"}]},{\"@type\":\"WebSite\",\"@id\":\"https:\/\/gr-100.com\/#website\",\"url\":\"https:\/\/gr-100.com\/\",\"name\":\"Gr-100 Tienda de ciclismo Specialized\",\"description\":\"GR-100 tenemos todas las gamas de bicicletas Specialized al mejor precio.\",\"publisher\":{\"@id\":\"https:\/\/gr-100.com\/#organization\"},\"alternateName\":\"Gr-100 Bikes\",\"potentialAction\":[{\"@type\":\"SearchAction\",\"target\":{\"@type\":\"EntryPoint\",\"urlTemplate\":\"https:\/\/gr-100.com\/?s={search_term_string}\"},\"query-input\":{\"@type\":\"PropertyValueSpecification\",\"valueRequired\":true,\"valueName\":\"search_term_string\"}}],\"inLanguage\":\"pt-PT\"},{\"@type\":\"Organization\",\"@id\":\"https:\/\/gr-100.com\/#organization\",\"name\":\"Gr-100\",\"url\":\"https:\/\/gr-100.com\/\",\"logo\":{\"@type\":\"ImageObject\",\"inLanguage\":\"pt-PT\",\"@id\":\"https:\/\/gr-100.com\/#\/schema\/logo\/image\/\",\"url\":\"https:\/\/gr-100.com\/wp-content\/uploads\/2023\/08\/logo-gr-100-bikes.png\",\"contentUrl\":\"https:\/\/gr-100.com\/wp-content\/uploads\/2023\/08\/logo-gr-100-bikes.png\",\"width\":707,\"height\":284,\"caption\":\"Gr-100\"},\"image\":{\"@id\":\"https:\/\/gr-100.com\/#\/schema\/logo\/image\/\"},\"sameAs\":[\"https:\/\/www.facebook.com\/Gr100Bikes\",\"https:\/\/www.instagram.com\/gr100bikes\/\",\"https:\/\/www.tiktok.com\/@gr100bikes\",\"https:\/\/twitter.com\/gr100mtbteam\",\"https:\/\/www.youtube.com\/c\/GR100Specialized\"]}]}<\/script>\n<!-- \/ Yoast SEO Premium plugin. -->","yoast_head_json":{"title":"Specialized Turbo Vado SL 2 4.0 2027","robots":{"index":"index","follow":"follow","max-snippet":"max-snippet:-1","max-image-preview":"max-image-preview:large","max-video-preview":"max-video-preview:-1"},"canonical":"https:\/\/gr-100.com\/pt-pt\/producto\/specialized-turbo-vado-sl-2-4-0-2027\/","og_locale":"pt_PT","og_type":"article","og_title":"Specialized Turbo Vado SL 2 4.0 2027","og_description":"Nada ofrece m\u00e1s potencia, velocidad y autonom\u00eda con tan poco peso como la Turbo Vado SL 2. Es una m\u00e1quina de alto rendimiento, dise\u00f1ada para que te diviertas en tus entrenos o tus trayectos al trabajo. Es la bici de tus sue\u00f1os: su cuadro de aluminio es ultraligero , la suspensi\u00f3n Future Shock te regala [&hellip;]","og_url":"https:\/\/gr-100.com\/pt-pt\/producto\/specialized-turbo-vado-sl-2-4-0-2027\/","og_site_name":"Gr-100 Tienda de ciclismo Specialized","article_publisher":"https:\/\/www.facebook.com\/Gr100Bikes","article_modified_time":"2026-03-16T13:04:10+00:00","og_image":[{"width":1000,"height":1000,"url":"https:\/\/gr-100.com\/wp-content\/uploads\/2026\/03\/Gobik-Culotte-Hombre-Corte-k10-Diamond-3-9.jpg","type":"image\/jpeg"}],"twitter_card":"summary_large_image","twitter_misc":{"Tempo estimado de leitura":"2 minutos"},"schema":{"@context":"https:\/\/schema.org","@graph":[{"@type":"WebPage","@id":"https:\/\/gr-100.com\/pt-pt\/producto\/specialized-turbo-vado-sl-2-4-0-2027\/","url":"https:\/\/gr-100.com\/pt-pt\/producto\/specialized-turbo-vado-sl-2-4-0-2027\/","name":"Specialized Turbo Vado SL 2 4.0 2027","isPartOf":{"@id":"https:\/\/gr-100.com\/#website"},"primaryImageOfPage":{"@id":"https:\/\/gr-100.com\/pt-pt\/producto\/specialized-turbo-vado-sl-2-4-0-2027\/#primaryimage"},"image":{"@id":"https:\/\/gr-100.com\/pt-pt\/producto\/specialized-turbo-vado-sl-2-4-0-2027\/#primaryimage"},"thumbnailUrl":"https:\/\/gr-100.com\/wp-content\/uploads\/2026\/03\/Gobik-Culotte-Hombre-Corte-k10-Diamond-3-9.jpg","datePublished":"2026-03-16T13:04:09+00:00","dateModified":"2026-03-16T13:04:10+00:00","breadcrumb":{"@id":"https:\/\/gr-100.com\/pt-pt\/producto\/specialized-turbo-vado-sl-2-4-0-2027\/#breadcrumb"},"inLanguage":"pt-PT","potentialAction":[{"@type":"ReadAction","target":["https:\/\/gr-100.com\/pt-pt\/producto\/specialized-turbo-vado-sl-2-4-0-2027\/"]}]},{"@type":"ImageObject","inLanguage":"pt-PT","@id":"https:\/\/gr-100.com\/pt-pt\/producto\/specialized-turbo-vado-sl-2-4-0-2027\/#primaryimage","url":"https:\/\/gr-100.com\/wp-content\/uploads\/2026\/03\/Gobik-Culotte-Hombre-Corte-k10-Diamond-3-9.jpg","contentUrl":"https:\/\/gr-100.com\/wp-content\/uploads\/2026\/03\/Gobik-Culotte-Hombre-Corte-k10-Diamond-3-9.jpg","width":1000,"height":1000},{"@type":"BreadcrumbList","@id":"https:\/\/gr-100.com\/pt-pt\/producto\/specialized-turbo-vado-sl-2-4-0-2027\/#breadcrumb","itemListElement":[{"@type":"ListItem","position":1,"name":"Portada","item":"https:\/\/gr-100.com\/en\/"},{"@type":"ListItem","position":2,"name":"Productos","item":"https:\/\/gr-100.com\/?post_type=product"},{"@type":"ListItem","position":3,"name":"Specialized Turbo Vado SL 2 4.0 2027"}]},{"@type":"WebSite","@id":"https:\/\/gr-100.com\/#website","url":"https:\/\/gr-100.com\/","name":"Gr-100 Tienda de ciclismo Specialized","description":"GR-100 tenemos todas las gamas de bicicletas Specialized al mejor precio.","publisher":{"@id":"https:\/\/gr-100.com\/#organization"},"alternateName":"Gr-100 Bikes","potentialAction":[{"@type":"SearchAction","target":{"@type":"EntryPoint","urlTemplate":"https:\/\/gr-100.com\/?s={search_term_string}"},"query-input":{"@type":"PropertyValueSpecification","valueRequired":true,"valueName":"search_term_string"}}],"inLanguage":"pt-PT"},{"@type":"Organization","@id":"https:\/\/gr-100.com\/#organization","name":"Gr-100","url":"https:\/\/gr-100.com\/","logo":{"@type":"ImageObject","inLanguage":"pt-PT","@id":"https:\/\/gr-100.com\/#\/schema\/logo\/image\/","url":"https:\/\/gr-100.com\/wp-content\/uploads\/2023\/08\/logo-gr-100-bikes.png","contentUrl":"https:\/\/gr-100.com\/wp-content\/uploads\/2023\/08\/logo-gr-100-bikes.png","width":707,"height":284,"caption":"Gr-100"},"image":{"@id":"https:\/\/gr-100.com\/#\/schema\/logo\/image\/"},"sameAs":["https:\/\/www.facebook.com\/Gr100Bikes","https:\/\/www.instagram.com\/gr100bikes\/","https:\/\/www.tiktok.com\/@gr100bikes","https:\/\/twitter.com\/gr100mtbteam","https:\/\/www.youtube.com\/c\/GR100Specialized"]}]}},"_links":{"self":[{"href":"https:\/\/gr-100.com\/pt-pt\/wp-json\/wp\/v2\/product\/447849","targetHints":{"allow":["GET"]}}],"collection":[{"href":"https:\/\/gr-100.com\/pt-pt\/wp-json\/wp\/v2\/product"}],"about":[{"href":"https:\/\/gr-100.com\/pt-pt\/wp-json\/wp\/v2\/types\/product"}],"replies":[{"embeddable":true,"href":"https:\/\/gr-100.com\/pt-pt\/wp-json\/wp\/v2\/comments?post=447849"}],"wp:featuredmedia":[{"embeddable":true,"href":"https:\/\/gr-100.com\/pt-pt\/wp-json\/wp\/v2\/media\/447786"}],"wp:attachment":[{"href":"https:\/\/gr-100.com\/pt-pt\/wp-json\/wp\/v2\/media?parent=447849"}],"wp:term":[{"taxonomy":"product_brand","embeddable":true,"href":"https:\/\/gr-100.com\/pt-pt\/wp-json\/wp\/v2\/product_brand?post=447849"},{"taxonomy":"product_cat","embeddable":true,"href":"https:\/\/gr-100.com\/pt-pt\/wp-json\/wp\/v2\/product_cat?post=447849"},{"taxonomy":"product_tag","embeddable":true,"href":"https:\/\/gr-100.com\/pt-pt\/wp-json\/wp\/v2\/product_tag?post=447849"}],"curies":[{"name":"wp","href":"https:\/\/api.w.org\/{rel}","templated":true}]}}