{"id":448723,"date":"2026-03-18T11:51:57","date_gmt":"2026-03-18T10:51:57","guid":{"rendered":"https:\/\/gr-100.com\/?post_type=product&#038;p=448723"},"modified":"2026-03-18T11:53:29","modified_gmt":"2026-03-18T10:53:29","slug":"s-works-casco-tt-5","status":"publish","type":"product","link":"https:\/\/gr-100.com\/pt-pt\/producto\/s-works-casco-tt-5\/","title":{"rendered":"S-works Casco TT 5"},"content":{"rendered":"<ul>\n<li>Detalles del producto<br \/>\nTrabajamos con los corredores m\u00e1s r\u00e1pidos del mundo para crear productos que les ayuden a ganar las carreras m\u00e1s importantes. Luego ponemos esos productos a disposici\u00f3n de todos los ciclistas para que puedan disfrutar de los mismos beneficios de rendimiento que los profesionales.<br \/>\nEl casco S-Works TT 5 es un excelente ejemplo de nuestro enfoque \u201cMade In Racing\u201d. Remco Evenepoel y Kasper Asgreen, del equipo Quick-Step Alpha Vinyl, pasaron innumerables horas en nuestro Win Tunnel hasta que conseguimos el casco de contrarreloj m\u00e1s r\u00e1pido que hemos fabricado.<br \/>\nUtilizando modelado CFD, el equipo de cascos redise\u00f1\u00f3 el casco TT, situando la parte trasera m\u00e1s cerca de los hombros del ciclista, reduciendo las turbulencias de aire que generan resistencia.<br \/>\nEl casco S-Works TT 5 viene equipado con una pantalla \u00f3ptica de Clase 1 que ofrece cero distorsi\u00f3n al mirar hacia la carretera, a diferencia de las lentes tradicionales que suelen estar moldeadas con pl\u00e1stico transparente. La pantalla cuenta con un recubrimiento hidrof\u00f3bico que ayuda a repeler la humedad si el clima empeora el d\u00eda de la carrera, as\u00ed como un tratamiento antivaho de alta calidad (EN166).<br \/>\nEl ajuste occipital optimiza la comodidad al adaptarse a la forma individual de la cabeza, y el \u00e1ngulo del casco puede ajustarse para ser compatible con gafas. Un sistema de correas Tri-Fix ajustable proporciona mayor comodidad con nuevas cintas m\u00e1s finas de 10 mm que minimizan el ruido.<br \/>\nNuestra tecnolog\u00eda MIPS Node Air, ultraligera y extremadamente c\u00f3moda, est\u00e1 integrada directamente en el acolchado del casco, con una capa de baja fricci\u00f3n dise\u00f1ada para disipar las fuerzas rotacionales. Gracias al desarrollo propio de Specialized, a\u00f1adimos perforaciones para maximizar la ventilaci\u00f3n, el rendimiento, la comodidad y la ligereza.<br \/>\nPara cascos vendidos en EE. UU. y Canad\u00e1: Cumple con la normativa de seguridad CPSC de EE. UU. para cascos de bicicleta para personas a partir de 5 a\u00f1os.<\/li>\n<li>El sistema de correas Tri-Fix ajustable mejora la comodidad con un ajuste personalizado.<\/li>\n<li>MIPS Air Node es la soluci\u00f3n de MIPS m\u00e1s enfocada en la ventilaci\u00f3n.<\/li>\n<li>Tratamiento antivaho de alta calidad (EN166).<\/li>\n<li>Incluye funda.<\/li>\n<\/ul>\n","protected":false},"excerpt":{"rendered":"<p>Trabajamos con los corredores m\u00e1s r\u00e1pidos del mundo para crear productos que les ayuden a ganar las carreras m\u00e1s importantes. Luego ponemos esos productos a disposici\u00f3n de todos los ciclistas para que puedan disfrutar de los mismos beneficios de rendimiento que los profesionales.<\/p>\n","protected":false},"featured_media":448733,"comment_status":"open","ping_status":"closed","template":"","meta":{"_acf_changed":false,"_et_pb_use_builder":"","_et_pb_old_content":"","_et_gb_content_width":"","inline_featured_image":false},"product_brand":[],"product_cat":[46,5248,5245],"product_tag":[],"class_list":{"0":"post-448723","1":"product","2":"type-product","3":"status-publish","4":"has-post-thumbnail","6":"product_cat-cascos","7":"product_cat-casco-bici-carretera","8":"product_cat-cascos-s-works","10":"first","11":"instock","12":"sale","13":"taxable","14":"shipping-taxable","15":"purchasable","16":"product-type-variable","17":"wvs-archive-product-wrapper"},"acf":[],"yoast_head":"<!-- This site is optimized with the Yoast SEO Premium plugin v26.7 (Yoast SEO v26.7) - https:\/\/yoast.com\/wordpress\/plugins\/seo\/ -->\n<title>S-works Casco TT 5 GR-100<\/title>\n<meta name=\"description\" content=\"Trabajamos con los corredores m\u00e1s r\u00e1pidos del mundo para crear productos que les ayuden a ganar las carreras m\u00e1s importantes. Luego ponemos esos productos a disposici\u00f3n de todos los ciclistas para que puedan disfrutar de los mismos beneficios de rendimiento que los profesionales.\" \/>\n<meta name=\"robots\" content=\"index, follow, max-snippet:-1, max-image-preview:large, max-video-preview:-1\" \/>\n<link rel=\"canonical\" href=\"https:\/\/gr-100.com\/producto\/s-works-casco-tt-5\/\" \/>\n<meta property=\"og:locale\" content=\"pt_PT\" \/>\n<meta property=\"og:type\" content=\"article\" \/>\n<meta property=\"og:title\" content=\"S-works Casco TT 5\" \/>\n<meta property=\"og:description\" content=\"Trabajamos con los corredores m\u00e1s r\u00e1pidos del mundo para crear productos que les ayuden a ganar las carreras m\u00e1s importantes. Luego ponemos esos productos a disposici\u00f3n de todos los ciclistas para que puedan disfrutar de los mismos beneficios de rendimiento que los profesionales.\" \/>\n<meta property=\"og:url\" content=\"https:\/\/gr-100.com\/producto\/s-works-casco-tt-5\/\" \/>\n<meta property=\"og:site_name\" content=\"Gr-100 Tienda de ciclismo Specialized\" \/>\n<meta property=\"article:publisher\" content=\"https:\/\/www.facebook.com\/Gr100Bikes\" \/>\n<meta property=\"article:modified_time\" content=\"2026-03-18T10:53:29+00:00\" \/>\n<meta property=\"og:image\" content=\"https:\/\/gr-100.com\/wp-content\/uploads\/2026\/03\/Gobik-Culotte-Hombre-Corte-k10-Diamond-5-7.jpg\" \/>\n\t<meta property=\"og:image:width\" content=\"1000\" \/>\n\t<meta property=\"og:image:height\" content=\"1000\" \/>\n\t<meta property=\"og:image:type\" content=\"image\/jpeg\" \/>\n<meta name=\"twitter:card\" content=\"summary_large_image\" \/>\n<meta name=\"twitter:label1\" content=\"Tempo estimado de leitura\" \/>\n\t<meta name=\"twitter:data1\" content=\"2 minutos\" \/>\n<script type=\"application\/ld+json\" class=\"yoast-schema-graph\">{\"@context\":\"https:\/\/schema.org\",\"@graph\":[{\"@type\":\"WebPage\",\"@id\":\"https:\/\/gr-100.com\/producto\/s-works-casco-tt-5\/\",\"url\":\"https:\/\/gr-100.com\/producto\/s-works-casco-tt-5\/\",\"name\":\"S-works Casco TT 5 GR-100\",\"isPartOf\":{\"@id\":\"https:\/\/gr-100.com\/#website\"},\"primaryImageOfPage\":{\"@id\":\"https:\/\/gr-100.com\/producto\/s-works-casco-tt-5\/#primaryimage\"},\"image\":{\"@id\":\"https:\/\/gr-100.com\/producto\/s-works-casco-tt-5\/#primaryimage\"},\"thumbnailUrl\":\"https:\/\/gr-100.com\/wp-content\/uploads\/2026\/03\/Gobik-Culotte-Hombre-Corte-k10-Diamond-5-7.jpg\",\"datePublished\":\"2026-03-18T10:51:57+00:00\",\"dateModified\":\"2026-03-18T10:53:29+00:00\",\"description\":\"Trabajamos con los corredores m\u00e1s r\u00e1pidos del mundo para crear productos que les ayuden a ganar las carreras m\u00e1s importantes. Luego ponemos esos productos a disposici\u00f3n de todos los ciclistas para que puedan disfrutar de los mismos beneficios de rendimiento que los profesionales.\",\"breadcrumb\":{\"@id\":\"https:\/\/gr-100.com\/producto\/s-works-casco-tt-5\/#breadcrumb\"},\"inLanguage\":\"pt-PT\",\"potentialAction\":[{\"@type\":\"ReadAction\",\"target\":[\"https:\/\/gr-100.com\/producto\/s-works-casco-tt-5\/\"]}]},{\"@type\":\"ImageObject\",\"inLanguage\":\"pt-PT\",\"@id\":\"https:\/\/gr-100.com\/producto\/s-works-casco-tt-5\/#primaryimage\",\"url\":\"https:\/\/gr-100.com\/wp-content\/uploads\/2026\/03\/Gobik-Culotte-Hombre-Corte-k10-Diamond-5-7.jpg\",\"contentUrl\":\"https:\/\/gr-100.com\/wp-content\/uploads\/2026\/03\/Gobik-Culotte-Hombre-Corte-k10-Diamond-5-7.jpg\",\"width\":1000,\"height\":1000},{\"@type\":\"BreadcrumbList\",\"@id\":\"https:\/\/gr-100.com\/producto\/s-works-casco-tt-5\/#breadcrumb\",\"itemListElement\":[{\"@type\":\"ListItem\",\"position\":1,\"name\":\"Portada\",\"item\":\"https:\/\/gr-100.com\/en\/\"},{\"@type\":\"ListItem\",\"position\":2,\"name\":\"Productos\",\"item\":\"https:\/\/gr-100.com\/?post_type=product\"},{\"@type\":\"ListItem\",\"position\":3,\"name\":\"S-works Casco TT 5\"}]},{\"@type\":\"WebSite\",\"@id\":\"https:\/\/gr-100.com\/#website\",\"url\":\"https:\/\/gr-100.com\/\",\"name\":\"Gr-100 Tienda de ciclismo Specialized\",\"description\":\"GR-100 tenemos todas las gamas de bicicletas Specialized al mejor precio.\",\"publisher\":{\"@id\":\"https:\/\/gr-100.com\/#organization\"},\"alternateName\":\"Gr-100 Bikes\",\"potentialAction\":[{\"@type\":\"SearchAction\",\"target\":{\"@type\":\"EntryPoint\",\"urlTemplate\":\"https:\/\/gr-100.com\/?s={search_term_string}\"},\"query-input\":{\"@type\":\"PropertyValueSpecification\",\"valueRequired\":true,\"valueName\":\"search_term_string\"}}],\"inLanguage\":\"pt-PT\"},{\"@type\":\"Organization\",\"@id\":\"https:\/\/gr-100.com\/#organization\",\"name\":\"Gr-100\",\"url\":\"https:\/\/gr-100.com\/\",\"logo\":{\"@type\":\"ImageObject\",\"inLanguage\":\"pt-PT\",\"@id\":\"https:\/\/gr-100.com\/#\/schema\/logo\/image\/\",\"url\":\"https:\/\/gr-100.com\/wp-content\/uploads\/2023\/08\/logo-gr-100-bikes.png\",\"contentUrl\":\"https:\/\/gr-100.com\/wp-content\/uploads\/2023\/08\/logo-gr-100-bikes.png\",\"width\":707,\"height\":284,\"caption\":\"Gr-100\"},\"image\":{\"@id\":\"https:\/\/gr-100.com\/#\/schema\/logo\/image\/\"},\"sameAs\":[\"https:\/\/www.facebook.com\/Gr100Bikes\",\"https:\/\/www.instagram.com\/gr100bikes\/\",\"https:\/\/www.tiktok.com\/@gr100bikes\",\"https:\/\/twitter.com\/gr100mtbteam\",\"https:\/\/www.youtube.com\/c\/GR100Specialized\"]}]}<\/script>\n<!-- \/ Yoast SEO Premium plugin. -->","yoast_head_json":{"title":"S-works Casco TT 5 GR-100","description":"Trabajamos con los corredores m\u00e1s r\u00e1pidos del mundo para crear productos que les ayuden a ganar las carreras m\u00e1s importantes. Luego ponemos esos productos a disposici\u00f3n de todos los ciclistas para que puedan disfrutar de los mismos beneficios de rendimiento que los profesionales.","robots":{"index":"index","follow":"follow","max-snippet":"max-snippet:-1","max-image-preview":"max-image-preview:large","max-video-preview":"max-video-preview:-1"},"canonical":"https:\/\/gr-100.com\/producto\/s-works-casco-tt-5\/","og_locale":"pt_PT","og_type":"article","og_title":"S-works Casco TT 5","og_description":"Trabajamos con los corredores m\u00e1s r\u00e1pidos del mundo para crear productos que les ayuden a ganar las carreras m\u00e1s importantes. Luego ponemos esos productos a disposici\u00f3n de todos los ciclistas para que puedan disfrutar de los mismos beneficios de rendimiento que los profesionales.","og_url":"https:\/\/gr-100.com\/producto\/s-works-casco-tt-5\/","og_site_name":"Gr-100 Tienda de ciclismo Specialized","article_publisher":"https:\/\/www.facebook.com\/Gr100Bikes","article_modified_time":"2026-03-18T10:53:29+00:00","og_image":[{"width":1000,"height":1000,"url":"https:\/\/gr-100.com\/wp-content\/uploads\/2026\/03\/Gobik-Culotte-Hombre-Corte-k10-Diamond-5-7.jpg","type":"image\/jpeg"}],"twitter_card":"summary_large_image","twitter_misc":{"Tempo estimado de leitura":"2 minutos"},"schema":{"@context":"https:\/\/schema.org","@graph":[{"@type":"WebPage","@id":"https:\/\/gr-100.com\/producto\/s-works-casco-tt-5\/","url":"https:\/\/gr-100.com\/producto\/s-works-casco-tt-5\/","name":"S-works Casco TT 5 GR-100","isPartOf":{"@id":"https:\/\/gr-100.com\/#website"},"primaryImageOfPage":{"@id":"https:\/\/gr-100.com\/producto\/s-works-casco-tt-5\/#primaryimage"},"image":{"@id":"https:\/\/gr-100.com\/producto\/s-works-casco-tt-5\/#primaryimage"},"thumbnailUrl":"https:\/\/gr-100.com\/wp-content\/uploads\/2026\/03\/Gobik-Culotte-Hombre-Corte-k10-Diamond-5-7.jpg","datePublished":"2026-03-18T10:51:57+00:00","dateModified":"2026-03-18T10:53:29+00:00","description":"Trabajamos con los corredores m\u00e1s r\u00e1pidos del mundo para crear productos que les ayuden a ganar las carreras m\u00e1s importantes. Luego ponemos esos productos a disposici\u00f3n de todos los ciclistas para que puedan disfrutar de los mismos beneficios de rendimiento que los profesionales.","breadcrumb":{"@id":"https:\/\/gr-100.com\/producto\/s-works-casco-tt-5\/#breadcrumb"},"inLanguage":"pt-PT","potentialAction":[{"@type":"ReadAction","target":["https:\/\/gr-100.com\/producto\/s-works-casco-tt-5\/"]}]},{"@type":"ImageObject","inLanguage":"pt-PT","@id":"https:\/\/gr-100.com\/producto\/s-works-casco-tt-5\/#primaryimage","url":"https:\/\/gr-100.com\/wp-content\/uploads\/2026\/03\/Gobik-Culotte-Hombre-Corte-k10-Diamond-5-7.jpg","contentUrl":"https:\/\/gr-100.com\/wp-content\/uploads\/2026\/03\/Gobik-Culotte-Hombre-Corte-k10-Diamond-5-7.jpg","width":1000,"height":1000},{"@type":"BreadcrumbList","@id":"https:\/\/gr-100.com\/producto\/s-works-casco-tt-5\/#breadcrumb","itemListElement":[{"@type":"ListItem","position":1,"name":"Portada","item":"https:\/\/gr-100.com\/en\/"},{"@type":"ListItem","position":2,"name":"Productos","item":"https:\/\/gr-100.com\/?post_type=product"},{"@type":"ListItem","position":3,"name":"S-works Casco TT 5"}]},{"@type":"WebSite","@id":"https:\/\/gr-100.com\/#website","url":"https:\/\/gr-100.com\/","name":"Gr-100 Tienda de ciclismo Specialized","description":"GR-100 tenemos todas las gamas de bicicletas Specialized al mejor precio.","publisher":{"@id":"https:\/\/gr-100.com\/#organization"},"alternateName":"Gr-100 Bikes","potentialAction":[{"@type":"SearchAction","target":{"@type":"EntryPoint","urlTemplate":"https:\/\/gr-100.com\/?s={search_term_string}"},"query-input":{"@type":"PropertyValueSpecification","valueRequired":true,"valueName":"search_term_string"}}],"inLanguage":"pt-PT"},{"@type":"Organization","@id":"https:\/\/gr-100.com\/#organization","name":"Gr-100","url":"https:\/\/gr-100.com\/","logo":{"@type":"ImageObject","inLanguage":"pt-PT","@id":"https:\/\/gr-100.com\/#\/schema\/logo\/image\/","url":"https:\/\/gr-100.com\/wp-content\/uploads\/2023\/08\/logo-gr-100-bikes.png","contentUrl":"https:\/\/gr-100.com\/wp-content\/uploads\/2023\/08\/logo-gr-100-bikes.png","width":707,"height":284,"caption":"Gr-100"},"image":{"@id":"https:\/\/gr-100.com\/#\/schema\/logo\/image\/"},"sameAs":["https:\/\/www.facebook.com\/Gr100Bikes","https:\/\/www.instagram.com\/gr100bikes\/","https:\/\/www.tiktok.com\/@gr100bikes","https:\/\/twitter.com\/gr100mtbteam","https:\/\/www.youtube.com\/c\/GR100Specialized"]}]}},"_links":{"self":[{"href":"https:\/\/gr-100.com\/pt-pt\/wp-json\/wp\/v2\/product\/448723","targetHints":{"allow":["GET"]}}],"collection":[{"href":"https:\/\/gr-100.com\/pt-pt\/wp-json\/wp\/v2\/product"}],"about":[{"href":"https:\/\/gr-100.com\/pt-pt\/wp-json\/wp\/v2\/types\/product"}],"replies":[{"embeddable":true,"href":"https:\/\/gr-100.com\/pt-pt\/wp-json\/wp\/v2\/comments?post=448723"}],"wp:featuredmedia":[{"embeddable":true,"href":"https:\/\/gr-100.com\/pt-pt\/wp-json\/wp\/v2\/media\/448733"}],"wp:attachment":[{"href":"https:\/\/gr-100.com\/pt-pt\/wp-json\/wp\/v2\/media?parent=448723"}],"wp:term":[{"taxonomy":"product_brand","embeddable":true,"href":"https:\/\/gr-100.com\/pt-pt\/wp-json\/wp\/v2\/product_brand?post=448723"},{"taxonomy":"product_cat","embeddable":true,"href":"https:\/\/gr-100.com\/pt-pt\/wp-json\/wp\/v2\/product_cat?post=448723"},{"taxonomy":"product_tag","embeddable":true,"href":"https:\/\/gr-100.com\/pt-pt\/wp-json\/wp\/v2\/product_tag?post=448723"}],"curies":[{"name":"wp","href":"https:\/\/api.w.org\/{rel}","templated":true}]}}