{"id":448796,"date":"2026-03-18T15:26:03","date_gmt":"2026-03-18T14:26:03","guid":{"rendered":"https:\/\/gr-100.com\/?post_type=product&#038;p=448796"},"modified":"2026-03-18T15:58:14","modified_gmt":"2026-03-18T14:58:14","slug":"specialized-epic-8-comp-2025-copia","status":"publish","type":"product","link":"https:\/\/gr-100.com\/pt-pt\/producto\/specialized-epic-8-comp-2025-copia\/","title":{"rendered":"Specialized Epic 8 Comp 2026"},"content":{"rendered":"<p>Se voc\u00ea \u00e9 um piloto de XC ou prioriza a velocidade absoluta em sua condu\u00e7\u00e3o, a Epic 8 \u00e9 a moto para voc\u00ea.<\/p>\n<p><strong>CAPACIDADE INACEIT\u00c1VEL:<\/strong> A bicicleta de 120 mm mais capaz do planeta. Ficar\u00e1s surpreendido com a forma como a geometria progressiva da Epic 8 oferece capacidade para terrenos t\u00e9cnicos, juntamente com uma subida r\u00e1pida e eficiente e um desempenho de acelera\u00e7\u00e3o. <\/p>\n<p><strong>QUE PANCADA:<\/strong> Em compara\u00e7\u00e3o com a gera\u00e7\u00e3o anterior, a nova Epic 8 absorve 12% mais for\u00e7as de choque e vibra\u00e7\u00e3o do que a gera\u00e7\u00e3o anterior, deixando-te menos fatigado e mais potente ao longo do tempo, para que possas continuar a andar enquanto os outros sofrem.<\/p>\n<p>Afina\u00e7\u00e3o <strong>RIDE DYNAMICS:<\/strong> A equipa Specialized Ride Dynamics desenvolveu uma afina\u00e7\u00e3o personalizada para o novo amortecedor Epic 8. As nossas carater\u00edsticas \u00fanicas de amortecimento, prescritas pela Ride Dynamics, elevam holisticamente a experi\u00eancia de condu\u00e7\u00e3o. Ao afinar os amortecedores em conjunto com as taxas de alavancagem do quadro e a nova cinem\u00e1tica, somos capazes de oferecer uma bicicleta que vai al\u00e9m da soma das suas partes.  <\/p>\n<p><strong>EFICI\u00caNCIA BIOMEC\u00c2NICA:<\/strong> Ao otimizar a cinem\u00e1tica da suspens\u00e3o, a equipa de Ride Dynamics da Specialized reduziu o rolar ineficiente induzido pelo pedal em 20%, mantendo a suspens\u00e3o ativa para uma gest\u00e3o eficaz da for\u00e7a de impacto, assegurando que permaneces na posi\u00e7\u00e3o de pedalada mais eficiente. \u00c9 a bicicleta com suspens\u00e3o de pedalada mais eficiente que j\u00e1 test\u00e1mos. <\/p>\n<p><strong>MAIS COM MENOS:<\/strong> Com a Epic 8, n\u00e3o gast\u00e1mos um \u00fanico grama extra para obter a m\u00e1xima capacidade do quadro. Todos os modelos incluem agora o SWAT 4.0 para transportar todos os teus itens essenciais para os trilhos e um batente de dire\u00e7\u00e3o integrado para evitar a omnipresente cicatriz no tubo superior na primeira vez que ca\u00edres e o guiador rodar. De facto, o novo quadro da Epic 8 S-WORKS perdeu peso (76 gramas, para ser exato) ao mesmo tempo que ganhou estas novas adi\u00e7\u00f5es.  <\/p>\n<ul class=\"bullet_points\">\n<li class=\"bullet_item\">A bicicleta de 120 mm mais capaz do planeta. Absorve 12% mais os solavancos e reduz em 20% a rota\u00e7\u00e3o do pedal. <\/li>\n<li class=\"bullet_item\">Os trav\u00f5es de 4 pist\u00f5es SRAM Level Bronze Stealth proporcionam uma pot\u00eancia de travagem f\u00e1cil de conduzir num sistema pronto para corridas.<\/li>\n<li class=\"bullet_item\">Conjunto de grupo de 12 velocidades GX Eagle confi\u00e1vel e dur\u00e1vel<\/li>\n<li class=\"bullet_item\">Jantes de alum\u00ednio Specialized leves e dur\u00e1veis<\/li>\n<li class=\"bullet_item\">RockShox SIDLuxe Select+ choque e garfo SID Select desenvolvido pela Ride Dynamics<\/li>\n<li class=\"bullet_item\">Choque personalizado com 3 configura\u00e7\u00f5es exclusivas de amortecimento<\/li>\n<li class=\"bullet_item\">SWAT 4.0 no tubo descendente para transportar itens essenciais da trilha<\/li>\n<\/ul>\n<p><strong>ESPECIFICA\u00c7\u00d5ES<\/strong><\/p>\n<p><strong>Imagem<\/strong><\/p>\n<ul>\n<li><strong>Quadro:<\/strong> Carbono FACT 11m, Geometria Progressiva XC Race, Rider-First Engineered\u2122, armazenamento SWAT no tubo inferior, BB roscado, dropout traseiro compat\u00edvel com UDH 12x148mm, roteamento interno de cabos, 120mm de curso<\/li>\n<li><strong>Abra\u00e7adeira de selim:<\/strong> Specialized Alloy 34.9, parafuso de a\u00e7o<\/li>\n<\/ul>\n<p><strong>Suspens\u00e3o<\/strong><\/p>\n<ul>\n<li><strong>Forquilha:<\/strong> RockShox SID Select, Ride Dynamics desenvolvida em 3 posi\u00e7\u00f5es, ajuste remoto TwistLoc, Debon Air, 15x110mm, 44mm de desvio, 120mm de curso<\/li>\n<li><strong>Amortecedor traseiro:<\/strong> RockShox SIDLuxe Select+, Ride Dynamics desenvolvido em 3 posi\u00e7\u00f5es, ajuste remoto TwistLoc, Solo Air, 190x45mm<\/li>\n<\/ul>\n<p><strong>Trav\u00f5es<\/strong><\/p>\n<ul>\n<li><strong>Trav\u00e3o traseiro:<\/strong> SRAM Motive Bronze, pin\u00e7a de 4 pist\u00f5es, disco hidr\u00e1ulico, rotor de 160 mm<\/li>\n<li><strong>Trav\u00e3o dianteiro:<\/strong> SRAM Motive Bronze, pin\u00e7a de 4 pist\u00f5es, disco hidr\u00e1ulico, rotor de 180 mm<\/li>\n<\/ul>\n<p><strong>Transmiss\u00e3o<\/strong><\/p>\n<ul>\n<li>Cassete<strong>:<\/strong> SRAM 1270 Transmission Cassette, 12 velocidades, 10-52t<\/li>\n<li><strong>Alavancas de mudan\u00e7as:<\/strong> Controlador SRAM AXS POD<\/li>\n<li><strong>Suporte inferior:<\/strong> SRAM DUB<\/li>\n<\/ul>\n","protected":false},"excerpt":{"rendered":"<p>A nova Epic 8 evolui a f\u00f3rmula da velocidade atrav\u00e9s da capacidade, efici\u00eancia e integra\u00e7\u00e3o leve. Os trilhos XC modernos exigem cada vez mais capacidade todos os dias. Entra na Epic 8. A cinem\u00e1tica melhorada torna-a na bicicleta mais eficiente de pedalar que alguma vez test\u00e1mos, enquanto os amortecedores personalizados (e afinados) absorvem cada solavanco.    Ele \u00e9 um lobo em roupas de lobo.<\/p>\n","protected":false},"featured_media":448832,"comment_status":"open","ping_status":"closed","template":"","meta":{"_acf_changed":false,"_et_pb_use_builder":"","_et_pb_old_content":"","_et_gb_content_width":"","inline_featured_image":false},"product_brand":[],"product_cat":[5377,5379,5378,5376,5375,402],"product_tag":[],"class_list":{"0":"post-448796","1":"product","2":"type-product","3":"status-publish","4":"has-post-thumbnail","6":"product_cat-bicicletas-de-montanha-com-suspensao-dupla","7":"product_cat-bicicletas-de-montanha-cross-country-xc","8":"product_cat-bicicletas-de-montanha-de-29","9":"product_cat-bicicletas-de-montanha-em-carbono","10":"product_cat-bicicletas-de-montanha-specialized","11":"product_cat-montanha","12":"product_shipping_class-bicicletas-pt-pt","14":"first","15":"instock","16":"taxable","17":"shipping-taxable","18":"purchasable","19":"product-type-variable","20":"wvs-archive-product-wrapper"},"acf":[],"yoast_head":"<!-- This site is optimized with the Yoast SEO Premium plugin v26.7 (Yoast SEO v26.7) - https:\/\/yoast.com\/wordpress\/plugins\/seo\/ -->\n<title>Specialized Epic 8 Comp 2026 GR-100<\/title>\n<meta name=\"description\" content=\"A bicicleta de 120 mm mais capaz do planeta. Absorve 12% mais os solavancos e reduz em 20% a rota\u00e7\u00e3o do pedal. RockShox SID Select. SRAM S-1000 Eagle.\" \/>\n<meta name=\"robots\" content=\"index, follow, max-snippet:-1, max-image-preview:large, max-video-preview:-1\" \/>\n<link rel=\"canonical\" href=\"https:\/\/gr-100.com\/pt-pt\/producto\/specialized-epic-8-comp-2025-copia\/\" \/>\n<meta property=\"og:locale\" content=\"pt_PT\" \/>\n<meta property=\"og:type\" content=\"article\" \/>\n<meta property=\"og:title\" content=\"Specialized Epic 8 Comp 2026\" \/>\n<meta property=\"og:description\" content=\"A bicicleta de 120 mm mais capaz do planeta. Absorve 12% mais os solavancos e reduz em 20% a rota\u00e7\u00e3o do pedal. RockShox SID Select. SRAM S-1000 Eagle.\" \/>\n<meta property=\"og:url\" content=\"https:\/\/gr-100.com\/pt-pt\/producto\/specialized-epic-8-comp-2025-copia\/\" \/>\n<meta property=\"og:site_name\" content=\"Gr-100 Tienda de ciclismo Specialized\" \/>\n<meta property=\"article:publisher\" content=\"https:\/\/www.facebook.com\/Gr100Bikes\" \/>\n<meta property=\"article:modified_time\" content=\"2026-03-18T14:58:14+00:00\" \/>\n<meta property=\"og:image\" content=\"https:\/\/gr-100.com\/wp-content\/uploads\/2026\/03\/Epic-8-Comp-Gloss-Emerald-Metallic.jpg\" \/>\n\t<meta property=\"og:image:width\" content=\"1000\" \/>\n\t<meta property=\"og:image:height\" content=\"1000\" \/>\n\t<meta property=\"og:image:type\" content=\"image\/jpeg\" \/>\n<meta name=\"twitter:card\" content=\"summary_large_image\" \/>\n<meta name=\"twitter:label1\" content=\"Tempo estimado de leitura\" \/>\n\t<meta name=\"twitter:data1\" content=\"3 minutos\" \/>\n<script type=\"application\/ld+json\" class=\"yoast-schema-graph\">{\"@context\":\"https:\/\/schema.org\",\"@graph\":[{\"@type\":\"WebPage\",\"@id\":\"https:\/\/gr-100.com\/pt-pt\/producto\/specialized-epic-8-comp-2025-copia\/\",\"url\":\"https:\/\/gr-100.com\/pt-pt\/producto\/specialized-epic-8-comp-2025-copia\/\",\"name\":\"Specialized Epic 8 Comp 2026 GR-100\",\"isPartOf\":{\"@id\":\"https:\/\/gr-100.com\/#website\"},\"primaryImageOfPage\":{\"@id\":\"https:\/\/gr-100.com\/pt-pt\/producto\/specialized-epic-8-comp-2025-copia\/#primaryimage\"},\"image\":{\"@id\":\"https:\/\/gr-100.com\/pt-pt\/producto\/specialized-epic-8-comp-2025-copia\/#primaryimage\"},\"thumbnailUrl\":\"https:\/\/gr-100.com\/wp-content\/uploads\/2026\/03\/Epic-8-Comp-Gloss-Emerald-Metallic.jpg\",\"datePublished\":\"2026-03-18T14:26:03+00:00\",\"dateModified\":\"2026-03-18T14:58:14+00:00\",\"description\":\"A bicicleta de 120 mm mais capaz do planeta. Absorve 12% mais os solavancos e reduz em 20% a rota\u00e7\u00e3o do pedal. RockShox SID Select. SRAM S-1000 Eagle.\",\"breadcrumb\":{\"@id\":\"https:\/\/gr-100.com\/pt-pt\/producto\/specialized-epic-8-comp-2025-copia\/#breadcrumb\"},\"inLanguage\":\"pt-PT\",\"potentialAction\":[{\"@type\":\"ReadAction\",\"target\":[\"https:\/\/gr-100.com\/pt-pt\/producto\/specialized-epic-8-comp-2025-copia\/\"]}]},{\"@type\":\"ImageObject\",\"inLanguage\":\"pt-PT\",\"@id\":\"https:\/\/gr-100.com\/pt-pt\/producto\/specialized-epic-8-comp-2025-copia\/#primaryimage\",\"url\":\"https:\/\/gr-100.com\/wp-content\/uploads\/2026\/03\/Epic-8-Comp-Gloss-Emerald-Metallic.jpg\",\"contentUrl\":\"https:\/\/gr-100.com\/wp-content\/uploads\/2026\/03\/Epic-8-Comp-Gloss-Emerald-Metallic.jpg\",\"width\":1000,\"height\":1000},{\"@type\":\"BreadcrumbList\",\"@id\":\"https:\/\/gr-100.com\/pt-pt\/producto\/specialized-epic-8-comp-2025-copia\/#breadcrumb\",\"itemListElement\":[{\"@type\":\"ListItem\",\"position\":1,\"name\":\"Portada\",\"item\":\"https:\/\/gr-100.com\/en\/\"},{\"@type\":\"ListItem\",\"position\":2,\"name\":\"Productos\",\"item\":\"https:\/\/gr-100.com\/?post_type=product\"},{\"@type\":\"ListItem\",\"position\":3,\"name\":\"Specialized Epic 8 Comp 2026\"}]},{\"@type\":\"WebSite\",\"@id\":\"https:\/\/gr-100.com\/#website\",\"url\":\"https:\/\/gr-100.com\/\",\"name\":\"Gr-100 Tienda de ciclismo Specialized\",\"description\":\"GR-100 tenemos todas las gamas de bicicletas Specialized al mejor precio.\",\"publisher\":{\"@id\":\"https:\/\/gr-100.com\/#organization\"},\"alternateName\":\"Gr-100 Bikes\",\"potentialAction\":[{\"@type\":\"SearchAction\",\"target\":{\"@type\":\"EntryPoint\",\"urlTemplate\":\"https:\/\/gr-100.com\/?s={search_term_string}\"},\"query-input\":{\"@type\":\"PropertyValueSpecification\",\"valueRequired\":true,\"valueName\":\"search_term_string\"}}],\"inLanguage\":\"pt-PT\"},{\"@type\":\"Organization\",\"@id\":\"https:\/\/gr-100.com\/#organization\",\"name\":\"Gr-100\",\"url\":\"https:\/\/gr-100.com\/\",\"logo\":{\"@type\":\"ImageObject\",\"inLanguage\":\"pt-PT\",\"@id\":\"https:\/\/gr-100.com\/#\/schema\/logo\/image\/\",\"url\":\"https:\/\/gr-100.com\/wp-content\/uploads\/2023\/08\/logo-gr-100-bikes.png\",\"contentUrl\":\"https:\/\/gr-100.com\/wp-content\/uploads\/2023\/08\/logo-gr-100-bikes.png\",\"width\":707,\"height\":284,\"caption\":\"Gr-100\"},\"image\":{\"@id\":\"https:\/\/gr-100.com\/#\/schema\/logo\/image\/\"},\"sameAs\":[\"https:\/\/www.facebook.com\/Gr100Bikes\",\"https:\/\/www.instagram.com\/gr100bikes\/\",\"https:\/\/www.tiktok.com\/@gr100bikes\",\"https:\/\/twitter.com\/gr100mtbteam\",\"https:\/\/www.youtube.com\/c\/GR100Specialized\"]}]}<\/script>\n<!-- \/ Yoast SEO Premium plugin. -->","yoast_head_json":{"title":"Specialized Epic 8 Comp 2026 GR-100","description":"A bicicleta de 120 mm mais capaz do planeta. Absorve 12% mais os solavancos e reduz em 20% a rota\u00e7\u00e3o do pedal. RockShox SID Select. SRAM S-1000 Eagle.","robots":{"index":"index","follow":"follow","max-snippet":"max-snippet:-1","max-image-preview":"max-image-preview:large","max-video-preview":"max-video-preview:-1"},"canonical":"https:\/\/gr-100.com\/pt-pt\/producto\/specialized-epic-8-comp-2025-copia\/","og_locale":"pt_PT","og_type":"article","og_title":"Specialized Epic 8 Comp 2026","og_description":"A bicicleta de 120 mm mais capaz do planeta. Absorve 12% mais os solavancos e reduz em 20% a rota\u00e7\u00e3o do pedal. RockShox SID Select. SRAM S-1000 Eagle.","og_url":"https:\/\/gr-100.com\/pt-pt\/producto\/specialized-epic-8-comp-2025-copia\/","og_site_name":"Gr-100 Tienda de ciclismo Specialized","article_publisher":"https:\/\/www.facebook.com\/Gr100Bikes","article_modified_time":"2026-03-18T14:58:14+00:00","og_image":[{"width":1000,"height":1000,"url":"https:\/\/gr-100.com\/wp-content\/uploads\/2026\/03\/Epic-8-Comp-Gloss-Emerald-Metallic.jpg","type":"image\/jpeg"}],"twitter_card":"summary_large_image","twitter_misc":{"Tempo estimado de leitura":"3 minutos"},"schema":{"@context":"https:\/\/schema.org","@graph":[{"@type":"WebPage","@id":"https:\/\/gr-100.com\/pt-pt\/producto\/specialized-epic-8-comp-2025-copia\/","url":"https:\/\/gr-100.com\/pt-pt\/producto\/specialized-epic-8-comp-2025-copia\/","name":"Specialized Epic 8 Comp 2026 GR-100","isPartOf":{"@id":"https:\/\/gr-100.com\/#website"},"primaryImageOfPage":{"@id":"https:\/\/gr-100.com\/pt-pt\/producto\/specialized-epic-8-comp-2025-copia\/#primaryimage"},"image":{"@id":"https:\/\/gr-100.com\/pt-pt\/producto\/specialized-epic-8-comp-2025-copia\/#primaryimage"},"thumbnailUrl":"https:\/\/gr-100.com\/wp-content\/uploads\/2026\/03\/Epic-8-Comp-Gloss-Emerald-Metallic.jpg","datePublished":"2026-03-18T14:26:03+00:00","dateModified":"2026-03-18T14:58:14+00:00","description":"A bicicleta de 120 mm mais capaz do planeta. Absorve 12% mais os solavancos e reduz em 20% a rota\u00e7\u00e3o do pedal. RockShox SID Select. SRAM S-1000 Eagle.","breadcrumb":{"@id":"https:\/\/gr-100.com\/pt-pt\/producto\/specialized-epic-8-comp-2025-copia\/#breadcrumb"},"inLanguage":"pt-PT","potentialAction":[{"@type":"ReadAction","target":["https:\/\/gr-100.com\/pt-pt\/producto\/specialized-epic-8-comp-2025-copia\/"]}]},{"@type":"ImageObject","inLanguage":"pt-PT","@id":"https:\/\/gr-100.com\/pt-pt\/producto\/specialized-epic-8-comp-2025-copia\/#primaryimage","url":"https:\/\/gr-100.com\/wp-content\/uploads\/2026\/03\/Epic-8-Comp-Gloss-Emerald-Metallic.jpg","contentUrl":"https:\/\/gr-100.com\/wp-content\/uploads\/2026\/03\/Epic-8-Comp-Gloss-Emerald-Metallic.jpg","width":1000,"height":1000},{"@type":"BreadcrumbList","@id":"https:\/\/gr-100.com\/pt-pt\/producto\/specialized-epic-8-comp-2025-copia\/#breadcrumb","itemListElement":[{"@type":"ListItem","position":1,"name":"Portada","item":"https:\/\/gr-100.com\/en\/"},{"@type":"ListItem","position":2,"name":"Productos","item":"https:\/\/gr-100.com\/?post_type=product"},{"@type":"ListItem","position":3,"name":"Specialized Epic 8 Comp 2026"}]},{"@type":"WebSite","@id":"https:\/\/gr-100.com\/#website","url":"https:\/\/gr-100.com\/","name":"Gr-100 Tienda de ciclismo Specialized","description":"GR-100 tenemos todas las gamas de bicicletas Specialized al mejor precio.","publisher":{"@id":"https:\/\/gr-100.com\/#organization"},"alternateName":"Gr-100 Bikes","potentialAction":[{"@type":"SearchAction","target":{"@type":"EntryPoint","urlTemplate":"https:\/\/gr-100.com\/?s={search_term_string}"},"query-input":{"@type":"PropertyValueSpecification","valueRequired":true,"valueName":"search_term_string"}}],"inLanguage":"pt-PT"},{"@type":"Organization","@id":"https:\/\/gr-100.com\/#organization","name":"Gr-100","url":"https:\/\/gr-100.com\/","logo":{"@type":"ImageObject","inLanguage":"pt-PT","@id":"https:\/\/gr-100.com\/#\/schema\/logo\/image\/","url":"https:\/\/gr-100.com\/wp-content\/uploads\/2023\/08\/logo-gr-100-bikes.png","contentUrl":"https:\/\/gr-100.com\/wp-content\/uploads\/2023\/08\/logo-gr-100-bikes.png","width":707,"height":284,"caption":"Gr-100"},"image":{"@id":"https:\/\/gr-100.com\/#\/schema\/logo\/image\/"},"sameAs":["https:\/\/www.facebook.com\/Gr100Bikes","https:\/\/www.instagram.com\/gr100bikes\/","https:\/\/www.tiktok.com\/@gr100bikes","https:\/\/twitter.com\/gr100mtbteam","https:\/\/www.youtube.com\/c\/GR100Specialized"]}]}},"_links":{"self":[{"href":"https:\/\/gr-100.com\/pt-pt\/wp-json\/wp\/v2\/product\/448796","targetHints":{"allow":["GET"]}}],"collection":[{"href":"https:\/\/gr-100.com\/pt-pt\/wp-json\/wp\/v2\/product"}],"about":[{"href":"https:\/\/gr-100.com\/pt-pt\/wp-json\/wp\/v2\/types\/product"}],"replies":[{"embeddable":true,"href":"https:\/\/gr-100.com\/pt-pt\/wp-json\/wp\/v2\/comments?post=448796"}],"wp:featuredmedia":[{"embeddable":true,"href":"https:\/\/gr-100.com\/pt-pt\/wp-json\/wp\/v2\/media\/448832"}],"wp:attachment":[{"href":"https:\/\/gr-100.com\/pt-pt\/wp-json\/wp\/v2\/media?parent=448796"}],"wp:term":[{"taxonomy":"product_brand","embeddable":true,"href":"https:\/\/gr-100.com\/pt-pt\/wp-json\/wp\/v2\/product_brand?post=448796"},{"taxonomy":"product_cat","embeddable":true,"href":"https:\/\/gr-100.com\/pt-pt\/wp-json\/wp\/v2\/product_cat?post=448796"},{"taxonomy":"product_tag","embeddable":true,"href":"https:\/\/gr-100.com\/pt-pt\/wp-json\/wp\/v2\/product_tag?post=448796"}],"curies":[{"name":"wp","href":"https:\/\/api.w.org\/{rel}","templated":true}]}}