{"id":448900,"date":"2026-03-18T16:02:02","date_gmt":"2026-03-18T14:02:02","guid":{"rendered":"https:\/\/gr-100.com\/?post_type=product&#038;p=448900"},"modified":"2026-03-18T16:19:17","modified_gmt":"2026-03-18T15:19:17","slug":"specialized-epico-8-evo-pro-2024-copia","status":"publish","type":"product","link":"https:\/\/gr-100.com\/pt-pt\/producto\/specialized-epico-8-evo-pro-2024-copia\/","title":{"rendered":"Specialized Epic 8 EVO Pro 2026"},"content":{"rendered":"<p>Se a tua ideia de divers\u00e3o \u00e9 percorrer trilhos a uma velocidade vertiginosa e dar um grande aplauso aos teus amigos, a Epic 8 EVO \u00e9 a bicicleta para ti.<\/p>\n<p><strong>CAPACIDADE INACEIT\u00c1VEL:<\/strong> A bicicleta de 120 mm mais capaz do planeta, agora ainda mais capaz. Vais ficar surpreendido com a forma como a geometria progressiva da Epic 8 EVO oferece capacidade para terrenos t\u00e9cnicos, juntamente com uma subida r\u00e1pida e eficiente e um desempenho de acelera\u00e7\u00e3o. Al\u00e9m disso, a absurda rigidez lateral e de tor\u00e7\u00e3o do quadro traduz-se numa precis\u00e3o de condu\u00e7\u00e3o. Com um aumento para 130 mm do curso dianteiro para absor\u00e7\u00e3o de solavancos e uma s\u00e9rie de especifica\u00e7\u00f5es orientadas para o trilho, a Epic 8 EVO sente-se em casa no terreno acidentado.   <\/p>\n<p><strong>O QUE ACONTECE:<\/strong> Em compara\u00e7\u00e3o com a gera\u00e7\u00e3o anterior, a nova Epic 8 EVO absorve 12% mais for\u00e7as de impacto e vibra\u00e7\u00e3o, deixando-te menos fatigado e mais poderoso ao longo do tempo. Isso abre-te as op\u00e7\u00f5es para mais uma volta (ou 3). <\/p>\n<p>AJUSTE <strong>RIDE DYNAMICS:<\/strong> A equipa Specialized Ride Dynamics desenvolveu v\u00e1lvulas personalizadas para o novo amortecedor Epic 8 EVO. A nossa equipa prescreve carater\u00edsticas especiais de amortecimento para elevar holisticamente a experi\u00eancia de condu\u00e7\u00e3o. Ao afinar os amortecedores juntamente com as rela\u00e7\u00f5es de alavancagem do quadro e a nova cinem\u00e1tica, somos capazes de oferecer uma bicicleta que funciona acima e al\u00e9m da soma das suas partes.  <\/p>\n<p><strong>EFICI\u00caNCIA BIOMEC\u00c2NICA:<\/strong> Ao otimizar a cinem\u00e1tica da suspens\u00e3o, a equipa de Ride Dynamics da Specialized reduziu o rolar ineficiente induzido pelo pedal em 20%, mantendo a suspens\u00e3o ativa para uma gest\u00e3o eficiente das for\u00e7as de impacto, assegurando que permaneces na posi\u00e7\u00e3o de pedalada mais eficiente. \u00c9 a bicicleta com suspens\u00e3o de pedalada mais eficiente que j\u00e1 test\u00e1mos. <\/p>\n<p><strong>COMPLETAMENTE EQUIPADA:<\/strong> Todos os modelos incluem agora a SWAT 4.0 para transportar todos os teus objectos essenciais de viagem e um batente de dire\u00e7\u00e3o integrado para evitar a omnipresente cicatriz no tubo superior da primeira vez que ca\u00edres e o guiador virar.<\/p>\n<ul>\n<li>\n<p data-path-to-node=\"2,0,0\">A bicicleta de 120 mm mais capaz do planeta. Absorve 12% mais os solavancos e reduz em 20% a rota\u00e7\u00e3o do pedal. <\/p>\n<\/li>\n<li>\n<p data-path-to-node=\"2,1,0\">Amortecedor FOX Float Factory afinado pela Ride Dynamics e forqueta FOX 34 SL Factory de 130 mm.<\/p>\n<\/li>\n<li>\n<p data-path-to-node=\"2,2,0\">As rodas de carbono Roval Control destacam-se em todo o lado, desde as corridas da Ta\u00e7a do Mundo de XC at\u00e9 ao teu trilho favorito de fim de semana.<\/p>\n<\/li>\n<li>\n<p data-path-to-node=\"2,3,0\">Os lend\u00e1rios trav\u00f5es SRAM Motive Silver de 4 pist\u00f5es apresentam uma grande pot\u00eancia de travagem com uma est\u00e9tica elegante.<\/p>\n<\/li>\n<li>\n<p data-path-to-node=\"2,4,0\">Pedala com confian\u00e7a gra\u00e7as \u00e0 super-resistente e fi\u00e1vel unidade de tra\u00e7\u00e3o XO Eagle AXS.<\/p>\n<\/li>\n<li>\n<p data-path-to-node=\"2,5,0\">SWAT 4.0 no tubo diagonal para transportares o essencial para o percurso.<\/p>\n<\/li>\n<\/ul>\n<p><strong>ESPECIFICA\u00c7\u00d5ES<\/strong><\/p>\n<p><strong>Imagem<\/strong><\/p>\n<ul>\n<li style=\"list-style-type: none;\">\n<ul>\n<li style=\"list-style-type: none;\">\n<ul>\n<li><strong>Quadro:<\/strong> Carbono FACT 11m, geometria progressiva XC Race, Rider-First Engineered\u2122, armazenamento SWAT no tubo inferior, suporte inferior roscado, dropout traseiro compat\u00edvel com UDH 12x148mm, roteamento interno de cabos, 120mm de curso<\/li>\n<li><strong>Abra\u00e7adeira de selim:<\/strong> Specialized 34.9 em alum\u00ednio, parafuso em a\u00e7o<\/li>\n<\/ul>\n<\/li>\n<\/ul>\n<\/li>\n<\/ul>\n<p><strong>Suspens\u00e3o<\/strong><\/p>\n<ul>\n<li style=\"list-style-type: none;\">\n<ul>\n<li style=\"list-style-type: none;\">\n<ul>\n<li><strong>Amortecedor traseiro:<\/strong> FOX FLOAT Factory, EVOL LV, ajuste Ride Dynamics, ajuste de compress\u00e3o em 2 posi\u00e7\u00f5es, 190&#215;45 mm<\/li>\n<li><strong>FOX:<\/strong> Fox 34 SL Factory, cartucho Grip X, ajuste HSC, LSC, LSR, 130 mm de curso, 44 mm de desvio, 15&#215;110 mm<\/li>\n<\/ul>\n<\/li>\n<\/ul>\n<\/li>\n<\/ul>\n<p><strong>Trav\u00f5es<\/strong><\/p>\n<ul>\n<li style=\"list-style-type: none;\">\n<ul>\n<li style=\"list-style-type: none;\">\n<ul>\n<li><strong>Trav\u00e3o traseiro:<\/strong> SRAM Motive Silver, pin\u00e7a de 4 pist\u00f5es, disco hidr\u00e1ulico, rotor de 160 mm<\/li>\n<li><strong>Trav\u00e3o dianteiro:<\/strong> SRAM Motive Silver, pin\u00e7a de 4 pist\u00f5es, disco hidr\u00e1ulico, rotor de 180 mm<\/li>\n<\/ul>\n<\/li>\n<\/ul>\n<\/li>\n<\/ul>\n<p><strong>Transmiss\u00e3o<\/strong><\/p>\n<ul>\n<li style=\"list-style-type: none;\">\n<ul>\n<li style=\"list-style-type: none;\">\n<ul>\n<li><strong>Alavancas de mudan\u00e7as:<\/strong> Controlador SRAM AXS POD<\/li>\n<li><strong>Suporte inferior:<\/strong> SRAM DUB com rosca larga (Threaded Wide)<\/li>\n<li><strong>Corrente:<\/strong> SRAM XO Eagle<\/li>\n<li><strong>Desviador traseiro:<\/strong> SRAM X0 Eagle drivetrain<\/li>\n<li><strong>Pedaleira:<\/strong> SRAM XO Eagle, DUB, 165\/170\/175 mm, 32T<\/li>\n<li><strong>Cassete:<\/strong> SRAM XS 1295, 12 velocidades, 10-52<\/li>\n<li>An\u00e9is de corrente: 32T<\/li>\n<\/ul>\n<\/li>\n<\/ul>\n<\/li>\n<\/ul>\n<p><strong>Rodas e pneus<\/strong><\/p>\n<ul>\n<li style=\"list-style-type: none;\">\n<ul>\n<li style=\"list-style-type: none;\">\n<ul>\n<li><strong>Roda dianteira:<\/strong> Aro de carbono Roval Control, design assim\u00e9trico em carbono, 29 mm de largura interior, 4 mm de largura de gancho, preparado para tubeless, cubos Industry Niner 1:1, 6 parafusos, eixo passante de 15 mm, 110 mm de espa\u00e7amento, 28h, raios em a\u00e7o inoxid\u00e1vel Sapim, 14g, cor preta<\/li>\n<li><strong>Roda traseira:<\/strong> Aro Roval Control em carbono, design assim\u00e9trico em carbono, 29 mm de largura interior, 4 mm de largura de gancho, Tubeless ready, cubos Industry Niner 1:1, 6 parafusos, eixo passante de 15 mm, 110 mm de espa\u00e7amento, 28h, raios Sapim em a\u00e7o inoxid\u00e1vel, 14g, preto <em>(Nota: traduzi literalmente o tamanho original, embora numa roda traseira seja normalmente 12x148mm).<\/em><\/li>\n<li><strong>Pneu dianteiro:<\/strong> Specialized Purgatory, carca\u00e7a GRID, composto T9, 29&#215;2.4<\/li>\n<li><strong>Pneu traseiro:<\/strong> Specialized Ground Control, carca\u00e7a Grid Lite, composto T5\/T7, 29&#215;2.35<\/li>\n<li><strong>Tubos:<\/strong> Tubo interno Specialized Turbo, v\u00e1lvula Presta de 48 mm, 29&#8221;x1.75&#8221;\/2.4&#8221;<\/li>\n<\/ul>\n<\/li>\n<\/ul>\n<\/li>\n<\/ul>\n<p><strong>Cabine de pilotagem<\/strong><\/p>\n<ul>\n<li style=\"list-style-type: none;\">\n<ul>\n<li style=\"list-style-type: none;\">\n<ul>\n<li><strong>Espig\u00e3o de selim:<\/strong> Fox Transfer Factory, 30.9, controlo remoto 1X<\/li>\n<li><strong>Cana:<\/strong> Raceface Turbine R, 50 mm, bra\u00e7adeira de 35 mm<\/li>\n<li>Guiador<strong>:<\/strong> Guiador em carbono Roval Control Rise, 780 mm de largura, 20 mm de eleva\u00e7\u00e3o, bra\u00e7adeira de 35 mm<\/li>\n<li><strong>Selim:<\/strong> Specialized Power Expert, carris de tit\u00e2nio, 143 mm\/155 mm<\/li>\n<li>Punhos: Specialized<\/li>\n<\/ul>\n<\/li>\n<\/ul>\n<\/li>\n<\/ul>\n<p><strong>Acess\u00f3rios<\/strong><\/p>\n<ul>\n<li style=\"list-style-type: none;\">\n<ul>\n<li style=\"list-style-type: none;\">\n<ul>\n<li><strong>SWAT:<\/strong> Armazenamento interno SWAT no tubo diagonal<\/li>\n<\/ul>\n<\/li>\n<\/ul>\n<\/li>\n<\/ul>\n<p><strong>Detalhes e peso do produto<\/strong><\/p>\n<ul>\n<li style=\"list-style-type: none;\">\n<ul>\n<li style=\"list-style-type: none;\">\n<ul>\n<li><strong>ID do produto:<\/strong> 221524<\/li>\n<li><strong>Peso:<\/strong> 11,74 kg (25 lb, 14,1 oz)<\/li>\n<li><strong>Tamanho de refer\u00eancia para o peso:<\/strong> MD (M)<\/li>\n<\/ul>\n<\/li>\n<\/ul>\n<\/li>\n<\/ul>\n","protected":false},"excerpt":{"rendered":"<p>A bicicleta de downncountry mais r\u00e1pida do mundo. A Epic 8 EVO \u00e9 a express\u00e3o m\u00e1xima da nova Epic 8. Equipada para tomar de assalto o terreno de downncountry com a sua combina\u00e7\u00e3o inigual\u00e1vel de capacidade, efici\u00eancia e leveza, a cinem\u00e1tica actualizada da Epic 8 EVO permite subidas incrivelmente eficientes, enquanto o amortecedor afinado Ride Dynamics devora o terreno irregular nas descidas.  <\/p>\n","protected":false},"featured_media":448931,"comment_status":"closed","ping_status":"closed","template":"","meta":{"_acf_changed":false,"_et_pb_use_builder":"","_et_pb_old_content":"","_et_gb_content_width":"","inline_featured_image":false},"product_brand":[],"product_cat":[5377,5379,5378,5376,5375,2459,402],"product_tag":[],"class_list":{"0":"post-448900","1":"product","2":"type-product","3":"status-publish","4":"has-post-thumbnail","6":"product_cat-bicicletas-de-montanha-com-suspensao-dupla","7":"product_cat-bicicletas-de-montanha-cross-country-xc","8":"product_cat-bicicletas-de-montanha-de-29","9":"product_cat-bicicletas-de-montanha-em-carbono","10":"product_cat-bicicletas-de-montanha-specialized","11":"product_cat-bicicletas-pt-pt-2","12":"product_cat-montanha","13":"product_shipping_class-bicicletas-pt-pt","15":"first","16":"outofstock","17":"taxable","18":"shipping-taxable","19":"product-type-variable","20":"wvs-archive-product-wrapper"},"acf":[],"yoast_head":"<!-- This site is optimized with the Yoast SEO Premium plugin v26.7 (Yoast SEO v26.7) - https:\/\/yoast.com\/wordpress\/plugins\/seo\/ -->\n<title>Specialized Epic 8 EVO Pro 2026 GR100 S-Works Specialized<\/title>\n<meta name=\"description\" content=\"A Specialized Epic 8 EVO Pro 2026 evolui a f\u00f3rmula de maior rapidez atrav\u00e9s da capacidade, efici\u00eancia e integra\u00e7\u00e3o leve. Ele \u00e9 um lobo em roupas de lobo.\" \/>\n<meta name=\"robots\" content=\"index, follow, max-snippet:-1, max-image-preview:large, max-video-preview:-1\" \/>\n<link rel=\"canonical\" href=\"https:\/\/gr-100.com\/pt-pt\/producto\/specialized-epico-8-evo-pro-2024-copia\/\" \/>\n<meta property=\"og:locale\" content=\"pt_PT\" \/>\n<meta property=\"og:type\" content=\"article\" \/>\n<meta property=\"og:title\" content=\"Specialized Epic 8 EVO Pro 2026\" \/>\n<meta property=\"og:description\" content=\"A Specialized Epic 8 EVO Pro 2026 evolui a f\u00f3rmula de maior rapidez atrav\u00e9s da capacidade, efici\u00eancia e integra\u00e7\u00e3o leve. Ele \u00e9 um lobo em roupas de lobo.\" \/>\n<meta property=\"og:url\" content=\"https:\/\/gr-100.com\/pt-pt\/producto\/specialized-epico-8-evo-pro-2024-copia\/\" \/>\n<meta property=\"og:site_name\" content=\"Gr-100 Tienda de ciclismo Specialized\" \/>\n<meta property=\"article:publisher\" content=\"https:\/\/www.facebook.com\/Gr100Bikes\" \/>\n<meta property=\"article:modified_time\" content=\"2026-03-18T15:19:17+00:00\" \/>\n<meta property=\"og:image\" content=\"https:\/\/gr-100.com\/wp-content\/uploads\/2026\/03\/Epic-8-EVO-Pro-2026.jpg\" \/>\n\t<meta property=\"og:image:width\" content=\"1000\" \/>\n\t<meta property=\"og:image:height\" content=\"1000\" \/>\n\t<meta property=\"og:image:type\" content=\"image\/jpeg\" \/>\n<meta name=\"twitter:card\" content=\"summary_large_image\" \/>\n<meta name=\"twitter:label1\" content=\"Tempo estimado de leitura\" \/>\n\t<meta name=\"twitter:data1\" content=\"4 minutos\" \/>\n<script type=\"application\/ld+json\" class=\"yoast-schema-graph\">{\"@context\":\"https:\/\/schema.org\",\"@graph\":[{\"@type\":\"WebPage\",\"@id\":\"https:\/\/gr-100.com\/pt-pt\/producto\/specialized-epico-8-evo-pro-2024-copia\/\",\"url\":\"https:\/\/gr-100.com\/pt-pt\/producto\/specialized-epico-8-evo-pro-2024-copia\/\",\"name\":\"Specialized Epic 8 EVO Pro 2026 GR100 S-Works Specialized\",\"isPartOf\":{\"@id\":\"https:\/\/gr-100.com\/#website\"},\"primaryImageOfPage\":{\"@id\":\"https:\/\/gr-100.com\/pt-pt\/producto\/specialized-epico-8-evo-pro-2024-copia\/#primaryimage\"},\"image\":{\"@id\":\"https:\/\/gr-100.com\/pt-pt\/producto\/specialized-epico-8-evo-pro-2024-copia\/#primaryimage\"},\"thumbnailUrl\":\"https:\/\/gr-100.com\/wp-content\/uploads\/2026\/03\/Epic-8-EVO-Pro-2026.jpg\",\"datePublished\":\"2026-03-18T14:02:02+00:00\",\"dateModified\":\"2026-03-18T15:19:17+00:00\",\"description\":\"A Specialized Epic 8 EVO Pro 2026 evolui a f\u00f3rmula de maior rapidez atrav\u00e9s da capacidade, efici\u00eancia e integra\u00e7\u00e3o leve. Ele \u00e9 um lobo em roupas de lobo.\",\"breadcrumb\":{\"@id\":\"https:\/\/gr-100.com\/pt-pt\/producto\/specialized-epico-8-evo-pro-2024-copia\/#breadcrumb\"},\"inLanguage\":\"pt-PT\",\"potentialAction\":[{\"@type\":\"ReadAction\",\"target\":[\"https:\/\/gr-100.com\/pt-pt\/producto\/specialized-epico-8-evo-pro-2024-copia\/\"]}]},{\"@type\":\"ImageObject\",\"inLanguage\":\"pt-PT\",\"@id\":\"https:\/\/gr-100.com\/pt-pt\/producto\/specialized-epico-8-evo-pro-2024-copia\/#primaryimage\",\"url\":\"https:\/\/gr-100.com\/wp-content\/uploads\/2026\/03\/Epic-8-EVO-Pro-2026.jpg\",\"contentUrl\":\"https:\/\/gr-100.com\/wp-content\/uploads\/2026\/03\/Epic-8-EVO-Pro-2026.jpg\",\"width\":1000,\"height\":1000},{\"@type\":\"BreadcrumbList\",\"@id\":\"https:\/\/gr-100.com\/pt-pt\/producto\/specialized-epico-8-evo-pro-2024-copia\/#breadcrumb\",\"itemListElement\":[{\"@type\":\"ListItem\",\"position\":1,\"name\":\"Portada\",\"item\":\"https:\/\/gr-100.com\/en\/\"},{\"@type\":\"ListItem\",\"position\":2,\"name\":\"Productos\",\"item\":\"https:\/\/gr-100.com\/?post_type=product\"},{\"@type\":\"ListItem\",\"position\":3,\"name\":\"Specialized Epic 8 EVO Pro 2026\"}]},{\"@type\":\"WebSite\",\"@id\":\"https:\/\/gr-100.com\/#website\",\"url\":\"https:\/\/gr-100.com\/\",\"name\":\"Gr-100 Tienda de ciclismo Specialized\",\"description\":\"GR-100 tenemos todas las gamas de bicicletas Specialized al mejor precio.\",\"publisher\":{\"@id\":\"https:\/\/gr-100.com\/#organization\"},\"alternateName\":\"Gr-100 Bikes\",\"potentialAction\":[{\"@type\":\"SearchAction\",\"target\":{\"@type\":\"EntryPoint\",\"urlTemplate\":\"https:\/\/gr-100.com\/?s={search_term_string}\"},\"query-input\":{\"@type\":\"PropertyValueSpecification\",\"valueRequired\":true,\"valueName\":\"search_term_string\"}}],\"inLanguage\":\"pt-PT\"},{\"@type\":\"Organization\",\"@id\":\"https:\/\/gr-100.com\/#organization\",\"name\":\"Gr-100\",\"url\":\"https:\/\/gr-100.com\/\",\"logo\":{\"@type\":\"ImageObject\",\"inLanguage\":\"pt-PT\",\"@id\":\"https:\/\/gr-100.com\/#\/schema\/logo\/image\/\",\"url\":\"https:\/\/gr-100.com\/wp-content\/uploads\/2023\/08\/logo-gr-100-bikes.png\",\"contentUrl\":\"https:\/\/gr-100.com\/wp-content\/uploads\/2023\/08\/logo-gr-100-bikes.png\",\"width\":707,\"height\":284,\"caption\":\"Gr-100\"},\"image\":{\"@id\":\"https:\/\/gr-100.com\/#\/schema\/logo\/image\/\"},\"sameAs\":[\"https:\/\/www.facebook.com\/Gr100Bikes\",\"https:\/\/www.instagram.com\/gr100bikes\/\",\"https:\/\/www.tiktok.com\/@gr100bikes\",\"https:\/\/twitter.com\/gr100mtbteam\",\"https:\/\/www.youtube.com\/c\/GR100Specialized\"]}]}<\/script>\n<!-- \/ Yoast SEO Premium plugin. -->","yoast_head_json":{"title":"Specialized Epic 8 EVO Pro 2026 GR100 S-Works Specialized","description":"A Specialized Epic 8 EVO Pro 2026 evolui a f\u00f3rmula de maior rapidez atrav\u00e9s da capacidade, efici\u00eancia e integra\u00e7\u00e3o leve. Ele \u00e9 um lobo em roupas de lobo.","robots":{"index":"index","follow":"follow","max-snippet":"max-snippet:-1","max-image-preview":"max-image-preview:large","max-video-preview":"max-video-preview:-1"},"canonical":"https:\/\/gr-100.com\/pt-pt\/producto\/specialized-epico-8-evo-pro-2024-copia\/","og_locale":"pt_PT","og_type":"article","og_title":"Specialized Epic 8 EVO Pro 2026","og_description":"A Specialized Epic 8 EVO Pro 2026 evolui a f\u00f3rmula de maior rapidez atrav\u00e9s da capacidade, efici\u00eancia e integra\u00e7\u00e3o leve. Ele \u00e9 um lobo em roupas de lobo.","og_url":"https:\/\/gr-100.com\/pt-pt\/producto\/specialized-epico-8-evo-pro-2024-copia\/","og_site_name":"Gr-100 Tienda de ciclismo Specialized","article_publisher":"https:\/\/www.facebook.com\/Gr100Bikes","article_modified_time":"2026-03-18T15:19:17+00:00","og_image":[{"width":1000,"height":1000,"url":"https:\/\/gr-100.com\/wp-content\/uploads\/2026\/03\/Epic-8-EVO-Pro-2026.jpg","type":"image\/jpeg"}],"twitter_card":"summary_large_image","twitter_misc":{"Tempo estimado de leitura":"4 minutos"},"schema":{"@context":"https:\/\/schema.org","@graph":[{"@type":"WebPage","@id":"https:\/\/gr-100.com\/pt-pt\/producto\/specialized-epico-8-evo-pro-2024-copia\/","url":"https:\/\/gr-100.com\/pt-pt\/producto\/specialized-epico-8-evo-pro-2024-copia\/","name":"Specialized Epic 8 EVO Pro 2026 GR100 S-Works Specialized","isPartOf":{"@id":"https:\/\/gr-100.com\/#website"},"primaryImageOfPage":{"@id":"https:\/\/gr-100.com\/pt-pt\/producto\/specialized-epico-8-evo-pro-2024-copia\/#primaryimage"},"image":{"@id":"https:\/\/gr-100.com\/pt-pt\/producto\/specialized-epico-8-evo-pro-2024-copia\/#primaryimage"},"thumbnailUrl":"https:\/\/gr-100.com\/wp-content\/uploads\/2026\/03\/Epic-8-EVO-Pro-2026.jpg","datePublished":"2026-03-18T14:02:02+00:00","dateModified":"2026-03-18T15:19:17+00:00","description":"A Specialized Epic 8 EVO Pro 2026 evolui a f\u00f3rmula de maior rapidez atrav\u00e9s da capacidade, efici\u00eancia e integra\u00e7\u00e3o leve. Ele \u00e9 um lobo em roupas de lobo.","breadcrumb":{"@id":"https:\/\/gr-100.com\/pt-pt\/producto\/specialized-epico-8-evo-pro-2024-copia\/#breadcrumb"},"inLanguage":"pt-PT","potentialAction":[{"@type":"ReadAction","target":["https:\/\/gr-100.com\/pt-pt\/producto\/specialized-epico-8-evo-pro-2024-copia\/"]}]},{"@type":"ImageObject","inLanguage":"pt-PT","@id":"https:\/\/gr-100.com\/pt-pt\/producto\/specialized-epico-8-evo-pro-2024-copia\/#primaryimage","url":"https:\/\/gr-100.com\/wp-content\/uploads\/2026\/03\/Epic-8-EVO-Pro-2026.jpg","contentUrl":"https:\/\/gr-100.com\/wp-content\/uploads\/2026\/03\/Epic-8-EVO-Pro-2026.jpg","width":1000,"height":1000},{"@type":"BreadcrumbList","@id":"https:\/\/gr-100.com\/pt-pt\/producto\/specialized-epico-8-evo-pro-2024-copia\/#breadcrumb","itemListElement":[{"@type":"ListItem","position":1,"name":"Portada","item":"https:\/\/gr-100.com\/en\/"},{"@type":"ListItem","position":2,"name":"Productos","item":"https:\/\/gr-100.com\/?post_type=product"},{"@type":"ListItem","position":3,"name":"Specialized Epic 8 EVO Pro 2026"}]},{"@type":"WebSite","@id":"https:\/\/gr-100.com\/#website","url":"https:\/\/gr-100.com\/","name":"Gr-100 Tienda de ciclismo Specialized","description":"GR-100 tenemos todas las gamas de bicicletas Specialized al mejor precio.","publisher":{"@id":"https:\/\/gr-100.com\/#organization"},"alternateName":"Gr-100 Bikes","potentialAction":[{"@type":"SearchAction","target":{"@type":"EntryPoint","urlTemplate":"https:\/\/gr-100.com\/?s={search_term_string}"},"query-input":{"@type":"PropertyValueSpecification","valueRequired":true,"valueName":"search_term_string"}}],"inLanguage":"pt-PT"},{"@type":"Organization","@id":"https:\/\/gr-100.com\/#organization","name":"Gr-100","url":"https:\/\/gr-100.com\/","logo":{"@type":"ImageObject","inLanguage":"pt-PT","@id":"https:\/\/gr-100.com\/#\/schema\/logo\/image\/","url":"https:\/\/gr-100.com\/wp-content\/uploads\/2023\/08\/logo-gr-100-bikes.png","contentUrl":"https:\/\/gr-100.com\/wp-content\/uploads\/2023\/08\/logo-gr-100-bikes.png","width":707,"height":284,"caption":"Gr-100"},"image":{"@id":"https:\/\/gr-100.com\/#\/schema\/logo\/image\/"},"sameAs":["https:\/\/www.facebook.com\/Gr100Bikes","https:\/\/www.instagram.com\/gr100bikes\/","https:\/\/www.tiktok.com\/@gr100bikes","https:\/\/twitter.com\/gr100mtbteam","https:\/\/www.youtube.com\/c\/GR100Specialized"]}]}},"_links":{"self":[{"href":"https:\/\/gr-100.com\/pt-pt\/wp-json\/wp\/v2\/product\/448900","targetHints":{"allow":["GET"]}}],"collection":[{"href":"https:\/\/gr-100.com\/pt-pt\/wp-json\/wp\/v2\/product"}],"about":[{"href":"https:\/\/gr-100.com\/pt-pt\/wp-json\/wp\/v2\/types\/product"}],"replies":[{"embeddable":true,"href":"https:\/\/gr-100.com\/pt-pt\/wp-json\/wp\/v2\/comments?post=448900"}],"wp:featuredmedia":[{"embeddable":true,"href":"https:\/\/gr-100.com\/pt-pt\/wp-json\/wp\/v2\/media\/448931"}],"wp:attachment":[{"href":"https:\/\/gr-100.com\/pt-pt\/wp-json\/wp\/v2\/media?parent=448900"}],"wp:term":[{"taxonomy":"product_brand","embeddable":true,"href":"https:\/\/gr-100.com\/pt-pt\/wp-json\/wp\/v2\/product_brand?post=448900"},{"taxonomy":"product_cat","embeddable":true,"href":"https:\/\/gr-100.com\/pt-pt\/wp-json\/wp\/v2\/product_cat?post=448900"},{"taxonomy":"product_tag","embeddable":true,"href":"https:\/\/gr-100.com\/pt-pt\/wp-json\/wp\/v2\/product_tag?post=448900"}],"curies":[{"name":"wp","href":"https:\/\/api.w.org\/{rel}","templated":true}]}}