{"id":451089,"date":"2026-03-24T16:45:52","date_gmt":"2026-03-24T15:45:52","guid":{"rendered":"https:\/\/gr-100.com\/?post_type=product&#038;p=451089"},"modified":"2026-03-24T16:47:39","modified_gmt":"2026-03-24T15:47:39","slug":"especializado-s-works-turbo-levo-4-copia-copia-copia-copia","status":"publish","type":"product","link":"https:\/\/gr-100.com\/pt-pt\/producto\/especializado-s-works-turbo-levo-4-copia-copia-copia-copia\/","title":{"rendered":"Specialized Turbo Levo R Comp Alloy"},"content":{"rendered":"<p><b data-path-to-node=\"3\" data-index-in-node=\"0\">UTILIZA\u00c7\u00c3O:<\/b> Rali el\u00e9trico na pot\u00eancia m\u00e1xima <b data-path-to-node=\"3\" data-index-in-node=\"42\">SISTEMA EL\u00c9CTRICO:<\/b> Motor 3.1 Specialized (810W\/105Nm), bateria de 840Wh. Autonomia at\u00e9 5h com extensor de autonomia opcional <b data-path-to-node=\"3\" data-index-in-node=\"150\">QUADRO:<\/b> Alum\u00ednio M5, ajuste da geometria e armazenamento SWAT <b data-path-to-node=\"3\" data-index-in-node=\"206\">SUSPENS\u00c3O:<\/b> Dianteira 140mm FOX 36 SL Performance GRIP \/ Traseira 130mm <b data-path-to-node=\"3\" data-index-in-node=\"206\">GENIE<\/b> FOX FLOAT Performance <b data-path-to-node=\"3\" data-index-in-node=\"206\">TRANSMISS\u00c3O:<\/b> Dianteira e traseira 130mm GENIE FOX FLOAT Performance <b data-path-to-node=\"3\" data-index-in-node=\"298\">DRIVE TRAINING:<\/b> SRAM Eagle 90 <b data-path-to-node=\"3\" data-index-in-node=\"329\">RODAS:<\/b> Specialized Alloy  <\/p>\n<ul>\n<li>\n<h3 data-path-to-node=\"1\"><b data-path-to-node=\"1\" data-index-in-node=\"0\">Especificaciones T\u00e9cnicas<\/b><\/h3>\n<h4 data-path-to-node=\"2\"><b data-path-to-node=\"2\" data-index-in-node=\"0\">E-bike<\/b><\/h4>\n<ul data-path-to-node=\"3\">\n<li>\n<p data-path-to-node=\"3,0,0\"><b data-path-to-node=\"3,0,0\" data-index-in-node=\"0\">Bateria:<\/b> Bateria de 840 Wh<\/p>\n<\/li>\n<li>\n<p data-path-to-node=\"3,1,0\"><b data-path-to-node=\"3,1,0\" data-index-in-node=\"0\">UI\/Remoto:<\/b> Mastermind TCU, ecr\u00e3 de alta resolu\u00e7\u00e3o de 2,2&#8243;, totalmente personaliz\u00e1vel com a aplica\u00e7\u00e3o Specialized, compat\u00edvel com Apple Find My<\/p>\n<\/li>\n<li>\n<p data-path-to-node=\"3,2,0\"><b data-path-to-node=\"3,2,0\" data-index-in-node=\"0\">Motor:<\/b> Motor 3.1 Specialized, 105 Nm de bin\u00e1rio, 810 W de pot\u00eancia<\/p>\n<\/li>\n<li>\n<p data-path-to-node=\"3,3,0\">Carregador<b data-path-to-node=\"3,3,0\" data-index-in-node=\"0\">:<\/b> Specialized 4 Amp Charger<\/p>\n<\/li>\n<\/ul>\n<h4 data-path-to-node=\"4\"><b data-path-to-node=\"4\" data-index-in-node=\"0\">Imagem<\/b><\/h4>\n<ul data-path-to-node=\"5\">\n<li>\n<p data-path-to-node=\"5,0,0\"><b data-path-to-node=\"5,0,0\" data-index-in-node=\"0\">Abra\u00e7adeira do selim:<\/b> Alum\u00ednio, 38,6 mm<\/p>\n<\/li>\n<li>\n<p data-path-to-node=\"5,1,0\"><b data-path-to-node=\"5,1,0\" data-index-in-node=\"0\">Quadro:<\/b> Alum\u00ednio M5, armazenamento SWAT no tubo inferior, dropout traseiro compat\u00edvel com UDH de 12&#215;148 mm, bateria extra\u00edvel lateralmente, geometria ajust\u00e1vel, 130 mm de curso<\/p>\n<\/li>\n<\/ul>\n<h4 data-path-to-node=\"6\"><b data-path-to-node=\"6\" data-index-in-node=\"0\">Suspens\u00e3o<\/b><\/h4>\n<ul data-path-to-node=\"7\">\n<li>\n<p data-path-to-node=\"7,0,0\"><b data-path-to-node=\"7,0,0\" data-index-in-node=\"0\">Forquilha:<\/b> FOX 36 SL Performance, cartucho GRIP, 140 mm de curso, 44 mm de desvio, eixo 15&#215;110 mm<\/p>\n<\/li>\n<li>\n<p data-path-to-node=\"7,1,0\"><b data-path-to-node=\"7,1,0\" data-index-in-node=\"0\">Amortecedor:<\/b> FOX FLOAT Performance GENIE, desenvolvido pela Ride Dynamics, regula\u00e7\u00e3o da compress\u00e3o em 2 posi\u00e7\u00f5es, 190&#215;45 mm<\/p>\n<\/li>\n<\/ul>\n<h4 data-path-to-node=\"8\"><b data-path-to-node=\"8\" data-index-in-node=\"0\">Trav\u00f5es<\/b><\/h4>\n<ul data-path-to-node=\"9\">\n<li>\n<p data-path-to-node=\"9,0,0\"><b data-path-to-node=\"9,0,0\" data-index-in-node=\"0\">Trav\u00e3o dianteiro:<\/b> SRAM Motive Bronze, pin\u00e7a de 4 pist\u00f5es, disco hidr\u00e1ulico, rotor de 200 mm<\/p>\n<\/li>\n<li>\n<p data-path-to-node=\"9,1,0\"><b data-path-to-node=\"9,1,0\" data-index-in-node=\"0\">Trav\u00e3o traseiro:<\/b> SRAM Motive Bronze, pin\u00e7a de 4 pist\u00f5es, disco hidr\u00e1ulico, rotor de 200 mm<\/p>\n<\/li>\n<\/ul>\n<h4 data-path-to-node=\"10\"><b data-path-to-node=\"10\" data-index-in-node=\"0\">Transmiss\u00e3o<\/b><\/h4>\n<ul data-path-to-node=\"11\">\n<li>\n<p data-path-to-node=\"11,0,0\">Corrente<b data-path-to-node=\"11,0,0\" data-index-in-node=\"0\">:<\/b> SRAM T-Type 34t, 104 BCD, a\u00e7o<\/p>\n<\/li>\n<li>\n<p data-path-to-node=\"11,1,0\"><b data-path-to-node=\"11,1,0\" data-index-in-node=\"0\">Corrente:<\/b> SRAM 70 Transmission 12 velocidades, design Flattop<\/p>\n<\/li>\n<li>\n<p data-path-to-node=\"11,2,0\"><b data-path-to-node=\"11,2,0\" data-index-in-node=\"0\">Controlos das mudan\u00e7as:<\/b> SRAM EAGLE 90T, clique \u00fanico, com MMX<\/p>\n<\/li>\n<li>\n<p data-path-to-node=\"11,3,0\"><b data-path-to-node=\"11,3,0\" data-index-in-node=\"0\">Pedaleira:<\/b> SRAM Eagle 70, BROSE\/ISIS, 160 mm, 32T<\/p>\n<\/li>\n<li>\n<p data-path-to-node=\"11,4,0\"><b data-path-to-node=\"11,4,0\" data-index-in-node=\"0\">Desviador traseiro:<\/b> SRAM Eagle 90 T-Type<\/p>\n<\/li>\n<li>\n<p data-path-to-node=\"11,5,0\"><b data-path-to-node=\"11,5,0\" data-index-in-node=\"0\">Cassete:<\/b> SRAM GX Transmission, XS 1275, 10-52t<\/p>\n<\/li>\n<\/ul>\n<h4 data-path-to-node=\"12\"><b data-path-to-node=\"12\" data-index-in-node=\"0\">Ruedas y Neum\u00e1ticos<\/b><\/h4>\n<ul data-path-to-node=\"13\">\n<li>\n<p data-path-to-node=\"13,0,0\"><b data-path-to-node=\"13,0,0\" data-index-in-node=\"0\">Raios:<\/b> Dt Swiss Elemental<\/p>\n<\/li>\n<li>\n<p data-path-to-node=\"13,1,0\"><b data-path-to-node=\"13,1,0\" data-index-in-node=\"0\">Cubo dianteiro:<\/b> Rolamentos de cartucho selados, 6 parafusos, eixo passante 15&#215;110 mm, 28 raios<\/p>\n<\/li>\n<li>\n<p data-path-to-node=\"13,2,0\">Cubo <b data-path-to-node=\"13,2,0\" data-index-in-node=\"0\">traseiro:<\/b> cubo traseiro em alum\u00ednio Specialized, rolamentos de cartucho selados, 6 parafusos, eixo passante 12&#215;148 mm, 32 raios, cubo em a\u00e7o XD<\/p>\n<\/li>\n<li>\n<p data-path-to-node=\"13,3,0\"><b data-path-to-node=\"13,3,0\" data-index-in-node=\"0\">Pneu dianteiro:<\/b> Specialized Purgatory, carca\u00e7a GRID, composto T9, 29&#215;2.4<\/p>\n<\/li>\n<li>\n<p data-path-to-node=\"13,4,0\"><b data-path-to-node=\"13,4,0\" data-index-in-node=\"0\">Pneu traseiro:<\/b> Specialized Purgatory, carca\u00e7a GRID Trail, composto T7, 29&#215;2.4 (Tamanho S1: 27.5&#215;2.4)<\/p>\n<\/li>\n<li>\n<p data-path-to-node=\"13,5,0\"><b data-path-to-node=\"13,5,0\" data-index-in-node=\"0\">Jantes:<\/b> Specialized, alum\u00ednio sem gancho, 30 mm de largura interior, tubeless ready<\/p>\n<\/li>\n<li>\n<p data-path-to-node=\"13,6,0\"><b data-path-to-node=\"13,6,0\" data-index-in-node=\"0\">C\u00e2maras:<\/b> Standard, v\u00e1lvula Presta<\/p>\n<\/li>\n<\/ul>\n<h4 data-path-to-node=\"14\"><b data-path-to-node=\"14\" data-index-in-node=\"0\">Cabine de pilotagem<\/b><\/h4>\n<ul data-path-to-node=\"15\">\n<li>\n<p data-path-to-node=\"15,0,0\">avan\u00e7o<b data-path-to-node=\"15,0,0\" data-index-in-node=\"0\">:<\/b> avan\u00e7o Trail em alum\u00ednio, di\u00e2metro do guiador 35 mm<\/p>\n<\/li>\n<li>\n<p data-path-to-node=\"15,1,0\"><b data-path-to-node=\"15,1,0\" data-index-in-node=\"0\">Selim:<\/b> Body Geometry Power Comp, carris de a\u00e7o<\/p>\n<\/li>\n<li>\n<p data-path-to-node=\"15,2,0\"><b data-path-to-node=\"15,2,0\" data-index-in-node=\"0\">Guiador:<\/b> Specialized Alloy, 30 mm\/40 mm de altura, 35 mm, 800 mm de largura<\/p>\n<\/li>\n<li>\n<p data-path-to-node=\"15,3,0\">Punhos: Specialized<\/p>\n<\/li>\n<li>\n<p data-path-to-node=\"15,4,0\"><b data-path-to-node=\"15,4,0\" data-index-in-node=\"0\">Espig\u00e3o de selim:<\/b> X-Fusion Manic, 34.9, curso S1-S2: 125 mm, S3: 150 mm, S4: 170 mm, S5-S6: 190 mm, 0 mm de recuo<\/p>\n<\/li>\n<\/ul>\n<h4 data-path-to-node=\"16\"><b data-path-to-node=\"16\" data-index-in-node=\"0\">Acess\u00f3rios<\/b><\/h4>\n<ul data-path-to-node=\"17\">\n<li>\n<p data-path-to-node=\"17,0,0\"><b data-path-to-node=\"17,0,0\" data-index-in-node=\"0\">SWAT:<\/b> Armazenamento interno SWAT no tubo diagonal<\/p>\n<\/li>\n<\/ul>\n<h4 data-path-to-node=\"20\"><b data-path-to-node=\"20\" data-index-in-node=\"0\">Peso<\/b><\/h4>\n<ul data-path-to-node=\"21\">\n<li>\n<p data-path-to-node=\"21,0,0\"><b data-path-to-node=\"21,0,0\" data-index-in-node=\"0\">Peso:<\/b> 24,24 kg (53 lb, 7,0 oz)<\/p>\n<\/li>\n<li>\n<p data-path-to-node=\"21,1,0\"><b data-path-to-node=\"21,1,0\" data-index-in-node=\"0\">Tamanho da balan\u00e7a:<\/b> S3<\/p>\n<\/li>\n<\/ul>\n<\/li>\n<\/ul>\n<div class=\"sc-hGMjit kDzALL\">\n<h3>Geometria<\/h3>\n<p><img decoding=\"async\" class=\"geometrie\" src=\"https:\/\/gr-100.com\/wp-content\/uploads\/2025\/04\/geometry_turbo-levo_geometry.webp\" alt=\"schematische Skizze eines Fahrrades mit eingezeichneten Geometrie-Messpunkten\" width=\"400\"><\/p>\n<\/div>\n<p><span style=\"color: #333333; font-size: 26px;\">Geometria Levo R<\/span><\/p>\n<div class=\"geo-table-container\">\n<table style=\"border-color: #d1d1d1;\" border=\"1\" cellspacing=\"1\" cellpadding=\"1\">\n<thead>\n<tr>\n<th>Tamanho (mm)<\/th>\n<th>S1 &#8211; 27.5<\/th>\n<th>S2 &#8211; 29<\/th>\n<th>S3 &#8211; 29<\/th>\n<th>S4 &#8211; 29<\/th>\n<th>S5 &#8211; 29<\/th>\n<th>S6 &#8211; 29<\/th>\n<\/tr>\n<\/thead>\n<tbody>\n<tr>\n<td class=\"row-label\">Comprimento da manivela<\/td>\n<td>160<\/td>\n<td>160<\/td>\n<td>160<\/td>\n<td>160<\/td>\n<td>160<\/td>\n<td>160<\/td>\n<\/tr>\n<tr>\n<td class=\"row-label\">Largura do guiador<\/td>\n<td>800<\/td>\n<td>800<\/td>\n<td>800<\/td>\n<td>800<\/td>\n<td>800<\/td>\n<td>800<\/td>\n<\/tr>\n<tr>\n<td class=\"row-label\">Comprimento do caule<\/td>\n<td>50<\/td>\n<td>50<\/td>\n<td>50<\/td>\n<td>50<\/td>\n<td>50<\/td>\n<td>50<\/td>\n<\/tr>\n<tr>\n<td class=\"row-label\">Largura do selim<\/td>\n<td>155<\/td>\n<td>155<\/td>\n<td>143<\/td>\n<td>143<\/td>\n<td>143<\/td>\n<td>143<\/td>\n<\/tr>\n<tr>\n<td class=\"row-label\">Comprimento do espig\u00e3o<\/td>\n<td>125<\/td>\n<td>125<\/td>\n<td>150<\/td>\n<td>170<\/td>\n<td>190<\/td>\n<td>190<\/td>\n<\/tr>\n<tr>\n<td class=\"row-label\">Pilha<\/td>\n<td>602<\/td>\n<td>607<\/td>\n<td>616<\/td>\n<td>630<\/td>\n<td>644<\/td>\n<td>657<\/td>\n<\/tr>\n<tr>\n<td class=\"row-label\">Alcance<\/td>\n<td>400<\/td>\n<td>420<\/td>\n<td>450<\/td>\n<td>475<\/td>\n<td>500<\/td>\n<td>525<\/td>\n<\/tr>\n<tr>\n<td class=\"row-label\">Comprimento do tubo de cabe\u00e7a<\/td>\n<td>95<\/td>\n<td>100<\/td>\n<td>110<\/td>\n<td>125<\/td>\n<td>140<\/td>\n<td>155<\/td>\n<\/tr>\n<tr>\n<td class=\"row-label\">\u00c2ngulo do tubo da cabe\u00e7a (\u00b0)<\/td>\n<td>64.8<\/td>\n<td>65<\/td>\n<td>65<\/td>\n<td>65<\/td>\n<td>65<\/td>\n<td>65<\/td>\n<\/tr>\n<tr>\n<td class=\"row-label\">B-B Altura (baixa)<\/td>\n<td>339<\/td>\n<td>339<\/td>\n<td>339<\/td>\n<td>339<\/td>\n<td>339<\/td>\n<td>339<\/td>\n<\/tr>\n<tr>\n<td class=\"row-label\">Queda B-B<\/td>\n<td>36<\/td>\n<td>36<\/td>\n<td>36<\/td>\n<td>36<\/td>\n<td>36<\/td>\n<td>36<\/td>\n<\/tr>\n<tr>\n<td class=\"row-label\">Trilho<\/td>\n<td>128<\/td>\n<td>126<\/td>\n<td>126<\/td>\n<td>126<\/td>\n<td>126<\/td>\n<td>126<\/td>\n<\/tr>\n<tr>\n<td class=\"row-label\">Comprimento da forquilha (completo)<\/td>\n<td>550<\/td>\n<td>550<\/td>\n<td>550<\/td>\n<td>550<\/td>\n<td>550<\/td>\n<td>550<\/td>\n<\/tr>\n<tr>\n<td class=\"row-label\">Garfo Rake\/Offset<\/td>\n<td>44<\/td>\n<td>44<\/td>\n<td>44<\/td>\n<td>44<\/td>\n<td>44<\/td>\n<td>44<\/td>\n<\/tr>\n<tr>\n<td class=\"row-label\">Centro da Frente<\/td>\n<td>716<\/td>\n<td>736<\/td>\n<td>770<\/td>\n<td>801<\/td>\n<td>833<\/td>\n<td>863<\/td>\n<\/tr>\n<tr>\n<td class=\"row-label\">Comprimento da Cadeia-Estada<\/td>\n<td>447<\/td>\n<td>447<\/td>\n<td>447<\/td>\n<td>447<\/td>\n<td>447<\/td>\n<td>447<\/td>\n<\/tr>\n<tr>\n<td class=\"row-label\">Dist\u00e2ncia entre eixos<\/td>\n<td>1160<\/td>\n<td>1181<\/td>\n<td>1215<\/td>\n<td>1246<\/td>\n<td>1277<\/td>\n<td>1309<\/td>\n<\/tr>\n<tr>\n<td class=\"row-label\">Comprimento do tubo superior (horiz.)<\/td>\n<td>539<\/td>\n<td>560<\/td>\n<td>592<\/td>\n<td>620<\/td>\n<td>649<\/td>\n<td>677<\/td>\n<\/tr>\n<tr>\n<td class=\"row-label\">Altura do suporte da bicicleta<\/td>\n<td>761<\/td>\n<td>763<\/td>\n<td>773<\/td>\n<td>783<\/td>\n<td>793<\/td>\n<td>803<\/td>\n<\/tr>\n<tr>\n<td class=\"row-label\">Comprimento do tubo do assento<\/td>\n<td>375<\/td>\n<td>385<\/td>\n<td>405<\/td>\n<td>425<\/td>\n<td>445<\/td>\n<td>465<\/td>\n<\/tr>\n<tr>\n<td class=\"row-label\">\u00c2ngulo do tubo do selim (\u00b0)<\/td>\n<td>77<\/td>\n<td>77<\/td>\n<td>77<\/td>\n<td>77<\/td>\n<td>77<\/td>\n<td>77<\/td>\n<\/tr>\n<tr>\n<td class=\"row-label\">Inser\u00e7\u00e3o m\u00e1xima do espig\u00e3o do selim<\/td>\n<td>292<\/td>\n<td>312<\/td>\n<td>210<\/td>\n<td>227<\/td>\n<td>249<\/td>\n<td>271<\/td>\n<\/tr>\n<tr>\n<td class=\"row-label\">Inser\u00e7\u00e3o m\u00ednima do espig\u00e3o do selim<\/td>\n<td>80<\/td>\n<td>80<\/td>\n<td>80<\/td>\n<td>80<\/td>\n<td>80<\/td>\n<td>80<\/td>\n<\/tr>\n<tr>\n<td class=\"row-label\">Altura do selim (\u00e2ngulo de ataque)<\/td>\n<td>645<\/td>\n<td>690<\/td>\n<td>735<\/td>\n<td>780<\/td>\n<td>825<\/td>\n<td>870<\/td>\n<\/tr>\n<\/tbody>\n<\/table>\n<\/div>\n<p>&nbsp;<\/p>\n","protected":false},"excerpt":{"rendered":"<p data-path-to-node=\"1\">Nunca nada t\u00e3o potente te pareceu t\u00e3o \u00e1gil. Leve, precisa e pronta para a a\u00e7\u00e3o, a <b data-path-to-node=\"1\" data-index-in-node=\"94\">Levo R<\/b> canaliza a pot\u00eancia <i data-path-to-node=\"1\" data-index-in-node=\"122\">SuperNatural<\/i> da Levo 4, mas perde as suas maneiras. Como um carro de rally solto na terra, tu e a Levo R tornam-se um s\u00f3, conquistando um <i data-path-to-node=\"1\" data-index-in-node=\"267\">fluxo<\/i> infinito e terminando com o sorriso do ladr\u00e3o que conseguiu escapar. Isto \u00e9 o <b data-path-to-node=\"2\" data-index-in-node=\"8\">Rally El\u00e9trico<\/b>.   <\/p>\n","protected":false},"featured_media":451102,"comment_status":"closed","ping_status":"closed","template":"","meta":{"_acf_changed":false,"_et_pb_use_builder":"","_et_pb_old_content":"","_et_gb_content_width":"","inline_featured_image":false},"product_brand":[],"product_cat":[5393,5394,2459,391,5280,5263,5260,2483],"product_tag":[],"class_list":{"0":"post-451089","1":"product","2":"type-product","3":"status-publish","4":"has-post-thumbnail","6":"product_cat-bicicletas-electricas-levo-pt-pt","7":"product_cat-bicicletas-electricas-rally-pt-pt","8":"product_cat-bicicletas-pt-pt-2","9":"product_cat-eletricas","10":"product_cat-bicicletas-electricas-aluminio-pt-pt","11":"product_cat-bicicletas-de-montanha-electricas","12":"product_cat-bicicletas-electricas-specialized-pt-pt","13":"product_cat-bicicletas-especializadas","14":"product_shipping_class-bicicletas-pt-pt","16":"first","17":"instock","18":"taxable","19":"shipping-taxable","20":"purchasable","21":"product-type-variable","22":"wvs-archive-product-wrapper"},"acf":[],"yoast_head":"<!-- This site is optimized with the Yoast SEO Premium plugin v26.7 (Yoast SEO v26.7) - https:\/\/yoast.com\/wordpress\/plugins\/seo\/ -->\n<title>Specialized Turbo Levo R Comp Alloy GR-100<\/title>\n<meta name=\"description\" content=\"105 Nm de bin\u00e1rio, 810 W de pot\u00eancia, bateria de 840 Wh. A Levo R canaliza a pot\u00eancia SuperNatural da Levo 4, mas perde os modos.\" \/>\n<meta name=\"robots\" content=\"index, follow, max-snippet:-1, max-image-preview:large, max-video-preview:-1\" \/>\n<link rel=\"canonical\" href=\"https:\/\/gr-100.com\/pt-pt\/producto\/especializado-s-works-turbo-levo-4-copia-copia-copia-copia\/\" \/>\n<meta property=\"og:locale\" content=\"pt_PT\" \/>\n<meta property=\"og:type\" content=\"article\" \/>\n<meta property=\"og:title\" content=\"Specialized Turbo Levo R Comp Alloy\" \/>\n<meta property=\"og:description\" content=\"105 Nm de bin\u00e1rio, 810 W de pot\u00eancia, bateria de 840 Wh. A Levo R canaliza a pot\u00eancia SuperNatural da Levo 4, mas perde os modos.\" \/>\n<meta property=\"og:url\" content=\"https:\/\/gr-100.com\/pt-pt\/producto\/especializado-s-works-turbo-levo-4-copia-copia-copia-copia\/\" \/>\n<meta property=\"og:site_name\" content=\"Gr-100 Tienda de ciclismo Specialized\" \/>\n<meta property=\"article:publisher\" content=\"https:\/\/www.facebook.com\/Gr100Bikes\" \/>\n<meta property=\"article:modified_time\" content=\"2026-03-24T15:47:39+00:00\" \/>\n<meta property=\"og:image\" content=\"https:\/\/gr-100.com\/wp-content\/uploads\/2026\/03\/Turbo-Levo-R-Comp-Alloy-satin-east.jpg\" \/>\n\t<meta property=\"og:image:width\" content=\"1000\" \/>\n\t<meta property=\"og:image:height\" content=\"1000\" \/>\n\t<meta property=\"og:image:type\" content=\"image\/jpeg\" \/>\n<meta name=\"twitter:card\" content=\"summary_large_image\" \/>\n<meta name=\"twitter:label1\" content=\"Tempo estimado de leitura\" \/>\n\t<meta name=\"twitter:data1\" content=\"3 minutos\" \/>\n<script type=\"application\/ld+json\" class=\"yoast-schema-graph\">{\"@context\":\"https:\/\/schema.org\",\"@graph\":[{\"@type\":\"WebPage\",\"@id\":\"https:\/\/gr-100.com\/pt-pt\/producto\/especializado-s-works-turbo-levo-4-copia-copia-copia-copia\/\",\"url\":\"https:\/\/gr-100.com\/pt-pt\/producto\/especializado-s-works-turbo-levo-4-copia-copia-copia-copia\/\",\"name\":\"Specialized Turbo Levo R Comp Alloy GR-100\",\"isPartOf\":{\"@id\":\"https:\/\/gr-100.com\/#website\"},\"primaryImageOfPage\":{\"@id\":\"https:\/\/gr-100.com\/pt-pt\/producto\/especializado-s-works-turbo-levo-4-copia-copia-copia-copia\/#primaryimage\"},\"image\":{\"@id\":\"https:\/\/gr-100.com\/pt-pt\/producto\/especializado-s-works-turbo-levo-4-copia-copia-copia-copia\/#primaryimage\"},\"thumbnailUrl\":\"https:\/\/gr-100.com\/wp-content\/uploads\/2026\/03\/Turbo-Levo-R-Comp-Alloy-satin-east.jpg\",\"datePublished\":\"2026-03-24T15:45:52+00:00\",\"dateModified\":\"2026-03-24T15:47:39+00:00\",\"description\":\"105 Nm de bin\u00e1rio, 810 W de pot\u00eancia, bateria de 840 Wh. A Levo R canaliza a pot\u00eancia SuperNatural da Levo 4, mas perde os modos.\",\"breadcrumb\":{\"@id\":\"https:\/\/gr-100.com\/pt-pt\/producto\/especializado-s-works-turbo-levo-4-copia-copia-copia-copia\/#breadcrumb\"},\"inLanguage\":\"pt-PT\",\"potentialAction\":[{\"@type\":\"ReadAction\",\"target\":[\"https:\/\/gr-100.com\/pt-pt\/producto\/especializado-s-works-turbo-levo-4-copia-copia-copia-copia\/\"]}]},{\"@type\":\"ImageObject\",\"inLanguage\":\"pt-PT\",\"@id\":\"https:\/\/gr-100.com\/pt-pt\/producto\/especializado-s-works-turbo-levo-4-copia-copia-copia-copia\/#primaryimage\",\"url\":\"https:\/\/gr-100.com\/wp-content\/uploads\/2026\/03\/Turbo-Levo-R-Comp-Alloy-satin-east.jpg\",\"contentUrl\":\"https:\/\/gr-100.com\/wp-content\/uploads\/2026\/03\/Turbo-Levo-R-Comp-Alloy-satin-east.jpg\",\"width\":1000,\"height\":1000},{\"@type\":\"BreadcrumbList\",\"@id\":\"https:\/\/gr-100.com\/pt-pt\/producto\/especializado-s-works-turbo-levo-4-copia-copia-copia-copia\/#breadcrumb\",\"itemListElement\":[{\"@type\":\"ListItem\",\"position\":1,\"name\":\"Portada\",\"item\":\"https:\/\/gr-100.com\/en\/\"},{\"@type\":\"ListItem\",\"position\":2,\"name\":\"Productos\",\"item\":\"https:\/\/gr-100.com\/?post_type=product\"},{\"@type\":\"ListItem\",\"position\":3,\"name\":\"Specialized Turbo Levo R Comp Alloy\"}]},{\"@type\":\"WebSite\",\"@id\":\"https:\/\/gr-100.com\/#website\",\"url\":\"https:\/\/gr-100.com\/\",\"name\":\"Gr-100 Tienda de ciclismo Specialized\",\"description\":\"GR-100 tenemos todas las gamas de bicicletas Specialized al mejor precio.\",\"publisher\":{\"@id\":\"https:\/\/gr-100.com\/#organization\"},\"alternateName\":\"Gr-100 Bikes\",\"potentialAction\":[{\"@type\":\"SearchAction\",\"target\":{\"@type\":\"EntryPoint\",\"urlTemplate\":\"https:\/\/gr-100.com\/?s={search_term_string}\"},\"query-input\":{\"@type\":\"PropertyValueSpecification\",\"valueRequired\":true,\"valueName\":\"search_term_string\"}}],\"inLanguage\":\"pt-PT\"},{\"@type\":\"Organization\",\"@id\":\"https:\/\/gr-100.com\/#organization\",\"name\":\"Gr-100\",\"url\":\"https:\/\/gr-100.com\/\",\"logo\":{\"@type\":\"ImageObject\",\"inLanguage\":\"pt-PT\",\"@id\":\"https:\/\/gr-100.com\/#\/schema\/logo\/image\/\",\"url\":\"https:\/\/gr-100.com\/wp-content\/uploads\/2023\/08\/logo-gr-100-bikes.png\",\"contentUrl\":\"https:\/\/gr-100.com\/wp-content\/uploads\/2023\/08\/logo-gr-100-bikes.png\",\"width\":707,\"height\":284,\"caption\":\"Gr-100\"},\"image\":{\"@id\":\"https:\/\/gr-100.com\/#\/schema\/logo\/image\/\"},\"sameAs\":[\"https:\/\/www.facebook.com\/Gr100Bikes\",\"https:\/\/www.instagram.com\/gr100bikes\/\",\"https:\/\/www.tiktok.com\/@gr100bikes\",\"https:\/\/twitter.com\/gr100mtbteam\",\"https:\/\/www.youtube.com\/c\/GR100Specialized\"]}]}<\/script>\n<!-- \/ Yoast SEO Premium plugin. -->","yoast_head_json":{"title":"Specialized Turbo Levo R Comp Alloy GR-100","description":"105 Nm de bin\u00e1rio, 810 W de pot\u00eancia, bateria de 840 Wh. A Levo R canaliza a pot\u00eancia SuperNatural da Levo 4, mas perde os modos.","robots":{"index":"index","follow":"follow","max-snippet":"max-snippet:-1","max-image-preview":"max-image-preview:large","max-video-preview":"max-video-preview:-1"},"canonical":"https:\/\/gr-100.com\/pt-pt\/producto\/especializado-s-works-turbo-levo-4-copia-copia-copia-copia\/","og_locale":"pt_PT","og_type":"article","og_title":"Specialized Turbo Levo R Comp Alloy","og_description":"105 Nm de bin\u00e1rio, 810 W de pot\u00eancia, bateria de 840 Wh. A Levo R canaliza a pot\u00eancia SuperNatural da Levo 4, mas perde os modos.","og_url":"https:\/\/gr-100.com\/pt-pt\/producto\/especializado-s-works-turbo-levo-4-copia-copia-copia-copia\/","og_site_name":"Gr-100 Tienda de ciclismo Specialized","article_publisher":"https:\/\/www.facebook.com\/Gr100Bikes","article_modified_time":"2026-03-24T15:47:39+00:00","og_image":[{"width":1000,"height":1000,"url":"https:\/\/gr-100.com\/wp-content\/uploads\/2026\/03\/Turbo-Levo-R-Comp-Alloy-satin-east.jpg","type":"image\/jpeg"}],"twitter_card":"summary_large_image","twitter_misc":{"Tempo estimado de leitura":"3 minutos"},"schema":{"@context":"https:\/\/schema.org","@graph":[{"@type":"WebPage","@id":"https:\/\/gr-100.com\/pt-pt\/producto\/especializado-s-works-turbo-levo-4-copia-copia-copia-copia\/","url":"https:\/\/gr-100.com\/pt-pt\/producto\/especializado-s-works-turbo-levo-4-copia-copia-copia-copia\/","name":"Specialized Turbo Levo R Comp Alloy GR-100","isPartOf":{"@id":"https:\/\/gr-100.com\/#website"},"primaryImageOfPage":{"@id":"https:\/\/gr-100.com\/pt-pt\/producto\/especializado-s-works-turbo-levo-4-copia-copia-copia-copia\/#primaryimage"},"image":{"@id":"https:\/\/gr-100.com\/pt-pt\/producto\/especializado-s-works-turbo-levo-4-copia-copia-copia-copia\/#primaryimage"},"thumbnailUrl":"https:\/\/gr-100.com\/wp-content\/uploads\/2026\/03\/Turbo-Levo-R-Comp-Alloy-satin-east.jpg","datePublished":"2026-03-24T15:45:52+00:00","dateModified":"2026-03-24T15:47:39+00:00","description":"105 Nm de bin\u00e1rio, 810 W de pot\u00eancia, bateria de 840 Wh. A Levo R canaliza a pot\u00eancia SuperNatural da Levo 4, mas perde os modos.","breadcrumb":{"@id":"https:\/\/gr-100.com\/pt-pt\/producto\/especializado-s-works-turbo-levo-4-copia-copia-copia-copia\/#breadcrumb"},"inLanguage":"pt-PT","potentialAction":[{"@type":"ReadAction","target":["https:\/\/gr-100.com\/pt-pt\/producto\/especializado-s-works-turbo-levo-4-copia-copia-copia-copia\/"]}]},{"@type":"ImageObject","inLanguage":"pt-PT","@id":"https:\/\/gr-100.com\/pt-pt\/producto\/especializado-s-works-turbo-levo-4-copia-copia-copia-copia\/#primaryimage","url":"https:\/\/gr-100.com\/wp-content\/uploads\/2026\/03\/Turbo-Levo-R-Comp-Alloy-satin-east.jpg","contentUrl":"https:\/\/gr-100.com\/wp-content\/uploads\/2026\/03\/Turbo-Levo-R-Comp-Alloy-satin-east.jpg","width":1000,"height":1000},{"@type":"BreadcrumbList","@id":"https:\/\/gr-100.com\/pt-pt\/producto\/especializado-s-works-turbo-levo-4-copia-copia-copia-copia\/#breadcrumb","itemListElement":[{"@type":"ListItem","position":1,"name":"Portada","item":"https:\/\/gr-100.com\/en\/"},{"@type":"ListItem","position":2,"name":"Productos","item":"https:\/\/gr-100.com\/?post_type=product"},{"@type":"ListItem","position":3,"name":"Specialized Turbo Levo R Comp Alloy"}]},{"@type":"WebSite","@id":"https:\/\/gr-100.com\/#website","url":"https:\/\/gr-100.com\/","name":"Gr-100 Tienda de ciclismo Specialized","description":"GR-100 tenemos todas las gamas de bicicletas Specialized al mejor precio.","publisher":{"@id":"https:\/\/gr-100.com\/#organization"},"alternateName":"Gr-100 Bikes","potentialAction":[{"@type":"SearchAction","target":{"@type":"EntryPoint","urlTemplate":"https:\/\/gr-100.com\/?s={search_term_string}"},"query-input":{"@type":"PropertyValueSpecification","valueRequired":true,"valueName":"search_term_string"}}],"inLanguage":"pt-PT"},{"@type":"Organization","@id":"https:\/\/gr-100.com\/#organization","name":"Gr-100","url":"https:\/\/gr-100.com\/","logo":{"@type":"ImageObject","inLanguage":"pt-PT","@id":"https:\/\/gr-100.com\/#\/schema\/logo\/image\/","url":"https:\/\/gr-100.com\/wp-content\/uploads\/2023\/08\/logo-gr-100-bikes.png","contentUrl":"https:\/\/gr-100.com\/wp-content\/uploads\/2023\/08\/logo-gr-100-bikes.png","width":707,"height":284,"caption":"Gr-100"},"image":{"@id":"https:\/\/gr-100.com\/#\/schema\/logo\/image\/"},"sameAs":["https:\/\/www.facebook.com\/Gr100Bikes","https:\/\/www.instagram.com\/gr100bikes\/","https:\/\/www.tiktok.com\/@gr100bikes","https:\/\/twitter.com\/gr100mtbteam","https:\/\/www.youtube.com\/c\/GR100Specialized"]}]}},"_links":{"self":[{"href":"https:\/\/gr-100.com\/pt-pt\/wp-json\/wp\/v2\/product\/451089","targetHints":{"allow":["GET"]}}],"collection":[{"href":"https:\/\/gr-100.com\/pt-pt\/wp-json\/wp\/v2\/product"}],"about":[{"href":"https:\/\/gr-100.com\/pt-pt\/wp-json\/wp\/v2\/types\/product"}],"replies":[{"embeddable":true,"href":"https:\/\/gr-100.com\/pt-pt\/wp-json\/wp\/v2\/comments?post=451089"}],"wp:featuredmedia":[{"embeddable":true,"href":"https:\/\/gr-100.com\/pt-pt\/wp-json\/wp\/v2\/media\/451102"}],"wp:attachment":[{"href":"https:\/\/gr-100.com\/pt-pt\/wp-json\/wp\/v2\/media?parent=451089"}],"wp:term":[{"taxonomy":"product_brand","embeddable":true,"href":"https:\/\/gr-100.com\/pt-pt\/wp-json\/wp\/v2\/product_brand?post=451089"},{"taxonomy":"product_cat","embeddable":true,"href":"https:\/\/gr-100.com\/pt-pt\/wp-json\/wp\/v2\/product_cat?post=451089"},{"taxonomy":"product_tag","embeddable":true,"href":"https:\/\/gr-100.com\/pt-pt\/wp-json\/wp\/v2\/product_tag?post=451089"}],"curies":[{"name":"wp","href":"https:\/\/api.w.org\/{rel}","templated":true}]}}