{"id":451249,"date":"2026-03-24T12:37:04","date_gmt":"2026-03-24T11:37:04","guid":{"rendered":"https:\/\/gr-100.com\/?post_type=product&#038;p=451249"},"modified":"2026-04-07T13:54:15","modified_gmt":"2026-04-07T12:54:15","slug":"gobik-culotte-absolute-7-0-kettle","status":"publish","type":"product","link":"https:\/\/gr-100.com\/pt-pt\/producto\/gobik-culotte-absolute-7-0-kettle\/","title":{"rendered":"Gobik Culotte Absolute 7.0 Kettle"},"content":{"rendered":"<ul>\n<li>La evoluci\u00f3n m\u00e1s profunda de nuestro culotte de referencia. Esta nueva generaci\u00f3n redefine el equilibrio entre rendimiento, confort y est\u00e9tica, manteniendo la esencia que lo ha convertido en una prenda ic\u00f3nica para los ciclistas m\u00e1s exigentes.<br \/>\nSu tejido principal ha sido completamente renovado: m\u00e1s opaco, estable y transpirable gracias a su estructura de punto circular, que adem\u00e1s aporta una elasticidad y durabilidad superiores. El resultado es una prenda m\u00e1s ligera, con una sensaci\u00f3n de confort mejorada desde el primer momento, que se adapta al cuerpo de forma precisa sin comprometer la sujeci\u00f3n ni la libertad de movimiento.<br \/>\nEl nuevo tirante incluye cintas ergon\u00f3micas en los hombros de anchura ampliada, est\u00e1n procesadas en corte vivo para eliminar costuras innecesarias y mejorar la adaptabilidad. Incorporan hilo de grafeno en su estructura, lo que favorece la regulaci\u00f3n t\u00e9rmica, neutraliza olores y evita la retenci\u00f3n de humedad. Adem\u00e1s, la apertura central en la parte trasera potencia la evacuaci\u00f3n del calor corporal en las salidas m\u00e1s exigentes.<br \/>\nPensado para ciclistas que buscan una prenda de alto rendimiento sin concesiones, capaz de ofrecer una experiencia superior en cada kil\u00f3metro.<\/li>\n<li>Patr\u00f3n redise\u00f1ado con costuras planas.<\/li>\n<li>Nuevo tejido principal de punto circular.<\/li>\n<li>Badanas exclusivas Graphene by Elastic Interface\u00ae.<\/li>\n<li>Tirante ergon\u00f3mico en corte vivo sin costuras.<\/li>\n<li>Cintas de los hombros con hilo de grafeno a contraste.<\/li>\n<li>Apertura posterior termosellada.<\/li>\n<li>Ajuste a los muslos con cinta de 60 mm.<\/li>\n<li>Longitud de las piernas est\u00e1ndar.<\/li>\n<\/ul>\n","protected":false},"excerpt":{"rendered":"<p>La evoluci\u00f3n m\u00e1s profunda de nuestro culotte de referencia. Esta nueva generaci\u00f3n redefine el equilibrio entre rendimiento, confort y est\u00e9tica, manteniendo la esencia que lo ha convertido en una prenda ic\u00f3nica para los ciclistas m\u00e1s exigentes.<\/p>\n","protected":false},"featured_media":451271,"comment_status":"open","ping_status":"closed","template":"","meta":{"_acf_changed":false,"_et_pb_use_builder":"","_et_pb_old_content":"","_et_gb_content_width":"","inline_featured_image":false},"product_brand":[],"product_cat":[50,51],"product_tag":[],"class_list":{"0":"post-451249","1":"product","2":"type-product","3":"status-publish","4":"has-post-thumbnail","6":"product_cat-equipaciones","7":"product_cat-ropa","8":"product_shipping_class-equipacion","10":"first","11":"instock","12":"taxable","13":"shipping-taxable","14":"purchasable","15":"product-type-variable","16":"wvs-archive-product-wrapper"},"acf":[],"yoast_head":"<!-- This site is optimized with the Yoast SEO Premium plugin v26.7 (Yoast SEO v26.7) - https:\/\/yoast.com\/wordpress\/plugins\/seo\/ -->\n<title>Gobik Culotte Absolute 7.0 Kettle<\/title>\n<meta name=\"description\" content=\"La evoluci\u00f3n m\u00e1s profunda de nuestro culotte de referencia. Esta nueva generaci\u00f3n redefine el equilibrio entre rendimiento, confort y est\u00e9tica, manteniendo la esencia que lo ha convertido en una prenda ic\u00f3nica para los ciclistas m\u00e1s exigentes.\" \/>\n<meta name=\"robots\" content=\"index, follow, max-snippet:-1, max-image-preview:large, max-video-preview:-1\" \/>\n<link rel=\"canonical\" href=\"https:\/\/gr-100.com\/producto\/gobik-culotte-absolute-7-0-kettle\/\" \/>\n<meta property=\"og:locale\" content=\"pt_PT\" \/>\n<meta property=\"og:type\" content=\"article\" \/>\n<meta property=\"og:title\" content=\"Gobik Culotte Absolute 7.0 Kettle\" \/>\n<meta property=\"og:description\" content=\"La evoluci\u00f3n m\u00e1s profunda de nuestro culotte de referencia. Esta nueva generaci\u00f3n redefine el equilibrio entre rendimiento, confort y est\u00e9tica, manteniendo la esencia que lo ha convertido en una prenda ic\u00f3nica para los ciclistas m\u00e1s exigentes.\" \/>\n<meta property=\"og:url\" content=\"https:\/\/gr-100.com\/producto\/gobik-culotte-absolute-7-0-kettle\/\" \/>\n<meta property=\"og:site_name\" content=\"Gr-100 Tienda de ciclismo Specialized\" \/>\n<meta property=\"article:publisher\" content=\"https:\/\/www.facebook.com\/Gr100Bikes\" \/>\n<meta property=\"article:modified_time\" content=\"2026-04-07T12:54:15+00:00\" \/>\n<meta property=\"og:image\" content=\"https:\/\/gr-100.com\/wp-content\/uploads\/2026\/03\/Gobik-Culotte-Hombre-Corte-k10-Diamond-6-8.jpg\" \/>\n\t<meta property=\"og:image:width\" content=\"1000\" \/>\n\t<meta property=\"og:image:height\" content=\"1000\" \/>\n\t<meta property=\"og:image:type\" content=\"image\/jpeg\" \/>\n<meta name=\"twitter:card\" content=\"summary_large_image\" \/>\n<meta name=\"twitter:label1\" content=\"Tempo estimado de leitura\" \/>\n\t<meta name=\"twitter:data1\" content=\"2 minutos\" \/>\n<script type=\"application\/ld+json\" class=\"yoast-schema-graph\">{\"@context\":\"https:\/\/schema.org\",\"@graph\":[{\"@type\":\"WebPage\",\"@id\":\"https:\/\/gr-100.com\/producto\/gobik-culotte-absolute-7-0-kettle\/\",\"url\":\"https:\/\/gr-100.com\/producto\/gobik-culotte-absolute-7-0-kettle\/\",\"name\":\"Gobik Culotte Absolute 7.0 Kettle\",\"isPartOf\":{\"@id\":\"https:\/\/gr-100.com\/#website\"},\"primaryImageOfPage\":{\"@id\":\"https:\/\/gr-100.com\/producto\/gobik-culotte-absolute-7-0-kettle\/#primaryimage\"},\"image\":{\"@id\":\"https:\/\/gr-100.com\/producto\/gobik-culotte-absolute-7-0-kettle\/#primaryimage\"},\"thumbnailUrl\":\"https:\/\/gr-100.com\/wp-content\/uploads\/2026\/03\/Gobik-Culotte-Hombre-Corte-k10-Diamond-6-8.jpg\",\"datePublished\":\"2026-03-24T11:37:04+00:00\",\"dateModified\":\"2026-04-07T12:54:15+00:00\",\"description\":\"La evoluci\u00f3n m\u00e1s profunda de nuestro culotte de referencia. Esta nueva generaci\u00f3n redefine el equilibrio entre rendimiento, confort y est\u00e9tica, manteniendo la esencia que lo ha convertido en una prenda ic\u00f3nica para los ciclistas m\u00e1s exigentes.\",\"breadcrumb\":{\"@id\":\"https:\/\/gr-100.com\/producto\/gobik-culotte-absolute-7-0-kettle\/#breadcrumb\"},\"inLanguage\":\"pt-PT\",\"potentialAction\":[{\"@type\":\"ReadAction\",\"target\":[\"https:\/\/gr-100.com\/producto\/gobik-culotte-absolute-7-0-kettle\/\"]}]},{\"@type\":\"ImageObject\",\"inLanguage\":\"pt-PT\",\"@id\":\"https:\/\/gr-100.com\/producto\/gobik-culotte-absolute-7-0-kettle\/#primaryimage\",\"url\":\"https:\/\/gr-100.com\/wp-content\/uploads\/2026\/03\/Gobik-Culotte-Hombre-Corte-k10-Diamond-6-8.jpg\",\"contentUrl\":\"https:\/\/gr-100.com\/wp-content\/uploads\/2026\/03\/Gobik-Culotte-Hombre-Corte-k10-Diamond-6-8.jpg\",\"width\":1000,\"height\":1000},{\"@type\":\"BreadcrumbList\",\"@id\":\"https:\/\/gr-100.com\/producto\/gobik-culotte-absolute-7-0-kettle\/#breadcrumb\",\"itemListElement\":[{\"@type\":\"ListItem\",\"position\":1,\"name\":\"Portada\",\"item\":\"https:\/\/gr-100.com\/en\/\"},{\"@type\":\"ListItem\",\"position\":2,\"name\":\"Productos\",\"item\":\"https:\/\/gr-100.com\/?post_type=product\"},{\"@type\":\"ListItem\",\"position\":3,\"name\":\"Gobik Culotte Absolute 7.0 Kettle\"}]},{\"@type\":\"WebSite\",\"@id\":\"https:\/\/gr-100.com\/#website\",\"url\":\"https:\/\/gr-100.com\/\",\"name\":\"Gr-100 Tienda de ciclismo Specialized\",\"description\":\"GR-100 tenemos todas las gamas de bicicletas Specialized al mejor precio.\",\"publisher\":{\"@id\":\"https:\/\/gr-100.com\/#organization\"},\"alternateName\":\"Gr-100 Bikes\",\"potentialAction\":[{\"@type\":\"SearchAction\",\"target\":{\"@type\":\"EntryPoint\",\"urlTemplate\":\"https:\/\/gr-100.com\/?s={search_term_string}\"},\"query-input\":{\"@type\":\"PropertyValueSpecification\",\"valueRequired\":true,\"valueName\":\"search_term_string\"}}],\"inLanguage\":\"pt-PT\"},{\"@type\":\"Organization\",\"@id\":\"https:\/\/gr-100.com\/#organization\",\"name\":\"Gr-100\",\"url\":\"https:\/\/gr-100.com\/\",\"logo\":{\"@type\":\"ImageObject\",\"inLanguage\":\"pt-PT\",\"@id\":\"https:\/\/gr-100.com\/#\/schema\/logo\/image\/\",\"url\":\"https:\/\/gr-100.com\/wp-content\/uploads\/2023\/08\/logo-gr-100-bikes.png\",\"contentUrl\":\"https:\/\/gr-100.com\/wp-content\/uploads\/2023\/08\/logo-gr-100-bikes.png\",\"width\":707,\"height\":284,\"caption\":\"Gr-100\"},\"image\":{\"@id\":\"https:\/\/gr-100.com\/#\/schema\/logo\/image\/\"},\"sameAs\":[\"https:\/\/www.facebook.com\/Gr100Bikes\",\"https:\/\/www.instagram.com\/gr100bikes\/\",\"https:\/\/www.tiktok.com\/@gr100bikes\",\"https:\/\/twitter.com\/gr100mtbteam\",\"https:\/\/www.youtube.com\/c\/GR100Specialized\"]}]}<\/script>\n<!-- \/ Yoast SEO Premium plugin. -->","yoast_head_json":{"title":"Gobik Culotte Absolute 7.0 Kettle","description":"La evoluci\u00f3n m\u00e1s profunda de nuestro culotte de referencia. Esta nueva generaci\u00f3n redefine el equilibrio entre rendimiento, confort y est\u00e9tica, manteniendo la esencia que lo ha convertido en una prenda ic\u00f3nica para los ciclistas m\u00e1s exigentes.","robots":{"index":"index","follow":"follow","max-snippet":"max-snippet:-1","max-image-preview":"max-image-preview:large","max-video-preview":"max-video-preview:-1"},"canonical":"https:\/\/gr-100.com\/producto\/gobik-culotte-absolute-7-0-kettle\/","og_locale":"pt_PT","og_type":"article","og_title":"Gobik Culotte Absolute 7.0 Kettle","og_description":"La evoluci\u00f3n m\u00e1s profunda de nuestro culotte de referencia. Esta nueva generaci\u00f3n redefine el equilibrio entre rendimiento, confort y est\u00e9tica, manteniendo la esencia que lo ha convertido en una prenda ic\u00f3nica para los ciclistas m\u00e1s exigentes.","og_url":"https:\/\/gr-100.com\/producto\/gobik-culotte-absolute-7-0-kettle\/","og_site_name":"Gr-100 Tienda de ciclismo Specialized","article_publisher":"https:\/\/www.facebook.com\/Gr100Bikes","article_modified_time":"2026-04-07T12:54:15+00:00","og_image":[{"width":1000,"height":1000,"url":"https:\/\/gr-100.com\/wp-content\/uploads\/2026\/03\/Gobik-Culotte-Hombre-Corte-k10-Diamond-6-8.jpg","type":"image\/jpeg"}],"twitter_card":"summary_large_image","twitter_misc":{"Tempo estimado de leitura":"2 minutos"},"schema":{"@context":"https:\/\/schema.org","@graph":[{"@type":"WebPage","@id":"https:\/\/gr-100.com\/producto\/gobik-culotte-absolute-7-0-kettle\/","url":"https:\/\/gr-100.com\/producto\/gobik-culotte-absolute-7-0-kettle\/","name":"Gobik Culotte Absolute 7.0 Kettle","isPartOf":{"@id":"https:\/\/gr-100.com\/#website"},"primaryImageOfPage":{"@id":"https:\/\/gr-100.com\/producto\/gobik-culotte-absolute-7-0-kettle\/#primaryimage"},"image":{"@id":"https:\/\/gr-100.com\/producto\/gobik-culotte-absolute-7-0-kettle\/#primaryimage"},"thumbnailUrl":"https:\/\/gr-100.com\/wp-content\/uploads\/2026\/03\/Gobik-Culotte-Hombre-Corte-k10-Diamond-6-8.jpg","datePublished":"2026-03-24T11:37:04+00:00","dateModified":"2026-04-07T12:54:15+00:00","description":"La evoluci\u00f3n m\u00e1s profunda de nuestro culotte de referencia. Esta nueva generaci\u00f3n redefine el equilibrio entre rendimiento, confort y est\u00e9tica, manteniendo la esencia que lo ha convertido en una prenda ic\u00f3nica para los ciclistas m\u00e1s exigentes.","breadcrumb":{"@id":"https:\/\/gr-100.com\/producto\/gobik-culotte-absolute-7-0-kettle\/#breadcrumb"},"inLanguage":"pt-PT","potentialAction":[{"@type":"ReadAction","target":["https:\/\/gr-100.com\/producto\/gobik-culotte-absolute-7-0-kettle\/"]}]},{"@type":"ImageObject","inLanguage":"pt-PT","@id":"https:\/\/gr-100.com\/producto\/gobik-culotte-absolute-7-0-kettle\/#primaryimage","url":"https:\/\/gr-100.com\/wp-content\/uploads\/2026\/03\/Gobik-Culotte-Hombre-Corte-k10-Diamond-6-8.jpg","contentUrl":"https:\/\/gr-100.com\/wp-content\/uploads\/2026\/03\/Gobik-Culotte-Hombre-Corte-k10-Diamond-6-8.jpg","width":1000,"height":1000},{"@type":"BreadcrumbList","@id":"https:\/\/gr-100.com\/producto\/gobik-culotte-absolute-7-0-kettle\/#breadcrumb","itemListElement":[{"@type":"ListItem","position":1,"name":"Portada","item":"https:\/\/gr-100.com\/en\/"},{"@type":"ListItem","position":2,"name":"Productos","item":"https:\/\/gr-100.com\/?post_type=product"},{"@type":"ListItem","position":3,"name":"Gobik Culotte Absolute 7.0 Kettle"}]},{"@type":"WebSite","@id":"https:\/\/gr-100.com\/#website","url":"https:\/\/gr-100.com\/","name":"Gr-100 Tienda de ciclismo Specialized","description":"GR-100 tenemos todas las gamas de bicicletas Specialized al mejor precio.","publisher":{"@id":"https:\/\/gr-100.com\/#organization"},"alternateName":"Gr-100 Bikes","potentialAction":[{"@type":"SearchAction","target":{"@type":"EntryPoint","urlTemplate":"https:\/\/gr-100.com\/?s={search_term_string}"},"query-input":{"@type":"PropertyValueSpecification","valueRequired":true,"valueName":"search_term_string"}}],"inLanguage":"pt-PT"},{"@type":"Organization","@id":"https:\/\/gr-100.com\/#organization","name":"Gr-100","url":"https:\/\/gr-100.com\/","logo":{"@type":"ImageObject","inLanguage":"pt-PT","@id":"https:\/\/gr-100.com\/#\/schema\/logo\/image\/","url":"https:\/\/gr-100.com\/wp-content\/uploads\/2023\/08\/logo-gr-100-bikes.png","contentUrl":"https:\/\/gr-100.com\/wp-content\/uploads\/2023\/08\/logo-gr-100-bikes.png","width":707,"height":284,"caption":"Gr-100"},"image":{"@id":"https:\/\/gr-100.com\/#\/schema\/logo\/image\/"},"sameAs":["https:\/\/www.facebook.com\/Gr100Bikes","https:\/\/www.instagram.com\/gr100bikes\/","https:\/\/www.tiktok.com\/@gr100bikes","https:\/\/twitter.com\/gr100mtbteam","https:\/\/www.youtube.com\/c\/GR100Specialized"]}]}},"_links":{"self":[{"href":"https:\/\/gr-100.com\/pt-pt\/wp-json\/wp\/v2\/product\/451249","targetHints":{"allow":["GET"]}}],"collection":[{"href":"https:\/\/gr-100.com\/pt-pt\/wp-json\/wp\/v2\/product"}],"about":[{"href":"https:\/\/gr-100.com\/pt-pt\/wp-json\/wp\/v2\/types\/product"}],"replies":[{"embeddable":true,"href":"https:\/\/gr-100.com\/pt-pt\/wp-json\/wp\/v2\/comments?post=451249"}],"wp:featuredmedia":[{"embeddable":true,"href":"https:\/\/gr-100.com\/pt-pt\/wp-json\/wp\/v2\/media\/451271"}],"wp:attachment":[{"href":"https:\/\/gr-100.com\/pt-pt\/wp-json\/wp\/v2\/media?parent=451249"}],"wp:term":[{"taxonomy":"product_brand","embeddable":true,"href":"https:\/\/gr-100.com\/pt-pt\/wp-json\/wp\/v2\/product_brand?post=451249"},{"taxonomy":"product_cat","embeddable":true,"href":"https:\/\/gr-100.com\/pt-pt\/wp-json\/wp\/v2\/product_cat?post=451249"},{"taxonomy":"product_tag","embeddable":true,"href":"https:\/\/gr-100.com\/pt-pt\/wp-json\/wp\/v2\/product_tag?post=451249"}],"curies":[{"name":"wp","href":"https:\/\/api.w.org\/{rel}","templated":true}]}}