{"id":451410,"date":"2026-03-25T12:16:41","date_gmt":"2026-03-25T11:16:41","guid":{"rendered":"https:\/\/gr-100.com\/?post_type=product&#038;p=451410"},"modified":"2026-04-19T19:40:15","modified_gmt":"2026-04-19T17:40:15","slug":"gobik-calcetines-unisex-lightweight-2-0-salt","status":"publish","type":"product","link":"https:\/\/gr-100.com\/pt-pt\/producto\/gobik-calcetines-unisex-lightweight-2-0-salt\/","title":{"rendered":"Gobik Calcetines UNISEX Lightweight 2.0 Salt"},"content":{"rendered":"<p>Evoluci\u00f3n de nuestro modelo de referencia para uso intensivo en clima c\u00e1lido y larga distancia. Con nuevas soluciones t\u00e9cnicas para incrementar los niveles de transpiraci\u00f3n y comodidad. Sus fibras con iones de plata permiten una eficaz gesti\u00f3n de la humedad corporal y da una agradable sensaci\u00f3n de frescura y suavidad.<\/p>\n<ul>\n<li>Ca\u00f1a con estructura transpirable de desarrollo propio.<\/li>\n<li>Puntera asim\u00e9trica adaptada a la anatom\u00eda del pie.<\/li>\n<li>Base de densidad superior para un tacto \u00f3ptimo.<\/li>\n<\/ul>\n","protected":false},"excerpt":{"rendered":"<ul>\n<li>Evoluci\u00f3n de nuestro modelo de referencia para uso intensivo en clima c\u00e1lido y larga distancia. Con nuevas soluciones t\u00e9cnicas para incrementar los niveles de transpiraci\u00f3n y comodidad. Sus fibras con iones de plata permiten una eficaz gesti\u00f3n de la humedad corporal y da una agradable sensaci\u00f3n de frescura y suavidad.<\/li>\n<\/ul>\n","protected":false},"featured_media":451411,"comment_status":"open","ping_status":"closed","template":"","meta":{"_acf_changed":false,"_et_pb_use_builder":"","_et_pb_old_content":"","_et_gb_content_width":"","inline_featured_image":false},"product_brand":[],"product_cat":[50,72],"product_tag":[],"class_list":{"0":"post-451410","1":"product","2":"type-product","3":"status-publish","4":"has-post-thumbnail","6":"product_cat-equipaciones","7":"product_cat-calcetines","8":"product_shipping_class-equipacion","10":"first","11":"instock","12":"taxable","13":"shipping-taxable","14":"purchasable","15":"product-type-variable","16":"wvs-archive-product-wrapper"},"acf":[],"yoast_head":"<!-- This site is optimized with the Yoast SEO Premium plugin v26.7 (Yoast SEO v26.7) - https:\/\/yoast.com\/wordpress\/plugins\/seo\/ -->\n<title>Gobik Calcetines UNISEX Lightweight 2.0 Salt<\/title>\n<meta name=\"description\" content=\"Evoluci\u00f3n de nuestro modelo de referencia para uso intensivo en clima c\u00e1lido y larga distancia. Con nuevas soluciones t\u00e9cnicas para incrementar los niveles de transpiraci\u00f3n y comodidad. Sus fibras con iones de plata permiten una eficaz gesti\u00f3n de la humedad corporal y da una agradable sensaci\u00f3n de frescura y suavidad.\" \/>\n<meta name=\"robots\" content=\"index, follow, max-snippet:-1, max-image-preview:large, max-video-preview:-1\" \/>\n<link rel=\"canonical\" href=\"https:\/\/gr-100.com\/producto\/gobik-calcetines-unisex-lightweight-2-0-salt\/\" \/>\n<meta property=\"og:locale\" content=\"pt_PT\" \/>\n<meta property=\"og:type\" content=\"article\" \/>\n<meta property=\"og:title\" content=\"Gobik Calcetines UNISEX Lightweight 2.0 Salt\" \/>\n<meta property=\"og:description\" content=\"Evoluci\u00f3n de nuestro modelo de referencia para uso intensivo en clima c\u00e1lido y larga distancia. Con nuevas soluciones t\u00e9cnicas para incrementar los niveles de transpiraci\u00f3n y comodidad. Sus fibras con iones de plata permiten una eficaz gesti\u00f3n de la humedad corporal y da una agradable sensaci\u00f3n de frescura y suavidad.\" \/>\n<meta property=\"og:url\" content=\"https:\/\/gr-100.com\/producto\/gobik-calcetines-unisex-lightweight-2-0-salt\/\" \/>\n<meta property=\"og:site_name\" content=\"Gr-100 Tienda de ciclismo Specialized\" \/>\n<meta property=\"article:publisher\" content=\"https:\/\/www.facebook.com\/Gr100Bikes\" \/>\n<meta property=\"article:modified_time\" content=\"2026-04-19T17:40:15+00:00\" \/>\n<meta property=\"og:image\" content=\"https:\/\/gr-100.com\/wp-content\/uploads\/2026\/03\/Gobik-Culotte-Hombre-Corte-k10-Diamond-6-12.jpg\" \/>\n\t<meta property=\"og:image:width\" content=\"1000\" \/>\n\t<meta property=\"og:image:height\" content=\"1000\" \/>\n\t<meta property=\"og:image:type\" content=\"image\/jpeg\" \/>\n<meta name=\"twitter:card\" content=\"summary_large_image\" \/>\n<meta name=\"twitter:label1\" content=\"Tempo estimado de leitura\" \/>\n\t<meta name=\"twitter:data1\" content=\"1 minuto\" \/>\n<script type=\"application\/ld+json\" class=\"yoast-schema-graph\">{\"@context\":\"https:\/\/schema.org\",\"@graph\":[{\"@type\":\"WebPage\",\"@id\":\"https:\/\/gr-100.com\/producto\/gobik-calcetines-unisex-lightweight-2-0-salt\/\",\"url\":\"https:\/\/gr-100.com\/producto\/gobik-calcetines-unisex-lightweight-2-0-salt\/\",\"name\":\"Gobik Calcetines UNISEX Lightweight 2.0 Salt\",\"isPartOf\":{\"@id\":\"https:\/\/gr-100.com\/#website\"},\"primaryImageOfPage\":{\"@id\":\"https:\/\/gr-100.com\/producto\/gobik-calcetines-unisex-lightweight-2-0-salt\/#primaryimage\"},\"image\":{\"@id\":\"https:\/\/gr-100.com\/producto\/gobik-calcetines-unisex-lightweight-2-0-salt\/#primaryimage\"},\"thumbnailUrl\":\"https:\/\/gr-100.com\/wp-content\/uploads\/2026\/03\/Gobik-Culotte-Hombre-Corte-k10-Diamond-6-12.jpg\",\"datePublished\":\"2026-03-25T11:16:41+00:00\",\"dateModified\":\"2026-04-19T17:40:15+00:00\",\"description\":\"Evoluci\u00f3n de nuestro modelo de referencia para uso intensivo en clima c\u00e1lido y larga distancia. Con nuevas soluciones t\u00e9cnicas para incrementar los niveles de transpiraci\u00f3n y comodidad. Sus fibras con iones de plata permiten una eficaz gesti\u00f3n de la humedad corporal y da una agradable sensaci\u00f3n de frescura y suavidad.\",\"breadcrumb\":{\"@id\":\"https:\/\/gr-100.com\/producto\/gobik-calcetines-unisex-lightweight-2-0-salt\/#breadcrumb\"},\"inLanguage\":\"pt-PT\",\"potentialAction\":[{\"@type\":\"ReadAction\",\"target\":[\"https:\/\/gr-100.com\/producto\/gobik-calcetines-unisex-lightweight-2-0-salt\/\"]}]},{\"@type\":\"ImageObject\",\"inLanguage\":\"pt-PT\",\"@id\":\"https:\/\/gr-100.com\/producto\/gobik-calcetines-unisex-lightweight-2-0-salt\/#primaryimage\",\"url\":\"https:\/\/gr-100.com\/wp-content\/uploads\/2026\/03\/Gobik-Culotte-Hombre-Corte-k10-Diamond-6-12.jpg\",\"contentUrl\":\"https:\/\/gr-100.com\/wp-content\/uploads\/2026\/03\/Gobik-Culotte-Hombre-Corte-k10-Diamond-6-12.jpg\",\"width\":1000,\"height\":1000},{\"@type\":\"BreadcrumbList\",\"@id\":\"https:\/\/gr-100.com\/producto\/gobik-calcetines-unisex-lightweight-2-0-salt\/#breadcrumb\",\"itemListElement\":[{\"@type\":\"ListItem\",\"position\":1,\"name\":\"Portada\",\"item\":\"https:\/\/gr-100.com\/en\/\"},{\"@type\":\"ListItem\",\"position\":2,\"name\":\"Productos\",\"item\":\"https:\/\/gr-100.com\/?post_type=product\"},{\"@type\":\"ListItem\",\"position\":3,\"name\":\"Gobik Calcetines UNISEX Lightweight 2.0 Salt\"}]},{\"@type\":\"WebSite\",\"@id\":\"https:\/\/gr-100.com\/#website\",\"url\":\"https:\/\/gr-100.com\/\",\"name\":\"Gr-100 Tienda de ciclismo Specialized\",\"description\":\"GR-100 tenemos todas las gamas de bicicletas Specialized al mejor precio.\",\"publisher\":{\"@id\":\"https:\/\/gr-100.com\/#organization\"},\"alternateName\":\"Gr-100 Bikes\",\"potentialAction\":[{\"@type\":\"SearchAction\",\"target\":{\"@type\":\"EntryPoint\",\"urlTemplate\":\"https:\/\/gr-100.com\/?s={search_term_string}\"},\"query-input\":{\"@type\":\"PropertyValueSpecification\",\"valueRequired\":true,\"valueName\":\"search_term_string\"}}],\"inLanguage\":\"pt-PT\"},{\"@type\":\"Organization\",\"@id\":\"https:\/\/gr-100.com\/#organization\",\"name\":\"Gr-100\",\"url\":\"https:\/\/gr-100.com\/\",\"logo\":{\"@type\":\"ImageObject\",\"inLanguage\":\"pt-PT\",\"@id\":\"https:\/\/gr-100.com\/#\/schema\/logo\/image\/\",\"url\":\"https:\/\/gr-100.com\/wp-content\/uploads\/2023\/08\/logo-gr-100-bikes.png\",\"contentUrl\":\"https:\/\/gr-100.com\/wp-content\/uploads\/2023\/08\/logo-gr-100-bikes.png\",\"width\":707,\"height\":284,\"caption\":\"Gr-100\"},\"image\":{\"@id\":\"https:\/\/gr-100.com\/#\/schema\/logo\/image\/\"},\"sameAs\":[\"https:\/\/www.facebook.com\/Gr100Bikes\",\"https:\/\/www.instagram.com\/gr100bikes\/\",\"https:\/\/www.tiktok.com\/@gr100bikes\",\"https:\/\/twitter.com\/gr100mtbteam\",\"https:\/\/www.youtube.com\/c\/GR100Specialized\"]}]}<\/script>\n<!-- \/ Yoast SEO Premium plugin. -->","yoast_head_json":{"title":"Gobik Calcetines UNISEX Lightweight 2.0 Salt","description":"Evoluci\u00f3n de nuestro modelo de referencia para uso intensivo en clima c\u00e1lido y larga distancia. Con nuevas soluciones t\u00e9cnicas para incrementar los niveles de transpiraci\u00f3n y comodidad. Sus fibras con iones de plata permiten una eficaz gesti\u00f3n de la humedad corporal y da una agradable sensaci\u00f3n de frescura y suavidad.","robots":{"index":"index","follow":"follow","max-snippet":"max-snippet:-1","max-image-preview":"max-image-preview:large","max-video-preview":"max-video-preview:-1"},"canonical":"https:\/\/gr-100.com\/producto\/gobik-calcetines-unisex-lightweight-2-0-salt\/","og_locale":"pt_PT","og_type":"article","og_title":"Gobik Calcetines UNISEX Lightweight 2.0 Salt","og_description":"Evoluci\u00f3n de nuestro modelo de referencia para uso intensivo en clima c\u00e1lido y larga distancia. Con nuevas soluciones t\u00e9cnicas para incrementar los niveles de transpiraci\u00f3n y comodidad. Sus fibras con iones de plata permiten una eficaz gesti\u00f3n de la humedad corporal y da una agradable sensaci\u00f3n de frescura y suavidad.","og_url":"https:\/\/gr-100.com\/producto\/gobik-calcetines-unisex-lightweight-2-0-salt\/","og_site_name":"Gr-100 Tienda de ciclismo Specialized","article_publisher":"https:\/\/www.facebook.com\/Gr100Bikes","article_modified_time":"2026-04-19T17:40:15+00:00","og_image":[{"width":1000,"height":1000,"url":"https:\/\/gr-100.com\/wp-content\/uploads\/2026\/03\/Gobik-Culotte-Hombre-Corte-k10-Diamond-6-12.jpg","type":"image\/jpeg"}],"twitter_card":"summary_large_image","twitter_misc":{"Tempo estimado de leitura":"1 minuto"},"schema":{"@context":"https:\/\/schema.org","@graph":[{"@type":"WebPage","@id":"https:\/\/gr-100.com\/producto\/gobik-calcetines-unisex-lightweight-2-0-salt\/","url":"https:\/\/gr-100.com\/producto\/gobik-calcetines-unisex-lightweight-2-0-salt\/","name":"Gobik Calcetines UNISEX Lightweight 2.0 Salt","isPartOf":{"@id":"https:\/\/gr-100.com\/#website"},"primaryImageOfPage":{"@id":"https:\/\/gr-100.com\/producto\/gobik-calcetines-unisex-lightweight-2-0-salt\/#primaryimage"},"image":{"@id":"https:\/\/gr-100.com\/producto\/gobik-calcetines-unisex-lightweight-2-0-salt\/#primaryimage"},"thumbnailUrl":"https:\/\/gr-100.com\/wp-content\/uploads\/2026\/03\/Gobik-Culotte-Hombre-Corte-k10-Diamond-6-12.jpg","datePublished":"2026-03-25T11:16:41+00:00","dateModified":"2026-04-19T17:40:15+00:00","description":"Evoluci\u00f3n de nuestro modelo de referencia para uso intensivo en clima c\u00e1lido y larga distancia. Con nuevas soluciones t\u00e9cnicas para incrementar los niveles de transpiraci\u00f3n y comodidad. Sus fibras con iones de plata permiten una eficaz gesti\u00f3n de la humedad corporal y da una agradable sensaci\u00f3n de frescura y suavidad.","breadcrumb":{"@id":"https:\/\/gr-100.com\/producto\/gobik-calcetines-unisex-lightweight-2-0-salt\/#breadcrumb"},"inLanguage":"pt-PT","potentialAction":[{"@type":"ReadAction","target":["https:\/\/gr-100.com\/producto\/gobik-calcetines-unisex-lightweight-2-0-salt\/"]}]},{"@type":"ImageObject","inLanguage":"pt-PT","@id":"https:\/\/gr-100.com\/producto\/gobik-calcetines-unisex-lightweight-2-0-salt\/#primaryimage","url":"https:\/\/gr-100.com\/wp-content\/uploads\/2026\/03\/Gobik-Culotte-Hombre-Corte-k10-Diamond-6-12.jpg","contentUrl":"https:\/\/gr-100.com\/wp-content\/uploads\/2026\/03\/Gobik-Culotte-Hombre-Corte-k10-Diamond-6-12.jpg","width":1000,"height":1000},{"@type":"BreadcrumbList","@id":"https:\/\/gr-100.com\/producto\/gobik-calcetines-unisex-lightweight-2-0-salt\/#breadcrumb","itemListElement":[{"@type":"ListItem","position":1,"name":"Portada","item":"https:\/\/gr-100.com\/en\/"},{"@type":"ListItem","position":2,"name":"Productos","item":"https:\/\/gr-100.com\/?post_type=product"},{"@type":"ListItem","position":3,"name":"Gobik Calcetines UNISEX Lightweight 2.0 Salt"}]},{"@type":"WebSite","@id":"https:\/\/gr-100.com\/#website","url":"https:\/\/gr-100.com\/","name":"Gr-100 Tienda de ciclismo Specialized","description":"GR-100 tenemos todas las gamas de bicicletas Specialized al mejor precio.","publisher":{"@id":"https:\/\/gr-100.com\/#organization"},"alternateName":"Gr-100 Bikes","potentialAction":[{"@type":"SearchAction","target":{"@type":"EntryPoint","urlTemplate":"https:\/\/gr-100.com\/?s={search_term_string}"},"query-input":{"@type":"PropertyValueSpecification","valueRequired":true,"valueName":"search_term_string"}}],"inLanguage":"pt-PT"},{"@type":"Organization","@id":"https:\/\/gr-100.com\/#organization","name":"Gr-100","url":"https:\/\/gr-100.com\/","logo":{"@type":"ImageObject","inLanguage":"pt-PT","@id":"https:\/\/gr-100.com\/#\/schema\/logo\/image\/","url":"https:\/\/gr-100.com\/wp-content\/uploads\/2023\/08\/logo-gr-100-bikes.png","contentUrl":"https:\/\/gr-100.com\/wp-content\/uploads\/2023\/08\/logo-gr-100-bikes.png","width":707,"height":284,"caption":"Gr-100"},"image":{"@id":"https:\/\/gr-100.com\/#\/schema\/logo\/image\/"},"sameAs":["https:\/\/www.facebook.com\/Gr100Bikes","https:\/\/www.instagram.com\/gr100bikes\/","https:\/\/www.tiktok.com\/@gr100bikes","https:\/\/twitter.com\/gr100mtbteam","https:\/\/www.youtube.com\/c\/GR100Specialized"]}]}},"_links":{"self":[{"href":"https:\/\/gr-100.com\/pt-pt\/wp-json\/wp\/v2\/product\/451410","targetHints":{"allow":["GET"]}}],"collection":[{"href":"https:\/\/gr-100.com\/pt-pt\/wp-json\/wp\/v2\/product"}],"about":[{"href":"https:\/\/gr-100.com\/pt-pt\/wp-json\/wp\/v2\/types\/product"}],"replies":[{"embeddable":true,"href":"https:\/\/gr-100.com\/pt-pt\/wp-json\/wp\/v2\/comments?post=451410"}],"wp:featuredmedia":[{"embeddable":true,"href":"https:\/\/gr-100.com\/pt-pt\/wp-json\/wp\/v2\/media\/451411"}],"wp:attachment":[{"href":"https:\/\/gr-100.com\/pt-pt\/wp-json\/wp\/v2\/media?parent=451410"}],"wp:term":[{"taxonomy":"product_brand","embeddable":true,"href":"https:\/\/gr-100.com\/pt-pt\/wp-json\/wp\/v2\/product_brand?post=451410"},{"taxonomy":"product_cat","embeddable":true,"href":"https:\/\/gr-100.com\/pt-pt\/wp-json\/wp\/v2\/product_cat?post=451410"},{"taxonomy":"product_tag","embeddable":true,"href":"https:\/\/gr-100.com\/pt-pt\/wp-json\/wp\/v2\/product_tag?post=451410"}],"curies":[{"name":"wp","href":"https:\/\/api.w.org\/{rel}","templated":true}]}}