{"id":455600,"date":"2026-04-08T16:37:41","date_gmt":"2026-04-08T15:37:41","guid":{"rendered":"https:\/\/gr-100.com\/?post_type=product&#038;p=455600"},"modified":"2026-04-08T17:23:25","modified_gmt":"2026-04-08T16:23:25","slug":"specialized-turbo-turbo-vado-3-4-0-2027-copia","status":"publish","type":"product","link":"https:\/\/gr-100.com\/pt-pt\/producto\/specialized-turbo-turbo-vado-3-4-0-2027-copia\/","title":{"rendered":"Specialized Turbo Vado 3 EVO 4.0 2027"},"content":{"rendered":"<p>Desde las rutas r\u00e1pidas por la ciudad a los caminos m\u00e1s exigentes o los desv\u00edos imprevistos, ofrece potencia sin esfuerzo que avanza acompa\u00f1ando naturalmente tu movimiento; <strong>gracias al ADN SuperNatural de la Levo 4 y a su respuesta instintiva e incre\u00edble autonom\u00eda para llegar a cualquier parte<\/strong>. Con una innovaci\u00f3n l\u00edder en su clase, como nuestro <strong>bloqueo digital sin llaves y Find My de Apple integrado<\/strong>, la Vado 3 EVO hace que cada recorrido sea tranquilo, sereno y bajo control a velocidad, sin importar lo que te depare el d\u00eda. The Art of Arrival, perfeccionado.  <\/p>\n<ul>\n<li><strong>De un vistazo<\/strong><br \/>\n<strong>Uso<\/strong><br \/>\nBicicleta el\u00e9ctrica de turismo Full Power<br \/>\n<strong>E-Bike System<\/strong><br \/>\nMotor Specialized 3.1 con 810 W y 105 Nm, bater\u00eda de 840 Wh con hasta 150 km de autonom\u00eda<br \/>\n<strong>Neum\u00e1ticos<\/strong><br \/>\nNeum\u00e1ticos todoterreno: Hemisphere de 2,6&#8243;<br \/>\n<strong>Pantalla<\/strong><br \/>\nPantalla de color personalizable<br \/>\n<strong>Antirrobo<\/strong><br \/>\nBloqueo de bater\u00eda y del sistema Turbo, con Find My de Apple integrado<br \/>\n<strong>Soporte y cargador para el m\u00f3vil<\/strong><br \/>\nPuerto USB-C en el lateral de la pantalla t\u00e1ctil para cargar el m\u00f3vil f\u00e1cilmente<\/li>\n<\/ul>\n<p><strong>Especifica\u00e7\u00f5es t\u00e9cnicas<\/strong><\/p>\n<ul>\n<li style=\"list-style-type: none;\">\n<ul>\n<li>E-bike<br \/>\n<strong>Motor<\/strong><br \/>\nSpecialized 3.1 Motor, 105Nm torque, 810W power<br \/>\n<strong>Cargador<\/strong><br \/>\nSpecialized 4amp charger<br \/>\n<strong>Bater\u00eda<\/strong><br \/>\nSpecialized Turbo 840Wh integrated battery pack<br \/>\n<strong>Pantalla de control\/Remoto<\/strong><br \/>\nTurbo Ergonomic remote<\/li>\n<li>Cuadro<br \/>\n<strong>Abrazadera del sill\u00edn<\/strong><br \/>\nAlloy, 38.6mm<br \/>\n<strong>Cuadro<\/strong><br \/>\nVado 3 frame, comfort optimized geometry, side entry battery<\/li>\n<li>Suspensi\u00f3n<br \/>\n<strong>Horquilla<\/strong><br \/>\nSR Suntour suspension fork, 120MM of travel (100MM size S), Stanchion 34MM, 15MM Thru axle, 27.5&#8243; wheel<\/li>\n<li>Frenos<br \/>\n<strong>Freno delantero<\/strong><br \/>\nShimano BR-MT200, hydraulic disc, 180mm<br \/>\n<strong>Freno trasero<\/strong><br \/>\nShimano BR-MT200, hydraulic disc, 180mm<\/li>\n<li>Transmiss\u00e3o<br \/>\n<strong>Platos y bielas<\/strong><br \/>\n170MM, CL 55MM,W\/BCD 110MM, NW 40T,W\/CG<br \/>\n<strong>Platos<\/strong><br \/>\n40 Teeth with Chain Retention Technology<br \/>\n<strong>Cubrecadenas<\/strong><br \/>\nKIT,CHN CVR,ROAD,PA FIT HT H1.2<br \/>\n<strong>Cadena<\/strong><br \/>\nKMC eGlide for 11-Speed CUES<br \/>\n<strong>Desviador trasero<\/strong><br \/>\nShimano CUES 9-Speed<br \/>\n<strong>Manetas de cambio<\/strong><br \/>\nShimano CUES 9-Speed with Optical Gear Display<br \/>\n<strong>Cassette<\/strong><br \/>\nShimano CUES 9-speed, 11-41t<\/li>\n<li>Rodas e pneus<br \/>\n<strong>Llantas<\/strong><br \/>\n29 front, 27.5 rear, 30mm inner width, 32h<br \/>\n<strong>Radios<\/strong><br \/>\nDT Swiss Elemental<br \/>\n<strong>C\u00e1maras<\/strong><br \/>\nReinforced anti flat 27.5X2.5\/2.7, Schrader valve 60MM<br \/>\n<strong>Buje trasero<\/strong><br \/>\nShimano Freehub, Center Lock Disc<br \/>\n<strong>Buje delantero<\/strong><br \/>\nShimano, center lock disc<br \/>\n<strong>Neum\u00e1tico trasero<\/strong><br \/>\nSpecialized Hemishpere Flat Resistant ALLTERRAIN Reflect 27.5X2.6<br \/>\n<strong>Neum\u00e1tico delantero<\/strong><br \/>\nSpecialized Hemishpere Flat Resistant ALLTERRAIN Reflect 27.5X2.6<\/li>\n<li>Cockpit<br \/>\n<strong>Manillar<\/strong><br \/>\nAlloy, Rise 34.4MM,31.8MM, Back Sweep 13\u00b0, Up Sweep 7.8\u00b0, Bar End 22.2MM, 690-730MM<br \/>\n<strong>Sill\u00edn<\/strong><br \/>\nBody Geometry, Rivo 2 Gel,168MM<br \/>\n<strong>Potencia<\/strong><br \/>\nStem w\/ integrated color display &amp; USB-C phone charger, 31.8MM<br \/>\n<strong>Pu\u00f1os<\/strong><br \/>\nSpecialized Body Geometry<br \/>\n<strong>Tija del sill\u00edn<\/strong><br \/>\nSuspension, 40mm travel, 34.9mm<\/li>\n<li>Acess\u00f3rios<br \/>\n<strong>Timbre<\/strong><br \/>\nBell<br \/>\n<strong>Guardabarros<\/strong><br \/>\nFENDER SET, SUNNY WHEEL,0000215322, B140-40 ALLOY PROFILE, FOR SR SUNTOUR MOBIE 34 29&#8243; FORK, SANDBLAST BLACK, VADO 3<br \/>\n<strong>Luz delantera<\/strong><br \/>\nFRONT LIGHT, LEZYNE,1-E001-PRST-17C8MR-S, EBIKE POWER STVZO E500+. SUNTOR MOBIE MOUNT, BLACK HARDWARE, 4X1500MM WIRE W\/FASTON CONNECTORS 110 SERIES MALE (#A110015BS2), WITH REFLECTOR, MATT BLACK W\/ GLOSS BLACK LOGO<br \/>\n<strong>Pata de cabra<\/strong><br \/>\nKICKSTAND, MASSLOAD, SPL-120, ADC10 ALLOY, PA6 NYLON SHOE ADJUSTABLE FOR 26IN-29<br \/>\n<strong>Porta equipaje<\/strong><br \/>\nKIT REAR RACK,RACK A1.1,ALY<br \/>\n<strong>Luz trasera<\/strong><br \/>\nLIGHT,SPGL XER,BLADE,SPANNINGA<br \/>\n<strong>Candado<\/strong><br \/>\nLOCK,BTRY,PLUTO,MECHANICAL, BLO SPE IT4 XP OE;FS<br \/>\n<strong>SWAT<\/strong><br \/>\nMIK HD 27.5 Kg rear rack with integrated elastics, MIK front rack 10kg compatible (not included)<br \/>\n<strong>Pedales<\/strong><br \/>\nTurbo Pedals, anti-slip<\/li>\n<li>Peso<br \/>\n28.7 kg (63 lb, 4.4 oz)<br \/>\nTalla M<\/li>\n<\/ul>\n<\/li>\n<\/ul>\n","protected":false},"excerpt":{"rendered":"<p><strong>Manillar con pantalla de color y carga USB-C para el m\u00f3vil. Horquilla SR Suntour, 120 mm de recorrido (100 mm en talla S) <\/strong><br \/>\nPara los pilotos que recorren distancias m\u00e1s largas y exploran m\u00e1s a fondo, la Vado 3 EVO mejora la experiencia diaria con m\u00e1s prestaciones, m\u00e1s seguridad y m\u00e1s comodidad.<\/p>\n","protected":false},"featured_media":455639,"comment_status":"open","ping_status":"closed","template":"","meta":{"_acf_changed":false,"_et_pb_use_builder":"","_et_pb_old_content":"","_et_gb_content_width":"","inline_featured_image":false},"product_brand":[],"product_cat":[2459,391,5359,5282,5260],"product_tag":[],"class_list":{"0":"post-455600","1":"product","2":"type-product","3":"status-publish","4":"has-post-thumbnail","6":"product_cat-bicicletas-pt-pt-2","7":"product_cat-eletricas","8":"product_cat-bicicletas-electricas-carretera-pt-pt","9":"product_cat-bicicletas-electricas-paseo-pt-pt","10":"product_cat-bicicletas-electricas-specialized-pt-pt","11":"product_shipping_class-bicicletas-pt-pt","13":"first","14":"instock","15":"taxable","16":"shipping-taxable","17":"purchasable","18":"product-type-variable","19":"wvs-archive-product-wrapper"},"acf":[],"yoast_head":"<!-- This site is optimized with the Yoast SEO Premium plugin v26.7 (Yoast SEO v26.7) - https:\/\/yoast.com\/wordpress\/plugins\/seo\/ -->\n<title>Specialized Turbo Vado 3 EVO 4.0 2027<\/title>\n<meta name=\"description\" content=\"Manillar con pantalla de color y carga USB-C para el m\u00f3vil. La Vado 3 EVO. Horquilla SR Suntour, 120MM of travel (100MM size S)\" \/>\n<meta name=\"robots\" content=\"index, follow, max-snippet:-1, max-image-preview:large, max-video-preview:-1\" \/>\n<link rel=\"canonical\" href=\"https:\/\/gr-100.com\/pt-pt\/producto\/specialized-turbo-turbo-vado-3-4-0-2027-copia\/\" \/>\n<meta property=\"og:locale\" content=\"pt_PT\" \/>\n<meta property=\"og:type\" content=\"article\" \/>\n<meta property=\"og:title\" content=\"Specialized Turbo Vado 3 EVO 4.0 2027\" \/>\n<meta property=\"og:description\" content=\"Manillar con pantalla de color y carga USB-C para el m\u00f3vil. La Vado 3 EVO. Horquilla SR Suntour, 120MM of travel (100MM size S)\" \/>\n<meta property=\"og:url\" content=\"https:\/\/gr-100.com\/pt-pt\/producto\/specialized-turbo-turbo-vado-3-4-0-2027-copia\/\" \/>\n<meta property=\"og:site_name\" content=\"Gr-100 Tienda de ciclismo Specialized\" \/>\n<meta property=\"article:publisher\" content=\"https:\/\/www.facebook.com\/Gr100Bikes\" \/>\n<meta property=\"article:modified_time\" content=\"2026-04-08T16:23:25+00:00\" \/>\n<meta property=\"og:image\" content=\"https:\/\/gr-100.com\/wp-content\/uploads\/2026\/04\/Turbo-Vado-3-EVO-4.0.jpg\" \/>\n\t<meta property=\"og:image:width\" content=\"1000\" \/>\n\t<meta property=\"og:image:height\" content=\"1000\" \/>\n\t<meta property=\"og:image:type\" content=\"image\/jpeg\" \/>\n<meta name=\"twitter:card\" content=\"summary_large_image\" \/>\n<meta name=\"twitter:label1\" content=\"Tempo estimado de leitura\" \/>\n\t<meta name=\"twitter:data1\" content=\"3 minutos\" \/>\n<script type=\"application\/ld+json\" class=\"yoast-schema-graph\">{\"@context\":\"https:\/\/schema.org\",\"@graph\":[{\"@type\":\"WebPage\",\"@id\":\"https:\/\/gr-100.com\/pt-pt\/producto\/specialized-turbo-turbo-vado-3-4-0-2027-copia\/\",\"url\":\"https:\/\/gr-100.com\/pt-pt\/producto\/specialized-turbo-turbo-vado-3-4-0-2027-copia\/\",\"name\":\"Specialized Turbo Vado 3 EVO 4.0 2027\",\"isPartOf\":{\"@id\":\"https:\/\/gr-100.com\/#website\"},\"primaryImageOfPage\":{\"@id\":\"https:\/\/gr-100.com\/pt-pt\/producto\/specialized-turbo-turbo-vado-3-4-0-2027-copia\/#primaryimage\"},\"image\":{\"@id\":\"https:\/\/gr-100.com\/pt-pt\/producto\/specialized-turbo-turbo-vado-3-4-0-2027-copia\/#primaryimage\"},\"thumbnailUrl\":\"https:\/\/gr-100.com\/wp-content\/uploads\/2026\/04\/Turbo-Vado-3-EVO-4.0.jpg\",\"datePublished\":\"2026-04-08T15:37:41+00:00\",\"dateModified\":\"2026-04-08T16:23:25+00:00\",\"description\":\"Manillar con pantalla de color y carga USB-C para el m\u00f3vil. La Vado 3 EVO. Horquilla SR Suntour, 120MM of travel (100MM size S)\",\"breadcrumb\":{\"@id\":\"https:\/\/gr-100.com\/pt-pt\/producto\/specialized-turbo-turbo-vado-3-4-0-2027-copia\/#breadcrumb\"},\"inLanguage\":\"pt-PT\",\"potentialAction\":[{\"@type\":\"ReadAction\",\"target\":[\"https:\/\/gr-100.com\/pt-pt\/producto\/specialized-turbo-turbo-vado-3-4-0-2027-copia\/\"]}]},{\"@type\":\"ImageObject\",\"inLanguage\":\"pt-PT\",\"@id\":\"https:\/\/gr-100.com\/pt-pt\/producto\/specialized-turbo-turbo-vado-3-4-0-2027-copia\/#primaryimage\",\"url\":\"https:\/\/gr-100.com\/wp-content\/uploads\/2026\/04\/Turbo-Vado-3-EVO-4.0.jpg\",\"contentUrl\":\"https:\/\/gr-100.com\/wp-content\/uploads\/2026\/04\/Turbo-Vado-3-EVO-4.0.jpg\",\"width\":1000,\"height\":1000},{\"@type\":\"BreadcrumbList\",\"@id\":\"https:\/\/gr-100.com\/pt-pt\/producto\/specialized-turbo-turbo-vado-3-4-0-2027-copia\/#breadcrumb\",\"itemListElement\":[{\"@type\":\"ListItem\",\"position\":1,\"name\":\"Portada\",\"item\":\"https:\/\/gr-100.com\/en\/\"},{\"@type\":\"ListItem\",\"position\":2,\"name\":\"Productos\",\"item\":\"https:\/\/gr-100.com\/?post_type=product\"},{\"@type\":\"ListItem\",\"position\":3,\"name\":\"Specialized Turbo Vado 3 EVO 4.0 2027\"}]},{\"@type\":\"WebSite\",\"@id\":\"https:\/\/gr-100.com\/#website\",\"url\":\"https:\/\/gr-100.com\/\",\"name\":\"Gr-100 Tienda de ciclismo Specialized\",\"description\":\"GR-100 tenemos todas las gamas de bicicletas Specialized al mejor precio.\",\"publisher\":{\"@id\":\"https:\/\/gr-100.com\/#organization\"},\"alternateName\":\"Gr-100 Bikes\",\"potentialAction\":[{\"@type\":\"SearchAction\",\"target\":{\"@type\":\"EntryPoint\",\"urlTemplate\":\"https:\/\/gr-100.com\/?s={search_term_string}\"},\"query-input\":{\"@type\":\"PropertyValueSpecification\",\"valueRequired\":true,\"valueName\":\"search_term_string\"}}],\"inLanguage\":\"pt-PT\"},{\"@type\":\"Organization\",\"@id\":\"https:\/\/gr-100.com\/#organization\",\"name\":\"Gr-100\",\"url\":\"https:\/\/gr-100.com\/\",\"logo\":{\"@type\":\"ImageObject\",\"inLanguage\":\"pt-PT\",\"@id\":\"https:\/\/gr-100.com\/#\/schema\/logo\/image\/\",\"url\":\"https:\/\/gr-100.com\/wp-content\/uploads\/2023\/08\/logo-gr-100-bikes.png\",\"contentUrl\":\"https:\/\/gr-100.com\/wp-content\/uploads\/2023\/08\/logo-gr-100-bikes.png\",\"width\":707,\"height\":284,\"caption\":\"Gr-100\"},\"image\":{\"@id\":\"https:\/\/gr-100.com\/#\/schema\/logo\/image\/\"},\"sameAs\":[\"https:\/\/www.facebook.com\/Gr100Bikes\",\"https:\/\/www.instagram.com\/gr100bikes\/\",\"https:\/\/www.tiktok.com\/@gr100bikes\",\"https:\/\/twitter.com\/gr100mtbteam\",\"https:\/\/www.youtube.com\/c\/GR100Specialized\"]}]}<\/script>\n<!-- \/ Yoast SEO Premium plugin. -->","yoast_head_json":{"title":"Specialized Turbo Vado 3 EVO 4.0 2027","description":"Manillar con pantalla de color y carga USB-C para el m\u00f3vil. La Vado 3 EVO. Horquilla SR Suntour, 120MM of travel (100MM size S)","robots":{"index":"index","follow":"follow","max-snippet":"max-snippet:-1","max-image-preview":"max-image-preview:large","max-video-preview":"max-video-preview:-1"},"canonical":"https:\/\/gr-100.com\/pt-pt\/producto\/specialized-turbo-turbo-vado-3-4-0-2027-copia\/","og_locale":"pt_PT","og_type":"article","og_title":"Specialized Turbo Vado 3 EVO 4.0 2027","og_description":"Manillar con pantalla de color y carga USB-C para el m\u00f3vil. La Vado 3 EVO. Horquilla SR Suntour, 120MM of travel (100MM size S)","og_url":"https:\/\/gr-100.com\/pt-pt\/producto\/specialized-turbo-turbo-vado-3-4-0-2027-copia\/","og_site_name":"Gr-100 Tienda de ciclismo Specialized","article_publisher":"https:\/\/www.facebook.com\/Gr100Bikes","article_modified_time":"2026-04-08T16:23:25+00:00","og_image":[{"width":1000,"height":1000,"url":"https:\/\/gr-100.com\/wp-content\/uploads\/2026\/04\/Turbo-Vado-3-EVO-4.0.jpg","type":"image\/jpeg"}],"twitter_card":"summary_large_image","twitter_misc":{"Tempo estimado de leitura":"3 minutos"},"schema":{"@context":"https:\/\/schema.org","@graph":[{"@type":"WebPage","@id":"https:\/\/gr-100.com\/pt-pt\/producto\/specialized-turbo-turbo-vado-3-4-0-2027-copia\/","url":"https:\/\/gr-100.com\/pt-pt\/producto\/specialized-turbo-turbo-vado-3-4-0-2027-copia\/","name":"Specialized Turbo Vado 3 EVO 4.0 2027","isPartOf":{"@id":"https:\/\/gr-100.com\/#website"},"primaryImageOfPage":{"@id":"https:\/\/gr-100.com\/pt-pt\/producto\/specialized-turbo-turbo-vado-3-4-0-2027-copia\/#primaryimage"},"image":{"@id":"https:\/\/gr-100.com\/pt-pt\/producto\/specialized-turbo-turbo-vado-3-4-0-2027-copia\/#primaryimage"},"thumbnailUrl":"https:\/\/gr-100.com\/wp-content\/uploads\/2026\/04\/Turbo-Vado-3-EVO-4.0.jpg","datePublished":"2026-04-08T15:37:41+00:00","dateModified":"2026-04-08T16:23:25+00:00","description":"Manillar con pantalla de color y carga USB-C para el m\u00f3vil. La Vado 3 EVO. Horquilla SR Suntour, 120MM of travel (100MM size S)","breadcrumb":{"@id":"https:\/\/gr-100.com\/pt-pt\/producto\/specialized-turbo-turbo-vado-3-4-0-2027-copia\/#breadcrumb"},"inLanguage":"pt-PT","potentialAction":[{"@type":"ReadAction","target":["https:\/\/gr-100.com\/pt-pt\/producto\/specialized-turbo-turbo-vado-3-4-0-2027-copia\/"]}]},{"@type":"ImageObject","inLanguage":"pt-PT","@id":"https:\/\/gr-100.com\/pt-pt\/producto\/specialized-turbo-turbo-vado-3-4-0-2027-copia\/#primaryimage","url":"https:\/\/gr-100.com\/wp-content\/uploads\/2026\/04\/Turbo-Vado-3-EVO-4.0.jpg","contentUrl":"https:\/\/gr-100.com\/wp-content\/uploads\/2026\/04\/Turbo-Vado-3-EVO-4.0.jpg","width":1000,"height":1000},{"@type":"BreadcrumbList","@id":"https:\/\/gr-100.com\/pt-pt\/producto\/specialized-turbo-turbo-vado-3-4-0-2027-copia\/#breadcrumb","itemListElement":[{"@type":"ListItem","position":1,"name":"Portada","item":"https:\/\/gr-100.com\/en\/"},{"@type":"ListItem","position":2,"name":"Productos","item":"https:\/\/gr-100.com\/?post_type=product"},{"@type":"ListItem","position":3,"name":"Specialized Turbo Vado 3 EVO 4.0 2027"}]},{"@type":"WebSite","@id":"https:\/\/gr-100.com\/#website","url":"https:\/\/gr-100.com\/","name":"Gr-100 Tienda de ciclismo Specialized","description":"GR-100 tenemos todas las gamas de bicicletas Specialized al mejor precio.","publisher":{"@id":"https:\/\/gr-100.com\/#organization"},"alternateName":"Gr-100 Bikes","potentialAction":[{"@type":"SearchAction","target":{"@type":"EntryPoint","urlTemplate":"https:\/\/gr-100.com\/?s={search_term_string}"},"query-input":{"@type":"PropertyValueSpecification","valueRequired":true,"valueName":"search_term_string"}}],"inLanguage":"pt-PT"},{"@type":"Organization","@id":"https:\/\/gr-100.com\/#organization","name":"Gr-100","url":"https:\/\/gr-100.com\/","logo":{"@type":"ImageObject","inLanguage":"pt-PT","@id":"https:\/\/gr-100.com\/#\/schema\/logo\/image\/","url":"https:\/\/gr-100.com\/wp-content\/uploads\/2023\/08\/logo-gr-100-bikes.png","contentUrl":"https:\/\/gr-100.com\/wp-content\/uploads\/2023\/08\/logo-gr-100-bikes.png","width":707,"height":284,"caption":"Gr-100"},"image":{"@id":"https:\/\/gr-100.com\/#\/schema\/logo\/image\/"},"sameAs":["https:\/\/www.facebook.com\/Gr100Bikes","https:\/\/www.instagram.com\/gr100bikes\/","https:\/\/www.tiktok.com\/@gr100bikes","https:\/\/twitter.com\/gr100mtbteam","https:\/\/www.youtube.com\/c\/GR100Specialized"]}]}},"_links":{"self":[{"href":"https:\/\/gr-100.com\/pt-pt\/wp-json\/wp\/v2\/product\/455600","targetHints":{"allow":["GET"]}}],"collection":[{"href":"https:\/\/gr-100.com\/pt-pt\/wp-json\/wp\/v2\/product"}],"about":[{"href":"https:\/\/gr-100.com\/pt-pt\/wp-json\/wp\/v2\/types\/product"}],"replies":[{"embeddable":true,"href":"https:\/\/gr-100.com\/pt-pt\/wp-json\/wp\/v2\/comments?post=455600"}],"wp:featuredmedia":[{"embeddable":true,"href":"https:\/\/gr-100.com\/pt-pt\/wp-json\/wp\/v2\/media\/455639"}],"wp:attachment":[{"href":"https:\/\/gr-100.com\/pt-pt\/wp-json\/wp\/v2\/media?parent=455600"}],"wp:term":[{"taxonomy":"product_brand","embeddable":true,"href":"https:\/\/gr-100.com\/pt-pt\/wp-json\/wp\/v2\/product_brand?post=455600"},{"taxonomy":"product_cat","embeddable":true,"href":"https:\/\/gr-100.com\/pt-pt\/wp-json\/wp\/v2\/product_cat?post=455600"},{"taxonomy":"product_tag","embeddable":true,"href":"https:\/\/gr-100.com\/pt-pt\/wp-json\/wp\/v2\/product_tag?post=455600"}],"curies":[{"name":"wp","href":"https:\/\/api.w.org\/{rel}","templated":true}]}}