{"id":457030,"date":"2026-04-13T12:43:24","date_gmt":"2026-04-13T11:43:24","guid":{"rendered":"https:\/\/gr-100.com\/?post_type=product&#038;p=457030"},"modified":"2026-04-13T12:43:26","modified_gmt":"2026-04-13T11:43:26","slug":"megamo-reason-crb-07-2027","status":"publish","type":"product","link":"https:\/\/gr-100.com\/pt-pt\/producto\/megamo-reason-crb-07-2027\/","title":{"rendered":"Megamo Reason CRB 07 2027"},"content":{"rendered":"<ul>\n<li>CARACTER\u00cdSTICAS PRINCIPAIS<br \/>\n&#8211; Motor Avinox M2S -150Nm 1300W (modo Boost) \/ 130Nm 1300W<br \/>\n&#8211; Bateria LI-ION de 800Wh integrada<br \/>\n&#8211; Quadro Reason Full Carbon, Boost, 160mm de curso de roda<br \/>\n&#8211; Forqueta Fox 36 Float AWL HD com 160mm de curso<br \/>\n&#8211; Amortecedor Fox Float Rhythm<br \/>\n&#8211; Transmiss\u00e3o Shimano XT de 12 velocidades<br \/>\n&#8211; Trav\u00f5es de disco Shimano XT 203\/203<\/li>\n<li>Conjunto de quadro<br \/>\nReason Quadro totalmente em carbono, extens\u00e3o do amortecedor em liga, bateria totalmente integrada, 12 x 148 Boost, Megamo ASP, curso da roda: 160 mm<br \/>\nForquilha Fox 36 Float AWL HD 29, 160mm, 15QRx110 Boost, 1.5T, 68HT, 44mm rake<br \/>\nAmortecedor Fox Float Rhythm, Evol LV, 210x55mm, 2 posi\u00e7\u00f5es<br \/>\nCabe\u00e7a Acros AZA-288R2 ZS56 blocklock 135\u00ba<\/li>\n<li>Componentes el\u00e9ctricos<br \/>\nMotor Avinox M2S -150Nm 1300W (modo Boost) \/ 130Nm 1300W<br \/>\nBateria Avinox 800 Wh, 35,9V, IP56<br \/>\nEcr\u00e3 Avinox DP100, ecr\u00e3 t\u00e1til OLED a cores de 2 polegadas, 800 nits, 326 ppi<br \/>\nCarregador Avinox Carregador 4A<\/li>\n<li>Drivetrain<br \/>\nDesviador traseiro Shimano XT M8100, Shadow Plus 12 velocidades<br \/>\nShimano XT 8100, 12 velocidades<br \/>\nPinh\u00e3o Avinox 36T 12 velocidades, pedaleira 160mm<br \/>\nCassete Shimano XT M8100, 10-51T<\/li>\n<li>Trav\u00f5es<br \/>\nConjunto de trav\u00f5es Shimano XT M8220, disco hidr\u00e1ulico de 4 pist\u00f5es, RT-CL800 203 mm<\/li>\n<li>Rodas<br \/>\nPneus Maxxis Dianteiro: 29 x 2.5 Assegai, Traseiro: 29 x 2.4 Minion DHR II<br \/>\nRodas Megamo 29 SL 30 ASY, Aro de alum\u00ednio, 15&#215;110\/12&#215;148 mm<\/li>\n<li>Componentes<br \/>\nGuiador Megamo Alloy Butted 35 x 800 mm, 12 mm Rise, 6\u00b0 Back Sweep<br \/>\nHaste Satori Ursa, 35 x 35 mm<br \/>\nEspig\u00e3o de selim Megamo Espig\u00e3o de selim \u00d831.6 mm<br \/>\nSelim Fizik Terra Aidon X5, 145 mm<\/li>\n<\/ul>\n","protected":false},"excerpt":{"rendered":"<p>&#8211; Motor Avinox M2S -150Nm 1300W (modo Boost) \/ 130Nm 1300W<br \/>\n&#8211; Bateria integrada LI-ION de 800 Wh<br \/>\n&#8211; Quadro Reason Full Carbon, Boost, 160mm de curso de roda<br \/>\n&#8211; Forqueta Fox 36 Float AWL HD com 160mm de curso<br \/>\n&#8211; Amortecedor Fox Float Rhythm<br \/>\n&#8211; Trem de for\u00e7a Shimano XT de 12 velocidades<br \/>\n&#8211; Trav\u00f5es de disco Shimano XT 203\/203<\/p>\n","protected":false},"featured_media":457054,"comment_status":"open","ping_status":"closed","template":"","meta":{"_acf_changed":false,"_et_pb_use_builder":"","_et_pb_old_content":"","_et_gb_content_width":"","inline_featured_image":false},"product_brand":[],"product_cat":[391,5261,5338,5262,5337,5263],"product_tag":[],"class_list":{"0":"post-457030","1":"product","2":"type-product","3":"status-publish","4":"has-post-thumbnail","6":"product_cat-eletricas","7":"product_cat-bicicletas-electricas-de-carbono","8":"product_cat-bicicletas-electricas-dji-avinox-pt-pt","9":"product_cat-bicicletas-electricas-de-enduro-trail","10":"product_cat-bicicletas-electricas-megamo-pt-pt","11":"product_cat-bicicletas-de-montanha-electricas","13":"first","14":"instock","15":"taxable","16":"shipping-taxable","17":"purchasable","18":"product-type-variable","19":"wvs-archive-product-wrapper"},"acf":[],"yoast_head":"<!-- This site is optimized with the Yoast SEO Premium plugin v26.7 (Yoast SEO v26.7) - https:\/\/yoast.com\/wordpress\/plugins\/seo\/ -->\n<title>Megamo Reason CRB 07 2027<\/title>\n<meta name=\"description\" content=\"- Motor Avinox M2S -150Nm 1300W (modo Boost) \/ 130Nm 1300W - Bateria LI-ION integrada de 800W - Quadro Reason Full Carbon, Boost, curso da roda de 160mm - Forqueta Fox 36 Float AWL HD com curso de 160mm - Amortecedor Fox Float Rhythm - Trem de for\u00e7a Shimano XT de 12 velocidades - Trav\u00f5es de disco Shimano XT 203\/203\" \/>\n<meta name=\"robots\" content=\"index, follow, max-snippet:-1, max-image-preview:large, max-video-preview:-1\" \/>\n<link rel=\"canonical\" href=\"https:\/\/gr-100.com\/pt-pt\/producto\/megamo-reason-crb-07-2027\/\" \/>\n<meta property=\"og:locale\" content=\"pt_PT\" \/>\n<meta property=\"og:type\" content=\"article\" \/>\n<meta property=\"og:title\" content=\"Megamo Reason CRB 07 2027\" \/>\n<meta property=\"og:description\" content=\"- Motor Avinox M2S -150Nm 1300W (modo Boost) \/ 130Nm 1300W - Bateria LI-ION integrada de 800W - Quadro Reason Full Carbon, Boost, curso da roda de 160mm - Forqueta Fox 36 Float AWL HD com curso de 160mm - Amortecedor Fox Float Rhythm - Trem de for\u00e7a Shimano XT de 12 velocidades - Trav\u00f5es de disco Shimano XT 203\/203\" \/>\n<meta property=\"og:url\" content=\"https:\/\/gr-100.com\/pt-pt\/producto\/megamo-reason-crb-07-2027\/\" \/>\n<meta property=\"og:site_name\" content=\"Gr-100 Tienda de ciclismo Specialized\" \/>\n<meta property=\"article:publisher\" content=\"https:\/\/www.facebook.com\/Gr100Bikes\" \/>\n<meta property=\"article:modified_time\" content=\"2026-04-13T11:43:26+00:00\" \/>\n<meta property=\"og:image\" content=\"https:\/\/gr-100.com\/wp-content\/uploads\/2026\/04\/reason_CBR_07_27_Orange.jpg\" \/>\n\t<meta property=\"og:image:width\" content=\"1000\" \/>\n\t<meta property=\"og:image:height\" content=\"1000\" \/>\n\t<meta property=\"og:image:type\" content=\"image\/jpeg\" \/>\n<meta name=\"twitter:card\" content=\"summary_large_image\" \/>\n<meta name=\"twitter:label1\" content=\"Tempo estimado de leitura\" \/>\n\t<meta name=\"twitter:data1\" content=\"1 minuto\" \/>\n<script type=\"application\/ld+json\" class=\"yoast-schema-graph\">{\"@context\":\"https:\/\/schema.org\",\"@graph\":[{\"@type\":\"WebPage\",\"@id\":\"https:\/\/gr-100.com\/pt-pt\/producto\/megamo-reason-crb-07-2027\/\",\"url\":\"https:\/\/gr-100.com\/pt-pt\/producto\/megamo-reason-crb-07-2027\/\",\"name\":\"Megamo Reason CRB 07 2027\",\"isPartOf\":{\"@id\":\"https:\/\/gr-100.com\/#website\"},\"primaryImageOfPage\":{\"@id\":\"https:\/\/gr-100.com\/pt-pt\/producto\/megamo-reason-crb-07-2027\/#primaryimage\"},\"image\":{\"@id\":\"https:\/\/gr-100.com\/pt-pt\/producto\/megamo-reason-crb-07-2027\/#primaryimage\"},\"thumbnailUrl\":\"https:\/\/gr-100.com\/wp-content\/uploads\/2026\/04\/reason_CBR_07_27_Orange.jpg\",\"datePublished\":\"2026-04-13T11:43:24+00:00\",\"dateModified\":\"2026-04-13T11:43:26+00:00\",\"description\":\"- Motor Avinox M2S -150Nm 1300W (modo Boost) \/ 130Nm 1300W - Bateria LI-ION integrada de 800W - Quadro Reason Full Carbon, Boost, curso da roda de 160mm - Forqueta Fox 36 Float AWL HD com curso de 160mm - Amortecedor Fox Float Rhythm - Trem de for\u00e7a Shimano XT de 12 velocidades - Trav\u00f5es de disco Shimano XT 203\/203\",\"breadcrumb\":{\"@id\":\"https:\/\/gr-100.com\/pt-pt\/producto\/megamo-reason-crb-07-2027\/#breadcrumb\"},\"inLanguage\":\"pt-PT\",\"potentialAction\":[{\"@type\":\"ReadAction\",\"target\":[\"https:\/\/gr-100.com\/pt-pt\/producto\/megamo-reason-crb-07-2027\/\"]}]},{\"@type\":\"ImageObject\",\"inLanguage\":\"pt-PT\",\"@id\":\"https:\/\/gr-100.com\/pt-pt\/producto\/megamo-reason-crb-07-2027\/#primaryimage\",\"url\":\"https:\/\/gr-100.com\/wp-content\/uploads\/2026\/04\/reason_CBR_07_27_Orange.jpg\",\"contentUrl\":\"https:\/\/gr-100.com\/wp-content\/uploads\/2026\/04\/reason_CBR_07_27_Orange.jpg\",\"width\":1000,\"height\":1000},{\"@type\":\"BreadcrumbList\",\"@id\":\"https:\/\/gr-100.com\/pt-pt\/producto\/megamo-reason-crb-07-2027\/#breadcrumb\",\"itemListElement\":[{\"@type\":\"ListItem\",\"position\":1,\"name\":\"Portada\",\"item\":\"https:\/\/gr-100.com\/en\/\"},{\"@type\":\"ListItem\",\"position\":2,\"name\":\"Productos\",\"item\":\"https:\/\/gr-100.com\/?post_type=product\"},{\"@type\":\"ListItem\",\"position\":3,\"name\":\"Megamo Reason CRB 07 2027\"}]},{\"@type\":\"WebSite\",\"@id\":\"https:\/\/gr-100.com\/#website\",\"url\":\"https:\/\/gr-100.com\/\",\"name\":\"Gr-100 Tienda de ciclismo Specialized\",\"description\":\"GR-100 tenemos todas las gamas de bicicletas Specialized al mejor precio.\",\"publisher\":{\"@id\":\"https:\/\/gr-100.com\/#organization\"},\"alternateName\":\"Gr-100 Bikes\",\"potentialAction\":[{\"@type\":\"SearchAction\",\"target\":{\"@type\":\"EntryPoint\",\"urlTemplate\":\"https:\/\/gr-100.com\/?s={search_term_string}\"},\"query-input\":{\"@type\":\"PropertyValueSpecification\",\"valueRequired\":true,\"valueName\":\"search_term_string\"}}],\"inLanguage\":\"pt-PT\"},{\"@type\":\"Organization\",\"@id\":\"https:\/\/gr-100.com\/#organization\",\"name\":\"Gr-100\",\"url\":\"https:\/\/gr-100.com\/\",\"logo\":{\"@type\":\"ImageObject\",\"inLanguage\":\"pt-PT\",\"@id\":\"https:\/\/gr-100.com\/#\/schema\/logo\/image\/\",\"url\":\"https:\/\/gr-100.com\/wp-content\/uploads\/2023\/08\/logo-gr-100-bikes.png\",\"contentUrl\":\"https:\/\/gr-100.com\/wp-content\/uploads\/2023\/08\/logo-gr-100-bikes.png\",\"width\":707,\"height\":284,\"caption\":\"Gr-100\"},\"image\":{\"@id\":\"https:\/\/gr-100.com\/#\/schema\/logo\/image\/\"},\"sameAs\":[\"https:\/\/www.facebook.com\/Gr100Bikes\",\"https:\/\/www.instagram.com\/gr100bikes\/\",\"https:\/\/www.tiktok.com\/@gr100bikes\",\"https:\/\/twitter.com\/gr100mtbteam\",\"https:\/\/www.youtube.com\/c\/GR100Specialized\"]}]}<\/script>\n<!-- \/ Yoast SEO Premium plugin. -->","yoast_head_json":{"title":"Megamo Reason CRB 07 2027","description":"- Motor Avinox M2S -150Nm 1300W (modo Boost) \/ 130Nm 1300W - Bateria LI-ION integrada de 800W - Quadro Reason Full Carbon, Boost, curso da roda de 160mm - Forqueta Fox 36 Float AWL HD com curso de 160mm - Amortecedor Fox Float Rhythm - Trem de for\u00e7a Shimano XT de 12 velocidades - Trav\u00f5es de disco Shimano XT 203\/203","robots":{"index":"index","follow":"follow","max-snippet":"max-snippet:-1","max-image-preview":"max-image-preview:large","max-video-preview":"max-video-preview:-1"},"canonical":"https:\/\/gr-100.com\/pt-pt\/producto\/megamo-reason-crb-07-2027\/","og_locale":"pt_PT","og_type":"article","og_title":"Megamo Reason CRB 07 2027","og_description":"- Motor Avinox M2S -150Nm 1300W (modo Boost) \/ 130Nm 1300W - Bateria LI-ION integrada de 800W - Quadro Reason Full Carbon, Boost, curso da roda de 160mm - Forqueta Fox 36 Float AWL HD com curso de 160mm - Amortecedor Fox Float Rhythm - Trem de for\u00e7a Shimano XT de 12 velocidades - Trav\u00f5es de disco Shimano XT 203\/203","og_url":"https:\/\/gr-100.com\/pt-pt\/producto\/megamo-reason-crb-07-2027\/","og_site_name":"Gr-100 Tienda de ciclismo Specialized","article_publisher":"https:\/\/www.facebook.com\/Gr100Bikes","article_modified_time":"2026-04-13T11:43:26+00:00","og_image":[{"width":1000,"height":1000,"url":"https:\/\/gr-100.com\/wp-content\/uploads\/2026\/04\/reason_CBR_07_27_Orange.jpg","type":"image\/jpeg"}],"twitter_card":"summary_large_image","twitter_misc":{"Tempo estimado de leitura":"1 minuto"},"schema":{"@context":"https:\/\/schema.org","@graph":[{"@type":"WebPage","@id":"https:\/\/gr-100.com\/pt-pt\/producto\/megamo-reason-crb-07-2027\/","url":"https:\/\/gr-100.com\/pt-pt\/producto\/megamo-reason-crb-07-2027\/","name":"Megamo Reason CRB 07 2027","isPartOf":{"@id":"https:\/\/gr-100.com\/#website"},"primaryImageOfPage":{"@id":"https:\/\/gr-100.com\/pt-pt\/producto\/megamo-reason-crb-07-2027\/#primaryimage"},"image":{"@id":"https:\/\/gr-100.com\/pt-pt\/producto\/megamo-reason-crb-07-2027\/#primaryimage"},"thumbnailUrl":"https:\/\/gr-100.com\/wp-content\/uploads\/2026\/04\/reason_CBR_07_27_Orange.jpg","datePublished":"2026-04-13T11:43:24+00:00","dateModified":"2026-04-13T11:43:26+00:00","description":"- Motor Avinox M2S -150Nm 1300W (modo Boost) \/ 130Nm 1300W - Bateria LI-ION integrada de 800W - Quadro Reason Full Carbon, Boost, curso da roda de 160mm - Forqueta Fox 36 Float AWL HD com curso de 160mm - Amortecedor Fox Float Rhythm - Trem de for\u00e7a Shimano XT de 12 velocidades - Trav\u00f5es de disco Shimano XT 203\/203","breadcrumb":{"@id":"https:\/\/gr-100.com\/pt-pt\/producto\/megamo-reason-crb-07-2027\/#breadcrumb"},"inLanguage":"pt-PT","potentialAction":[{"@type":"ReadAction","target":["https:\/\/gr-100.com\/pt-pt\/producto\/megamo-reason-crb-07-2027\/"]}]},{"@type":"ImageObject","inLanguage":"pt-PT","@id":"https:\/\/gr-100.com\/pt-pt\/producto\/megamo-reason-crb-07-2027\/#primaryimage","url":"https:\/\/gr-100.com\/wp-content\/uploads\/2026\/04\/reason_CBR_07_27_Orange.jpg","contentUrl":"https:\/\/gr-100.com\/wp-content\/uploads\/2026\/04\/reason_CBR_07_27_Orange.jpg","width":1000,"height":1000},{"@type":"BreadcrumbList","@id":"https:\/\/gr-100.com\/pt-pt\/producto\/megamo-reason-crb-07-2027\/#breadcrumb","itemListElement":[{"@type":"ListItem","position":1,"name":"Portada","item":"https:\/\/gr-100.com\/en\/"},{"@type":"ListItem","position":2,"name":"Productos","item":"https:\/\/gr-100.com\/?post_type=product"},{"@type":"ListItem","position":3,"name":"Megamo Reason CRB 07 2027"}]},{"@type":"WebSite","@id":"https:\/\/gr-100.com\/#website","url":"https:\/\/gr-100.com\/","name":"Gr-100 Tienda de ciclismo Specialized","description":"GR-100 tenemos todas las gamas de bicicletas Specialized al mejor precio.","publisher":{"@id":"https:\/\/gr-100.com\/#organization"},"alternateName":"Gr-100 Bikes","potentialAction":[{"@type":"SearchAction","target":{"@type":"EntryPoint","urlTemplate":"https:\/\/gr-100.com\/?s={search_term_string}"},"query-input":{"@type":"PropertyValueSpecification","valueRequired":true,"valueName":"search_term_string"}}],"inLanguage":"pt-PT"},{"@type":"Organization","@id":"https:\/\/gr-100.com\/#organization","name":"Gr-100","url":"https:\/\/gr-100.com\/","logo":{"@type":"ImageObject","inLanguage":"pt-PT","@id":"https:\/\/gr-100.com\/#\/schema\/logo\/image\/","url":"https:\/\/gr-100.com\/wp-content\/uploads\/2023\/08\/logo-gr-100-bikes.png","contentUrl":"https:\/\/gr-100.com\/wp-content\/uploads\/2023\/08\/logo-gr-100-bikes.png","width":707,"height":284,"caption":"Gr-100"},"image":{"@id":"https:\/\/gr-100.com\/#\/schema\/logo\/image\/"},"sameAs":["https:\/\/www.facebook.com\/Gr100Bikes","https:\/\/www.instagram.com\/gr100bikes\/","https:\/\/www.tiktok.com\/@gr100bikes","https:\/\/twitter.com\/gr100mtbteam","https:\/\/www.youtube.com\/c\/GR100Specialized"]}]}},"_links":{"self":[{"href":"https:\/\/gr-100.com\/pt-pt\/wp-json\/wp\/v2\/product\/457030","targetHints":{"allow":["GET"]}}],"collection":[{"href":"https:\/\/gr-100.com\/pt-pt\/wp-json\/wp\/v2\/product"}],"about":[{"href":"https:\/\/gr-100.com\/pt-pt\/wp-json\/wp\/v2\/types\/product"}],"replies":[{"embeddable":true,"href":"https:\/\/gr-100.com\/pt-pt\/wp-json\/wp\/v2\/comments?post=457030"}],"wp:featuredmedia":[{"embeddable":true,"href":"https:\/\/gr-100.com\/pt-pt\/wp-json\/wp\/v2\/media\/457054"}],"wp:attachment":[{"href":"https:\/\/gr-100.com\/pt-pt\/wp-json\/wp\/v2\/media?parent=457030"}],"wp:term":[{"taxonomy":"product_brand","embeddable":true,"href":"https:\/\/gr-100.com\/pt-pt\/wp-json\/wp\/v2\/product_brand?post=457030"},{"taxonomy":"product_cat","embeddable":true,"href":"https:\/\/gr-100.com\/pt-pt\/wp-json\/wp\/v2\/product_cat?post=457030"},{"taxonomy":"product_tag","embeddable":true,"href":"https:\/\/gr-100.com\/pt-pt\/wp-json\/wp\/v2\/product_tag?post=457030"}],"curies":[{"name":"wp","href":"https:\/\/api.w.org\/{rel}","templated":true}]}}