{"id":457101,"date":"2026-04-13T12:40:32","date_gmt":"2026-04-13T11:40:32","guid":{"rendered":"https:\/\/gr-100.com\/?post_type=product&#038;p=457101"},"modified":"2026-04-13T12:40:33","modified_gmt":"2026-04-13T11:40:33","slug":"megamo-reason-crb-03-2027","status":"publish","type":"product","link":"https:\/\/gr-100.com\/pt-pt\/producto\/megamo-reason-crb-03-2027\/","title":{"rendered":"Megamo Reason CRB 03 2027"},"content":{"rendered":"<ul>\n<li>CARACTER\u00cdSTICAS PRINCIPALES<br \/>\n\u00b7 Motor Avinox M2S -150Nm 1300W (Boost mode) \/ 130Nm 1300W<br \/>\n\u00b7 Bater\u00eda integrada LI-ION de 800 Wh<br \/>\n\u00b7 Cuadro Reason Full Carbon, Boost, 160mm Wheel travel<br \/>\n\u00b7 Horquilla Fox 38 Float Factory de 160 mm de recorrido<br \/>\n\u00b7 Amortiguador Fox Float X,<br \/>\n\u00b7 Transmisi\u00f3n Sram 90 Eangle T-Type 12 velocidades<br \/>\n\u00b7 Frenos de disco Shimano XT<\/li>\n<li>Conjunto del cuadro<br \/>\nCuadro Reason Full Carbon Frame, Alloy shock extension, Full Integratted Battery, 12 x 148 Boost, Megamo ASP, Wheel travel: 160 mm<br \/>\nHorquilla Fox 38 Float Factory E-Bike Optimized, 160mm Travel, Grip X2<br \/>\nAmortiguador Fox FLOAT X, Factory Series, Kashima 2pos-adj, Evol LV, 210&#215;55<br \/>\nJuego de direcci\u00f3n Acros AZA-288R2 ZS56 blocklock 135\u00ba<\/li>\n<li>Componentes el\u00e9ctricos<br \/>\nMotor Avinox M2S -150Nm 1300W (Boost mode) \/ 130Nm 1300W<br \/>\nBater\u00eda Avinox 800 Wh, 35,9V, IP56<br \/>\nDisplay Avinox DP100, 2-inch full-color OLED touchscreen, 800 nits, 326 ppi<br \/>\nCargador Avinox 12A Fast Charger<\/li>\n<li>Transmisi\u00f3n<br \/>\nCambio Trasero Sram 90 EAGLE T-TYPE, 12-Speed<br \/>\nManetas cambio Sram 90 EAGLE T-TYPE<br \/>\nPlato Sram EAGLE T-TYPE Avinox Chainring 36T 12-Speed, Crankset 165mm<br \/>\nCassette Sram XS 1270 T-TYPE, 10-52T<\/li>\n<li>Trav\u00f5es<br \/>\nConjunto de trav\u00f5es Shimano XT M8220, disco hidr\u00e1ulico de 4 pist\u00f5es, RT-CL800 203 mm<\/li>\n<li>Ruedas<br \/>\nCubiertas Front: Maxxis Assegai 29&#215;2.5 DD 3C MaxxGrip \/ Rear: Maxxis Minion DHR II 29&#215;2.4 DD 3C MaxxTerra<br \/>\nRuedas DT Swiss H 1900 SPLINE, 30mm Tubeless ready Aluminium rim, 370 Ratchet LN 18<\/li>\n<li>Componentes<br \/>\nManillar Carbon Race Face ERA 35&#215;800, Rise 20mm<br \/>\nPotencia Satori Ursa, 35 x 35 mm<br \/>\nTija sill\u00edn Fox Transfer Factory Kashima 31,6. Internal routing, remote.<br \/>\nSill\u00edn Fizik Terra Aidon X5, 145 mm <\/li>\n<\/ul>\n","protected":false},"excerpt":{"rendered":"<ul>\n<li>CARACTER\u00cdSTICAS PRINCIPALES<br \/>\n\u00b7 Motor Avinox M2S -150Nm 1300W (Boost mode) \/ 130Nm 1300W<br \/>\n\u00b7 Bater\u00eda integrada LI-ION de 800 Wh<br \/>\n\u00b7 Cuadro Reason Full Carbon, Boost, 160mm Wheel travel<br \/>\n\u00b7 Horquilla Fox 38 Float Factory de 160 mm de recorrido<br \/>\n\u00b7 Amortiguador Fox Float X,<br \/>\n\u00b7 Transmisi\u00f3n Sram 90 Eangle T-Type 12 velocidades<br \/>\n\u00b7 Frenos de disco Shimano XT<\/li>\n<\/ul>\n","protected":false},"featured_media":457084,"comment_status":"open","ping_status":"closed","template":"","meta":{"_acf_changed":false,"_et_pb_use_builder":"","_et_pb_old_content":"","_et_gb_content_width":"","inline_featured_image":false},"product_brand":[],"product_cat":[5377,5378,5376,5422,402],"product_tag":[],"class_list":{"0":"post-457101","1":"product","2":"type-product","3":"status-publish","4":"has-post-thumbnail","6":"product_cat-bicicletas-de-montanha-com-suspensao-dupla","7":"product_cat-bicicletas-de-montanha-de-29","8":"product_cat-bicicletas-de-montanha-em-carbono","9":"product_cat-bicicletas-montana-megamo-pt-pt","10":"product_cat-montanha","12":"first","13":"instock","14":"taxable","15":"shipping-taxable","16":"purchasable","17":"product-type-variable","18":"wvs-archive-product-wrapper"},"acf":[],"yoast_head":"<!-- This site is optimized with the Yoast SEO Premium plugin v26.7 (Yoast SEO v26.7) - https:\/\/yoast.com\/wordpress\/plugins\/seo\/ -->\n<title>Megamo Reason CRB 03 2027<\/title>\n<meta name=\"description\" content=\"CARACTER\u00cdSTICAS PRINCIPALES\u00b7 Motor Avinox M2S -150Nm 1300W (Boost mode) \/ 130Nm 1300W\u00b7 Bater\u00eda integrada LI-ION de 800 Wh\u00b7 Cuadro Reason Full Carbon, Boost, 160mm Wheel travel\u00b7 Horquilla Fox 38 Float Factory de 160 mm de recorrido\u00b7 Amortiguador Fox Float X,\u00b7 Transmisi\u00f3n Sram 90 Eangle T-Type 12 velocidades\u00b7 Frenos de disco Shimano XT\" \/>\n<meta name=\"robots\" content=\"index, follow, max-snippet:-1, max-image-preview:large, max-video-preview:-1\" \/>\n<link rel=\"canonical\" href=\"https:\/\/gr-100.com\/pt-pt\/producto\/megamo-reason-crb-03-2027\/\" \/>\n<meta property=\"og:locale\" content=\"pt_PT\" \/>\n<meta property=\"og:type\" content=\"article\" \/>\n<meta property=\"og:title\" content=\"Megamo Reason CRB 03 2027\" \/>\n<meta property=\"og:description\" content=\"CARACTER\u00cdSTICAS PRINCIPALES\u00b7 Motor Avinox M2S -150Nm 1300W (Boost mode) \/ 130Nm 1300W\u00b7 Bater\u00eda integrada LI-ION de 800 Wh\u00b7 Cuadro Reason Full Carbon, Boost, 160mm Wheel travel\u00b7 Horquilla Fox 38 Float Factory de 160 mm de recorrido\u00b7 Amortiguador Fox Float X,\u00b7 Transmisi\u00f3n Sram 90 Eangle T-Type 12 velocidades\u00b7 Frenos de disco Shimano XT\" \/>\n<meta property=\"og:url\" content=\"https:\/\/gr-100.com\/pt-pt\/producto\/megamo-reason-crb-03-2027\/\" \/>\n<meta property=\"og:site_name\" content=\"Gr-100 Tienda de ciclismo Specialized\" \/>\n<meta property=\"article:publisher\" content=\"https:\/\/www.facebook.com\/Gr100Bikes\" \/>\n<meta property=\"article:modified_time\" content=\"2026-04-13T11:40:33+00:00\" \/>\n<meta property=\"og:image\" content=\"https:\/\/gr-100.com\/wp-content\/uploads\/2026\/04\/reason_CBR_03_27_Orange.jpg\" \/>\n\t<meta property=\"og:image:width\" content=\"1000\" \/>\n\t<meta property=\"og:image:height\" content=\"1000\" \/>\n\t<meta property=\"og:image:type\" content=\"image\/jpeg\" \/>\n<meta name=\"twitter:card\" content=\"summary_large_image\" \/>\n<meta name=\"twitter:label1\" content=\"Tempo estimado de leitura\" \/>\n\t<meta name=\"twitter:data1\" content=\"1 minuto\" \/>\n<script type=\"application\/ld+json\" class=\"yoast-schema-graph\">{\"@context\":\"https:\/\/schema.org\",\"@graph\":[{\"@type\":\"WebPage\",\"@id\":\"https:\/\/gr-100.com\/pt-pt\/producto\/megamo-reason-crb-03-2027\/\",\"url\":\"https:\/\/gr-100.com\/pt-pt\/producto\/megamo-reason-crb-03-2027\/\",\"name\":\"Megamo Reason CRB 03 2027\",\"isPartOf\":{\"@id\":\"https:\/\/gr-100.com\/#website\"},\"primaryImageOfPage\":{\"@id\":\"https:\/\/gr-100.com\/pt-pt\/producto\/megamo-reason-crb-03-2027\/#primaryimage\"},\"image\":{\"@id\":\"https:\/\/gr-100.com\/pt-pt\/producto\/megamo-reason-crb-03-2027\/#primaryimage\"},\"thumbnailUrl\":\"https:\/\/gr-100.com\/wp-content\/uploads\/2026\/04\/reason_CBR_03_27_Orange.jpg\",\"datePublished\":\"2026-04-13T11:40:32+00:00\",\"dateModified\":\"2026-04-13T11:40:33+00:00\",\"description\":\"CARACTER\u00cdSTICAS PRINCIPALES\u00b7 Motor Avinox M2S -150Nm 1300W (Boost mode) \/ 130Nm 1300W\u00b7 Bater\u00eda integrada LI-ION de 800 Wh\u00b7 Cuadro Reason Full Carbon, Boost, 160mm Wheel travel\u00b7 Horquilla Fox 38 Float Factory de 160 mm de recorrido\u00b7 Amortiguador Fox Float X,\u00b7 Transmisi\u00f3n Sram 90 Eangle T-Type 12 velocidades\u00b7 Frenos de disco Shimano XT\",\"breadcrumb\":{\"@id\":\"https:\/\/gr-100.com\/pt-pt\/producto\/megamo-reason-crb-03-2027\/#breadcrumb\"},\"inLanguage\":\"pt-PT\",\"potentialAction\":[{\"@type\":\"ReadAction\",\"target\":[\"https:\/\/gr-100.com\/pt-pt\/producto\/megamo-reason-crb-03-2027\/\"]}]},{\"@type\":\"ImageObject\",\"inLanguage\":\"pt-PT\",\"@id\":\"https:\/\/gr-100.com\/pt-pt\/producto\/megamo-reason-crb-03-2027\/#primaryimage\",\"url\":\"https:\/\/gr-100.com\/wp-content\/uploads\/2026\/04\/reason_CBR_03_27_Orange.jpg\",\"contentUrl\":\"https:\/\/gr-100.com\/wp-content\/uploads\/2026\/04\/reason_CBR_03_27_Orange.jpg\",\"width\":1000,\"height\":1000},{\"@type\":\"BreadcrumbList\",\"@id\":\"https:\/\/gr-100.com\/pt-pt\/producto\/megamo-reason-crb-03-2027\/#breadcrumb\",\"itemListElement\":[{\"@type\":\"ListItem\",\"position\":1,\"name\":\"Portada\",\"item\":\"https:\/\/gr-100.com\/en\/\"},{\"@type\":\"ListItem\",\"position\":2,\"name\":\"Productos\",\"item\":\"https:\/\/gr-100.com\/?post_type=product\"},{\"@type\":\"ListItem\",\"position\":3,\"name\":\"Megamo Reason CRB 03 2027\"}]},{\"@type\":\"WebSite\",\"@id\":\"https:\/\/gr-100.com\/#website\",\"url\":\"https:\/\/gr-100.com\/\",\"name\":\"Gr-100 Tienda de ciclismo Specialized\",\"description\":\"GR-100 tenemos todas las gamas de bicicletas Specialized al mejor precio.\",\"publisher\":{\"@id\":\"https:\/\/gr-100.com\/#organization\"},\"alternateName\":\"Gr-100 Bikes\",\"potentialAction\":[{\"@type\":\"SearchAction\",\"target\":{\"@type\":\"EntryPoint\",\"urlTemplate\":\"https:\/\/gr-100.com\/?s={search_term_string}\"},\"query-input\":{\"@type\":\"PropertyValueSpecification\",\"valueRequired\":true,\"valueName\":\"search_term_string\"}}],\"inLanguage\":\"pt-PT\"},{\"@type\":\"Organization\",\"@id\":\"https:\/\/gr-100.com\/#organization\",\"name\":\"Gr-100\",\"url\":\"https:\/\/gr-100.com\/\",\"logo\":{\"@type\":\"ImageObject\",\"inLanguage\":\"pt-PT\",\"@id\":\"https:\/\/gr-100.com\/#\/schema\/logo\/image\/\",\"url\":\"https:\/\/gr-100.com\/wp-content\/uploads\/2023\/08\/logo-gr-100-bikes.png\",\"contentUrl\":\"https:\/\/gr-100.com\/wp-content\/uploads\/2023\/08\/logo-gr-100-bikes.png\",\"width\":707,\"height\":284,\"caption\":\"Gr-100\"},\"image\":{\"@id\":\"https:\/\/gr-100.com\/#\/schema\/logo\/image\/\"},\"sameAs\":[\"https:\/\/www.facebook.com\/Gr100Bikes\",\"https:\/\/www.instagram.com\/gr100bikes\/\",\"https:\/\/www.tiktok.com\/@gr100bikes\",\"https:\/\/twitter.com\/gr100mtbteam\",\"https:\/\/www.youtube.com\/c\/GR100Specialized\"]}]}<\/script>\n<!-- \/ Yoast SEO Premium plugin. -->","yoast_head_json":{"title":"Megamo Reason CRB 03 2027","description":"CARACTER\u00cdSTICAS PRINCIPALES\u00b7 Motor Avinox M2S -150Nm 1300W (Boost mode) \/ 130Nm 1300W\u00b7 Bater\u00eda integrada LI-ION de 800 Wh\u00b7 Cuadro Reason Full Carbon, Boost, 160mm Wheel travel\u00b7 Horquilla Fox 38 Float Factory de 160 mm de recorrido\u00b7 Amortiguador Fox Float X,\u00b7 Transmisi\u00f3n Sram 90 Eangle T-Type 12 velocidades\u00b7 Frenos de disco Shimano XT","robots":{"index":"index","follow":"follow","max-snippet":"max-snippet:-1","max-image-preview":"max-image-preview:large","max-video-preview":"max-video-preview:-1"},"canonical":"https:\/\/gr-100.com\/pt-pt\/producto\/megamo-reason-crb-03-2027\/","og_locale":"pt_PT","og_type":"article","og_title":"Megamo Reason CRB 03 2027","og_description":"CARACTER\u00cdSTICAS PRINCIPALES\u00b7 Motor Avinox M2S -150Nm 1300W (Boost mode) \/ 130Nm 1300W\u00b7 Bater\u00eda integrada LI-ION de 800 Wh\u00b7 Cuadro Reason Full Carbon, Boost, 160mm Wheel travel\u00b7 Horquilla Fox 38 Float Factory de 160 mm de recorrido\u00b7 Amortiguador Fox Float X,\u00b7 Transmisi\u00f3n Sram 90 Eangle T-Type 12 velocidades\u00b7 Frenos de disco Shimano XT","og_url":"https:\/\/gr-100.com\/pt-pt\/producto\/megamo-reason-crb-03-2027\/","og_site_name":"Gr-100 Tienda de ciclismo Specialized","article_publisher":"https:\/\/www.facebook.com\/Gr100Bikes","article_modified_time":"2026-04-13T11:40:33+00:00","og_image":[{"width":1000,"height":1000,"url":"https:\/\/gr-100.com\/wp-content\/uploads\/2026\/04\/reason_CBR_03_27_Orange.jpg","type":"image\/jpeg"}],"twitter_card":"summary_large_image","twitter_misc":{"Tempo estimado de leitura":"1 minuto"},"schema":{"@context":"https:\/\/schema.org","@graph":[{"@type":"WebPage","@id":"https:\/\/gr-100.com\/pt-pt\/producto\/megamo-reason-crb-03-2027\/","url":"https:\/\/gr-100.com\/pt-pt\/producto\/megamo-reason-crb-03-2027\/","name":"Megamo Reason CRB 03 2027","isPartOf":{"@id":"https:\/\/gr-100.com\/#website"},"primaryImageOfPage":{"@id":"https:\/\/gr-100.com\/pt-pt\/producto\/megamo-reason-crb-03-2027\/#primaryimage"},"image":{"@id":"https:\/\/gr-100.com\/pt-pt\/producto\/megamo-reason-crb-03-2027\/#primaryimage"},"thumbnailUrl":"https:\/\/gr-100.com\/wp-content\/uploads\/2026\/04\/reason_CBR_03_27_Orange.jpg","datePublished":"2026-04-13T11:40:32+00:00","dateModified":"2026-04-13T11:40:33+00:00","description":"CARACTER\u00cdSTICAS PRINCIPALES\u00b7 Motor Avinox M2S -150Nm 1300W (Boost mode) \/ 130Nm 1300W\u00b7 Bater\u00eda integrada LI-ION de 800 Wh\u00b7 Cuadro Reason Full Carbon, Boost, 160mm Wheel travel\u00b7 Horquilla Fox 38 Float Factory de 160 mm de recorrido\u00b7 Amortiguador Fox Float X,\u00b7 Transmisi\u00f3n Sram 90 Eangle T-Type 12 velocidades\u00b7 Frenos de disco Shimano XT","breadcrumb":{"@id":"https:\/\/gr-100.com\/pt-pt\/producto\/megamo-reason-crb-03-2027\/#breadcrumb"},"inLanguage":"pt-PT","potentialAction":[{"@type":"ReadAction","target":["https:\/\/gr-100.com\/pt-pt\/producto\/megamo-reason-crb-03-2027\/"]}]},{"@type":"ImageObject","inLanguage":"pt-PT","@id":"https:\/\/gr-100.com\/pt-pt\/producto\/megamo-reason-crb-03-2027\/#primaryimage","url":"https:\/\/gr-100.com\/wp-content\/uploads\/2026\/04\/reason_CBR_03_27_Orange.jpg","contentUrl":"https:\/\/gr-100.com\/wp-content\/uploads\/2026\/04\/reason_CBR_03_27_Orange.jpg","width":1000,"height":1000},{"@type":"BreadcrumbList","@id":"https:\/\/gr-100.com\/pt-pt\/producto\/megamo-reason-crb-03-2027\/#breadcrumb","itemListElement":[{"@type":"ListItem","position":1,"name":"Portada","item":"https:\/\/gr-100.com\/en\/"},{"@type":"ListItem","position":2,"name":"Productos","item":"https:\/\/gr-100.com\/?post_type=product"},{"@type":"ListItem","position":3,"name":"Megamo Reason CRB 03 2027"}]},{"@type":"WebSite","@id":"https:\/\/gr-100.com\/#website","url":"https:\/\/gr-100.com\/","name":"Gr-100 Tienda de ciclismo Specialized","description":"GR-100 tenemos todas las gamas de bicicletas Specialized al mejor precio.","publisher":{"@id":"https:\/\/gr-100.com\/#organization"},"alternateName":"Gr-100 Bikes","potentialAction":[{"@type":"SearchAction","target":{"@type":"EntryPoint","urlTemplate":"https:\/\/gr-100.com\/?s={search_term_string}"},"query-input":{"@type":"PropertyValueSpecification","valueRequired":true,"valueName":"search_term_string"}}],"inLanguage":"pt-PT"},{"@type":"Organization","@id":"https:\/\/gr-100.com\/#organization","name":"Gr-100","url":"https:\/\/gr-100.com\/","logo":{"@type":"ImageObject","inLanguage":"pt-PT","@id":"https:\/\/gr-100.com\/#\/schema\/logo\/image\/","url":"https:\/\/gr-100.com\/wp-content\/uploads\/2023\/08\/logo-gr-100-bikes.png","contentUrl":"https:\/\/gr-100.com\/wp-content\/uploads\/2023\/08\/logo-gr-100-bikes.png","width":707,"height":284,"caption":"Gr-100"},"image":{"@id":"https:\/\/gr-100.com\/#\/schema\/logo\/image\/"},"sameAs":["https:\/\/www.facebook.com\/Gr100Bikes","https:\/\/www.instagram.com\/gr100bikes\/","https:\/\/www.tiktok.com\/@gr100bikes","https:\/\/twitter.com\/gr100mtbteam","https:\/\/www.youtube.com\/c\/GR100Specialized"]}]}},"_links":{"self":[{"href":"https:\/\/gr-100.com\/pt-pt\/wp-json\/wp\/v2\/product\/457101","targetHints":{"allow":["GET"]}}],"collection":[{"href":"https:\/\/gr-100.com\/pt-pt\/wp-json\/wp\/v2\/product"}],"about":[{"href":"https:\/\/gr-100.com\/pt-pt\/wp-json\/wp\/v2\/types\/product"}],"replies":[{"embeddable":true,"href":"https:\/\/gr-100.com\/pt-pt\/wp-json\/wp\/v2\/comments?post=457101"}],"wp:featuredmedia":[{"embeddable":true,"href":"https:\/\/gr-100.com\/pt-pt\/wp-json\/wp\/v2\/media\/457084"}],"wp:attachment":[{"href":"https:\/\/gr-100.com\/pt-pt\/wp-json\/wp\/v2\/media?parent=457101"}],"wp:term":[{"taxonomy":"product_brand","embeddable":true,"href":"https:\/\/gr-100.com\/pt-pt\/wp-json\/wp\/v2\/product_brand?post=457101"},{"taxonomy":"product_cat","embeddable":true,"href":"https:\/\/gr-100.com\/pt-pt\/wp-json\/wp\/v2\/product_cat?post=457101"},{"taxonomy":"product_tag","embeddable":true,"href":"https:\/\/gr-100.com\/pt-pt\/wp-json\/wp\/v2\/product_tag?post=457101"}],"curies":[{"name":"wp","href":"https:\/\/api.w.org\/{rel}","templated":true}]}}