{"id":457246,"date":"2026-04-15T10:58:16","date_gmt":"2026-04-15T09:58:16","guid":{"rendered":"https:\/\/gr-100.com\/?post_type=product&#038;p=457225"},"modified":"2026-04-15T10:58:16","modified_gmt":"2026-04-15T09:58:16","slug":"specialized-power-evo-comp-2026-2","status":"publish","type":"product","link":"https:\/\/gr-100.com\/pt-pt\/producto\/specialized-power-evo-comp-2026-2\/","title":{"rendered":"specialized power EVO comp 2026"},"content":{"rendered":"<ul>\n<li>Desde 1997, Body Geometry ha venido cumpliendo la promesa de ser uno con tu bicicleta, en base a unos productos de dise\u00f1o ergon\u00f3mico y cient\u00edficamente probados que mejoran el rendimiento y la comodidad para liberar todo el potencial humano. Cada sill\u00edn que creamos comienza con una recopilaci\u00f3n de datos, a trav\u00e9s del mapeo de presi\u00f3n, medici\u00f3n anat\u00f3mica y pruebas en el mundo real con atletas profesionales y ciclistas cotidianos. Las formas de Body Geometry se han dise\u00f1ado para sostener el cuerpo all\u00e1 donde lo necesite y aliviarlo all\u00e1 donde no.<\/li>\n<li>Uso<br \/>\nCarreras y ciclismo en carretera, gravel y XC.<\/li>\n<li>Body Geometry<br \/>\nDise\u00f1ado ergon\u00f3micamente, probado cient\u00edficamente<\/li>\n<li>La comodidad es un arma<br \/>\nReducci\u00f3n de presi\u00f3n en todas las posiciones.<\/li>\n<li>Tecnolog\u00eda de espuma<br \/>\nElaboraci\u00f3n de espuma mejorada que favorece un soporte adaptativo<\/li>\n<li>La forma de la potencia, evolucionada<br \/>\nVersatilidad de posici\u00f3n mejorada gracias a una punta del sill\u00edn m\u00e1s ancha y a unos ra\u00edles m\u00e1s largos.<\/li>\n<li>Carcasa de nailon y ra\u00edles huecos de aleaci\u00f3n de cromo.<br \/>\n267g (143mm)<\/li>\n<\/ul>\n","protected":false},"excerpt":{"rendered":"<p>Body Geometry ha venido cumpliendo la promesa de ser uno con tu bicicleta, en base a unos productos de dise\u00f1o ergon\u00f3mico y cient\u00edficamente probados que mejoran el rendimiento y la comodidad para liberar todo el potencial humano. <\/p>\n","protected":false},"featured_media":0,"comment_status":"open","ping_status":"closed","template":"","meta":{"_acf_changed":false,"_et_pb_use_builder":"","_et_pb_old_content":"","_et_gb_content_width":"","inline_featured_image":false},"product_brand":[],"product_cat":[],"product_tag":[],"class_list":{"0":"post-457246","1":"product","2":"type-product","3":"status-publish","6":"first","7":"instock","8":"taxable","9":"shipping-taxable","10":"product-type-simple"},"acf":[],"yoast_head":"<!-- This site is optimized with the Yoast SEO Premium plugin v26.7 (Yoast SEO v26.7) - https:\/\/yoast.com\/wordpress\/plugins\/seo\/ -->\n<title>specialized power EVO comp 2026<\/title>\n<meta name=\"robots\" content=\"index, follow, max-snippet:-1, max-image-preview:large, max-video-preview:-1\" \/>\n<link rel=\"canonical\" href=\"https:\/\/gr-100.com\/producto\/specialized-power-evo-comp-2026-2\/\" \/>\n<meta property=\"og:locale\" content=\"pt_PT\" \/>\n<meta property=\"og:type\" content=\"article\" \/>\n<meta property=\"og:title\" content=\"specialized power EVO comp 2026\" \/>\n<meta property=\"og:description\" content=\"Body Geometry ha venido cumpliendo la promesa de ser uno con tu bicicleta, en base a unos productos de dise\u00f1o ergon\u00f3mico y cient\u00edficamente probados que mejoran el rendimiento y la comodidad para liberar todo el potencial humano.\" \/>\n<meta property=\"og:url\" content=\"https:\/\/gr-100.com\/producto\/specialized-power-evo-comp-2026-2\/\" \/>\n<meta property=\"og:site_name\" content=\"Gr-100 Tienda de ciclismo Specialized\" \/>\n<meta property=\"article:publisher\" content=\"https:\/\/www.facebook.com\/Gr100Bikes\" \/>\n<meta name=\"twitter:card\" content=\"summary_large_image\" \/>\n<meta name=\"twitter:label1\" content=\"Tempo estimado de leitura\" \/>\n\t<meta name=\"twitter:data1\" content=\"1 minuto\" \/>\n<script type=\"application\/ld+json\" class=\"yoast-schema-graph\">{\"@context\":\"https:\/\/schema.org\",\"@graph\":[{\"@type\":\"WebPage\",\"@id\":\"https:\/\/gr-100.com\/producto\/specialized-power-evo-comp-2026-2\/\",\"url\":\"https:\/\/gr-100.com\/producto\/specialized-power-evo-comp-2026-2\/\",\"name\":\"specialized power EVO comp 2026\",\"isPartOf\":{\"@id\":\"https:\/\/gr-100.com\/#website\"},\"datePublished\":\"2026-04-15T09:58:16+00:00\",\"breadcrumb\":{\"@id\":\"https:\/\/gr-100.com\/producto\/specialized-power-evo-comp-2026-2\/#breadcrumb\"},\"inLanguage\":\"pt-PT\",\"potentialAction\":[{\"@type\":\"ReadAction\",\"target\":[\"https:\/\/gr-100.com\/producto\/specialized-power-evo-comp-2026-2\/\"]}]},{\"@type\":\"BreadcrumbList\",\"@id\":\"https:\/\/gr-100.com\/producto\/specialized-power-evo-comp-2026-2\/#breadcrumb\",\"itemListElement\":[{\"@type\":\"ListItem\",\"position\":1,\"name\":\"Portada\",\"item\":\"https:\/\/gr-100.com\/en\/\"},{\"@type\":\"ListItem\",\"position\":2,\"name\":\"Productos\",\"item\":\"https:\/\/gr-100.com\/?post_type=product\"},{\"@type\":\"ListItem\",\"position\":3,\"name\":\"specialized power EVO comp 2026\"}]},{\"@type\":\"WebSite\",\"@id\":\"https:\/\/gr-100.com\/#website\",\"url\":\"https:\/\/gr-100.com\/\",\"name\":\"Gr-100 Tienda de ciclismo Specialized\",\"description\":\"GR-100 tenemos todas las gamas de bicicletas Specialized al mejor precio.\",\"publisher\":{\"@id\":\"https:\/\/gr-100.com\/#organization\"},\"alternateName\":\"Gr-100 Bikes\",\"potentialAction\":[{\"@type\":\"SearchAction\",\"target\":{\"@type\":\"EntryPoint\",\"urlTemplate\":\"https:\/\/gr-100.com\/?s={search_term_string}\"},\"query-input\":{\"@type\":\"PropertyValueSpecification\",\"valueRequired\":true,\"valueName\":\"search_term_string\"}}],\"inLanguage\":\"pt-PT\"},{\"@type\":\"Organization\",\"@id\":\"https:\/\/gr-100.com\/#organization\",\"name\":\"Gr-100\",\"url\":\"https:\/\/gr-100.com\/\",\"logo\":{\"@type\":\"ImageObject\",\"inLanguage\":\"pt-PT\",\"@id\":\"https:\/\/gr-100.com\/#\/schema\/logo\/image\/\",\"url\":\"https:\/\/gr-100.com\/wp-content\/uploads\/2023\/08\/logo-gr-100-bikes.png\",\"contentUrl\":\"https:\/\/gr-100.com\/wp-content\/uploads\/2023\/08\/logo-gr-100-bikes.png\",\"width\":707,\"height\":284,\"caption\":\"Gr-100\"},\"image\":{\"@id\":\"https:\/\/gr-100.com\/#\/schema\/logo\/image\/\"},\"sameAs\":[\"https:\/\/www.facebook.com\/Gr100Bikes\",\"https:\/\/www.instagram.com\/gr100bikes\/\",\"https:\/\/www.tiktok.com\/@gr100bikes\",\"https:\/\/twitter.com\/gr100mtbteam\",\"https:\/\/www.youtube.com\/c\/GR100Specialized\"]}]}<\/script>\n<!-- \/ Yoast SEO Premium plugin. -->","yoast_head_json":{"title":"specialized power EVO comp 2026","robots":{"index":"index","follow":"follow","max-snippet":"max-snippet:-1","max-image-preview":"max-image-preview:large","max-video-preview":"max-video-preview:-1"},"canonical":"https:\/\/gr-100.com\/producto\/specialized-power-evo-comp-2026-2\/","og_locale":"pt_PT","og_type":"article","og_title":"specialized power EVO comp 2026","og_description":"Body Geometry ha venido cumpliendo la promesa de ser uno con tu bicicleta, en base a unos productos de dise\u00f1o ergon\u00f3mico y cient\u00edficamente probados que mejoran el rendimiento y la comodidad para liberar todo el potencial humano.","og_url":"https:\/\/gr-100.com\/producto\/specialized-power-evo-comp-2026-2\/","og_site_name":"Gr-100 Tienda de ciclismo Specialized","article_publisher":"https:\/\/www.facebook.com\/Gr100Bikes","twitter_card":"summary_large_image","twitter_misc":{"Tempo estimado de leitura":"1 minuto"},"schema":{"@context":"https:\/\/schema.org","@graph":[{"@type":"WebPage","@id":"https:\/\/gr-100.com\/producto\/specialized-power-evo-comp-2026-2\/","url":"https:\/\/gr-100.com\/producto\/specialized-power-evo-comp-2026-2\/","name":"specialized power EVO comp 2026","isPartOf":{"@id":"https:\/\/gr-100.com\/#website"},"datePublished":"2026-04-15T09:58:16+00:00","breadcrumb":{"@id":"https:\/\/gr-100.com\/producto\/specialized-power-evo-comp-2026-2\/#breadcrumb"},"inLanguage":"pt-PT","potentialAction":[{"@type":"ReadAction","target":["https:\/\/gr-100.com\/producto\/specialized-power-evo-comp-2026-2\/"]}]},{"@type":"BreadcrumbList","@id":"https:\/\/gr-100.com\/producto\/specialized-power-evo-comp-2026-2\/#breadcrumb","itemListElement":[{"@type":"ListItem","position":1,"name":"Portada","item":"https:\/\/gr-100.com\/en\/"},{"@type":"ListItem","position":2,"name":"Productos","item":"https:\/\/gr-100.com\/?post_type=product"},{"@type":"ListItem","position":3,"name":"specialized power EVO comp 2026"}]},{"@type":"WebSite","@id":"https:\/\/gr-100.com\/#website","url":"https:\/\/gr-100.com\/","name":"Gr-100 Tienda de ciclismo Specialized","description":"GR-100 tenemos todas las gamas de bicicletas Specialized al mejor precio.","publisher":{"@id":"https:\/\/gr-100.com\/#organization"},"alternateName":"Gr-100 Bikes","potentialAction":[{"@type":"SearchAction","target":{"@type":"EntryPoint","urlTemplate":"https:\/\/gr-100.com\/?s={search_term_string}"},"query-input":{"@type":"PropertyValueSpecification","valueRequired":true,"valueName":"search_term_string"}}],"inLanguage":"pt-PT"},{"@type":"Organization","@id":"https:\/\/gr-100.com\/#organization","name":"Gr-100","url":"https:\/\/gr-100.com\/","logo":{"@type":"ImageObject","inLanguage":"pt-PT","@id":"https:\/\/gr-100.com\/#\/schema\/logo\/image\/","url":"https:\/\/gr-100.com\/wp-content\/uploads\/2023\/08\/logo-gr-100-bikes.png","contentUrl":"https:\/\/gr-100.com\/wp-content\/uploads\/2023\/08\/logo-gr-100-bikes.png","width":707,"height":284,"caption":"Gr-100"},"image":{"@id":"https:\/\/gr-100.com\/#\/schema\/logo\/image\/"},"sameAs":["https:\/\/www.facebook.com\/Gr100Bikes","https:\/\/www.instagram.com\/gr100bikes\/","https:\/\/www.tiktok.com\/@gr100bikes","https:\/\/twitter.com\/gr100mtbteam","https:\/\/www.youtube.com\/c\/GR100Specialized"]}]}},"_links":{"self":[{"href":"https:\/\/gr-100.com\/pt-pt\/wp-json\/wp\/v2\/product\/457246","targetHints":{"allow":["GET"]}}],"collection":[{"href":"https:\/\/gr-100.com\/pt-pt\/wp-json\/wp\/v2\/product"}],"about":[{"href":"https:\/\/gr-100.com\/pt-pt\/wp-json\/wp\/v2\/types\/product"}],"replies":[{"embeddable":true,"href":"https:\/\/gr-100.com\/pt-pt\/wp-json\/wp\/v2\/comments?post=457246"}],"wp:attachment":[{"href":"https:\/\/gr-100.com\/pt-pt\/wp-json\/wp\/v2\/media?parent=457246"}],"wp:term":[{"taxonomy":"product_brand","embeddable":true,"href":"https:\/\/gr-100.com\/pt-pt\/wp-json\/wp\/v2\/product_brand?post=457246"},{"taxonomy":"product_cat","embeddable":true,"href":"https:\/\/gr-100.com\/pt-pt\/wp-json\/wp\/v2\/product_cat?post=457246"},{"taxonomy":"product_tag","embeddable":true,"href":"https:\/\/gr-100.com\/pt-pt\/wp-json\/wp\/v2\/product_tag?post=457246"}],"curies":[{"name":"wp","href":"https:\/\/api.w.org\/{rel}","templated":true}]}}