{"id":458744,"date":"2026-04-22T12:52:37","date_gmt":"2026-04-22T10:52:37","guid":{"rendered":"https:\/\/gr-100.com\/?post_type=product&#038;p=458744"},"modified":"2026-04-22T12:52:38","modified_gmt":"2026-04-22T10:52:38","slug":"gobik-maillot-manga-cotya-unisex-cx-solid-rye","status":"publish","type":"product","link":"https:\/\/gr-100.com\/pt-pt\/producto\/gobik-maillot-manga-cotya-unisex-cx-solid-rye\/","title":{"rendered":"Gobik Maillot Manga Cotya UNISEX CX Solid Rye"},"content":{"rendered":"<ul>\n<li>Descripci\u00f3n del Producto.Dise\u00f1ado para rendir al m\u00e1s alto nivel en los d\u00edas m\u00e1s exigentes del verano, este maillot de competici\u00f3n evoluciona su concepto para ofrecer una experiencia a\u00fan m\u00e1s avanzada. Su estructura se ha refinado con un nuevo patr\u00f3n que mejora el ajuste y la aerodin\u00e1mica, manteniendo una sensaci\u00f3n de segunda piel con un ajuste Perfect Fit, m\u00e1s relajado y c\u00f3modo que el anterior, ideal para largas jornadas sin renunciar al rendimiento.<br \/>\nInspirado en el \u00e9xito del aclamado CX Pro, hemos perfeccionado nuestro maillot m\u00e1s vendido, alcanzando un nuevo nivel de equilibrio entre rendimiento y confort.<br \/>\nSu tejido revolucionario EVOFLEX redefine tu experiencia sobre la bicicleta. Con una elasticidad y suavidad incomparables, har\u00e1n que cada ruta sea m\u00e1s natural y confortable.<br \/>\nSu dise\u00f1o ultraligero elimina fricciones y se adapta a cada movimiento, permiti\u00e9ndote rodar sin restricciones. Pru\u00e9balo y siente la diferencia en cada kil\u00f3metro.   <\/li>\n<li>Nuevo tejido EVOFLEX ultra-el\u00e1stico.<\/li>\n<li>Cuello oculto.<\/li>\n<li>Mangas con corte vivo.<\/li>\n<li>Cremallera invertida vista.<\/li>\n<li>Cintura de excelente ajuste y estabilidad.<\/li>\n<li>3 bolsillos traseros con nuestro sistema patentado GRS.<\/li>\n<li>Detalles reflectantes.<\/li>\n<\/ul>\n","protected":false},"excerpt":{"rendered":"<p>Descripci\u00f3n del Producto.Dise\u00f1ado para rendir al m\u00e1s alto nivel en los d\u00edas m\u00e1s exigentes del verano, este maillot de competici\u00f3n evoluciona su concepto para ofrecer una experiencia a\u00fan m\u00e1s avanzada.<\/p>\n","protected":false},"featured_media":458705,"comment_status":"open","ping_status":"closed","template":"","meta":{"_acf_changed":false,"_et_pb_use_builder":"","_et_pb_old_content":"","_et_gb_content_width":"","inline_featured_image":false},"product_brand":[],"product_cat":[392,398],"product_tag":[],"class_list":{"0":"post-458744","1":"product","2":"type-product","3":"status-publish","4":"has-post-thumbnail","6":"product_cat-equipamento","7":"product_cat-roupas","9":"first","10":"instock","11":"taxable","12":"shipping-taxable","13":"purchasable","14":"product-type-variable","15":"wvs-archive-product-wrapper"},"acf":[],"yoast_head":"<!-- This site is optimized with the Yoast SEO Premium plugin v26.7 (Yoast SEO v26.7) - https:\/\/yoast.com\/wordpress\/plugins\/seo\/ -->\n<title>Gobik Maillot Manga Cotya UNISEX CX Solid Rye<\/title>\n<meta name=\"description\" content=\"Descripci\u00f3n del Producto.Dise\u00f1ado para rendir al m\u00e1s alto nivel en los d\u00edas m\u00e1s exigentes del verano, este maillot de competici\u00f3n evoluciona su concepto para ofrecer una experiencia a\u00fan m\u00e1s avanzada.\" \/>\n<meta name=\"robots\" content=\"index, follow, max-snippet:-1, max-image-preview:large, max-video-preview:-1\" \/>\n<link rel=\"canonical\" href=\"https:\/\/gr-100.com\/pt-pt\/producto\/gobik-maillot-manga-cotya-unisex-cx-solid-rye\/\" \/>\n<meta property=\"og:locale\" content=\"pt_PT\" \/>\n<meta property=\"og:type\" content=\"article\" \/>\n<meta property=\"og:title\" content=\"Gobik Maillot Manga Cotya UNISEX CX Solid Rye\" \/>\n<meta property=\"og:description\" content=\"Descripci\u00f3n del Producto.Dise\u00f1ado para rendir al m\u00e1s alto nivel en los d\u00edas m\u00e1s exigentes del verano, este maillot de competici\u00f3n evoluciona su concepto para ofrecer una experiencia a\u00fan m\u00e1s avanzada.\" \/>\n<meta property=\"og:url\" content=\"https:\/\/gr-100.com\/pt-pt\/producto\/gobik-maillot-manga-cotya-unisex-cx-solid-rye\/\" \/>\n<meta property=\"og:site_name\" content=\"Gr-100 Tienda de ciclismo Specialized\" \/>\n<meta property=\"article:publisher\" content=\"https:\/\/www.facebook.com\/Gr100Bikes\" \/>\n<meta property=\"article:modified_time\" content=\"2026-04-22T10:52:38+00:00\" \/>\n<meta property=\"og:image\" content=\"https:\/\/gr-100.com\/wp-content\/uploads\/2026\/04\/Gobik-Culotte-Hombre-Corte-k10-Diamond-10-2.jpg\" \/>\n\t<meta property=\"og:image:width\" content=\"1000\" \/>\n\t<meta property=\"og:image:height\" content=\"1000\" \/>\n\t<meta property=\"og:image:type\" content=\"image\/jpeg\" \/>\n<meta name=\"twitter:card\" content=\"summary_large_image\" \/>\n<meta name=\"twitter:label1\" content=\"Tempo estimado de leitura\" \/>\n\t<meta name=\"twitter:data1\" content=\"1 minuto\" \/>\n<script type=\"application\/ld+json\" class=\"yoast-schema-graph\">{\"@context\":\"https:\/\/schema.org\",\"@graph\":[{\"@type\":\"WebPage\",\"@id\":\"https:\/\/gr-100.com\/pt-pt\/producto\/gobik-maillot-manga-cotya-unisex-cx-solid-rye\/\",\"url\":\"https:\/\/gr-100.com\/pt-pt\/producto\/gobik-maillot-manga-cotya-unisex-cx-solid-rye\/\",\"name\":\"Gobik Maillot Manga Cotya UNISEX CX Solid Rye\",\"isPartOf\":{\"@id\":\"https:\/\/gr-100.com\/#website\"},\"primaryImageOfPage\":{\"@id\":\"https:\/\/gr-100.com\/pt-pt\/producto\/gobik-maillot-manga-cotya-unisex-cx-solid-rye\/#primaryimage\"},\"image\":{\"@id\":\"https:\/\/gr-100.com\/pt-pt\/producto\/gobik-maillot-manga-cotya-unisex-cx-solid-rye\/#primaryimage\"},\"thumbnailUrl\":\"https:\/\/gr-100.com\/wp-content\/uploads\/2026\/04\/Gobik-Culotte-Hombre-Corte-k10-Diamond-10-2.jpg\",\"datePublished\":\"2026-04-22T10:52:37+00:00\",\"dateModified\":\"2026-04-22T10:52:38+00:00\",\"description\":\"Descripci\u00f3n del Producto.Dise\u00f1ado para rendir al m\u00e1s alto nivel en los d\u00edas m\u00e1s exigentes del verano, este maillot de competici\u00f3n evoluciona su concepto para ofrecer una experiencia a\u00fan m\u00e1s avanzada.\",\"breadcrumb\":{\"@id\":\"https:\/\/gr-100.com\/pt-pt\/producto\/gobik-maillot-manga-cotya-unisex-cx-solid-rye\/#breadcrumb\"},\"inLanguage\":\"pt-PT\",\"potentialAction\":[{\"@type\":\"ReadAction\",\"target\":[\"https:\/\/gr-100.com\/pt-pt\/producto\/gobik-maillot-manga-cotya-unisex-cx-solid-rye\/\"]}]},{\"@type\":\"ImageObject\",\"inLanguage\":\"pt-PT\",\"@id\":\"https:\/\/gr-100.com\/pt-pt\/producto\/gobik-maillot-manga-cotya-unisex-cx-solid-rye\/#primaryimage\",\"url\":\"https:\/\/gr-100.com\/wp-content\/uploads\/2026\/04\/Gobik-Culotte-Hombre-Corte-k10-Diamond-10-2.jpg\",\"contentUrl\":\"https:\/\/gr-100.com\/wp-content\/uploads\/2026\/04\/Gobik-Culotte-Hombre-Corte-k10-Diamond-10-2.jpg\",\"width\":1000,\"height\":1000},{\"@type\":\"BreadcrumbList\",\"@id\":\"https:\/\/gr-100.com\/pt-pt\/producto\/gobik-maillot-manga-cotya-unisex-cx-solid-rye\/#breadcrumb\",\"itemListElement\":[{\"@type\":\"ListItem\",\"position\":1,\"name\":\"Portada\",\"item\":\"https:\/\/gr-100.com\/en\/\"},{\"@type\":\"ListItem\",\"position\":2,\"name\":\"Productos\",\"item\":\"https:\/\/gr-100.com\/?post_type=product\"},{\"@type\":\"ListItem\",\"position\":3,\"name\":\"Gobik Maillot Manga Cotya UNISEX CX Solid Rye\"}]},{\"@type\":\"WebSite\",\"@id\":\"https:\/\/gr-100.com\/#website\",\"url\":\"https:\/\/gr-100.com\/\",\"name\":\"Gr-100 Tienda de ciclismo Specialized\",\"description\":\"GR-100 tenemos todas las gamas de bicicletas Specialized al mejor precio.\",\"publisher\":{\"@id\":\"https:\/\/gr-100.com\/#organization\"},\"alternateName\":\"Gr-100 Bikes\",\"potentialAction\":[{\"@type\":\"SearchAction\",\"target\":{\"@type\":\"EntryPoint\",\"urlTemplate\":\"https:\/\/gr-100.com\/?s={search_term_string}\"},\"query-input\":{\"@type\":\"PropertyValueSpecification\",\"valueRequired\":true,\"valueName\":\"search_term_string\"}}],\"inLanguage\":\"pt-PT\"},{\"@type\":\"Organization\",\"@id\":\"https:\/\/gr-100.com\/#organization\",\"name\":\"Gr-100\",\"url\":\"https:\/\/gr-100.com\/\",\"logo\":{\"@type\":\"ImageObject\",\"inLanguage\":\"pt-PT\",\"@id\":\"https:\/\/gr-100.com\/#\/schema\/logo\/image\/\",\"url\":\"https:\/\/gr-100.com\/wp-content\/uploads\/2023\/08\/logo-gr-100-bikes.png\",\"contentUrl\":\"https:\/\/gr-100.com\/wp-content\/uploads\/2023\/08\/logo-gr-100-bikes.png\",\"width\":707,\"height\":284,\"caption\":\"Gr-100\"},\"image\":{\"@id\":\"https:\/\/gr-100.com\/#\/schema\/logo\/image\/\"},\"sameAs\":[\"https:\/\/www.facebook.com\/Gr100Bikes\",\"https:\/\/www.instagram.com\/gr100bikes\/\",\"https:\/\/www.tiktok.com\/@gr100bikes\",\"https:\/\/twitter.com\/gr100mtbteam\",\"https:\/\/www.youtube.com\/c\/GR100Specialized\"]}]}<\/script>\n<!-- \/ Yoast SEO Premium plugin. -->","yoast_head_json":{"title":"Gobik Maillot Manga Cotya UNISEX CX Solid Rye","description":"Descripci\u00f3n del Producto.Dise\u00f1ado para rendir al m\u00e1s alto nivel en los d\u00edas m\u00e1s exigentes del verano, este maillot de competici\u00f3n evoluciona su concepto para ofrecer una experiencia a\u00fan m\u00e1s avanzada.","robots":{"index":"index","follow":"follow","max-snippet":"max-snippet:-1","max-image-preview":"max-image-preview:large","max-video-preview":"max-video-preview:-1"},"canonical":"https:\/\/gr-100.com\/pt-pt\/producto\/gobik-maillot-manga-cotya-unisex-cx-solid-rye\/","og_locale":"pt_PT","og_type":"article","og_title":"Gobik Maillot Manga Cotya UNISEX CX Solid Rye","og_description":"Descripci\u00f3n del Producto.Dise\u00f1ado para rendir al m\u00e1s alto nivel en los d\u00edas m\u00e1s exigentes del verano, este maillot de competici\u00f3n evoluciona su concepto para ofrecer una experiencia a\u00fan m\u00e1s avanzada.","og_url":"https:\/\/gr-100.com\/pt-pt\/producto\/gobik-maillot-manga-cotya-unisex-cx-solid-rye\/","og_site_name":"Gr-100 Tienda de ciclismo Specialized","article_publisher":"https:\/\/www.facebook.com\/Gr100Bikes","article_modified_time":"2026-04-22T10:52:38+00:00","og_image":[{"width":1000,"height":1000,"url":"https:\/\/gr-100.com\/wp-content\/uploads\/2026\/04\/Gobik-Culotte-Hombre-Corte-k10-Diamond-10-2.jpg","type":"image\/jpeg"}],"twitter_card":"summary_large_image","twitter_misc":{"Tempo estimado de leitura":"1 minuto"},"schema":{"@context":"https:\/\/schema.org","@graph":[{"@type":"WebPage","@id":"https:\/\/gr-100.com\/pt-pt\/producto\/gobik-maillot-manga-cotya-unisex-cx-solid-rye\/","url":"https:\/\/gr-100.com\/pt-pt\/producto\/gobik-maillot-manga-cotya-unisex-cx-solid-rye\/","name":"Gobik Maillot Manga Cotya UNISEX CX Solid Rye","isPartOf":{"@id":"https:\/\/gr-100.com\/#website"},"primaryImageOfPage":{"@id":"https:\/\/gr-100.com\/pt-pt\/producto\/gobik-maillot-manga-cotya-unisex-cx-solid-rye\/#primaryimage"},"image":{"@id":"https:\/\/gr-100.com\/pt-pt\/producto\/gobik-maillot-manga-cotya-unisex-cx-solid-rye\/#primaryimage"},"thumbnailUrl":"https:\/\/gr-100.com\/wp-content\/uploads\/2026\/04\/Gobik-Culotte-Hombre-Corte-k10-Diamond-10-2.jpg","datePublished":"2026-04-22T10:52:37+00:00","dateModified":"2026-04-22T10:52:38+00:00","description":"Descripci\u00f3n del Producto.Dise\u00f1ado para rendir al m\u00e1s alto nivel en los d\u00edas m\u00e1s exigentes del verano, este maillot de competici\u00f3n evoluciona su concepto para ofrecer una experiencia a\u00fan m\u00e1s avanzada.","breadcrumb":{"@id":"https:\/\/gr-100.com\/pt-pt\/producto\/gobik-maillot-manga-cotya-unisex-cx-solid-rye\/#breadcrumb"},"inLanguage":"pt-PT","potentialAction":[{"@type":"ReadAction","target":["https:\/\/gr-100.com\/pt-pt\/producto\/gobik-maillot-manga-cotya-unisex-cx-solid-rye\/"]}]},{"@type":"ImageObject","inLanguage":"pt-PT","@id":"https:\/\/gr-100.com\/pt-pt\/producto\/gobik-maillot-manga-cotya-unisex-cx-solid-rye\/#primaryimage","url":"https:\/\/gr-100.com\/wp-content\/uploads\/2026\/04\/Gobik-Culotte-Hombre-Corte-k10-Diamond-10-2.jpg","contentUrl":"https:\/\/gr-100.com\/wp-content\/uploads\/2026\/04\/Gobik-Culotte-Hombre-Corte-k10-Diamond-10-2.jpg","width":1000,"height":1000},{"@type":"BreadcrumbList","@id":"https:\/\/gr-100.com\/pt-pt\/producto\/gobik-maillot-manga-cotya-unisex-cx-solid-rye\/#breadcrumb","itemListElement":[{"@type":"ListItem","position":1,"name":"Portada","item":"https:\/\/gr-100.com\/en\/"},{"@type":"ListItem","position":2,"name":"Productos","item":"https:\/\/gr-100.com\/?post_type=product"},{"@type":"ListItem","position":3,"name":"Gobik Maillot Manga Cotya UNISEX CX Solid Rye"}]},{"@type":"WebSite","@id":"https:\/\/gr-100.com\/#website","url":"https:\/\/gr-100.com\/","name":"Gr-100 Tienda de ciclismo Specialized","description":"GR-100 tenemos todas las gamas de bicicletas Specialized al mejor precio.","publisher":{"@id":"https:\/\/gr-100.com\/#organization"},"alternateName":"Gr-100 Bikes","potentialAction":[{"@type":"SearchAction","target":{"@type":"EntryPoint","urlTemplate":"https:\/\/gr-100.com\/?s={search_term_string}"},"query-input":{"@type":"PropertyValueSpecification","valueRequired":true,"valueName":"search_term_string"}}],"inLanguage":"pt-PT"},{"@type":"Organization","@id":"https:\/\/gr-100.com\/#organization","name":"Gr-100","url":"https:\/\/gr-100.com\/","logo":{"@type":"ImageObject","inLanguage":"pt-PT","@id":"https:\/\/gr-100.com\/#\/schema\/logo\/image\/","url":"https:\/\/gr-100.com\/wp-content\/uploads\/2023\/08\/logo-gr-100-bikes.png","contentUrl":"https:\/\/gr-100.com\/wp-content\/uploads\/2023\/08\/logo-gr-100-bikes.png","width":707,"height":284,"caption":"Gr-100"},"image":{"@id":"https:\/\/gr-100.com\/#\/schema\/logo\/image\/"},"sameAs":["https:\/\/www.facebook.com\/Gr100Bikes","https:\/\/www.instagram.com\/gr100bikes\/","https:\/\/www.tiktok.com\/@gr100bikes","https:\/\/twitter.com\/gr100mtbteam","https:\/\/www.youtube.com\/c\/GR100Specialized"]}]}},"_links":{"self":[{"href":"https:\/\/gr-100.com\/pt-pt\/wp-json\/wp\/v2\/product\/458744","targetHints":{"allow":["GET"]}}],"collection":[{"href":"https:\/\/gr-100.com\/pt-pt\/wp-json\/wp\/v2\/product"}],"about":[{"href":"https:\/\/gr-100.com\/pt-pt\/wp-json\/wp\/v2\/types\/product"}],"replies":[{"embeddable":true,"href":"https:\/\/gr-100.com\/pt-pt\/wp-json\/wp\/v2\/comments?post=458744"}],"wp:featuredmedia":[{"embeddable":true,"href":"https:\/\/gr-100.com\/pt-pt\/wp-json\/wp\/v2\/media\/458705"}],"wp:attachment":[{"href":"https:\/\/gr-100.com\/pt-pt\/wp-json\/wp\/v2\/media?parent=458744"}],"wp:term":[{"taxonomy":"product_brand","embeddable":true,"href":"https:\/\/gr-100.com\/pt-pt\/wp-json\/wp\/v2\/product_brand?post=458744"},{"taxonomy":"product_cat","embeddable":true,"href":"https:\/\/gr-100.com\/pt-pt\/wp-json\/wp\/v2\/product_cat?post=458744"},{"taxonomy":"product_tag","embeddable":true,"href":"https:\/\/gr-100.com\/pt-pt\/wp-json\/wp\/v2\/product_tag?post=458744"}],"curies":[{"name":"wp","href":"https:\/\/api.w.org\/{rel}","templated":true}]}}