{"id":460355,"date":"2026-04-27T13:05:43","date_gmt":"2026-04-27T11:05:43","guid":{"rendered":"https:\/\/gr-100.com\/?post_type=product&#038;p=460355"},"modified":"2026-04-27T13:26:49","modified_gmt":"2026-04-27T11:26:49","slug":"oakley-sutro-lite-prizm","status":"publish","type":"product","link":"https:\/\/gr-100.com\/pt-pt\/producto\/oakley-sutro-lite-prizm\/","title":{"rendered":"Oakley Sutro Lite Prizm"},"content":{"rendered":"<div class=\"pdpBottom-productInfo-description o21_text-color2 o21_text7 o21_text-medium\">\n<div class=\"pdpBottom-productInfo-description o21_text-color2 o21_text7 o21_text-medium\">Inspirada en la vida cotidiana de los ciclistas urbanos, la pantalla envolvente crea un aspecto llamativo y vers\u00e1til, protege de las inclemencias del tiempo y mejora la visi\u00f3n con la tecnolog\u00eda de lentes Prizm\u2122, a la vez que inspira a los deportistas a moverse con seguridad y fluidez a lo largo del d\u00eda.<\/div>\n<div class=\"pdpBottom-productInfo-feature o21_text-color1 o21_text7 o21_bg5\">\u2022 Disponibles con lentes Prizm\u2122 dise\u00f1adas para realzar el color y el contraste y para que puedas ver m\u00e1s detalles<br \/>\n\u2022 Modelo envolvente, de media montura, dise\u00f1ado para aumentar el campo de visi\u00f3n y mejorar la ventilaci\u00f3n<br \/>\n\u2022 El material de la montura O Matter\u2122 proporciona durabilidad y comodidad durante todo el d\u00eda, para mantenerse al ritmo de una vida activa<br \/>\n\u2022 Con Unobtainium\u00ae texturizado y estriado a\u00f1adido al lado interior de la varilla para aumentar la retenci\u00f3n<br \/>\n\u2022 Las plaquetas nasales de Unobtainium\u00ae de Oakley proporcionan mayor comodidad y rendimiento y aumentan el agarre con la transpiraci\u00f3n<\/div>\n<\/div>\n","protected":false},"excerpt":{"rendered":"<p>La familia Sutro crece con una versi\u00f3n de media montura del popular modelo para ofrecer un campo de visi\u00f3n m\u00e1s amplio.<\/p>\n","protected":false},"featured_media":460356,"comment_status":"closed","ping_status":"closed","template":"","meta":{"_acf_changed":false,"_et_pb_use_builder":"","_et_pb_old_content":"","_et_gb_content_width":"","inline_featured_image":false},"product_brand":[],"product_cat":[26,47],"product_tag":[],"class_list":{"0":"post-460355","1":"product","2":"type-product","3":"status-publish","4":"has-post-thumbnail","6":"product_cat-accesorios","7":"product_cat-gafas","8":"product_shipping_class-accesorios","10":"first","11":"instock","12":"sale","13":"taxable","14":"shipping-taxable","15":"purchasable","16":"product-type-simple"},"acf":[],"yoast_head":"<!-- This site is optimized with the Yoast SEO Premium plugin v26.7 (Yoast SEO v26.7) - https:\/\/yoast.com\/wordpress\/plugins\/seo\/ -->\n<title>Oakley Sutro Lite Prizm - GR-100<\/title>\n<meta name=\"description\" content=\"GR-100 Bikes. La familia Sutro crece con una versi\u00f3n de media montura del popular modelo para ofrecer un campo de visi\u00f3n m\u00e1s amplio.\" \/>\n<meta name=\"robots\" content=\"index, follow, max-snippet:-1, max-image-preview:large, max-video-preview:-1\" \/>\n<link rel=\"canonical\" href=\"https:\/\/gr-100.com\/producto\/oakley-sutro-lite-prizm\/\" \/>\n<meta property=\"og:locale\" content=\"pt_PT\" \/>\n<meta property=\"og:type\" content=\"article\" \/>\n<meta property=\"og:title\" content=\"Oakley Sutro Lite Prizm\" \/>\n<meta property=\"og:description\" content=\"GR-100 Bikes. La familia Sutro crece con una versi\u00f3n de media montura del popular modelo para ofrecer un campo de visi\u00f3n m\u00e1s amplio.\" \/>\n<meta property=\"og:url\" content=\"https:\/\/gr-100.com\/producto\/oakley-sutro-lite-prizm\/\" \/>\n<meta property=\"og:site_name\" content=\"Gr-100 Tienda de ciclismo Specialized\" \/>\n<meta property=\"article:publisher\" content=\"https:\/\/www.facebook.com\/Gr100Bikes\" \/>\n<meta property=\"article:modified_time\" content=\"2026-04-27T11:26:49+00:00\" \/>\n<meta property=\"og:image\" content=\"https:\/\/gr-100.com\/wp-content\/uploads\/2026\/04\/sutro-lite-verde.jpg\" \/>\n\t<meta property=\"og:image:width\" content=\"1000\" \/>\n\t<meta property=\"og:image:height\" content=\"1000\" \/>\n\t<meta property=\"og:image:type\" content=\"image\/jpeg\" \/>\n<meta name=\"twitter:card\" content=\"summary_large_image\" \/>\n<meta name=\"twitter:label1\" content=\"Tempo estimado de leitura\" \/>\n\t<meta name=\"twitter:data1\" content=\"1 minuto\" \/>\n<script type=\"application\/ld+json\" class=\"yoast-schema-graph\">{\"@context\":\"https:\/\/schema.org\",\"@graph\":[{\"@type\":\"WebPage\",\"@id\":\"https:\/\/gr-100.com\/producto\/oakley-sutro-lite-prizm\/\",\"url\":\"https:\/\/gr-100.com\/producto\/oakley-sutro-lite-prizm\/\",\"name\":\"Oakley Sutro Lite Prizm - GR-100\",\"isPartOf\":{\"@id\":\"https:\/\/gr-100.com\/#website\"},\"primaryImageOfPage\":{\"@id\":\"https:\/\/gr-100.com\/producto\/oakley-sutro-lite-prizm\/#primaryimage\"},\"image\":{\"@id\":\"https:\/\/gr-100.com\/producto\/oakley-sutro-lite-prizm\/#primaryimage\"},\"thumbnailUrl\":\"https:\/\/gr-100.com\/wp-content\/uploads\/2026\/04\/sutro-lite-verde.jpg\",\"datePublished\":\"2026-04-27T11:05:43+00:00\",\"dateModified\":\"2026-04-27T11:26:49+00:00\",\"description\":\"GR-100 Bikes. La familia Sutro crece con una versi\u00f3n de media montura del popular modelo para ofrecer un campo de visi\u00f3n m\u00e1s amplio.\",\"breadcrumb\":{\"@id\":\"https:\/\/gr-100.com\/producto\/oakley-sutro-lite-prizm\/#breadcrumb\"},\"inLanguage\":\"pt-PT\",\"potentialAction\":[{\"@type\":\"ReadAction\",\"target\":[\"https:\/\/gr-100.com\/producto\/oakley-sutro-lite-prizm\/\"]}]},{\"@type\":\"ImageObject\",\"inLanguage\":\"pt-PT\",\"@id\":\"https:\/\/gr-100.com\/producto\/oakley-sutro-lite-prizm\/#primaryimage\",\"url\":\"https:\/\/gr-100.com\/wp-content\/uploads\/2026\/04\/sutro-lite-verde.jpg\",\"contentUrl\":\"https:\/\/gr-100.com\/wp-content\/uploads\/2026\/04\/sutro-lite-verde.jpg\",\"width\":1000,\"height\":1000},{\"@type\":\"BreadcrumbList\",\"@id\":\"https:\/\/gr-100.com\/producto\/oakley-sutro-lite-prizm\/#breadcrumb\",\"itemListElement\":[{\"@type\":\"ListItem\",\"position\":1,\"name\":\"Portada\",\"item\":\"https:\/\/gr-100.com\/en\/\"},{\"@type\":\"ListItem\",\"position\":2,\"name\":\"Productos\",\"item\":\"https:\/\/gr-100.com\/?post_type=product\"},{\"@type\":\"ListItem\",\"position\":3,\"name\":\"Oakley Sutro Lite Prizm\"}]},{\"@type\":\"WebSite\",\"@id\":\"https:\/\/gr-100.com\/#website\",\"url\":\"https:\/\/gr-100.com\/\",\"name\":\"Gr-100 Tienda de ciclismo Specialized\",\"description\":\"GR-100 tenemos todas las gamas de bicicletas Specialized al mejor precio.\",\"publisher\":{\"@id\":\"https:\/\/gr-100.com\/#organization\"},\"alternateName\":\"Gr-100 Bikes\",\"potentialAction\":[{\"@type\":\"SearchAction\",\"target\":{\"@type\":\"EntryPoint\",\"urlTemplate\":\"https:\/\/gr-100.com\/?s={search_term_string}\"},\"query-input\":{\"@type\":\"PropertyValueSpecification\",\"valueRequired\":true,\"valueName\":\"search_term_string\"}}],\"inLanguage\":\"pt-PT\"},{\"@type\":\"Organization\",\"@id\":\"https:\/\/gr-100.com\/#organization\",\"name\":\"Gr-100\",\"url\":\"https:\/\/gr-100.com\/\",\"logo\":{\"@type\":\"ImageObject\",\"inLanguage\":\"pt-PT\",\"@id\":\"https:\/\/gr-100.com\/#\/schema\/logo\/image\/\",\"url\":\"https:\/\/gr-100.com\/wp-content\/uploads\/2023\/08\/logo-gr-100-bikes.png\",\"contentUrl\":\"https:\/\/gr-100.com\/wp-content\/uploads\/2023\/08\/logo-gr-100-bikes.png\",\"width\":707,\"height\":284,\"caption\":\"Gr-100\"},\"image\":{\"@id\":\"https:\/\/gr-100.com\/#\/schema\/logo\/image\/\"},\"sameAs\":[\"https:\/\/www.facebook.com\/Gr100Bikes\",\"https:\/\/www.instagram.com\/gr100bikes\/\",\"https:\/\/www.tiktok.com\/@gr100bikes\",\"https:\/\/twitter.com\/gr100mtbteam\",\"https:\/\/www.youtube.com\/c\/GR100Specialized\"]}]}<\/script>\n<!-- \/ Yoast SEO Premium plugin. -->","yoast_head_json":{"title":"Oakley Sutro Lite Prizm - GR-100","description":"GR-100 Bikes. La familia Sutro crece con una versi\u00f3n de media montura del popular modelo para ofrecer un campo de visi\u00f3n m\u00e1s amplio.","robots":{"index":"index","follow":"follow","max-snippet":"max-snippet:-1","max-image-preview":"max-image-preview:large","max-video-preview":"max-video-preview:-1"},"canonical":"https:\/\/gr-100.com\/producto\/oakley-sutro-lite-prizm\/","og_locale":"pt_PT","og_type":"article","og_title":"Oakley Sutro Lite Prizm","og_description":"GR-100 Bikes. La familia Sutro crece con una versi\u00f3n de media montura del popular modelo para ofrecer un campo de visi\u00f3n m\u00e1s amplio.","og_url":"https:\/\/gr-100.com\/producto\/oakley-sutro-lite-prizm\/","og_site_name":"Gr-100 Tienda de ciclismo Specialized","article_publisher":"https:\/\/www.facebook.com\/Gr100Bikes","article_modified_time":"2026-04-27T11:26:49+00:00","og_image":[{"width":1000,"height":1000,"url":"https:\/\/gr-100.com\/wp-content\/uploads\/2026\/04\/sutro-lite-verde.jpg","type":"image\/jpeg"}],"twitter_card":"summary_large_image","twitter_misc":{"Tempo estimado de leitura":"1 minuto"},"schema":{"@context":"https:\/\/schema.org","@graph":[{"@type":"WebPage","@id":"https:\/\/gr-100.com\/producto\/oakley-sutro-lite-prizm\/","url":"https:\/\/gr-100.com\/producto\/oakley-sutro-lite-prizm\/","name":"Oakley Sutro Lite Prizm - GR-100","isPartOf":{"@id":"https:\/\/gr-100.com\/#website"},"primaryImageOfPage":{"@id":"https:\/\/gr-100.com\/producto\/oakley-sutro-lite-prizm\/#primaryimage"},"image":{"@id":"https:\/\/gr-100.com\/producto\/oakley-sutro-lite-prizm\/#primaryimage"},"thumbnailUrl":"https:\/\/gr-100.com\/wp-content\/uploads\/2026\/04\/sutro-lite-verde.jpg","datePublished":"2026-04-27T11:05:43+00:00","dateModified":"2026-04-27T11:26:49+00:00","description":"GR-100 Bikes. La familia Sutro crece con una versi\u00f3n de media montura del popular modelo para ofrecer un campo de visi\u00f3n m\u00e1s amplio.","breadcrumb":{"@id":"https:\/\/gr-100.com\/producto\/oakley-sutro-lite-prizm\/#breadcrumb"},"inLanguage":"pt-PT","potentialAction":[{"@type":"ReadAction","target":["https:\/\/gr-100.com\/producto\/oakley-sutro-lite-prizm\/"]}]},{"@type":"ImageObject","inLanguage":"pt-PT","@id":"https:\/\/gr-100.com\/producto\/oakley-sutro-lite-prizm\/#primaryimage","url":"https:\/\/gr-100.com\/wp-content\/uploads\/2026\/04\/sutro-lite-verde.jpg","contentUrl":"https:\/\/gr-100.com\/wp-content\/uploads\/2026\/04\/sutro-lite-verde.jpg","width":1000,"height":1000},{"@type":"BreadcrumbList","@id":"https:\/\/gr-100.com\/producto\/oakley-sutro-lite-prizm\/#breadcrumb","itemListElement":[{"@type":"ListItem","position":1,"name":"Portada","item":"https:\/\/gr-100.com\/en\/"},{"@type":"ListItem","position":2,"name":"Productos","item":"https:\/\/gr-100.com\/?post_type=product"},{"@type":"ListItem","position":3,"name":"Oakley Sutro Lite Prizm"}]},{"@type":"WebSite","@id":"https:\/\/gr-100.com\/#website","url":"https:\/\/gr-100.com\/","name":"Gr-100 Tienda de ciclismo Specialized","description":"GR-100 tenemos todas las gamas de bicicletas Specialized al mejor precio.","publisher":{"@id":"https:\/\/gr-100.com\/#organization"},"alternateName":"Gr-100 Bikes","potentialAction":[{"@type":"SearchAction","target":{"@type":"EntryPoint","urlTemplate":"https:\/\/gr-100.com\/?s={search_term_string}"},"query-input":{"@type":"PropertyValueSpecification","valueRequired":true,"valueName":"search_term_string"}}],"inLanguage":"pt-PT"},{"@type":"Organization","@id":"https:\/\/gr-100.com\/#organization","name":"Gr-100","url":"https:\/\/gr-100.com\/","logo":{"@type":"ImageObject","inLanguage":"pt-PT","@id":"https:\/\/gr-100.com\/#\/schema\/logo\/image\/","url":"https:\/\/gr-100.com\/wp-content\/uploads\/2023\/08\/logo-gr-100-bikes.png","contentUrl":"https:\/\/gr-100.com\/wp-content\/uploads\/2023\/08\/logo-gr-100-bikes.png","width":707,"height":284,"caption":"Gr-100"},"image":{"@id":"https:\/\/gr-100.com\/#\/schema\/logo\/image\/"},"sameAs":["https:\/\/www.facebook.com\/Gr100Bikes","https:\/\/www.instagram.com\/gr100bikes\/","https:\/\/www.tiktok.com\/@gr100bikes","https:\/\/twitter.com\/gr100mtbteam","https:\/\/www.youtube.com\/c\/GR100Specialized"]}]}},"_links":{"self":[{"href":"https:\/\/gr-100.com\/pt-pt\/wp-json\/wp\/v2\/product\/460355","targetHints":{"allow":["GET"]}}],"collection":[{"href":"https:\/\/gr-100.com\/pt-pt\/wp-json\/wp\/v2\/product"}],"about":[{"href":"https:\/\/gr-100.com\/pt-pt\/wp-json\/wp\/v2\/types\/product"}],"replies":[{"embeddable":true,"href":"https:\/\/gr-100.com\/pt-pt\/wp-json\/wp\/v2\/comments?post=460355"}],"wp:featuredmedia":[{"embeddable":true,"href":"https:\/\/gr-100.com\/pt-pt\/wp-json\/wp\/v2\/media\/460356"}],"wp:attachment":[{"href":"https:\/\/gr-100.com\/pt-pt\/wp-json\/wp\/v2\/media?parent=460355"}],"wp:term":[{"taxonomy":"product_brand","embeddable":true,"href":"https:\/\/gr-100.com\/pt-pt\/wp-json\/wp\/v2\/product_brand?post=460355"},{"taxonomy":"product_cat","embeddable":true,"href":"https:\/\/gr-100.com\/pt-pt\/wp-json\/wp\/v2\/product_cat?post=460355"},{"taxonomy":"product_tag","embeddable":true,"href":"https:\/\/gr-100.com\/pt-pt\/wp-json\/wp\/v2\/product_tag?post=460355"}],"curies":[{"name":"wp","href":"https:\/\/api.w.org\/{rel}","templated":true}]}}