{"id":460547,"date":"2026-04-28T12:58:54","date_gmt":"2026-04-28T10:58:54","guid":{"rendered":"https:\/\/gr-100.com\/?post_type=product&#038;p=460547"},"modified":"2026-04-29T11:21:16","modified_gmt":"2026-04-29T09:21:16","slug":"specialized-s-works-demo-11-2027","status":"publish","type":"product","link":"https:\/\/gr-100.com\/pt-pt\/producto\/specialized-s-works-demo-11-2027\/","title":{"rendered":"Specialized S-Works Demo 11 2027"},"content":{"rendered":"<p class=\"overviewSubheadline\">-Velocidad basada en la confianza<br \/>\n-Control, aplomo y velocidad inigualables.<br \/>\n-Presentamos una innovaci\u00f3n probada en competici\u00f3n que ofrece un aplomo y un control predecibles y en los que conf\u00edan los corredores para sentir el \u201cflow\u201d al instante, arriesgar m\u00e1s, trazar l\u00edneas m\u00e1s r\u00e1pidas y aumentar la velocidad desde la salida hasta la meta.<\/p>\n<p><strong>Especificaciones t\u00e9cnicas<\/strong><\/p>\n<ul>\n<li><strong>Cuadro<\/strong><br \/>\nCuadro de carbono FACT 11m con 200 mm de recorrido, sistema HighGear, bielas de 165 mm, cazoletas de direcci\u00f3n con ajuste de alcance, ajuste del pedalier, cableado completamente interno y espaciado trasero de 148 mm.<br \/>\n<strong>Abrazadera del sill\u00edn<\/strong><br \/>\nSpecialized de aleaci\u00f3n 34,9 mm, tornillo de acero.<\/li>\n<li><strong>Suspensi\u00f3n<\/strong><br \/>\n<strong>Horquilla<\/strong><br \/>\nRockShox Boxxer Ultimate, doble pletina, offset de 52 mm, 200 mm de recorrido.<br \/>\n<strong>Amortiguador trasero<\/strong><br \/>\nRockShox Vivid Coil Ultimate DH, 250 x 75 mm<br \/>\nS3 &#8211; 450 lbs, S4 &#8211; 500 lbs, S5 &#8211; 525 lbs<\/li>\n<li><strong>Frenos<\/strong><br \/>\n<strong>Freno trasero<\/strong><br \/>\nSRAM Maven Ultimate B1, pinza de 4 pistones, disco hidr\u00e1ulico, rotor de 200 mm.<br \/>\n<strong>Freno delantero<\/strong><br \/>\nSRAM Maven Ultimate B1, pinza de 4 pistones, disco hidr\u00e1ulico, rotor de 220 mm.<\/li>\n<li><strong>Transmisi\u00f3n<\/strong><br \/>\n<strong>Manetas de cambio<\/strong><br \/>\nSRAM AXS Pod Ultimate con abrazadera discreta.<br \/>\n<strong>Cassette<\/strong><br \/>\nSRAM CS XS 797 T-Type 10-24 DH XD.<br \/>\n<strong>Caja de pedalier<\/strong><br \/>\nSRAM GXP.<br \/>\n<strong>Desviador trasero<\/strong><br \/>\nSRAM XX DH AXS T-Type.<br \/>\n<strong>Platos y bielas<\/strong><br \/>\nJuego de bielas SRAM XX HighGear, longitud de 165 mm.<br \/>\n<strong>Cadena<\/strong><br \/>\nSRAM XX, T-Type.<\/li>\n<li><strong>Ruedas y neum\u00e1ticos<\/strong><br \/>\n<strong>Neum\u00e1tico trasero<\/strong><br \/>\nCannibal GRID Gravity T9 TLR Downhill 27,5 x 2,4&#8243;.<br \/>\n<strong>Neum\u00e1tico delantero<\/strong><br \/>\nCannibal GRID Gravity T9 TLR Downhill 29 x 2,4&#8243;.<br \/>\n<strong>Rueda trasera<\/strong><br \/>\nRoval Traverse Gravity Alloy 27,5&#8243;, llanta de aleaci\u00f3n 32 radios, ancho interno de 28 mm, buje DT Swiss 350, 12&#215;148 mm, radios Sapim D-Light.<br \/>\n<strong>Rueda delantera<\/strong><br \/>\nRoval Traverse Gravity Alloy 29&#8243;, llanta de aleaci\u00f3n 32 radios, ancho interno de 28 mm, buje DT Swiss 350, 20&#215;110 mm, radios Sapim D-Light.<br \/>\n<strong>C\u00e1maras<\/strong><br \/>\nEst\u00e1ndar, v\u00e1lvula Presta.<\/li>\n<li><strong>Cockpit<\/strong><br \/>\n<strong>Sill\u00edn<\/strong><br \/>\nBody Geometry Henge DH, ra\u00edles huecos de titanio, 130 mm.<br \/>\n<strong>Pu\u00f1os<\/strong><br \/>\nDeity Supracush, sistema Lock-On, 34 mm de di\u00e1metro, 133 mm de longitud, color negro.<br \/>\n<strong>Potencia<\/strong><br \/>\nSRAM Descendant DH, abrazadera de 35 mm, longitud de 50 mm, montaje directo, color negro.<br \/>\n<strong>Manillar<\/strong><br \/>\nSRAM Descendant, abrazadera de 35 mm, ancho de 800 mm, elevaci\u00f3n de 30 mm.<br \/>\n<strong>Tija del sill\u00edn<\/strong><br \/>\nThomson de aleaci\u00f3n, recta, abrazadera de 12 grados.<\/li>\n<li><strong>Detalles del producto<\/strong><\/li>\n<li><strong>Peso<\/strong><br \/>\n19,03 kg (41 lb, 15,3 oz)<br \/>\nTalla S4<\/li>\n<\/ul>\n","protected":false},"excerpt":{"rendered":"<p>-Velocidad basada en la confianza -Control, aplomo y velocidad inigualables. -Presentamos una innovaci\u00f3n probada en competici\u00f3n que ofrece un aplomo y un control predecibles y en los que conf\u00edan los corredores para sentir el \u201cflow\u201d al instante, arriesgar m\u00e1s, trazar l\u00edneas m\u00e1s r\u00e1pidas y aumentar la velocidad desde la salida hasta la meta. Especificaciones t\u00e9cnicas [&hellip;]<\/p>\n","protected":false},"featured_media":460548,"comment_status":"open","ping_status":"closed","template":"","meta":{"_acf_changed":false,"_et_pb_use_builder":"","_et_pb_old_content":"","_et_gb_content_width":"","inline_featured_image":false},"product_brand":[],"product_cat":[21,5201,5197,5205,5199,5204,5194],"product_tag":[],"class_list":{"0":"post-460547","1":"product","2":"type-product","3":"status-publish","4":"has-post-thumbnail","6":"product_cat-bicicletas-montana","7":"product_cat-bicicletas-montana-29","8":"product_cat-bicicletas-montana-carbono","9":"product_cat-bicicletas-montana-descenso","10":"product_cat-bicicletas-montana-doble-suspension","11":"product_cat-bicicletas-montana-enduro-trail","12":"product_cat-bicicletas-montana-s-works","14":"first","15":"instock","16":"taxable","17":"shipping-taxable","18":"purchasable","19":"product-type-variable","20":"wvs-archive-product-wrapper"},"acf":[],"yoast_head":"<!-- This site is optimized with the Yoast SEO Premium plugin v26.7 (Yoast SEO v26.7) - https:\/\/yoast.com\/wordpress\/plugins\/seo\/ -->\n<title>Specialized S-Works Demo 11 2027<\/title>\n<meta name=\"description\" content=\"Presentamos una innovaci\u00f3n probada en competici\u00f3n que ofrece un aplomo y un control predecibles y en los que conf\u00edan los corredores para sentir el \u201cflow\u201d al instante, arriesgar m\u00e1s, trazar l\u00edneas m\u00e1s r\u00e1pidas y aumentar la velocidad desde la salida hasta la meta.\" \/>\n<meta name=\"robots\" content=\"index, follow, max-snippet:-1, max-image-preview:large, max-video-preview:-1\" \/>\n<link rel=\"canonical\" href=\"https:\/\/gr-100.com\/producto\/specialized-s-works-demo-11-2027\/\" \/>\n<meta property=\"og:locale\" content=\"pt_PT\" \/>\n<meta property=\"og:type\" content=\"article\" \/>\n<meta property=\"og:title\" content=\"Specialized S-Works Demo 11 2027\" \/>\n<meta property=\"og:description\" content=\"Presentamos una innovaci\u00f3n probada en competici\u00f3n que ofrece un aplomo y un control predecibles y en los que conf\u00edan los corredores para sentir el \u201cflow\u201d al instante, arriesgar m\u00e1s, trazar l\u00edneas m\u00e1s r\u00e1pidas y aumentar la velocidad desde la salida hasta la meta.\" \/>\n<meta property=\"og:url\" content=\"https:\/\/gr-100.com\/producto\/specialized-s-works-demo-11-2027\/\" \/>\n<meta property=\"og:site_name\" content=\"Gr-100 Tienda de ciclismo Specialized\" \/>\n<meta property=\"article:publisher\" content=\"https:\/\/www.facebook.com\/Gr100Bikes\" \/>\n<meta property=\"article:modified_time\" content=\"2026-04-29T09:21:16+00:00\" \/>\n<meta property=\"og:image\" content=\"https:\/\/gr-100.com\/wp-content\/uploads\/2026\/04\/demo-2.jpg\" \/>\n\t<meta property=\"og:image:width\" content=\"1000\" \/>\n\t<meta property=\"og:image:height\" content=\"1000\" \/>\n\t<meta property=\"og:image:type\" content=\"image\/jpeg\" \/>\n<meta name=\"twitter:card\" content=\"summary_large_image\" \/>\n<meta name=\"twitter:label1\" content=\"Tempo estimado de leitura\" \/>\n\t<meta name=\"twitter:data1\" content=\"2 minutos\" \/>\n<script type=\"application\/ld+json\" class=\"yoast-schema-graph\">{\"@context\":\"https:\/\/schema.org\",\"@graph\":[{\"@type\":\"WebPage\",\"@id\":\"https:\/\/gr-100.com\/producto\/specialized-s-works-demo-11-2027\/\",\"url\":\"https:\/\/gr-100.com\/producto\/specialized-s-works-demo-11-2027\/\",\"name\":\"Specialized S-Works Demo 11 2027\",\"isPartOf\":{\"@id\":\"https:\/\/gr-100.com\/#website\"},\"primaryImageOfPage\":{\"@id\":\"https:\/\/gr-100.com\/producto\/specialized-s-works-demo-11-2027\/#primaryimage\"},\"image\":{\"@id\":\"https:\/\/gr-100.com\/producto\/specialized-s-works-demo-11-2027\/#primaryimage\"},\"thumbnailUrl\":\"https:\/\/gr-100.com\/wp-content\/uploads\/2026\/04\/demo-2.jpg\",\"datePublished\":\"2026-04-28T10:58:54+00:00\",\"dateModified\":\"2026-04-29T09:21:16+00:00\",\"description\":\"Presentamos una innovaci\u00f3n probada en competici\u00f3n que ofrece un aplomo y un control predecibles y en los que conf\u00edan los corredores para sentir el \u201cflow\u201d al instante, arriesgar m\u00e1s, trazar l\u00edneas m\u00e1s r\u00e1pidas y aumentar la velocidad desde la salida hasta la meta.\",\"breadcrumb\":{\"@id\":\"https:\/\/gr-100.com\/producto\/specialized-s-works-demo-11-2027\/#breadcrumb\"},\"inLanguage\":\"pt-PT\",\"potentialAction\":[{\"@type\":\"ReadAction\",\"target\":[\"https:\/\/gr-100.com\/producto\/specialized-s-works-demo-11-2027\/\"]}]},{\"@type\":\"ImageObject\",\"inLanguage\":\"pt-PT\",\"@id\":\"https:\/\/gr-100.com\/producto\/specialized-s-works-demo-11-2027\/#primaryimage\",\"url\":\"https:\/\/gr-100.com\/wp-content\/uploads\/2026\/04\/demo-2.jpg\",\"contentUrl\":\"https:\/\/gr-100.com\/wp-content\/uploads\/2026\/04\/demo-2.jpg\",\"width\":1000,\"height\":1000},{\"@type\":\"BreadcrumbList\",\"@id\":\"https:\/\/gr-100.com\/producto\/specialized-s-works-demo-11-2027\/#breadcrumb\",\"itemListElement\":[{\"@type\":\"ListItem\",\"position\":1,\"name\":\"Portada\",\"item\":\"https:\/\/gr-100.com\/en\/\"},{\"@type\":\"ListItem\",\"position\":2,\"name\":\"Productos\",\"item\":\"https:\/\/gr-100.com\/?post_type=product\"},{\"@type\":\"ListItem\",\"position\":3,\"name\":\"Specialized S-Works Demo 11 2027\"}]},{\"@type\":\"WebSite\",\"@id\":\"https:\/\/gr-100.com\/#website\",\"url\":\"https:\/\/gr-100.com\/\",\"name\":\"Gr-100 Tienda de ciclismo Specialized\",\"description\":\"GR-100 tenemos todas las gamas de bicicletas Specialized al mejor precio.\",\"publisher\":{\"@id\":\"https:\/\/gr-100.com\/#organization\"},\"alternateName\":\"Gr-100 Bikes\",\"potentialAction\":[{\"@type\":\"SearchAction\",\"target\":{\"@type\":\"EntryPoint\",\"urlTemplate\":\"https:\/\/gr-100.com\/?s={search_term_string}\"},\"query-input\":{\"@type\":\"PropertyValueSpecification\",\"valueRequired\":true,\"valueName\":\"search_term_string\"}}],\"inLanguage\":\"pt-PT\"},{\"@type\":\"Organization\",\"@id\":\"https:\/\/gr-100.com\/#organization\",\"name\":\"Gr-100\",\"url\":\"https:\/\/gr-100.com\/\",\"logo\":{\"@type\":\"ImageObject\",\"inLanguage\":\"pt-PT\",\"@id\":\"https:\/\/gr-100.com\/#\/schema\/logo\/image\/\",\"url\":\"https:\/\/gr-100.com\/wp-content\/uploads\/2023\/08\/logo-gr-100-bikes.png\",\"contentUrl\":\"https:\/\/gr-100.com\/wp-content\/uploads\/2023\/08\/logo-gr-100-bikes.png\",\"width\":707,\"height\":284,\"caption\":\"Gr-100\"},\"image\":{\"@id\":\"https:\/\/gr-100.com\/#\/schema\/logo\/image\/\"},\"sameAs\":[\"https:\/\/www.facebook.com\/Gr100Bikes\",\"https:\/\/www.instagram.com\/gr100bikes\/\",\"https:\/\/www.tiktok.com\/@gr100bikes\",\"https:\/\/twitter.com\/gr100mtbteam\",\"https:\/\/www.youtube.com\/c\/GR100Specialized\"]}]}<\/script>\n<!-- \/ Yoast SEO Premium plugin. -->","yoast_head_json":{"title":"Specialized S-Works Demo 11 2027","description":"Presentamos una innovaci\u00f3n probada en competici\u00f3n que ofrece un aplomo y un control predecibles y en los que conf\u00edan los corredores para sentir el \u201cflow\u201d al instante, arriesgar m\u00e1s, trazar l\u00edneas m\u00e1s r\u00e1pidas y aumentar la velocidad desde la salida hasta la meta.","robots":{"index":"index","follow":"follow","max-snippet":"max-snippet:-1","max-image-preview":"max-image-preview:large","max-video-preview":"max-video-preview:-1"},"canonical":"https:\/\/gr-100.com\/producto\/specialized-s-works-demo-11-2027\/","og_locale":"pt_PT","og_type":"article","og_title":"Specialized S-Works Demo 11 2027","og_description":"Presentamos una innovaci\u00f3n probada en competici\u00f3n que ofrece un aplomo y un control predecibles y en los que conf\u00edan los corredores para sentir el \u201cflow\u201d al instante, arriesgar m\u00e1s, trazar l\u00edneas m\u00e1s r\u00e1pidas y aumentar la velocidad desde la salida hasta la meta.","og_url":"https:\/\/gr-100.com\/producto\/specialized-s-works-demo-11-2027\/","og_site_name":"Gr-100 Tienda de ciclismo Specialized","article_publisher":"https:\/\/www.facebook.com\/Gr100Bikes","article_modified_time":"2026-04-29T09:21:16+00:00","og_image":[{"width":1000,"height":1000,"url":"https:\/\/gr-100.com\/wp-content\/uploads\/2026\/04\/demo-2.jpg","type":"image\/jpeg"}],"twitter_card":"summary_large_image","twitter_misc":{"Tempo estimado de leitura":"2 minutos"},"schema":{"@context":"https:\/\/schema.org","@graph":[{"@type":"WebPage","@id":"https:\/\/gr-100.com\/producto\/specialized-s-works-demo-11-2027\/","url":"https:\/\/gr-100.com\/producto\/specialized-s-works-demo-11-2027\/","name":"Specialized S-Works Demo 11 2027","isPartOf":{"@id":"https:\/\/gr-100.com\/#website"},"primaryImageOfPage":{"@id":"https:\/\/gr-100.com\/producto\/specialized-s-works-demo-11-2027\/#primaryimage"},"image":{"@id":"https:\/\/gr-100.com\/producto\/specialized-s-works-demo-11-2027\/#primaryimage"},"thumbnailUrl":"https:\/\/gr-100.com\/wp-content\/uploads\/2026\/04\/demo-2.jpg","datePublished":"2026-04-28T10:58:54+00:00","dateModified":"2026-04-29T09:21:16+00:00","description":"Presentamos una innovaci\u00f3n probada en competici\u00f3n que ofrece un aplomo y un control predecibles y en los que conf\u00edan los corredores para sentir el \u201cflow\u201d al instante, arriesgar m\u00e1s, trazar l\u00edneas m\u00e1s r\u00e1pidas y aumentar la velocidad desde la salida hasta la meta.","breadcrumb":{"@id":"https:\/\/gr-100.com\/producto\/specialized-s-works-demo-11-2027\/#breadcrumb"},"inLanguage":"pt-PT","potentialAction":[{"@type":"ReadAction","target":["https:\/\/gr-100.com\/producto\/specialized-s-works-demo-11-2027\/"]}]},{"@type":"ImageObject","inLanguage":"pt-PT","@id":"https:\/\/gr-100.com\/producto\/specialized-s-works-demo-11-2027\/#primaryimage","url":"https:\/\/gr-100.com\/wp-content\/uploads\/2026\/04\/demo-2.jpg","contentUrl":"https:\/\/gr-100.com\/wp-content\/uploads\/2026\/04\/demo-2.jpg","width":1000,"height":1000},{"@type":"BreadcrumbList","@id":"https:\/\/gr-100.com\/producto\/specialized-s-works-demo-11-2027\/#breadcrumb","itemListElement":[{"@type":"ListItem","position":1,"name":"Portada","item":"https:\/\/gr-100.com\/en\/"},{"@type":"ListItem","position":2,"name":"Productos","item":"https:\/\/gr-100.com\/?post_type=product"},{"@type":"ListItem","position":3,"name":"Specialized S-Works Demo 11 2027"}]},{"@type":"WebSite","@id":"https:\/\/gr-100.com\/#website","url":"https:\/\/gr-100.com\/","name":"Gr-100 Tienda de ciclismo Specialized","description":"GR-100 tenemos todas las gamas de bicicletas Specialized al mejor precio.","publisher":{"@id":"https:\/\/gr-100.com\/#organization"},"alternateName":"Gr-100 Bikes","potentialAction":[{"@type":"SearchAction","target":{"@type":"EntryPoint","urlTemplate":"https:\/\/gr-100.com\/?s={search_term_string}"},"query-input":{"@type":"PropertyValueSpecification","valueRequired":true,"valueName":"search_term_string"}}],"inLanguage":"pt-PT"},{"@type":"Organization","@id":"https:\/\/gr-100.com\/#organization","name":"Gr-100","url":"https:\/\/gr-100.com\/","logo":{"@type":"ImageObject","inLanguage":"pt-PT","@id":"https:\/\/gr-100.com\/#\/schema\/logo\/image\/","url":"https:\/\/gr-100.com\/wp-content\/uploads\/2023\/08\/logo-gr-100-bikes.png","contentUrl":"https:\/\/gr-100.com\/wp-content\/uploads\/2023\/08\/logo-gr-100-bikes.png","width":707,"height":284,"caption":"Gr-100"},"image":{"@id":"https:\/\/gr-100.com\/#\/schema\/logo\/image\/"},"sameAs":["https:\/\/www.facebook.com\/Gr100Bikes","https:\/\/www.instagram.com\/gr100bikes\/","https:\/\/www.tiktok.com\/@gr100bikes","https:\/\/twitter.com\/gr100mtbteam","https:\/\/www.youtube.com\/c\/GR100Specialized"]}]}},"_links":{"self":[{"href":"https:\/\/gr-100.com\/pt-pt\/wp-json\/wp\/v2\/product\/460547","targetHints":{"allow":["GET"]}}],"collection":[{"href":"https:\/\/gr-100.com\/pt-pt\/wp-json\/wp\/v2\/product"}],"about":[{"href":"https:\/\/gr-100.com\/pt-pt\/wp-json\/wp\/v2\/types\/product"}],"replies":[{"embeddable":true,"href":"https:\/\/gr-100.com\/pt-pt\/wp-json\/wp\/v2\/comments?post=460547"}],"wp:featuredmedia":[{"embeddable":true,"href":"https:\/\/gr-100.com\/pt-pt\/wp-json\/wp\/v2\/media\/460548"}],"wp:attachment":[{"href":"https:\/\/gr-100.com\/pt-pt\/wp-json\/wp\/v2\/media?parent=460547"}],"wp:term":[{"taxonomy":"product_brand","embeddable":true,"href":"https:\/\/gr-100.com\/pt-pt\/wp-json\/wp\/v2\/product_brand?post=460547"},{"taxonomy":"product_cat","embeddable":true,"href":"https:\/\/gr-100.com\/pt-pt\/wp-json\/wp\/v2\/product_cat?post=460547"},{"taxonomy":"product_tag","embeddable":true,"href":"https:\/\/gr-100.com\/pt-pt\/wp-json\/wp\/v2\/product_tag?post=460547"}],"curies":[{"name":"wp","href":"https:\/\/api.w.org\/{rel}","templated":true}]}}