{"id":460796,"date":"2026-04-28T17:54:20","date_gmt":"2026-04-28T15:54:20","guid":{"rendered":"https:\/\/gr-100.com\/?post_type=product&#038;p=460796"},"modified":"2026-04-28T18:06:22","modified_gmt":"2026-04-28T16:06:22","slug":"specialized-s-works-epic-8-evo-di2-2026-copia-copia-copia-2","status":"publish","type":"product","link":"https:\/\/gr-100.com\/pt-pt\/producto\/specialized-s-works-epic-8-evo-di2-2026-copia-copia-copia-2\/","title":{"rendered":"Cuadro Specialized S-Works Epic 9 2027"},"content":{"rendered":"<h3>Especifica\u00e7\u00f5es t\u00e9cnicas<\/h3>\n<hr>\n<h3>Imagem<\/h3>\n<ul>\n<li><b>Quadro:<\/b> S-works FACT 12m Carbon, Geometria Progressiva XC Race, Rider-First Engineered\u2122, BB roscado, dropouts compat\u00edveis com UDH 12x148mm, roteamento interno de cabos, curso de 120mm, otimizado para drivetrains sem fio.<\/li>\n<li><b>SWAT:<\/b> SWAT BOX 2.0 ASSY (sistema de armazenamento integrado).<\/li>\n<li><b>Abra\u00e7adeira de selim:<\/b> Specialized Alloy 34.9, parafuso de tit\u00e2nio (Ti Bolt).<\/li>\n<\/ul>\n<hr>\n<h3>Suspens\u00e3o<\/h3>\n<ul>\n<li><b>Forqueta:<\/b> RockShox SID ULTIMATE Flight Attendant, Ride Dynamics desenvolvida com 3 posi\u00e7\u00f5es, Debon Air, 15x110mm, offset de 44mm, curso de 120mm.<\/li>\n<li><b>Amortecedor traseiro:<\/b> RockShox SIDLuxe ULTIMATE Flight Attendant, Ride Dynamics desenvolvido com 3 posi\u00e7\u00f5es, Solo Air, 190x45mm.<\/li>\n<\/ul>\n<hr>\n<h3>Detalles del producto<\/h3>\n<ul>\n<li><b>Peso:<\/b> 3.49 kg (7 lb, 11.1 oz) \u2014 Peso correspondiente al cuadro en talla MD.<\/li>\n<\/ul>\n","protected":false},"excerpt":{"rendered":"<p><strong>A evolu\u00e7\u00e3o do mais r\u00e1pido<\/strong><br \/>\n<strong>A bicicleta de corrida XC mais leve, mais r\u00e1pida e mais capaz da hist\u00f3ria<\/strong><br \/>\n&#8211; A Epic 9 representa 24 anos de inova\u00e7\u00e3o vencedora em XC, agora condensada na bicicleta de corrida mais r\u00e1pida do mundo.<br \/>\n&#8211; Come\u00e7\u00e1mos com a refer\u00eancia mundial estabelecida pela Epic 8. Com 206 gramas mais leve, a Epic 9 tornou-se a bicicleta de corrida XC com suspens\u00e3o total mais leve do planeta.<br \/>\n-Depois reduzimos a fric\u00e7\u00e3o da suspens\u00e3o em 11% e aperfei\u00e7o\u00e1mos a cinem\u00e1tica. O resultado: efici\u00eancia, capacidade e velocidade inigual\u00e1veis por watt.<br \/>\n-A velocidade surge como o resultado natural de uma bicicleta t\u00e3o perfeitamente integrada com o ciclista que desaparece, deixando apenas o potencial total do ciclista.<\/p>\n","protected":false},"featured_media":460814,"comment_status":"open","ping_status":"closed","template":"","meta":{"_acf_changed":false,"_et_pb_use_builder":"","_et_pb_old_content":"","_et_gb_content_width":"","inline_featured_image":false},"product_brand":[],"product_cat":[5377,5379,5378,5376,5375,5444,5466,2459,402],"product_tag":[],"class_list":{"0":"post-460796","1":"product","2":"type-product","3":"status-publish","4":"has-post-thumbnail","6":"product_cat-bicicletas-de-montanha-com-suspensao-dupla","7":"product_cat-bicicletas-de-montanha-cross-country-xc","8":"product_cat-bicicletas-de-montanha-de-29","9":"product_cat-bicicletas-de-montanha-em-carbono","10":"product_cat-bicicletas-de-montanha-specialized","11":"product_cat-bicicletas-montana-cuadros-pt-pt","12":"product_cat-bicicletas-montana-s-works-pt-pt","13":"product_cat-bicicletas-pt-pt-2","14":"product_cat-montanha","15":"product_shipping_class-bicicletas-pt-pt","17":"first","18":"instock","19":"taxable","20":"shipping-taxable","21":"purchasable","22":"product-type-variable","23":"wvs-archive-product-wrapper"},"acf":[],"yoast_head":"<!-- This site is optimized with the Yoast SEO Premium plugin v26.7 (Yoast SEO v26.7) - https:\/\/yoast.com\/wordpress\/plugins\/seo\/ -->\n<title>Cuadro Specialized S-Works Epic 9 2027 GR-100<\/title>\n<meta name=\"description\" content=\"Bicicleta XC de competici\u00f3n con cuadro S-Works, suspensi\u00f3n electr\u00f3nica RockShox Flight Attendant, Un peso ultraligero.\" \/>\n<meta name=\"robots\" content=\"index, follow, max-snippet:-1, max-image-preview:large, max-video-preview:-1\" \/>\n<link rel=\"canonical\" href=\"https:\/\/gr-100.com\/pt-pt\/producto\/specialized-s-works-epic-8-evo-di2-2026-copia-copia-copia-2\/\" \/>\n<meta property=\"og:locale\" content=\"pt_PT\" \/>\n<meta property=\"og:type\" content=\"article\" \/>\n<meta property=\"og:title\" content=\"Cuadro Specialized S-Works Epic 9 2027\" \/>\n<meta property=\"og:description\" content=\"Bicicleta XC de competici\u00f3n con cuadro S-Works, suspensi\u00f3n electr\u00f3nica RockShox Flight Attendant, Un peso ultraligero.\" \/>\n<meta property=\"og:url\" content=\"https:\/\/gr-100.com\/pt-pt\/producto\/specialized-s-works-epic-8-evo-di2-2026-copia-copia-copia-2\/\" \/>\n<meta property=\"og:site_name\" content=\"Gr-100 Tienda de ciclismo Specialized\" \/>\n<meta property=\"article:publisher\" content=\"https:\/\/www.facebook.com\/Gr100Bikes\" \/>\n<meta property=\"article:modified_time\" content=\"2026-04-28T16:06:22+00:00\" \/>\n<meta property=\"og:image\" content=\"https:\/\/gr-100.com\/wp-content\/uploads\/2026\/04\/Cuadro-S-Works-Epic-9-70327-0603.jpg\" \/>\n\t<meta property=\"og:image:width\" content=\"1000\" \/>\n\t<meta property=\"og:image:height\" content=\"1000\" \/>\n\t<meta property=\"og:image:type\" content=\"image\/jpeg\" \/>\n<meta name=\"twitter:card\" content=\"summary_large_image\" \/>\n<meta name=\"twitter:label1\" content=\"Tempo estimado de leitura\" \/>\n\t<meta name=\"twitter:data1\" content=\"1 minuto\" \/>\n<script type=\"application\/ld+json\" class=\"yoast-schema-graph\">{\"@context\":\"https:\/\/schema.org\",\"@graph\":[{\"@type\":\"WebPage\",\"@id\":\"https:\/\/gr-100.com\/pt-pt\/producto\/specialized-s-works-epic-8-evo-di2-2026-copia-copia-copia-2\/\",\"url\":\"https:\/\/gr-100.com\/pt-pt\/producto\/specialized-s-works-epic-8-evo-di2-2026-copia-copia-copia-2\/\",\"name\":\"Cuadro Specialized S-Works Epic 9 2027 GR-100\",\"isPartOf\":{\"@id\":\"https:\/\/gr-100.com\/#website\"},\"primaryImageOfPage\":{\"@id\":\"https:\/\/gr-100.com\/pt-pt\/producto\/specialized-s-works-epic-8-evo-di2-2026-copia-copia-copia-2\/#primaryimage\"},\"image\":{\"@id\":\"https:\/\/gr-100.com\/pt-pt\/producto\/specialized-s-works-epic-8-evo-di2-2026-copia-copia-copia-2\/#primaryimage\"},\"thumbnailUrl\":\"https:\/\/gr-100.com\/wp-content\/uploads\/2026\/04\/Cuadro-S-Works-Epic-9-70327-0603.jpg\",\"datePublished\":\"2026-04-28T15:54:20+00:00\",\"dateModified\":\"2026-04-28T16:06:22+00:00\",\"description\":\"Bicicleta XC de competici\u00f3n con cuadro S-Works, suspensi\u00f3n electr\u00f3nica RockShox Flight Attendant, Un peso ultraligero.\",\"breadcrumb\":{\"@id\":\"https:\/\/gr-100.com\/pt-pt\/producto\/specialized-s-works-epic-8-evo-di2-2026-copia-copia-copia-2\/#breadcrumb\"},\"inLanguage\":\"pt-PT\",\"potentialAction\":[{\"@type\":\"ReadAction\",\"target\":[\"https:\/\/gr-100.com\/pt-pt\/producto\/specialized-s-works-epic-8-evo-di2-2026-copia-copia-copia-2\/\"]}]},{\"@type\":\"ImageObject\",\"inLanguage\":\"pt-PT\",\"@id\":\"https:\/\/gr-100.com\/pt-pt\/producto\/specialized-s-works-epic-8-evo-di2-2026-copia-copia-copia-2\/#primaryimage\",\"url\":\"https:\/\/gr-100.com\/wp-content\/uploads\/2026\/04\/Cuadro-S-Works-Epic-9-70327-0603.jpg\",\"contentUrl\":\"https:\/\/gr-100.com\/wp-content\/uploads\/2026\/04\/Cuadro-S-Works-Epic-9-70327-0603.jpg\",\"width\":1000,\"height\":1000},{\"@type\":\"BreadcrumbList\",\"@id\":\"https:\/\/gr-100.com\/pt-pt\/producto\/specialized-s-works-epic-8-evo-di2-2026-copia-copia-copia-2\/#breadcrumb\",\"itemListElement\":[{\"@type\":\"ListItem\",\"position\":1,\"name\":\"Portada\",\"item\":\"https:\/\/gr-100.com\/en\/\"},{\"@type\":\"ListItem\",\"position\":2,\"name\":\"Productos\",\"item\":\"https:\/\/gr-100.com\/?post_type=product\"},{\"@type\":\"ListItem\",\"position\":3,\"name\":\"Cuadro Specialized S-Works Epic 9 2027\"}]},{\"@type\":\"WebSite\",\"@id\":\"https:\/\/gr-100.com\/#website\",\"url\":\"https:\/\/gr-100.com\/\",\"name\":\"Gr-100 Tienda de ciclismo Specialized\",\"description\":\"GR-100 tenemos todas las gamas de bicicletas Specialized al mejor precio.\",\"publisher\":{\"@id\":\"https:\/\/gr-100.com\/#organization\"},\"alternateName\":\"Gr-100 Bikes\",\"potentialAction\":[{\"@type\":\"SearchAction\",\"target\":{\"@type\":\"EntryPoint\",\"urlTemplate\":\"https:\/\/gr-100.com\/?s={search_term_string}\"},\"query-input\":{\"@type\":\"PropertyValueSpecification\",\"valueRequired\":true,\"valueName\":\"search_term_string\"}}],\"inLanguage\":\"pt-PT\"},{\"@type\":\"Organization\",\"@id\":\"https:\/\/gr-100.com\/#organization\",\"name\":\"Gr-100\",\"url\":\"https:\/\/gr-100.com\/\",\"logo\":{\"@type\":\"ImageObject\",\"inLanguage\":\"pt-PT\",\"@id\":\"https:\/\/gr-100.com\/#\/schema\/logo\/image\/\",\"url\":\"https:\/\/gr-100.com\/wp-content\/uploads\/2023\/08\/logo-gr-100-bikes.png\",\"contentUrl\":\"https:\/\/gr-100.com\/wp-content\/uploads\/2023\/08\/logo-gr-100-bikes.png\",\"width\":707,\"height\":284,\"caption\":\"Gr-100\"},\"image\":{\"@id\":\"https:\/\/gr-100.com\/#\/schema\/logo\/image\/\"},\"sameAs\":[\"https:\/\/www.facebook.com\/Gr100Bikes\",\"https:\/\/www.instagram.com\/gr100bikes\/\",\"https:\/\/www.tiktok.com\/@gr100bikes\",\"https:\/\/twitter.com\/gr100mtbteam\",\"https:\/\/www.youtube.com\/c\/GR100Specialized\"]}]}<\/script>\n<!-- \/ Yoast SEO Premium plugin. -->","yoast_head_json":{"title":"Cuadro Specialized S-Works Epic 9 2027 GR-100","description":"Bicicleta XC de competici\u00f3n con cuadro S-Works, suspensi\u00f3n electr\u00f3nica RockShox Flight Attendant, Un peso ultraligero.","robots":{"index":"index","follow":"follow","max-snippet":"max-snippet:-1","max-image-preview":"max-image-preview:large","max-video-preview":"max-video-preview:-1"},"canonical":"https:\/\/gr-100.com\/pt-pt\/producto\/specialized-s-works-epic-8-evo-di2-2026-copia-copia-copia-2\/","og_locale":"pt_PT","og_type":"article","og_title":"Cuadro Specialized S-Works Epic 9 2027","og_description":"Bicicleta XC de competici\u00f3n con cuadro S-Works, suspensi\u00f3n electr\u00f3nica RockShox Flight Attendant, Un peso ultraligero.","og_url":"https:\/\/gr-100.com\/pt-pt\/producto\/specialized-s-works-epic-8-evo-di2-2026-copia-copia-copia-2\/","og_site_name":"Gr-100 Tienda de ciclismo Specialized","article_publisher":"https:\/\/www.facebook.com\/Gr100Bikes","article_modified_time":"2026-04-28T16:06:22+00:00","og_image":[{"width":1000,"height":1000,"url":"https:\/\/gr-100.com\/wp-content\/uploads\/2026\/04\/Cuadro-S-Works-Epic-9-70327-0603.jpg","type":"image\/jpeg"}],"twitter_card":"summary_large_image","twitter_misc":{"Tempo estimado de leitura":"1 minuto"},"schema":{"@context":"https:\/\/schema.org","@graph":[{"@type":"WebPage","@id":"https:\/\/gr-100.com\/pt-pt\/producto\/specialized-s-works-epic-8-evo-di2-2026-copia-copia-copia-2\/","url":"https:\/\/gr-100.com\/pt-pt\/producto\/specialized-s-works-epic-8-evo-di2-2026-copia-copia-copia-2\/","name":"Cuadro Specialized S-Works Epic 9 2027 GR-100","isPartOf":{"@id":"https:\/\/gr-100.com\/#website"},"primaryImageOfPage":{"@id":"https:\/\/gr-100.com\/pt-pt\/producto\/specialized-s-works-epic-8-evo-di2-2026-copia-copia-copia-2\/#primaryimage"},"image":{"@id":"https:\/\/gr-100.com\/pt-pt\/producto\/specialized-s-works-epic-8-evo-di2-2026-copia-copia-copia-2\/#primaryimage"},"thumbnailUrl":"https:\/\/gr-100.com\/wp-content\/uploads\/2026\/04\/Cuadro-S-Works-Epic-9-70327-0603.jpg","datePublished":"2026-04-28T15:54:20+00:00","dateModified":"2026-04-28T16:06:22+00:00","description":"Bicicleta XC de competici\u00f3n con cuadro S-Works, suspensi\u00f3n electr\u00f3nica RockShox Flight Attendant, Un peso ultraligero.","breadcrumb":{"@id":"https:\/\/gr-100.com\/pt-pt\/producto\/specialized-s-works-epic-8-evo-di2-2026-copia-copia-copia-2\/#breadcrumb"},"inLanguage":"pt-PT","potentialAction":[{"@type":"ReadAction","target":["https:\/\/gr-100.com\/pt-pt\/producto\/specialized-s-works-epic-8-evo-di2-2026-copia-copia-copia-2\/"]}]},{"@type":"ImageObject","inLanguage":"pt-PT","@id":"https:\/\/gr-100.com\/pt-pt\/producto\/specialized-s-works-epic-8-evo-di2-2026-copia-copia-copia-2\/#primaryimage","url":"https:\/\/gr-100.com\/wp-content\/uploads\/2026\/04\/Cuadro-S-Works-Epic-9-70327-0603.jpg","contentUrl":"https:\/\/gr-100.com\/wp-content\/uploads\/2026\/04\/Cuadro-S-Works-Epic-9-70327-0603.jpg","width":1000,"height":1000},{"@type":"BreadcrumbList","@id":"https:\/\/gr-100.com\/pt-pt\/producto\/specialized-s-works-epic-8-evo-di2-2026-copia-copia-copia-2\/#breadcrumb","itemListElement":[{"@type":"ListItem","position":1,"name":"Portada","item":"https:\/\/gr-100.com\/en\/"},{"@type":"ListItem","position":2,"name":"Productos","item":"https:\/\/gr-100.com\/?post_type=product"},{"@type":"ListItem","position":3,"name":"Cuadro Specialized S-Works Epic 9 2027"}]},{"@type":"WebSite","@id":"https:\/\/gr-100.com\/#website","url":"https:\/\/gr-100.com\/","name":"Gr-100 Tienda de ciclismo Specialized","description":"GR-100 tenemos todas las gamas de bicicletas Specialized al mejor precio.","publisher":{"@id":"https:\/\/gr-100.com\/#organization"},"alternateName":"Gr-100 Bikes","potentialAction":[{"@type":"SearchAction","target":{"@type":"EntryPoint","urlTemplate":"https:\/\/gr-100.com\/?s={search_term_string}"},"query-input":{"@type":"PropertyValueSpecification","valueRequired":true,"valueName":"search_term_string"}}],"inLanguage":"pt-PT"},{"@type":"Organization","@id":"https:\/\/gr-100.com\/#organization","name":"Gr-100","url":"https:\/\/gr-100.com\/","logo":{"@type":"ImageObject","inLanguage":"pt-PT","@id":"https:\/\/gr-100.com\/#\/schema\/logo\/image\/","url":"https:\/\/gr-100.com\/wp-content\/uploads\/2023\/08\/logo-gr-100-bikes.png","contentUrl":"https:\/\/gr-100.com\/wp-content\/uploads\/2023\/08\/logo-gr-100-bikes.png","width":707,"height":284,"caption":"Gr-100"},"image":{"@id":"https:\/\/gr-100.com\/#\/schema\/logo\/image\/"},"sameAs":["https:\/\/www.facebook.com\/Gr100Bikes","https:\/\/www.instagram.com\/gr100bikes\/","https:\/\/www.tiktok.com\/@gr100bikes","https:\/\/twitter.com\/gr100mtbteam","https:\/\/www.youtube.com\/c\/GR100Specialized"]}]}},"_links":{"self":[{"href":"https:\/\/gr-100.com\/pt-pt\/wp-json\/wp\/v2\/product\/460796","targetHints":{"allow":["GET"]}}],"collection":[{"href":"https:\/\/gr-100.com\/pt-pt\/wp-json\/wp\/v2\/product"}],"about":[{"href":"https:\/\/gr-100.com\/pt-pt\/wp-json\/wp\/v2\/types\/product"}],"replies":[{"embeddable":true,"href":"https:\/\/gr-100.com\/pt-pt\/wp-json\/wp\/v2\/comments?post=460796"}],"wp:featuredmedia":[{"embeddable":true,"href":"https:\/\/gr-100.com\/pt-pt\/wp-json\/wp\/v2\/media\/460814"}],"wp:attachment":[{"href":"https:\/\/gr-100.com\/pt-pt\/wp-json\/wp\/v2\/media?parent=460796"}],"wp:term":[{"taxonomy":"product_brand","embeddable":true,"href":"https:\/\/gr-100.com\/pt-pt\/wp-json\/wp\/v2\/product_brand?post=460796"},{"taxonomy":"product_cat","embeddable":true,"href":"https:\/\/gr-100.com\/pt-pt\/wp-json\/wp\/v2\/product_cat?post=460796"},{"taxonomy":"product_tag","embeddable":true,"href":"https:\/\/gr-100.com\/pt-pt\/wp-json\/wp\/v2\/product_tag?post=460796"}],"curies":[{"name":"wp","href":"https:\/\/api.w.org\/{rel}","templated":true}]}}