{"id":463978,"date":"2026-05-14T09:28:53","date_gmt":"2026-05-14T07:28:53","guid":{"rendered":"https:\/\/gr-100.com\/?post_type=product&#038;p=463978"},"modified":"2026-05-14T10:04:00","modified_gmt":"2026-05-14T08:04:00","slug":"specialized-s-works-epic-9-2027-copia","status":"publish","type":"product","link":"https:\/\/gr-100.com\/pt-pt\/producto\/specialized-s-works-epic-9-2027-copia\/","title":{"rendered":"Specialized S-Works Epic 9 2027 LTD UL"},"content":{"rendered":"<h3>Especifica\u00e7\u00f5es t\u00e9cnicas<\/h3>\n<hr>\n<h3>Imagem<\/h3>\n<ul>\n<li><b>Quadro:<\/b> S-works FACT 12m Carbon, Geometria Progressiva XC Race, Rider-First Engineered\u2122, BB roscado, dropouts compat\u00edveis com UDH 12x148mm, roteamento interno de cabos, curso de 120mm, otimizado para drivetrains sem fio.<\/li>\n<li><b>SWAT:<\/b> SWAT BOX 2.0 ASSY (sistema de armazenamento integrado).<\/li>\n<li><b>Abra\u00e7adeira de selim:<\/b> Specialized Alloy 34.9, parafuso de tit\u00e2nio (Ti Bolt).<\/li>\n<\/ul>\n<hr>\n<h3>Suspens\u00e3o<\/h3>\n<ul>\n<li><b>Horquilla:<\/b> RockShox SID SL Ultimate, Ride Dynamics desarrollado con 3 posiciones, Debon Air, 15x110mm, 44mm offset, 110mm de recorrido.<\/li>\n<li><b>Amortiguador trasero:<\/b> RockShox SIDLuxe Ultimate, Ride Dynamics desarrollado con 3 posiciones, TwistLoc remote adjust, Solo Air, 190x45mm.<\/li>\n<\/ul>\n<hr>\n<h3>Trav\u00f5es<\/h3>\n<ul>\n<li><b>Freno delantero:<\/b> TRICKSTUFF Piccola, pinza de 2 pistones, leva de carbono, torniller\u00eda de titanio, rotor de 160mm.<\/li>\n<li><b>Freno trasero:<\/b> TRICKSTUFF Piccola, pinza de 2 pistones, leva de carbono, torniller\u00eda de titanio, rotor de 160mm.<\/li>\n<\/ul>\n<hr>\n<h3>Transmiss\u00e3o<\/h3>\n<ul>\n<li><b>Desviador traseiro:<\/b> SRAM XX SL Eagle AXS.<\/li>\n<li><b>Manetas de cambio:<\/b> SRAM AXS Pod Ultimate con abrazadera discreta.<\/li>\n<li>Pedaleira<b>:<\/b> SRAM \/ Quarq XX SL Eagle Power Meter Crankset, DUB; SM: 165mm, M-XL: 170mm; Coroa 34T.<\/li>\n<li><b>Cassete:<\/b> SRAM CS-1299, 12 velocidades, 10-52t.<\/li>\n<li>Corrente<b>:<\/b> SRAM XX SL Eagle Transmission 12-Speed Flattop.<\/li>\n<li><b>Suporte inferior:<\/b> CeramicSpeed Alpha, DUB.<\/li>\n<\/ul>\n<hr>\n<h3>Rodas e pneus<\/h3>\n<ul>\n<li><b>Roda dianteira:<\/b> Roval Control World Cup, carbono com flange mini hooked, 28.5mm de largura interna, tubeless ready, cubo Roval Control World Cup, rolamentos cer\u00e2micos Dt Swiss, raios Roval em carbono com olhais em tit\u00e2nio.<\/li>\n<li><b>Roda traseira:<\/b> Roval Control World Cup, carbono com flange mini hooked, largura interna de 28,5 mm, tubeless ready, cubo Roval Control World Cup, mecanismo interno Dt Swiss 180, raios de carbono Roval com olhais de tit\u00e2nio.<\/li>\n<li><b>Neum\u00e1tico delantero:<\/b> Specialized Air Trak, carcasa Flex Lite, compuesto T5\/T7, 29&#215;2.35&#8243;.<\/li>\n<li><b>Pneu traseiro:<\/b> Specialized Air Trak, carca\u00e7a Flex Lite, composto T5\/T7, 29&#215;2.35&#8243;.<\/li>\n<li><b>Tubos:<\/b> Tubo interno de TPU (termopl\u00e1stico) Specialized.<\/li>\n<\/ul>\n<hr>\n<h3>Cabine de pilotagem<\/h3>\n<ul>\n<li>Guiador<b>:<\/b> Roval Control SL Integrated cockpit, guiador de carbono integrado e sistema de avan\u00e7o; avan\u00e7o 60mm\/70mm e -6 graus; 8 graus de recuo, 2 graus de subida; 760mm de largura.<\/li>\n<li><b>Tija del sill\u00edn:<\/b> Bike Yoke Divine SL, 30.9mm; Recorridos: SM: 100mm, M-XL: 125mm.<\/li>\n<li><b>Sill\u00edn:<\/b> S-Works Power con Mirror.<\/li>\n<li><b>Pu\u00f1os:<\/b> Supacaz Supalite foam grip, closed end.<\/li>\n<\/ul>\n<hr>\n<h3>Detalles del producto<\/h3>\n<ul>\n<li><b>Peso:<\/b> 8.66 kg (19 lb, 1.5 oz) en talla MD.<\/li>\n<\/ul>\n<p><img decoding=\"async\" class=\"geometrie\" src=\"https:\/\/gr-100.com\/wp-content\/uploads\/2026\/04\/Epic-9-S-Works-silueta.jpg\" alt=\"\u00e9pico 9\" width=\"400\"><\/p>\n<h3>Geometria<\/h3>\n<table class=\"geometry-table\" style=\"height: 575px; border-color: #d1d1d1;\" border=\"1\" cellspacing=\"1\" cellpadding=\"1\">\n<thead>\n<tr>\n<th>Tamanho<\/th>\n<th>S<\/th>\n<th>M<\/th>\n<th>L<\/th>\n<th>XL<\/th>\n<\/tr>\n<\/thead>\n<tbody>\n<tr>\n<td class=\"section-header\" colspan=\"5\">Componentes<\/td>\n<\/tr>\n<tr>\n<td>Comprimento da manivela<\/td>\n<td>165mm<\/td>\n<td>170mm<\/td>\n<td>170mm<\/td>\n<td>170mm<\/td>\n<\/tr>\n<tr>\n<td>Largura do guiador<\/td>\n<td>760 mm<\/td>\n<td>760 mm<\/td>\n<td>760mm<\/td>\n<td>760mm<\/td>\n<\/tr>\n<tr>\n<td>Comprimento da haste<\/td>\n<td>60mm<\/td>\n<td>70 mm<\/td>\n<td>70mm<\/td>\n<td>70mm<\/td>\n<\/tr>\n<tr>\n<td>Largura do selim<\/td>\n<td>155mm<\/td>\n<td>143mm<\/td>\n<td>143mm<\/td>\n<td>143mm<\/td>\n<\/tr>\n<tr>\n<td>Recorrido tija telesc\u00f3pica<\/td>\n<td>100mm<\/td>\n<td>125mm<\/td>\n<td>125mm<\/td>\n<td>125mm<\/td>\n<\/tr>\n<tr>\n<td class=\"section-header\" colspan=\"5\">Medidas do quadro<\/td>\n<\/tr>\n<tr>\n<td>Stack<\/td>\n<td>589<\/td>\n<td>599<\/td>\n<td>612<\/td>\n<td>639<\/td>\n<\/tr>\n<tr>\n<td>Reach (Low)<\/td>\n<td>427<\/td>\n<td>457<\/td>\n<td>487<\/td>\n<td>512<\/td>\n<\/tr>\n<tr>\n<td>Reach (High)<\/td>\n<td>432<\/td>\n<td>462<\/td>\n<td>492<\/td>\n<td>517<\/td>\n<\/tr>\n<tr>\n<td>Comprimento do tubo de dire\u00e7\u00e3o<\/td>\n<td>92<\/td>\n<td>105<\/td>\n<td>120<\/td>\n<td>150<\/td>\n<\/tr>\n<tr>\n<td>\u00c1ngulo pipa de direcci\u00f3n (Low)<\/td>\n<td>66.5\u00b0<\/td>\n<td>66.5\u00b0<\/td>\n<td>66.5\u00b0<\/td>\n<td>66.5\u00b0<\/td>\n<\/tr>\n<tr>\n<td>\u00c1ngulo pipa de direcci\u00f3n (High)<\/td>\n<td>66.9\u00b0<\/td>\n<td>66.9\u00b0<\/td>\n<td>66.9\u00b0<\/td>\n<td>66.9\u00b0<\/td>\n<\/tr>\n<tr>\n<td>Altura de pedalier (B-B Height)<\/td>\n<td>328<\/td>\n<td>330<\/td>\n<td>330<\/td>\n<td>330<\/td>\n<\/tr>\n<tr>\n<td>Ca\u00edda de pedalier (B-B Drop Low)<\/td>\n<td>47<\/td>\n<td>45<\/td>\n<td>45<\/td>\n<td>45<\/td>\n<\/tr>\n<tr>\n<td>Ca\u00edda de pedalier (B-B Drop High)<\/td>\n<td>42<\/td>\n<td>40<\/td>\n<td>40<\/td>\n<td>40<\/td>\n<\/tr>\n<tr>\n<td>Trail<\/td>\n<td>115<\/td>\n<td>115<\/td>\n<td>115<\/td>\n<td>115<\/td>\n<\/tr>\n<tr>\n<td>Longitud de horquilla (Full)<\/td>\n<td>516<\/td>\n<td>516<\/td>\n<td>516<\/td>\n<td>516<\/td>\n<\/tr>\n<tr>\n<td>Desvio da forquilha<\/td>\n<td>44<\/td>\n<td>44<\/td>\n<td>44<\/td>\n<td>44<\/td>\n<\/tr>\n<tr>\n<td>Front Center<\/td>\n<td>711<\/td>\n<td>746<\/td>\n<td>782<\/td>\n<td>819<\/td>\n<\/tr>\n<tr>\n<td>Comprimento das escoras (Chain-Stay)<\/td>\n<td>435<\/td>\n<td>435<\/td>\n<td>438<\/td>\n<td>442<\/td>\n<\/tr>\n<tr>\n<td>Distancia entre ejes (Wheelbase)<\/td>\n<td>1142<\/td>\n<td>1178<\/td>\n<td>1217<\/td>\n<td>1258<\/td>\n<\/tr>\n<tr>\n<td>Longitud tubo superior (Horizontal)<\/td>\n<td>632<\/td>\n<td>664<\/td>\n<td>566<\/td>\n<td>599<\/td>\n<\/tr>\n<tr>\n<td>Altura de cuadro (Stand-Over)<\/td>\n<td>740<\/td>\n<td>746<\/td>\n<td>749<\/td>\n<td>756<\/td>\n<\/tr>\n<tr>\n<td>Comprimento do tubo do selim<\/td>\n<td>390<\/td>\n<td>410<\/td>\n<td>455<\/td>\n<td>505<\/td>\n<\/tr>\n<tr>\n<td>\u00c1ngulo tubo sill\u00edn<\/td>\n<td>76.5\u00b0<\/td>\n<td>76.5\u00b0<\/td>\n<td>76.5\u00b0<\/td>\n<td>76.5\u00b0<\/td>\n<\/tr>\n<tr>\n<td>Inser\u00e7\u00e3o m\u00e1xima do espig\u00e3o do selim<\/td>\n<td>190<\/td>\n<td>220<\/td>\n<td>260<\/td>\n<td>315<\/td>\n<\/tr>\n<tr>\n<td>Inser\u00e7\u00e3o m\u00ednima do espig\u00e3o do selim<\/td>\n<td>80<\/td>\n<td>80<\/td>\n<td>80<\/td>\n<td>80<\/td>\n<\/tr>\n<tr>\n<td>Altura sill\u00edn para STA efectiva<\/td>\n<td>690<\/td>\n<td>735<\/td>\n<td>780<\/td>\n<td>825<\/td>\n<\/tr>\n<\/tbody>\n<\/table>\n","protected":false},"excerpt":{"rendered":"<p><strong>A evolu\u00e7\u00e3o do mais r\u00e1pido<\/strong><br \/>\n<strong>A bicicleta de corrida XC mais leve, mais r\u00e1pida e mais capaz da hist\u00f3ria<\/strong><br \/>\n&#8211; A Epic 9 representa 24 anos de inova\u00e7\u00e3o vencedora em XC, agora condensada na bicicleta de corrida mais r\u00e1pida do mundo.<br \/>\n&#8211; Come\u00e7\u00e1mos com a refer\u00eancia mundial estabelecida pela Epic 8. Com 206 gramas mais leve, a Epic 9 tornou-se a bicicleta de corrida XC com suspens\u00e3o total mais leve do planeta.<br \/>\n-Depois reduzimos a fric\u00e7\u00e3o da suspens\u00e3o em 11% e aperfei\u00e7o\u00e1mos a cinem\u00e1tica. O resultado: efici\u00eancia, capacidade e velocidade inigual\u00e1veis por watt.<br \/>\n-A velocidade surge como o resultado natural de uma bicicleta t\u00e3o perfeitamente integrada com o ciclista que desaparece, deixando apenas o potencial total do ciclista.<\/p>\n","protected":false},"featured_media":464007,"comment_status":"open","ping_status":"closed","template":"","meta":{"_acf_changed":false,"_et_pb_use_builder":"","_et_pb_old_content":"","_et_gb_content_width":"","inline_featured_image":false},"product_brand":[],"product_cat":[5377,5379,5378,5376,5375,5466,2459,402],"product_tag":[],"class_list":{"0":"post-463978","1":"product","2":"type-product","3":"status-publish","4":"has-post-thumbnail","6":"product_cat-bicicletas-de-montanha-com-suspensao-dupla","7":"product_cat-bicicletas-de-montanha-cross-country-xc","8":"product_cat-bicicletas-de-montanha-de-29","9":"product_cat-bicicletas-de-montanha-em-carbono","10":"product_cat-bicicletas-de-montanha-specialized","11":"product_cat-bicicletas-montana-s-works-pt-pt","12":"product_cat-bicicletas-pt-pt-2","13":"product_cat-montanha","14":"product_shipping_class-bicicletas-pt-pt","16":"first","17":"instock","18":"taxable","19":"shipping-taxable","20":"purchasable","21":"product-type-variable","22":"wvs-archive-product-wrapper"},"acf":[],"yoast_head":"<!-- This site is optimized with the Yoast SEO Premium plugin v26.7 (Yoast SEO v26.7) - https:\/\/yoast.com\/wordpress\/plugins\/seo\/ -->\n<title>Specialized S-Works Epic 9 2027 LTD UL GR-100<\/title>\n<meta name=\"description\" content=\"Bicicleta XC de competici\u00f3n con cuadro S-Works, suspensi\u00f3nRockShox SL Ultimate, transmisi\u00f3n SRAM XX SL y un peso ultraligero.\" \/>\n<meta name=\"robots\" content=\"index, follow, max-snippet:-1, max-image-preview:large, max-video-preview:-1\" \/>\n<link rel=\"canonical\" href=\"https:\/\/gr-100.com\/pt-pt\/producto\/specialized-s-works-epic-9-2027-copia\/\" \/>\n<meta property=\"og:locale\" content=\"pt_PT\" \/>\n<meta property=\"og:type\" content=\"article\" \/>\n<meta property=\"og:title\" content=\"Specialized S-Works Epic 9 2027 LTD UL\" \/>\n<meta property=\"og:description\" content=\"Bicicleta XC de competici\u00f3n con cuadro S-Works, suspensi\u00f3nRockShox SL Ultimate, transmisi\u00f3n SRAM XX SL y un peso ultraligero.\" \/>\n<meta property=\"og:url\" content=\"https:\/\/gr-100.com\/pt-pt\/producto\/specialized-s-works-epic-9-2027-copia\/\" \/>\n<meta property=\"og:site_name\" content=\"Gr-100 Tienda de ciclismo Specialized\" \/>\n<meta property=\"article:publisher\" content=\"https:\/\/www.facebook.com\/Gr100Bikes\" \/>\n<meta property=\"article:modified_time\" content=\"2026-05-14T08:04:00+00:00\" \/>\n<meta property=\"og:image\" content=\"https:\/\/gr-100.com\/wp-content\/uploads\/2026\/05\/Epic-9-S-Works-LTD-UL.jpg\" \/>\n\t<meta property=\"og:image:width\" content=\"1000\" \/>\n\t<meta property=\"og:image:height\" content=\"1000\" \/>\n\t<meta property=\"og:image:type\" content=\"image\/jpeg\" \/>\n<meta name=\"twitter:card\" content=\"summary_large_image\" \/>\n<meta name=\"twitter:label1\" content=\"Tempo estimado de leitura\" \/>\n\t<meta name=\"twitter:data1\" content=\"3 minutos\" \/>\n<script type=\"application\/ld+json\" class=\"yoast-schema-graph\">{\"@context\":\"https:\/\/schema.org\",\"@graph\":[{\"@type\":\"WebPage\",\"@id\":\"https:\/\/gr-100.com\/pt-pt\/producto\/specialized-s-works-epic-9-2027-copia\/\",\"url\":\"https:\/\/gr-100.com\/pt-pt\/producto\/specialized-s-works-epic-9-2027-copia\/\",\"name\":\"Specialized S-Works Epic 9 2027 LTD UL GR-100\",\"isPartOf\":{\"@id\":\"https:\/\/gr-100.com\/#website\"},\"primaryImageOfPage\":{\"@id\":\"https:\/\/gr-100.com\/pt-pt\/producto\/specialized-s-works-epic-9-2027-copia\/#primaryimage\"},\"image\":{\"@id\":\"https:\/\/gr-100.com\/pt-pt\/producto\/specialized-s-works-epic-9-2027-copia\/#primaryimage\"},\"thumbnailUrl\":\"https:\/\/gr-100.com\/wp-content\/uploads\/2026\/05\/Epic-9-S-Works-LTD-UL.jpg\",\"datePublished\":\"2026-05-14T07:28:53+00:00\",\"dateModified\":\"2026-05-14T08:04:00+00:00\",\"description\":\"Bicicleta XC de competici\u00f3n con cuadro S-Works, suspensi\u00f3nRockShox SL Ultimate, transmisi\u00f3n SRAM XX SL y un peso ultraligero.\",\"breadcrumb\":{\"@id\":\"https:\/\/gr-100.com\/pt-pt\/producto\/specialized-s-works-epic-9-2027-copia\/#breadcrumb\"},\"inLanguage\":\"pt-PT\",\"potentialAction\":[{\"@type\":\"ReadAction\",\"target\":[\"https:\/\/gr-100.com\/pt-pt\/producto\/specialized-s-works-epic-9-2027-copia\/\"]}]},{\"@type\":\"ImageObject\",\"inLanguage\":\"pt-PT\",\"@id\":\"https:\/\/gr-100.com\/pt-pt\/producto\/specialized-s-works-epic-9-2027-copia\/#primaryimage\",\"url\":\"https:\/\/gr-100.com\/wp-content\/uploads\/2026\/05\/Epic-9-S-Works-LTD-UL.jpg\",\"contentUrl\":\"https:\/\/gr-100.com\/wp-content\/uploads\/2026\/05\/Epic-9-S-Works-LTD-UL.jpg\",\"width\":1000,\"height\":1000},{\"@type\":\"BreadcrumbList\",\"@id\":\"https:\/\/gr-100.com\/pt-pt\/producto\/specialized-s-works-epic-9-2027-copia\/#breadcrumb\",\"itemListElement\":[{\"@type\":\"ListItem\",\"position\":1,\"name\":\"Portada\",\"item\":\"https:\/\/gr-100.com\/en\/\"},{\"@type\":\"ListItem\",\"position\":2,\"name\":\"Productos\",\"item\":\"https:\/\/gr-100.com\/?post_type=product\"},{\"@type\":\"ListItem\",\"position\":3,\"name\":\"Specialized S-Works Epic 9 2027 LTD UL\"}]},{\"@type\":\"WebSite\",\"@id\":\"https:\/\/gr-100.com\/#website\",\"url\":\"https:\/\/gr-100.com\/\",\"name\":\"Gr-100 Tienda de ciclismo Specialized\",\"description\":\"GR-100 tenemos todas las gamas de bicicletas Specialized al mejor precio.\",\"publisher\":{\"@id\":\"https:\/\/gr-100.com\/#organization\"},\"alternateName\":\"Gr-100 Bikes\",\"potentialAction\":[{\"@type\":\"SearchAction\",\"target\":{\"@type\":\"EntryPoint\",\"urlTemplate\":\"https:\/\/gr-100.com\/?s={search_term_string}\"},\"query-input\":{\"@type\":\"PropertyValueSpecification\",\"valueRequired\":true,\"valueName\":\"search_term_string\"}}],\"inLanguage\":\"pt-PT\"},{\"@type\":\"Organization\",\"@id\":\"https:\/\/gr-100.com\/#organization\",\"name\":\"Gr-100\",\"url\":\"https:\/\/gr-100.com\/\",\"logo\":{\"@type\":\"ImageObject\",\"inLanguage\":\"pt-PT\",\"@id\":\"https:\/\/gr-100.com\/#\/schema\/logo\/image\/\",\"url\":\"https:\/\/gr-100.com\/wp-content\/uploads\/2023\/08\/logo-gr-100-bikes.png\",\"contentUrl\":\"https:\/\/gr-100.com\/wp-content\/uploads\/2023\/08\/logo-gr-100-bikes.png\",\"width\":707,\"height\":284,\"caption\":\"Gr-100\"},\"image\":{\"@id\":\"https:\/\/gr-100.com\/#\/schema\/logo\/image\/\"},\"sameAs\":[\"https:\/\/www.facebook.com\/Gr100Bikes\",\"https:\/\/www.instagram.com\/gr100bikes\/\",\"https:\/\/www.tiktok.com\/@gr100bikes\",\"https:\/\/twitter.com\/gr100mtbteam\",\"https:\/\/www.youtube.com\/c\/GR100Specialized\"]}]}<\/script>\n<!-- \/ Yoast SEO Premium plugin. -->","yoast_head_json":{"title":"Specialized S-Works Epic 9 2027 LTD UL GR-100","description":"Bicicleta XC de competici\u00f3n con cuadro S-Works, suspensi\u00f3nRockShox SL Ultimate, transmisi\u00f3n SRAM XX SL y un peso ultraligero.","robots":{"index":"index","follow":"follow","max-snippet":"max-snippet:-1","max-image-preview":"max-image-preview:large","max-video-preview":"max-video-preview:-1"},"canonical":"https:\/\/gr-100.com\/pt-pt\/producto\/specialized-s-works-epic-9-2027-copia\/","og_locale":"pt_PT","og_type":"article","og_title":"Specialized S-Works Epic 9 2027 LTD UL","og_description":"Bicicleta XC de competici\u00f3n con cuadro S-Works, suspensi\u00f3nRockShox SL Ultimate, transmisi\u00f3n SRAM XX SL y un peso ultraligero.","og_url":"https:\/\/gr-100.com\/pt-pt\/producto\/specialized-s-works-epic-9-2027-copia\/","og_site_name":"Gr-100 Tienda de ciclismo Specialized","article_publisher":"https:\/\/www.facebook.com\/Gr100Bikes","article_modified_time":"2026-05-14T08:04:00+00:00","og_image":[{"width":1000,"height":1000,"url":"https:\/\/gr-100.com\/wp-content\/uploads\/2026\/05\/Epic-9-S-Works-LTD-UL.jpg","type":"image\/jpeg"}],"twitter_card":"summary_large_image","twitter_misc":{"Tempo estimado de leitura":"3 minutos"},"schema":{"@context":"https:\/\/schema.org","@graph":[{"@type":"WebPage","@id":"https:\/\/gr-100.com\/pt-pt\/producto\/specialized-s-works-epic-9-2027-copia\/","url":"https:\/\/gr-100.com\/pt-pt\/producto\/specialized-s-works-epic-9-2027-copia\/","name":"Specialized S-Works Epic 9 2027 LTD UL GR-100","isPartOf":{"@id":"https:\/\/gr-100.com\/#website"},"primaryImageOfPage":{"@id":"https:\/\/gr-100.com\/pt-pt\/producto\/specialized-s-works-epic-9-2027-copia\/#primaryimage"},"image":{"@id":"https:\/\/gr-100.com\/pt-pt\/producto\/specialized-s-works-epic-9-2027-copia\/#primaryimage"},"thumbnailUrl":"https:\/\/gr-100.com\/wp-content\/uploads\/2026\/05\/Epic-9-S-Works-LTD-UL.jpg","datePublished":"2026-05-14T07:28:53+00:00","dateModified":"2026-05-14T08:04:00+00:00","description":"Bicicleta XC de competici\u00f3n con cuadro S-Works, suspensi\u00f3nRockShox SL Ultimate, transmisi\u00f3n SRAM XX SL y un peso ultraligero.","breadcrumb":{"@id":"https:\/\/gr-100.com\/pt-pt\/producto\/specialized-s-works-epic-9-2027-copia\/#breadcrumb"},"inLanguage":"pt-PT","potentialAction":[{"@type":"ReadAction","target":["https:\/\/gr-100.com\/pt-pt\/producto\/specialized-s-works-epic-9-2027-copia\/"]}]},{"@type":"ImageObject","inLanguage":"pt-PT","@id":"https:\/\/gr-100.com\/pt-pt\/producto\/specialized-s-works-epic-9-2027-copia\/#primaryimage","url":"https:\/\/gr-100.com\/wp-content\/uploads\/2026\/05\/Epic-9-S-Works-LTD-UL.jpg","contentUrl":"https:\/\/gr-100.com\/wp-content\/uploads\/2026\/05\/Epic-9-S-Works-LTD-UL.jpg","width":1000,"height":1000},{"@type":"BreadcrumbList","@id":"https:\/\/gr-100.com\/pt-pt\/producto\/specialized-s-works-epic-9-2027-copia\/#breadcrumb","itemListElement":[{"@type":"ListItem","position":1,"name":"Portada","item":"https:\/\/gr-100.com\/en\/"},{"@type":"ListItem","position":2,"name":"Productos","item":"https:\/\/gr-100.com\/?post_type=product"},{"@type":"ListItem","position":3,"name":"Specialized S-Works Epic 9 2027 LTD UL"}]},{"@type":"WebSite","@id":"https:\/\/gr-100.com\/#website","url":"https:\/\/gr-100.com\/","name":"Gr-100 Tienda de ciclismo Specialized","description":"GR-100 tenemos todas las gamas de bicicletas Specialized al mejor precio.","publisher":{"@id":"https:\/\/gr-100.com\/#organization"},"alternateName":"Gr-100 Bikes","potentialAction":[{"@type":"SearchAction","target":{"@type":"EntryPoint","urlTemplate":"https:\/\/gr-100.com\/?s={search_term_string}"},"query-input":{"@type":"PropertyValueSpecification","valueRequired":true,"valueName":"search_term_string"}}],"inLanguage":"pt-PT"},{"@type":"Organization","@id":"https:\/\/gr-100.com\/#organization","name":"Gr-100","url":"https:\/\/gr-100.com\/","logo":{"@type":"ImageObject","inLanguage":"pt-PT","@id":"https:\/\/gr-100.com\/#\/schema\/logo\/image\/","url":"https:\/\/gr-100.com\/wp-content\/uploads\/2023\/08\/logo-gr-100-bikes.png","contentUrl":"https:\/\/gr-100.com\/wp-content\/uploads\/2023\/08\/logo-gr-100-bikes.png","width":707,"height":284,"caption":"Gr-100"},"image":{"@id":"https:\/\/gr-100.com\/#\/schema\/logo\/image\/"},"sameAs":["https:\/\/www.facebook.com\/Gr100Bikes","https:\/\/www.instagram.com\/gr100bikes\/","https:\/\/www.tiktok.com\/@gr100bikes","https:\/\/twitter.com\/gr100mtbteam","https:\/\/www.youtube.com\/c\/GR100Specialized"]}]}},"_links":{"self":[{"href":"https:\/\/gr-100.com\/pt-pt\/wp-json\/wp\/v2\/product\/463978","targetHints":{"allow":["GET"]}}],"collection":[{"href":"https:\/\/gr-100.com\/pt-pt\/wp-json\/wp\/v2\/product"}],"about":[{"href":"https:\/\/gr-100.com\/pt-pt\/wp-json\/wp\/v2\/types\/product"}],"replies":[{"embeddable":true,"href":"https:\/\/gr-100.com\/pt-pt\/wp-json\/wp\/v2\/comments?post=463978"}],"wp:featuredmedia":[{"embeddable":true,"href":"https:\/\/gr-100.com\/pt-pt\/wp-json\/wp\/v2\/media\/464007"}],"wp:attachment":[{"href":"https:\/\/gr-100.com\/pt-pt\/wp-json\/wp\/v2\/media?parent=463978"}],"wp:term":[{"taxonomy":"product_brand","embeddable":true,"href":"https:\/\/gr-100.com\/pt-pt\/wp-json\/wp\/v2\/product_brand?post=463978"},{"taxonomy":"product_cat","embeddable":true,"href":"https:\/\/gr-100.com\/pt-pt\/wp-json\/wp\/v2\/product_cat?post=463978"},{"taxonomy":"product_tag","embeddable":true,"href":"https:\/\/gr-100.com\/pt-pt\/wp-json\/wp\/v2\/product_tag?post=463978"}],"curies":[{"name":"wp","href":"https:\/\/api.w.org\/{rel}","templated":true}]}}