{"id":464054,"date":"2026-05-14T10:14:13","date_gmt":"2026-05-14T08:14:13","guid":{"rendered":"https:\/\/gr-100.com\/?post_type=product&#038;p=464054"},"modified":"2026-05-14T10:29:05","modified_gmt":"2026-05-14T08:29:05","slug":"specialized-s-works-epic-9-2027-copia-2","status":"publish","type":"product","link":"https:\/\/gr-100.com\/pt-pt\/producto\/specialized-s-works-epic-9-2027-copia-2\/","title":{"rendered":"Specialized Epic 9 Expert 2027"},"content":{"rendered":"<h3>Especifica\u00e7\u00f5es t\u00e9cnicas<\/h3>\n<hr>\n<h3>Imagem<\/h3>\n<ul>\n<li><b>Cuadro:<\/b> FACT 11m Carbon, Progressive XC Race Geometry, Rider-First Engineered\u2122, threaded BB, punteras traseras de 12x148mm compatibles con UDH, guiado interno de cables, 120mm de recorrido, optimizado para transmisiones inal\u00e1mbricas.<\/li>\n<li><b>SWAT:<\/b> SWAT Box 2.0.<\/li>\n<li><b>Abrazadera del sill\u00edn:<\/b> Specialized Alloy 34.9, tornillo de acero (Steel Bolt).<\/li>\n<\/ul>\n<hr>\n<h3>Suspens\u00e3o<\/h3>\n<ul>\n<li><b>Horquilla:<\/b> RockShox SID Select+, Ride Dynamics desarrollado con 3 posiciones, Debon Air, 15x110mm, 44mm offset, 120mm de recorrido.<\/li>\n<li><b>Amortiguador trasero:<\/b> RockShox SIDLuxe Select+, Ride Dynamics desarrollado con 3 posiciones, ajuste remoto TwistLoc, Solo Air, 190x45mm.<\/li>\n<\/ul>\n<hr>\n<h3>Trav\u00f5es<\/h3>\n<ul>\n<li><b>Freno delantero:<\/b> SRAM Motive Bronze, pinza de 4 pistones, disco hidr\u00e1ulico, rotor de 180mm.<\/li>\n<li><b>Freno trasero:<\/b> SRAM Motive Bronze, pinza de 4 pistones, disco hidr\u00e1ulico, rotor de 160mm.<\/li>\n<\/ul>\n<hr>\n<h3>Transmiss\u00e3o<\/h3>\n<ul>\n<li><b>Desviador trasero:<\/b> SRAM GX Eagle AXS Transmission.<\/li>\n<li><b>Manetas de cambio:<\/b> SRAM AXS POD Controller.<\/li>\n<li><b>Platos y bielas:<\/b> SRAM GX Eagle, DUB; SM: 165mm, M-XL: 170mm; Plato de 34T.<\/li>\n<li><b>Cassette:<\/b> SRAM XG-1275 Transmission, 12 velocidades, 10-52t.<\/li>\n<li><b>Cadena:<\/b> SRAM GX Eagle Transmission 12-Speed Flattop Chain.<\/li>\n<li><b>Caja de pedalier:<\/b> SRAM DUB Threaded Wide.<\/li>\n<\/ul>\n<hr>\n<h3>Rodas e pneus<\/h3>\n<ul>\n<li><b>Rueda delantera:<\/b> Roval Control SL V, carbono hookless, 29mm de ancho interno, tubeless ready, buje DT Swiss 370, radios Sapim D-Light Straight Pull.<\/li>\n<li><b>Rueda trasera:<\/b> Roval Control SL V, carbono hookless, 29mm de ancho interno, tubeless ready, buje DT Swiss 370, radios Sapim D-Light Straight Pull.<\/li>\n<li><b>Pneu dianteiro:<\/b> Specialized Fast Trak, carca\u00e7a Flex Lite, composto T5\/T7, 29&#215;2.35&#8243;.<\/li>\n<li><b>Pneu traseiro:<\/b> Specialized Air Trak, carca\u00e7a Flex Lite, composto T5\/T7, 29&#215;2.35&#8243;.<\/li>\n<li><b>C\u00e1maras:<\/b> Specialized Turbo Tube, v\u00e1lvula Presta 48mm, 29&#215;1.75\/2.4.<\/li>\n<\/ul>\n<hr>\n<h3>Cabine de pilotagem<\/h3>\n<ul>\n<li><b>Manillar:<\/b> Specialized Alloy Minirise, 10mm de elevaci\u00f3n, 750mm de ancho, 35mm de abrazadera.<\/li>\n<li><b>Potencia:<\/b> Roval Alloy XC 2-bolt stem, 60mm\/70mm.<\/li>\n<li><b>Tija del sill\u00edn:<\/b> X-Fusion Manic, 30.9mm; Recorridos: SM: 125mm, M: 150mm, L-XL: 170mm.<\/li>\n<li><b>Sill\u00edn:<\/b> Body Geometry Power Sport, ra\u00edles de acero.<\/li>\n<li><b>Pu\u00f1os:<\/b> SRAM Slip on con Twist-Loc.<\/li>\n<\/ul>\n<hr>\n<h3>Detalles del producto<\/h3>\n<ul>\n<li><b>Peso:<\/b> 10.95 kg (24 lb, 2.2 oz) en talla MD.<\/li>\n<\/ul>\n<p><img decoding=\"async\" class=\"geometrie\" src=\"https:\/\/gr-100.com\/wp-content\/uploads\/2026\/04\/Epic-9-S-Works-silueta.jpg\" alt=\"\u00e9pico 9\" width=\"400\"><\/p>\n<h3>Geometria<\/h3>\n<table class=\"geometry-table\" style=\"height: 575px; border-color: #d1d1d1;\" border=\"1\" cellspacing=\"1\" cellpadding=\"1\">\n<thead>\n<tr>\n<th>Tamanho<\/th>\n<th>S<\/th>\n<th>M<\/th>\n<th>L<\/th>\n<th>XL<\/th>\n<\/tr>\n<\/thead>\n<tbody>\n<tr>\n<td class=\"section-header\" colspan=\"5\">Componentes<\/td>\n<\/tr>\n<tr>\n<td>Comprimento da manivela<\/td>\n<td>165mm<\/td>\n<td>170mm<\/td>\n<td>170mm<\/td>\n<td>170mm<\/td>\n<\/tr>\n<tr>\n<td>Largura do guiador<\/td>\n<td>760 mm<\/td>\n<td>760 mm<\/td>\n<td>760mm<\/td>\n<td>760mm<\/td>\n<\/tr>\n<tr>\n<td>Comprimento da haste<\/td>\n<td>60mm<\/td>\n<td>70 mm<\/td>\n<td>70mm<\/td>\n<td>70mm<\/td>\n<\/tr>\n<tr>\n<td>Largura do selim<\/td>\n<td>155mm<\/td>\n<td>143mm<\/td>\n<td>143mm<\/td>\n<td>143mm<\/td>\n<\/tr>\n<tr>\n<td>Curso do espig\u00e3o do selim telesc\u00f3pico<\/td>\n<td>125mm<\/td>\n<td>150 mm<\/td>\n<td>150mm<\/td>\n<td>175mm<\/td>\n<\/tr>\n<tr>\n<td class=\"section-header\" colspan=\"5\">Medidas do quadro<\/td>\n<\/tr>\n<tr>\n<td>Pilha<\/td>\n<td>594<\/td>\n<td>604<\/td>\n<td>618<\/td>\n<td>645<\/td>\n<\/tr>\n<tr>\n<td>Alcance (baixo)<\/td>\n<td>420<\/td>\n<td>450<\/td>\n<td>480<\/td>\n<td>505<\/td>\n<\/tr>\n<tr>\n<td>Alcance (alto)<\/td>\n<td>425<\/td>\n<td>455<\/td>\n<td>485<\/td>\n<td>510<\/td>\n<\/tr>\n<tr>\n<td>Comprimento do tubo de dire\u00e7\u00e3o<\/td>\n<td>92<\/td>\n<td>105<\/td>\n<td>120<\/td>\n<td>150<\/td>\n<\/tr>\n<tr>\n<td>\u00c2ngulo da articula\u00e7\u00e3o da dire\u00e7\u00e3o (baixo)<\/td>\n<td>65.9\u00b0<\/td>\n<td>65.9\u00b0<\/td>\n<td>65.9\u00b0<\/td>\n<td>65.9\u00b0<\/td>\n<\/tr>\n<tr>\n<td>\u00c2ngulo da articula\u00e7\u00e3o da dire\u00e7\u00e3o (alto)<\/td>\n<td>66.3\u00b0<\/td>\n<td>66.3\u00b0<\/td>\n<td>66.3\u00b0<\/td>\n<td>66.3\u00b0<\/td>\n<\/tr>\n<tr>\n<td>Altura do suporte inferior (Altura B-B)<\/td>\n<td>333<\/td>\n<td>335<\/td>\n<td>335<\/td>\n<td>335<\/td>\n<\/tr>\n<tr>\n<td>Suporte inferior baixo (B-B Drop Low)<\/td>\n<td>42<\/td>\n<td>40<\/td>\n<td>40<\/td>\n<td>40<\/td>\n<\/tr>\n<tr>\n<td>Queda do suporte inferior (queda B-B alta)<\/td>\n<td>37<\/td>\n<td>35<\/td>\n<td>35<\/td>\n<td>35<\/td>\n<\/tr>\n<tr>\n<td>Trilho<\/td>\n<td>120<\/td>\n<td>120<\/td>\n<td>120<\/td>\n<td>120<\/td>\n<\/tr>\n<tr>\n<td>Comprimento do garfo (cheio)<\/td>\n<td>531<\/td>\n<td>531<\/td>\n<td>531<\/td>\n<td>531<\/td>\n<\/tr>\n<tr>\n<td>Desvio da forquilha<\/td>\n<td>44<\/td>\n<td>44<\/td>\n<td>44<\/td>\n<td>44<\/td>\n<\/tr>\n<tr>\n<td>Centro da frente<\/td>\n<td>788<\/td>\n<td>823<\/td>\n<td>716<\/td>\n<td>752<\/td>\n<\/tr>\n<tr>\n<td>Comprimento das escoras (Chain-Stay)<\/td>\n<td>435<\/td>\n<td>435<\/td>\n<td>438<\/td>\n<td>442<\/td>\n<\/tr>\n<tr>\n<td>Dist\u00e2ncia entre eixos<\/td>\n<td>1148<\/td>\n<td>1184<\/td>\n<td>1223<\/td>\n<td>1264<\/td>\n<\/tr>\n<tr>\n<td>Comprimento do tubo superior (horizontal)<\/td>\n<td>568<\/td>\n<td>601<\/td>\n<td>634<\/td>\n<td>666<\/td>\n<\/tr>\n<tr>\n<td>Altura do quadro (Stand-Over)<\/td>\n<td>749<\/td>\n<td>755<\/td>\n<td>757<\/td>\n<td>764<\/td>\n<\/tr>\n<tr>\n<td>Comprimento do tubo do selim<\/td>\n<td>390<\/td>\n<td>410<\/td>\n<td>455<\/td>\n<td>505<\/td>\n<\/tr>\n<tr>\n<td>\u00c2ngulo do tubo do selim<\/td>\n<td>76\u00b0<\/td>\n<td>76\u00b0<\/td>\n<td>76\u00b0<\/td>\n<td>76\u00b0<\/td>\n<\/tr>\n<tr>\n<td>Inser\u00e7\u00e3o m\u00e1xima do espig\u00e3o do selim<\/td>\n<td>190<\/td>\n<td>220<\/td>\n<td>260<\/td>\n<td>315<\/td>\n<\/tr>\n<tr>\n<td>Inser\u00e7\u00e3o m\u00ednima do espig\u00e3o do selim<\/td>\n<td>80<\/td>\n<td>80<\/td>\n<td>80<\/td>\n<td>80<\/td>\n<\/tr>\n<\/tbody>\n<\/table>\n","protected":false},"excerpt":{"rendered":"<h6><span style=\"color: #ff0000;\"><strong>Consultar disponibilidad de entrega<\/strong><\/span><\/h6>\n<p><strong>A evolu\u00e7\u00e3o do mais r\u00e1pido<\/strong><br \/>\n<strong>A bicicleta de corrida XC mais leve, mais r\u00e1pida e mais capaz da hist\u00f3ria<\/strong><br \/>\n&#8211; A Epic 9 representa 24 anos de inova\u00e7\u00e3o vencedora em XC, agora condensada na bicicleta de corrida mais r\u00e1pida do mundo.<br \/>\n&#8211; Come\u00e7\u00e1mos com a refer\u00eancia mundial estabelecida pela Epic 8. Com 206 gramas mais leve, a Epic 9 tornou-se a bicicleta de corrida XC com suspens\u00e3o total mais leve do planeta.<br \/>\n-Depois reduzimos a fric\u00e7\u00e3o da suspens\u00e3o em 11% e aperfei\u00e7o\u00e1mos a cinem\u00e1tica. O resultado: efici\u00eancia, capacidade e velocidade inigual\u00e1veis por watt.<br \/>\n-A velocidade surge como o resultado natural de uma bicicleta t\u00e3o perfeitamente integrada com o ciclista que desaparece, deixando apenas o potencial total do ciclista.<\/p>\n","protected":false},"featured_media":464108,"comment_status":"open","ping_status":"closed","template":"","meta":{"_acf_changed":false,"_et_pb_use_builder":"","_et_pb_old_content":"","_et_gb_content_width":"","inline_featured_image":false},"product_brand":[],"product_cat":[5377,5379,5378,5376,5375,5466,2459,402],"product_tag":[],"class_list":{"0":"post-464054","1":"product","2":"type-product","3":"status-publish","4":"has-post-thumbnail","6":"product_cat-bicicletas-de-montanha-com-suspensao-dupla","7":"product_cat-bicicletas-de-montanha-cross-country-xc","8":"product_cat-bicicletas-de-montanha-de-29","9":"product_cat-bicicletas-de-montanha-em-carbono","10":"product_cat-bicicletas-de-montanha-specialized","11":"product_cat-bicicletas-montana-s-works-pt-pt","12":"product_cat-bicicletas-pt-pt-2","13":"product_cat-montanha","14":"product_shipping_class-bicicletas-pt-pt","16":"first","17":"instock","18":"taxable","19":"shipping-taxable","20":"purchasable","21":"product-type-variable","22":"wvs-archive-product-wrapper"},"acf":[],"yoast_head":"<!-- This site is optimized with the Yoast SEO Premium plugin v26.7 (Yoast SEO v26.7) - https:\/\/yoast.com\/wordpress\/plugins\/seo\/ -->\n<title>Specialized Epic 9 Expert 2027 GR-100<\/title>\n<meta name=\"description\" content=\"Bicicleta XC de competici\u00f3n con cuadro S-Works, suspensi\u00f3n RockShox SID Select+, transmisi\u00f3n SRAM GX Eagle y un peso ultraligero.\" \/>\n<meta name=\"robots\" content=\"index, follow, max-snippet:-1, max-image-preview:large, max-video-preview:-1\" \/>\n<link rel=\"canonical\" href=\"https:\/\/gr-100.com\/pt-pt\/producto\/specialized-s-works-epic-9-2027-copia-2\/\" \/>\n<meta property=\"og:locale\" content=\"pt_PT\" \/>\n<meta property=\"og:type\" content=\"article\" \/>\n<meta property=\"og:title\" content=\"Specialized Epic 9 Expert 2027\" \/>\n<meta property=\"og:description\" content=\"Bicicleta XC de competici\u00f3n con cuadro S-Works, suspensi\u00f3n RockShox SID Select+, transmisi\u00f3n SRAM GX Eagle y un peso ultraligero.\" \/>\n<meta property=\"og:url\" content=\"https:\/\/gr-100.com\/pt-pt\/producto\/specialized-s-works-epic-9-2027-copia-2\/\" \/>\n<meta property=\"og:site_name\" content=\"Gr-100 Tienda de ciclismo Specialized\" \/>\n<meta property=\"article:publisher\" content=\"https:\/\/www.facebook.com\/Gr100Bikes\" \/>\n<meta property=\"article:modified_time\" content=\"2026-05-14T08:29:05+00:00\" \/>\n<meta property=\"og:image\" content=\"https:\/\/gr-100.com\/wp-content\/uploads\/2026\/05\/Epic-9-Expert-90327-3103-.jpg\" \/>\n\t<meta property=\"og:image:width\" content=\"1000\" \/>\n\t<meta property=\"og:image:height\" content=\"1000\" \/>\n\t<meta property=\"og:image:type\" content=\"image\/jpeg\" \/>\n<meta name=\"twitter:card\" content=\"summary_large_image\" \/>\n<meta name=\"twitter:label1\" content=\"Tempo estimado de leitura\" \/>\n\t<meta name=\"twitter:data1\" content=\"2 minutos\" \/>\n<script type=\"application\/ld+json\" class=\"yoast-schema-graph\">{\"@context\":\"https:\/\/schema.org\",\"@graph\":[{\"@type\":\"WebPage\",\"@id\":\"https:\/\/gr-100.com\/pt-pt\/producto\/specialized-s-works-epic-9-2027-copia-2\/\",\"url\":\"https:\/\/gr-100.com\/pt-pt\/producto\/specialized-s-works-epic-9-2027-copia-2\/\",\"name\":\"Specialized Epic 9 Expert 2027 GR-100\",\"isPartOf\":{\"@id\":\"https:\/\/gr-100.com\/#website\"},\"primaryImageOfPage\":{\"@id\":\"https:\/\/gr-100.com\/pt-pt\/producto\/specialized-s-works-epic-9-2027-copia-2\/#primaryimage\"},\"image\":{\"@id\":\"https:\/\/gr-100.com\/pt-pt\/producto\/specialized-s-works-epic-9-2027-copia-2\/#primaryimage\"},\"thumbnailUrl\":\"https:\/\/gr-100.com\/wp-content\/uploads\/2026\/05\/Epic-9-Expert-90327-3103-.jpg\",\"datePublished\":\"2026-05-14T08:14:13+00:00\",\"dateModified\":\"2026-05-14T08:29:05+00:00\",\"description\":\"Bicicleta XC de competici\u00f3n con cuadro S-Works, suspensi\u00f3n RockShox SID Select+, transmisi\u00f3n SRAM GX Eagle y un peso ultraligero.\",\"breadcrumb\":{\"@id\":\"https:\/\/gr-100.com\/pt-pt\/producto\/specialized-s-works-epic-9-2027-copia-2\/#breadcrumb\"},\"inLanguage\":\"pt-PT\",\"potentialAction\":[{\"@type\":\"ReadAction\",\"target\":[\"https:\/\/gr-100.com\/pt-pt\/producto\/specialized-s-works-epic-9-2027-copia-2\/\"]}]},{\"@type\":\"ImageObject\",\"inLanguage\":\"pt-PT\",\"@id\":\"https:\/\/gr-100.com\/pt-pt\/producto\/specialized-s-works-epic-9-2027-copia-2\/#primaryimage\",\"url\":\"https:\/\/gr-100.com\/wp-content\/uploads\/2026\/05\/Epic-9-Expert-90327-3103-.jpg\",\"contentUrl\":\"https:\/\/gr-100.com\/wp-content\/uploads\/2026\/05\/Epic-9-Expert-90327-3103-.jpg\",\"width\":1000,\"height\":1000},{\"@type\":\"BreadcrumbList\",\"@id\":\"https:\/\/gr-100.com\/pt-pt\/producto\/specialized-s-works-epic-9-2027-copia-2\/#breadcrumb\",\"itemListElement\":[{\"@type\":\"ListItem\",\"position\":1,\"name\":\"Portada\",\"item\":\"https:\/\/gr-100.com\/en\/\"},{\"@type\":\"ListItem\",\"position\":2,\"name\":\"Productos\",\"item\":\"https:\/\/gr-100.com\/?post_type=product\"},{\"@type\":\"ListItem\",\"position\":3,\"name\":\"Specialized Epic 9 Expert 2027\"}]},{\"@type\":\"WebSite\",\"@id\":\"https:\/\/gr-100.com\/#website\",\"url\":\"https:\/\/gr-100.com\/\",\"name\":\"Gr-100 Tienda de ciclismo Specialized\",\"description\":\"GR-100 tenemos todas las gamas de bicicletas Specialized al mejor precio.\",\"publisher\":{\"@id\":\"https:\/\/gr-100.com\/#organization\"},\"alternateName\":\"Gr-100 Bikes\",\"potentialAction\":[{\"@type\":\"SearchAction\",\"target\":{\"@type\":\"EntryPoint\",\"urlTemplate\":\"https:\/\/gr-100.com\/?s={search_term_string}\"},\"query-input\":{\"@type\":\"PropertyValueSpecification\",\"valueRequired\":true,\"valueName\":\"search_term_string\"}}],\"inLanguage\":\"pt-PT\"},{\"@type\":\"Organization\",\"@id\":\"https:\/\/gr-100.com\/#organization\",\"name\":\"Gr-100\",\"url\":\"https:\/\/gr-100.com\/\",\"logo\":{\"@type\":\"ImageObject\",\"inLanguage\":\"pt-PT\",\"@id\":\"https:\/\/gr-100.com\/#\/schema\/logo\/image\/\",\"url\":\"https:\/\/gr-100.com\/wp-content\/uploads\/2023\/08\/logo-gr-100-bikes.png\",\"contentUrl\":\"https:\/\/gr-100.com\/wp-content\/uploads\/2023\/08\/logo-gr-100-bikes.png\",\"width\":707,\"height\":284,\"caption\":\"Gr-100\"},\"image\":{\"@id\":\"https:\/\/gr-100.com\/#\/schema\/logo\/image\/\"},\"sameAs\":[\"https:\/\/www.facebook.com\/Gr100Bikes\",\"https:\/\/www.instagram.com\/gr100bikes\/\",\"https:\/\/www.tiktok.com\/@gr100bikes\",\"https:\/\/twitter.com\/gr100mtbteam\",\"https:\/\/www.youtube.com\/c\/GR100Specialized\"]}]}<\/script>\n<!-- \/ Yoast SEO Premium plugin. -->","yoast_head_json":{"title":"Specialized Epic 9 Expert 2027 GR-100","description":"Bicicleta XC de competici\u00f3n con cuadro S-Works, suspensi\u00f3n RockShox SID Select+, transmisi\u00f3n SRAM GX Eagle y un peso ultraligero.","robots":{"index":"index","follow":"follow","max-snippet":"max-snippet:-1","max-image-preview":"max-image-preview:large","max-video-preview":"max-video-preview:-1"},"canonical":"https:\/\/gr-100.com\/pt-pt\/producto\/specialized-s-works-epic-9-2027-copia-2\/","og_locale":"pt_PT","og_type":"article","og_title":"Specialized Epic 9 Expert 2027","og_description":"Bicicleta XC de competici\u00f3n con cuadro S-Works, suspensi\u00f3n RockShox SID Select+, transmisi\u00f3n SRAM GX Eagle y un peso ultraligero.","og_url":"https:\/\/gr-100.com\/pt-pt\/producto\/specialized-s-works-epic-9-2027-copia-2\/","og_site_name":"Gr-100 Tienda de ciclismo Specialized","article_publisher":"https:\/\/www.facebook.com\/Gr100Bikes","article_modified_time":"2026-05-14T08:29:05+00:00","og_image":[{"width":1000,"height":1000,"url":"https:\/\/gr-100.com\/wp-content\/uploads\/2026\/05\/Epic-9-Expert-90327-3103-.jpg","type":"image\/jpeg"}],"twitter_card":"summary_large_image","twitter_misc":{"Tempo estimado de leitura":"2 minutos"},"schema":{"@context":"https:\/\/schema.org","@graph":[{"@type":"WebPage","@id":"https:\/\/gr-100.com\/pt-pt\/producto\/specialized-s-works-epic-9-2027-copia-2\/","url":"https:\/\/gr-100.com\/pt-pt\/producto\/specialized-s-works-epic-9-2027-copia-2\/","name":"Specialized Epic 9 Expert 2027 GR-100","isPartOf":{"@id":"https:\/\/gr-100.com\/#website"},"primaryImageOfPage":{"@id":"https:\/\/gr-100.com\/pt-pt\/producto\/specialized-s-works-epic-9-2027-copia-2\/#primaryimage"},"image":{"@id":"https:\/\/gr-100.com\/pt-pt\/producto\/specialized-s-works-epic-9-2027-copia-2\/#primaryimage"},"thumbnailUrl":"https:\/\/gr-100.com\/wp-content\/uploads\/2026\/05\/Epic-9-Expert-90327-3103-.jpg","datePublished":"2026-05-14T08:14:13+00:00","dateModified":"2026-05-14T08:29:05+00:00","description":"Bicicleta XC de competici\u00f3n con cuadro S-Works, suspensi\u00f3n RockShox SID Select+, transmisi\u00f3n SRAM GX Eagle y un peso ultraligero.","breadcrumb":{"@id":"https:\/\/gr-100.com\/pt-pt\/producto\/specialized-s-works-epic-9-2027-copia-2\/#breadcrumb"},"inLanguage":"pt-PT","potentialAction":[{"@type":"ReadAction","target":["https:\/\/gr-100.com\/pt-pt\/producto\/specialized-s-works-epic-9-2027-copia-2\/"]}]},{"@type":"ImageObject","inLanguage":"pt-PT","@id":"https:\/\/gr-100.com\/pt-pt\/producto\/specialized-s-works-epic-9-2027-copia-2\/#primaryimage","url":"https:\/\/gr-100.com\/wp-content\/uploads\/2026\/05\/Epic-9-Expert-90327-3103-.jpg","contentUrl":"https:\/\/gr-100.com\/wp-content\/uploads\/2026\/05\/Epic-9-Expert-90327-3103-.jpg","width":1000,"height":1000},{"@type":"BreadcrumbList","@id":"https:\/\/gr-100.com\/pt-pt\/producto\/specialized-s-works-epic-9-2027-copia-2\/#breadcrumb","itemListElement":[{"@type":"ListItem","position":1,"name":"Portada","item":"https:\/\/gr-100.com\/en\/"},{"@type":"ListItem","position":2,"name":"Productos","item":"https:\/\/gr-100.com\/?post_type=product"},{"@type":"ListItem","position":3,"name":"Specialized Epic 9 Expert 2027"}]},{"@type":"WebSite","@id":"https:\/\/gr-100.com\/#website","url":"https:\/\/gr-100.com\/","name":"Gr-100 Tienda de ciclismo Specialized","description":"GR-100 tenemos todas las gamas de bicicletas Specialized al mejor precio.","publisher":{"@id":"https:\/\/gr-100.com\/#organization"},"alternateName":"Gr-100 Bikes","potentialAction":[{"@type":"SearchAction","target":{"@type":"EntryPoint","urlTemplate":"https:\/\/gr-100.com\/?s={search_term_string}"},"query-input":{"@type":"PropertyValueSpecification","valueRequired":true,"valueName":"search_term_string"}}],"inLanguage":"pt-PT"},{"@type":"Organization","@id":"https:\/\/gr-100.com\/#organization","name":"Gr-100","url":"https:\/\/gr-100.com\/","logo":{"@type":"ImageObject","inLanguage":"pt-PT","@id":"https:\/\/gr-100.com\/#\/schema\/logo\/image\/","url":"https:\/\/gr-100.com\/wp-content\/uploads\/2023\/08\/logo-gr-100-bikes.png","contentUrl":"https:\/\/gr-100.com\/wp-content\/uploads\/2023\/08\/logo-gr-100-bikes.png","width":707,"height":284,"caption":"Gr-100"},"image":{"@id":"https:\/\/gr-100.com\/#\/schema\/logo\/image\/"},"sameAs":["https:\/\/www.facebook.com\/Gr100Bikes","https:\/\/www.instagram.com\/gr100bikes\/","https:\/\/www.tiktok.com\/@gr100bikes","https:\/\/twitter.com\/gr100mtbteam","https:\/\/www.youtube.com\/c\/GR100Specialized"]}]}},"_links":{"self":[{"href":"https:\/\/gr-100.com\/pt-pt\/wp-json\/wp\/v2\/product\/464054","targetHints":{"allow":["GET"]}}],"collection":[{"href":"https:\/\/gr-100.com\/pt-pt\/wp-json\/wp\/v2\/product"}],"about":[{"href":"https:\/\/gr-100.com\/pt-pt\/wp-json\/wp\/v2\/types\/product"}],"replies":[{"embeddable":true,"href":"https:\/\/gr-100.com\/pt-pt\/wp-json\/wp\/v2\/comments?post=464054"}],"wp:featuredmedia":[{"embeddable":true,"href":"https:\/\/gr-100.com\/pt-pt\/wp-json\/wp\/v2\/media\/464108"}],"wp:attachment":[{"href":"https:\/\/gr-100.com\/pt-pt\/wp-json\/wp\/v2\/media?parent=464054"}],"wp:term":[{"taxonomy":"product_brand","embeddable":true,"href":"https:\/\/gr-100.com\/pt-pt\/wp-json\/wp\/v2\/product_brand?post=464054"},{"taxonomy":"product_cat","embeddable":true,"href":"https:\/\/gr-100.com\/pt-pt\/wp-json\/wp\/v2\/product_cat?post=464054"},{"taxonomy":"product_tag","embeddable":true,"href":"https:\/\/gr-100.com\/pt-pt\/wp-json\/wp\/v2\/product_tag?post=464054"}],"curies":[{"name":"wp","href":"https:\/\/api.w.org\/{rel}","templated":true}]}}