{"id":464159,"date":"2026-05-14T10:42:45","date_gmt":"2026-05-14T08:42:45","guid":{"rendered":"https:\/\/gr-100.com\/?post_type=product&#038;p=464159"},"modified":"2026-05-14T14:00:47","modified_gmt":"2026-05-14T12:00:47","slug":"megamo-reason-crb-07-2027-copia","status":"publish","type":"product","link":"https:\/\/gr-100.com\/pt-pt\/producto\/megamo-reason-crb-07-2027-copia\/","title":{"rendered":"Megamo Reason Air CRB 07 2027"},"content":{"rendered":"<h3>Especifica\u00e7\u00f5es t\u00e9cnicas<\/h3>\n<hr>\n<h3>Conjunto de imagens<\/h3>\n<ul>\n<li><b>Cuadro:<\/b> Cuadro Reason Full Carbon, extensi\u00f3n de amortiguador de aleaci\u00f3n, bater\u00eda totalmente integrada, 12 x 148 Boost, Megamo ASP, recorrido de rueda: 140 mm.<\/li>\n<li><b>Horquilla:<\/b> FOX 34 Float AWL, 140 mm de recorrido, Rail 2.0, ajuste de barrido (Sweep-Adjust), eje Kabolt 110, 1.5 Tapered, 44mm offset.<\/li>\n<li><b>Amortiguador:<\/b> Fox Float Rhythm, Evol LV, 210&#215;47,5mm, 2 posiciones.<\/li>\n<li><b>Direcci\u00f3n:<\/b> Acros AZA-288R2 ZS56 blocklock 135\u00ba.<\/li>\n<\/ul>\n<hr>\n<h3>Componentes electr\u00f3nicos<\/h3>\n<ul>\n<li><b>Motor:<\/b> Avinox M2S &#8211; 150Nm 1300W (modo Boost) \/ 130Nm 1300W.<\/li>\n<li><b>Bater\u00eda:<\/b> Avinox 800 Wh, 35,9V, IP56.<\/li>\n<li><b>Pantalla:<\/b> Avinox DP100, pantalla t\u00e1ctil OLED a color de 2 pulgadas, 800 nits, 326 ppi.<\/li>\n<li><b>Cargador:<\/b> Cargador Avinox 4A.<\/li>\n<\/ul>\n<hr>\n<h3>Transmiss\u00e3o<\/h3>\n<ul>\n<li><b>Cambio trasero:<\/b> Shimano XT M8100, Shadow Plus 12 velocidades.<\/li>\n<li><b>Mandos de cambio:<\/b> Shimano XT 8100, 12 velocidades.<\/li>\n<li><b>Plato y bielas:<\/b> Plato Avinox 36T 12 velocidades, bielas de 160mm.<\/li>\n<li><b>Cassette:<\/b> Shimano XT M8100, 10-51T.<\/li>\n<\/ul>\n<hr>\n<h3>Trav\u00f5es<\/h3>\n<ul>\n<li><b>Frenos:<\/b> Shimano XT M8220, disco hidr\u00e1ulico de 4 pistones, RT-CL800 203 mm.<\/li>\n<\/ul>\n<hr>\n<h3>Rodas<\/h3>\n<ul>\n<li><b>Neum\u00e1ticos:<\/b> Maxxis New Dissector 29.4 EXO+ 3C MaxxGrip \/ Maxxis New Dissector 29.4 DD 3C MaxxTerra.<\/li>\n<li><b>Ruedas:<\/b> Megamo 29 SL 30 ASY, llanta de aluminio, 15&#215;110\/12&#215;148 mm.<\/li>\n<\/ul>\n<hr>\n<h3>Componentes<\/h3>\n<ul>\n<li><b>Manillar:<\/b> Megamo Alloy Butted 35 x 800 mm, 12 mm de elevaci\u00f3n (Rise), 6\u00ba de retroceso (Back Sweep).<\/li>\n<li><b>Potencia:<\/b> Satori Ursa, 35 x 35 mm.<\/li>\n<li><b>Tija de sill\u00edn:<\/b> Megamo \u00d831.6 mm.<\/li>\n<li><b>Sill\u00edn:<\/b> Fizik Ridon X5.<\/li>\n<\/ul>\n<p>Megamo se reserva el derecho de modificar cualquier componente, si fuera necesario sustituy\u00e9ndolo por uno equivalente, sin previo aviso. La foto puede variar. <\/p>\n","protected":false},"excerpt":{"rendered":"<p>\u00b7 Avinox M2S Motor -150Nm 1300W (Boost mode) \/ 130Nm 1300W<br \/>\n\u00b7 Integrated 800 Wh LI-ION battery<br \/>\n\u00b7 Reason Full Carbon frame, Boost, 140mm Wheel travel<br \/>\n\u00b7 Fox 36 Float AWL Performance fork with 140 mm travel<br \/>\n\u00b7 Fox Float Rhythm shock<br \/>\n\u00b7 Shimano XT 12-speed drivetrain<br \/>\n\u00b7 Shimano XT disc brakes 203 \/ 203<\/p>\n","protected":false},"featured_media":464235,"comment_status":"open","ping_status":"closed","template":"","meta":{"_acf_changed":false,"_et_pb_use_builder":"","_et_pb_old_content":"","_et_gb_content_width":"","inline_featured_image":false},"product_brand":[],"product_cat":[391,5261,5338,5262,5337,5263],"product_tag":[],"class_list":{"0":"post-464159","1":"product","2":"type-product","3":"status-publish","4":"has-post-thumbnail","6":"product_cat-eletricas","7":"product_cat-bicicletas-electricas-de-carbono","8":"product_cat-bicicletas-electricas-dji-avinox-pt-pt","9":"product_cat-bicicletas-electricas-de-enduro-trail","10":"product_cat-bicicletas-electricas-megamo-pt-pt","11":"product_cat-bicicletas-de-montanha-electricas","13":"first","14":"instock","15":"taxable","16":"shipping-taxable","17":"purchasable","18":"product-type-variable","19":"wvs-archive-product-wrapper"},"acf":[],"yoast_head":"<!-- This site is optimized with the Yoast SEO Premium plugin v26.7 (Yoast SEO v26.7) - https:\/\/yoast.com\/wordpress\/plugins\/seo\/ -->\n<title>Megamo Reason Air CRB 07 2027<\/title>\n<meta name=\"description\" content=\"\u00b7 Motor Avinox M2S -150Nm 1300W (Boost mode) \/ 130Nm 1300W \u00b7 Bater\u00eda integrada LI-ION de 800 Wh\u00b7 Cuadro Reason Full Carbon, Boost, Fox 36 Float AWL 140mm\" \/>\n<meta name=\"robots\" content=\"index, follow, max-snippet:-1, max-image-preview:large, max-video-preview:-1\" \/>\n<link rel=\"canonical\" href=\"https:\/\/gr-100.com\/pt-pt\/producto\/megamo-reason-crb-07-2027-copia\/\" \/>\n<meta property=\"og:locale\" content=\"pt_PT\" \/>\n<meta property=\"og:type\" content=\"article\" \/>\n<meta property=\"og:title\" content=\"Megamo Reason Air CRB 07 2027\" \/>\n<meta property=\"og:description\" content=\"\u00b7 Motor Avinox M2S -150Nm 1300W (Boost mode) \/ 130Nm 1300W \u00b7 Bater\u00eda integrada LI-ION de 800 Wh\u00b7 Cuadro Reason Full Carbon, Boost, Fox 36 Float AWL 140mm\" \/>\n<meta property=\"og:url\" content=\"https:\/\/gr-100.com\/pt-pt\/producto\/megamo-reason-crb-07-2027-copia\/\" \/>\n<meta property=\"og:site_name\" content=\"Gr-100 Tienda de ciclismo Specialized\" \/>\n<meta property=\"article:publisher\" content=\"https:\/\/www.facebook.com\/Gr100Bikes\" \/>\n<meta property=\"article:modified_time\" content=\"2026-05-14T12:00:47+00:00\" \/>\n<meta property=\"og:image\" content=\"https:\/\/gr-100.com\/wp-content\/uploads\/2026\/05\/REASON-AIR-CRB-07-2027.jpg\" \/>\n\t<meta property=\"og:image:width\" content=\"1000\" \/>\n\t<meta property=\"og:image:height\" content=\"1000\" \/>\n\t<meta property=\"og:image:type\" content=\"image\/jpeg\" \/>\n<meta name=\"twitter:card\" content=\"summary_large_image\" \/>\n<meta name=\"twitter:label1\" content=\"Tempo estimado de leitura\" \/>\n\t<meta name=\"twitter:data1\" content=\"1 minuto\" \/>\n<script type=\"application\/ld+json\" class=\"yoast-schema-graph\">{\"@context\":\"https:\/\/schema.org\",\"@graph\":[{\"@type\":\"WebPage\",\"@id\":\"https:\/\/gr-100.com\/pt-pt\/producto\/megamo-reason-crb-07-2027-copia\/\",\"url\":\"https:\/\/gr-100.com\/pt-pt\/producto\/megamo-reason-crb-07-2027-copia\/\",\"name\":\"Megamo Reason Air CRB 07 2027\",\"isPartOf\":{\"@id\":\"https:\/\/gr-100.com\/#website\"},\"primaryImageOfPage\":{\"@id\":\"https:\/\/gr-100.com\/pt-pt\/producto\/megamo-reason-crb-07-2027-copia\/#primaryimage\"},\"image\":{\"@id\":\"https:\/\/gr-100.com\/pt-pt\/producto\/megamo-reason-crb-07-2027-copia\/#primaryimage\"},\"thumbnailUrl\":\"https:\/\/gr-100.com\/wp-content\/uploads\/2026\/05\/REASON-AIR-CRB-07-2027.jpg\",\"datePublished\":\"2026-05-14T08:42:45+00:00\",\"dateModified\":\"2026-05-14T12:00:47+00:00\",\"description\":\"\u00b7 Motor Avinox M2S -150Nm 1300W (Boost mode) \/ 130Nm 1300W \u00b7 Bater\u00eda integrada LI-ION de 800 Wh\u00b7 Cuadro Reason Full Carbon, Boost, Fox 36 Float AWL 140mm\",\"breadcrumb\":{\"@id\":\"https:\/\/gr-100.com\/pt-pt\/producto\/megamo-reason-crb-07-2027-copia\/#breadcrumb\"},\"inLanguage\":\"pt-PT\",\"potentialAction\":[{\"@type\":\"ReadAction\",\"target\":[\"https:\/\/gr-100.com\/pt-pt\/producto\/megamo-reason-crb-07-2027-copia\/\"]}]},{\"@type\":\"ImageObject\",\"inLanguage\":\"pt-PT\",\"@id\":\"https:\/\/gr-100.com\/pt-pt\/producto\/megamo-reason-crb-07-2027-copia\/#primaryimage\",\"url\":\"https:\/\/gr-100.com\/wp-content\/uploads\/2026\/05\/REASON-AIR-CRB-07-2027.jpg\",\"contentUrl\":\"https:\/\/gr-100.com\/wp-content\/uploads\/2026\/05\/REASON-AIR-CRB-07-2027.jpg\",\"width\":1000,\"height\":1000},{\"@type\":\"BreadcrumbList\",\"@id\":\"https:\/\/gr-100.com\/pt-pt\/producto\/megamo-reason-crb-07-2027-copia\/#breadcrumb\",\"itemListElement\":[{\"@type\":\"ListItem\",\"position\":1,\"name\":\"Portada\",\"item\":\"https:\/\/gr-100.com\/en\/\"},{\"@type\":\"ListItem\",\"position\":2,\"name\":\"Productos\",\"item\":\"https:\/\/gr-100.com\/?post_type=product\"},{\"@type\":\"ListItem\",\"position\":3,\"name\":\"Megamo Reason Air CRB 07 2027\"}]},{\"@type\":\"WebSite\",\"@id\":\"https:\/\/gr-100.com\/#website\",\"url\":\"https:\/\/gr-100.com\/\",\"name\":\"Gr-100 Tienda de ciclismo Specialized\",\"description\":\"GR-100 tenemos todas las gamas de bicicletas Specialized al mejor precio.\",\"publisher\":{\"@id\":\"https:\/\/gr-100.com\/#organization\"},\"alternateName\":\"Gr-100 Bikes\",\"potentialAction\":[{\"@type\":\"SearchAction\",\"target\":{\"@type\":\"EntryPoint\",\"urlTemplate\":\"https:\/\/gr-100.com\/?s={search_term_string}\"},\"query-input\":{\"@type\":\"PropertyValueSpecification\",\"valueRequired\":true,\"valueName\":\"search_term_string\"}}],\"inLanguage\":\"pt-PT\"},{\"@type\":\"Organization\",\"@id\":\"https:\/\/gr-100.com\/#organization\",\"name\":\"Gr-100\",\"url\":\"https:\/\/gr-100.com\/\",\"logo\":{\"@type\":\"ImageObject\",\"inLanguage\":\"pt-PT\",\"@id\":\"https:\/\/gr-100.com\/#\/schema\/logo\/image\/\",\"url\":\"https:\/\/gr-100.com\/wp-content\/uploads\/2023\/08\/logo-gr-100-bikes.png\",\"contentUrl\":\"https:\/\/gr-100.com\/wp-content\/uploads\/2023\/08\/logo-gr-100-bikes.png\",\"width\":707,\"height\":284,\"caption\":\"Gr-100\"},\"image\":{\"@id\":\"https:\/\/gr-100.com\/#\/schema\/logo\/image\/\"},\"sameAs\":[\"https:\/\/www.facebook.com\/Gr100Bikes\",\"https:\/\/www.instagram.com\/gr100bikes\/\",\"https:\/\/www.tiktok.com\/@gr100bikes\",\"https:\/\/twitter.com\/gr100mtbteam\",\"https:\/\/www.youtube.com\/c\/GR100Specialized\"]}]}<\/script>\n<!-- \/ Yoast SEO Premium plugin. -->","yoast_head_json":{"title":"Megamo Reason Air CRB 07 2027","description":"\u00b7 Motor Avinox M2S -150Nm 1300W (Boost mode) \/ 130Nm 1300W \u00b7 Bater\u00eda integrada LI-ION de 800 Wh\u00b7 Cuadro Reason Full Carbon, Boost, Fox 36 Float AWL 140mm","robots":{"index":"index","follow":"follow","max-snippet":"max-snippet:-1","max-image-preview":"max-image-preview:large","max-video-preview":"max-video-preview:-1"},"canonical":"https:\/\/gr-100.com\/pt-pt\/producto\/megamo-reason-crb-07-2027-copia\/","og_locale":"pt_PT","og_type":"article","og_title":"Megamo Reason Air CRB 07 2027","og_description":"\u00b7 Motor Avinox M2S -150Nm 1300W (Boost mode) \/ 130Nm 1300W \u00b7 Bater\u00eda integrada LI-ION de 800 Wh\u00b7 Cuadro Reason Full Carbon, Boost, Fox 36 Float AWL 140mm","og_url":"https:\/\/gr-100.com\/pt-pt\/producto\/megamo-reason-crb-07-2027-copia\/","og_site_name":"Gr-100 Tienda de ciclismo Specialized","article_publisher":"https:\/\/www.facebook.com\/Gr100Bikes","article_modified_time":"2026-05-14T12:00:47+00:00","og_image":[{"width":1000,"height":1000,"url":"https:\/\/gr-100.com\/wp-content\/uploads\/2026\/05\/REASON-AIR-CRB-07-2027.jpg","type":"image\/jpeg"}],"twitter_card":"summary_large_image","twitter_misc":{"Tempo estimado de leitura":"1 minuto"},"schema":{"@context":"https:\/\/schema.org","@graph":[{"@type":"WebPage","@id":"https:\/\/gr-100.com\/pt-pt\/producto\/megamo-reason-crb-07-2027-copia\/","url":"https:\/\/gr-100.com\/pt-pt\/producto\/megamo-reason-crb-07-2027-copia\/","name":"Megamo Reason Air CRB 07 2027","isPartOf":{"@id":"https:\/\/gr-100.com\/#website"},"primaryImageOfPage":{"@id":"https:\/\/gr-100.com\/pt-pt\/producto\/megamo-reason-crb-07-2027-copia\/#primaryimage"},"image":{"@id":"https:\/\/gr-100.com\/pt-pt\/producto\/megamo-reason-crb-07-2027-copia\/#primaryimage"},"thumbnailUrl":"https:\/\/gr-100.com\/wp-content\/uploads\/2026\/05\/REASON-AIR-CRB-07-2027.jpg","datePublished":"2026-05-14T08:42:45+00:00","dateModified":"2026-05-14T12:00:47+00:00","description":"\u00b7 Motor Avinox M2S -150Nm 1300W (Boost mode) \/ 130Nm 1300W \u00b7 Bater\u00eda integrada LI-ION de 800 Wh\u00b7 Cuadro Reason Full Carbon, Boost, Fox 36 Float AWL 140mm","breadcrumb":{"@id":"https:\/\/gr-100.com\/pt-pt\/producto\/megamo-reason-crb-07-2027-copia\/#breadcrumb"},"inLanguage":"pt-PT","potentialAction":[{"@type":"ReadAction","target":["https:\/\/gr-100.com\/pt-pt\/producto\/megamo-reason-crb-07-2027-copia\/"]}]},{"@type":"ImageObject","inLanguage":"pt-PT","@id":"https:\/\/gr-100.com\/pt-pt\/producto\/megamo-reason-crb-07-2027-copia\/#primaryimage","url":"https:\/\/gr-100.com\/wp-content\/uploads\/2026\/05\/REASON-AIR-CRB-07-2027.jpg","contentUrl":"https:\/\/gr-100.com\/wp-content\/uploads\/2026\/05\/REASON-AIR-CRB-07-2027.jpg","width":1000,"height":1000},{"@type":"BreadcrumbList","@id":"https:\/\/gr-100.com\/pt-pt\/producto\/megamo-reason-crb-07-2027-copia\/#breadcrumb","itemListElement":[{"@type":"ListItem","position":1,"name":"Portada","item":"https:\/\/gr-100.com\/en\/"},{"@type":"ListItem","position":2,"name":"Productos","item":"https:\/\/gr-100.com\/?post_type=product"},{"@type":"ListItem","position":3,"name":"Megamo Reason Air CRB 07 2027"}]},{"@type":"WebSite","@id":"https:\/\/gr-100.com\/#website","url":"https:\/\/gr-100.com\/","name":"Gr-100 Tienda de ciclismo Specialized","description":"GR-100 tenemos todas las gamas de bicicletas Specialized al mejor precio.","publisher":{"@id":"https:\/\/gr-100.com\/#organization"},"alternateName":"Gr-100 Bikes","potentialAction":[{"@type":"SearchAction","target":{"@type":"EntryPoint","urlTemplate":"https:\/\/gr-100.com\/?s={search_term_string}"},"query-input":{"@type":"PropertyValueSpecification","valueRequired":true,"valueName":"search_term_string"}}],"inLanguage":"pt-PT"},{"@type":"Organization","@id":"https:\/\/gr-100.com\/#organization","name":"Gr-100","url":"https:\/\/gr-100.com\/","logo":{"@type":"ImageObject","inLanguage":"pt-PT","@id":"https:\/\/gr-100.com\/#\/schema\/logo\/image\/","url":"https:\/\/gr-100.com\/wp-content\/uploads\/2023\/08\/logo-gr-100-bikes.png","contentUrl":"https:\/\/gr-100.com\/wp-content\/uploads\/2023\/08\/logo-gr-100-bikes.png","width":707,"height":284,"caption":"Gr-100"},"image":{"@id":"https:\/\/gr-100.com\/#\/schema\/logo\/image\/"},"sameAs":["https:\/\/www.facebook.com\/Gr100Bikes","https:\/\/www.instagram.com\/gr100bikes\/","https:\/\/www.tiktok.com\/@gr100bikes","https:\/\/twitter.com\/gr100mtbteam","https:\/\/www.youtube.com\/c\/GR100Specialized"]}]}},"_links":{"self":[{"href":"https:\/\/gr-100.com\/pt-pt\/wp-json\/wp\/v2\/product\/464159","targetHints":{"allow":["GET"]}}],"collection":[{"href":"https:\/\/gr-100.com\/pt-pt\/wp-json\/wp\/v2\/product"}],"about":[{"href":"https:\/\/gr-100.com\/pt-pt\/wp-json\/wp\/v2\/types\/product"}],"replies":[{"embeddable":true,"href":"https:\/\/gr-100.com\/pt-pt\/wp-json\/wp\/v2\/comments?post=464159"}],"wp:featuredmedia":[{"embeddable":true,"href":"https:\/\/gr-100.com\/pt-pt\/wp-json\/wp\/v2\/media\/464235"}],"wp:attachment":[{"href":"https:\/\/gr-100.com\/pt-pt\/wp-json\/wp\/v2\/media?parent=464159"}],"wp:term":[{"taxonomy":"product_brand","embeddable":true,"href":"https:\/\/gr-100.com\/pt-pt\/wp-json\/wp\/v2\/product_brand?post=464159"},{"taxonomy":"product_cat","embeddable":true,"href":"https:\/\/gr-100.com\/pt-pt\/wp-json\/wp\/v2\/product_cat?post=464159"},{"taxonomy":"product_tag","embeddable":true,"href":"https:\/\/gr-100.com\/pt-pt\/wp-json\/wp\/v2\/product_tag?post=464159"}],"curies":[{"name":"wp","href":"https:\/\/api.w.org\/{rel}","templated":true}]}}